{"id":4246,"date":"2025-07-08T05:24:38","date_gmt":"2025-07-08T05:24:38","guid":{"rendered":"https:\/\/www.yongyukitchenware.com\/?post_type=product&#038;p=4246"},"modified":"2025-07-08T05:24:40","modified_gmt":"2025-07-08T05:24:40","slug":"wholesale-classic-chinese-large-wok-with-double-handles","status":"publish","type":"product","link":"https:\/\/www.yongyukitchenware.com\/de\/produkt\/wholesale-classic-chinese-large-wok-with-double-handles\/","title":{"rendered":"Gro\u00dfhandel Klassische chinesische gro\u00dfe Wok mit doppelten Griffen"},"content":{"rendered":"<div class=\"wp-block-columns is-layout-flex wp-container-core-columns-is-layout-9d6595d7 wp-block-columns-is-layout-flex\">\n<div class=\"wp-block-column is-layout-flow wp-block-column-is-layout-flow\">\n<h2 class=\"wp-block-heading\">Chinesischer Wok Merkmale:<\/h2>\n\n\n\n<p><strong>Hochwertiger rostfreier Stahl:<\/strong> Er besteht aus lebensmittelechtem Edelstahl, der nicht rostet oder korrodiert, um die Lebensmittelsicherheit zu gew\u00e4hrleisten und gleichzeitig langlebig zu sein.<br><strong>Reinigung Design: <\/strong>geb\u00fcrstetes Verfahren, glatte Edelstahltextur f\u00fcr einfache Reinigung<br><strong>Unten wird Energie gesammelt: <\/strong>runder Boden, zentralisierte W\u00e4rmespeicherung, gleichm\u00e4\u00dfige Erw\u00e4rmung, verbesserte Kocheffizienz<br><strong>Tiefes, rundes Design des Topfk\u00f6rpers:<\/strong> Der K\u00f6rper ist tief und gew\u00f6lbt und eignet sich zum Pfannenr\u00fchren, ohne dass die Zutaten \u00fcberlaufen k\u00f6nnen. Sie entspricht auch den Anforderungen der chinesischen K\u00fcche an Pfannengerichte.<br><strong>Art des Griffs: <\/strong>Einzelgriff, Doppelgriff. Grifftyp: Einzelgriff und Doppelgriff. Es gibt zwei Arten von Griffen: einen hitzebest\u00e4ndigen Stahlgriff und einen rutschfesten Holzgriff. Die Nieten verst\u00e4rken sowohl die Festigkeit als auch die Haltbarkeit und passen sich den unterschiedlichen Kochgewohnheiten an.<\/p>\n<\/div>\n\n\n\n<div class=\"wp-block-column is-layout-flow wp-block-column-is-layout-flow\">\n<div class=\"wp-block-columns is-layout-flex wp-container-core-columns-is-layout-9d6595d7 wp-block-columns-is-layout-flex\">\n<div class=\"wp-block-column is-layout-flow wp-block-column-is-layout-flow\">\n<figure class=\"wp-block-image size-full\"><img decoding=\"async\" width=\"800\" height=\"800\" src=\"https:\/\/www.yongyukitchenware.com\/wp-content\/uploads\/2024\/09\/supply-chinese-wok-6.webp\" alt=\"Versorgung-Chinesisch-Wok (6)\" class=\"wp-image-802\" srcset=\"https:\/\/www.yongyukitchenware.com\/wp-content\/uploads\/2024\/09\/supply-chinese-wok-6.webp 800w, https:\/\/www.yongyukitchenware.com\/wp-content\/uploads\/2024\/09\/supply-chinese-wok-6-300x300.webp 300w, https:\/\/www.yongyukitchenware.com\/wp-content\/uploads\/2024\/09\/supply-chinese-wok-6-150x150.webp 150w, https:\/\/www.yongyukitchenware.com\/wp-content\/uploads\/2024\/09\/supply-chinese-wok-6-768x768.webp 768w, https:\/\/www.yongyukitchenware.com\/wp-content\/uploads\/2024\/09\/supply-chinese-wok-6-600x600.webp 600w, https:\/\/www.yongyukitchenware.com\/wp-content\/uploads\/2024\/09\/supply-chinese-wok-6-100x100.webp 100w\" sizes=\"(max-width: 800px) 100vw, 800px\" \/><\/figure>\n<\/div>\n\n\n\n<div class=\"wp-block-column is-layout-flow wp-block-column-is-layout-flow\">\n<figure class=\"wp-block-image size-full\"><img decoding=\"async\" width=\"800\" height=\"800\" src=\"https:\/\/www.yongyukitchenware.com\/wp-content\/uploads\/2024\/09\/supply-chinese-wok-3.webp\" alt=\"Versorgung-Chinesisch-Wok (3)\" class=\"wp-image-803\" srcset=\"https:\/\/www.yongyukitchenware.com\/wp-content\/uploads\/2024\/09\/supply-chinese-wok-3.webp 800w, https:\/\/www.yongyukitchenware.com\/wp-content\/uploads\/2024\/09\/supply-chinese-wok-3-300x300.webp 300w, https:\/\/www.yongyukitchenware.com\/wp-content\/uploads\/2024\/09\/supply-chinese-wok-3-150x150.webp 150w, https:\/\/www.yongyukitchenware.com\/wp-content\/uploads\/2024\/09\/supply-chinese-wok-3-768x768.webp 768w, https:\/\/www.yongyukitchenware.com\/wp-content\/uploads\/2024\/09\/supply-chinese-wok-3-600x600.webp 600w, https:\/\/www.yongyukitchenware.com\/wp-content\/uploads\/2024\/09\/supply-chinese-wok-3-100x100.webp 100w\" sizes=\"(max-width: 800px) 100vw, 800px\" \/><\/figure>\n<\/div>\n<\/div>\n<\/div>\n<\/div>\n\n\n\n<h2 class=\"wp-block-heading\">Chinesischer Wok Parameter\uff1a<\/h2>\n\n\n\n<figure class=\"wp-block-table\"><table class=\"has-fixed-layout\"><tbody><tr><td>Modell<\/td><td>Produkt-Varianten<\/td><td>Gr\u00f6\u00dfe<\/td><td>Durchmesser * H\u00f6he (cm)<\/td><td>MOQ<\/td><\/tr><tr><td rowspan=\"16\">DY062-G<\/td><td rowspan=\"7\">Wokpfanne mit Holzgriff<br>Wokpfanne mit Einzelgriff<br>Wokpfanne mit Doppelgriff<\/td><td>30CM<\/td><td>30*8cm<\/td><td>35 STCK.<\/td><\/tr><tr><td>32CM<\/td><td>32*8,5cm<\/td><td>35 STCK.<\/td><\/tr><tr><td>34CM<\/td><td>34*10cm<\/td><td>30 STCK.<\/td><\/tr><tr><td>36CM<\/td><td>36*10cm<\/td><td>30 STCK.<\/td><\/tr><tr><td>38CM<\/td><td>38*11cm<\/td><td>25 STCK.<\/td><\/tr><tr><td>40CM<\/td><td>40*11,5cm<\/td><td>25 STCK.<\/td><\/tr><tr><td>43CM<\/td><td>43*12,5cm<\/td><td>20 STCK.<\/td><\/tr><tr><td rowspan=\"9\">Wokpfanne mit Doppelgriff<\/td><td>45CM<\/td><td><\/td><td>20 STCK.<\/td><\/tr><tr><td>47CM<\/td><td>47*13cm<\/td><td>20 STCK.<\/td><\/tr><tr><td>50CM<\/td><td>50*13,5cm<\/td><td>15PCS<\/td><\/tr><tr><td>55CM<\/td><td>55*16cm<\/td><td>15PCS<\/td><\/tr><tr><td>60CM<\/td><td>60*19cm<\/td><td>15PCS<\/td><\/tr><tr><td>65CM<\/td><td>65*21cm<\/td><td>10PCS<\/td><\/tr><tr><td>70CM<\/td><td>70*26cm<\/td><td>5PCS<\/td><\/tr><tr><td>75CM<\/td><td>75*28cm<\/td><td>5PCS<\/td><\/tr><tr><td>80CM<\/td><td>80*30cm<\/td><td>5PCS<\/td><\/tr><\/tbody><\/table><\/figure>","protected":false},"excerpt":{"rendered":"<p>Wir liefern chinesische Woks aus hochwertigem rostfreiem Stahl, der robust und langlebig f\u00fcr den langfristigen Gebrauch ist. Der Wok ist in einer Vielzahl von Grifftypen und Gr\u00f6\u00dfen erh\u00e4ltlich, um verschiedenen Kochanl\u00e4ssen und Bed\u00fcrfnissen gerecht zu werden. Er eignet sich sowohl f\u00fcr die private als auch f\u00fcr die gewerbliche K\u00fcche.<\/p>\n<h2 style=\"text-align: left;\">Chinesischer Wok Parameter:<\/h2>\n<p><strong>Material:<\/strong> Rostfreier Stahl <br \/><strong>Drei-Griff-Design:<\/strong>\u00a0 Doppelgriff, Ganzstahl-Einzelgriff, Holz-Einzelgriff <br \/><strong>Topfboden-Design:<\/strong>\u00a0 Kreisf\u00f6rmiger Energie-Sammelboden <br \/><strong>Verschiedene Gr\u00f6\u00dfen:<\/strong> 30cm-80cmGr\u00f6\u00dfe <br \/><strong>Verpacken:<\/strong> S\u00e4cke\/Gebinde\/Kartons oder kundenspezifisch <br \/><strong>OEM\/ODM:<\/strong> Verf\u00fcgbar<\/p>\n<h2 class=\"wp-block-heading\">Von Yongyu Kochgeschirr Hersteller :<\/h2>\n<p>Yongyu ist ein professioneller Hersteller von Kochgeschirr. Unsere Produkte umfassen alle Arten von Kochgeschirr aus rostfreiem Stahl, wie z. B. Nudelkocher, Bratpfannen, Schmort\u00f6pfe usw., und wir bieten jedem Kunden qualitativ hochwertige Beschaffungsdienste und erschwingliche Preise.<\/p>","protected":false},"featured_media":4254,"comment_status":"closed","ping_status":"closed","template":"","meta":{"_acf_changed":false},"application":[29],"product_brand":[],"product_cat":[23,32],"product_tag":[43],"class_list":{"0":"post-4246","1":"product","2":"type-product","3":"status-publish","4":"has-post-thumbnail","6":"application-home-kitchen","7":"product_cat-kitchenware-wholesale","8":"product_cat-wholesale-cookware","9":"product_tag-recommend","11":"first","12":"instock","13":"shipping-taxable","14":"product-type-simple"},"acf":[],"_links":{"self":[{"href":"https:\/\/www.yongyukitchenware.com\/de\/wp-json\/wp\/v2\/product\/4246","targetHints":{"allow":["GET"]}}],"collection":[{"href":"https:\/\/www.yongyukitchenware.com\/de\/wp-json\/wp\/v2\/product"}],"about":[{"href":"https:\/\/www.yongyukitchenware.com\/de\/wp-json\/wp\/v2\/types\/product"}],"replies":[{"embeddable":true,"href":"https:\/\/www.yongyukitchenware.com\/de\/wp-json\/wp\/v2\/comments?post=4246"}],"wp:featuredmedia":[{"embeddable":true,"href":"https:\/\/www.yongyukitchenware.com\/de\/wp-json\/wp\/v2\/media\/4254"}],"wp:attachment":[{"href":"https:\/\/www.yongyukitchenware.com\/de\/wp-json\/wp\/v2\/media?parent=4246"}],"wp:term":[{"taxonomy":"application","embeddable":true,"href":"https:\/\/www.yongyukitchenware.com\/de\/wp-json\/wp\/v2\/application?post=4246"},{"taxonomy":"product_brand","embeddable":true,"href":"https:\/\/www.yongyukitchenware.com\/de\/wp-json\/wp\/v2\/product_brand?post=4246"},{"taxonomy":"product_cat","embeddable":true,"href":"https:\/\/www.yongyukitchenware.com\/de\/wp-json\/wp\/v2\/product_cat?post=4246"},{"taxonomy":"product_tag","embeddable":true,"href":"https:\/\/www.yongyukitchenware.com\/de\/wp-json\/wp\/v2\/product_tag?post=4246"}],"curies":[{"name":"wp","href":"https:\/\/api.w.org\/{rel}","templated":true}]}}