{"id":4252,"date":"2025-07-09T07:10:51","date_gmt":"2025-07-09T07:10:51","guid":{"rendered":"https:\/\/www.yongyukitchenware.com\/?post_type=product&#038;p=4252"},"modified":"2025-07-09T07:10:53","modified_gmt":"2025-07-09T07:10:53","slug":"wholesale-stainless-steel-double-sided-honeycomb-non-stick-wok-with-lid","status":"publish","type":"product","link":"https:\/\/www.yongyukitchenware.com\/de\/produkt\/wholesale-stainless-steel-double-sided-honeycomb-non-stick-wok-with-lid\/","title":{"rendered":"Gro\u00dfhandel Edelstahl doppelseitige Wabe Antihaft Wok mit Deckel"},"content":{"rendered":"<div class=\"wp-block-columns is-layout-flex wp-container-core-columns-is-layout-9d6595d7 wp-block-columns-is-layout-flex\">\n<div class=\"wp-block-column is-layout-flow wp-block-column-is-layout-flow\">\n<h2 class=\"wp-block-heading\">Antihaft-Wok Merkmale:<\/h2>\n\n\n\n<p><strong>Dreischichtige Stahlkonstruktion:<\/strong> 304\/430-Edelstahl und Aluminium innen und au\u00dfen, die dreischichtige Struktur gew\u00e4hrleistet die Hitzebest\u00e4ndigkeit des Woks.<br><strong>Professionelles Antihaft-Verfahren:<\/strong> Das Laser-Wabengravurverfahren wird im Inneren und am Boden eingesetzt, so dass die Wabenstruktur des Innentopfes ein Anhaften wirksam verhindert und eine gleichm\u00e4\u00dfige Erw\u00e4rmung der Zutaten gew\u00e4hrleistet. Der Boden der runden Pfanne leitet die W\u00e4rme effizienter, und der Pfannenk\u00f6rper neigt weniger dazu, gelb und schwarz zu werden.<br><strong>Hohe Kompatibilit\u00e4t: <\/strong>Der Wok eignet sich zum Braten, leichten Kochen, D\u00fcnsten und Frittieren. Geeignet f\u00fcr alle Herde, einschlie\u00dflich Halogen-, Gas-, Keramik- und Elektroherde<br><strong>Leicht zu reinigen und kratzfest:<\/strong> Antihaftbeschichtete Pfannen sind kratzfest und werden durch die Verwendung von Metallutensilien nicht abgenutzt oder ausgefranst.<br>Humanisiertes Design: Der Stahlgriff f\u00fchlt sich bequem an, und der vertikale Topfdeckel kann platzsparend platziert werden<\/p>\n<\/div>\n\n\n\n<div class=\"wp-block-column is-layout-flow wp-block-column-is-layout-flow\">\n<div class=\"wp-block-columns is-layout-flex wp-container-core-columns-is-layout-9d6595d7 wp-block-columns-is-layout-flex\">\n<div class=\"wp-block-column is-layout-flow wp-block-column-is-layout-flow\">\n<figure class=\"wp-block-image size-full\"><img decoding=\"async\" width=\"800\" height=\"800\" src=\"https:\/\/www.yongyukitchenware.com\/wp-content\/uploads\/2024\/11\/Double-sided-honeycomb-wok-6.webp\" alt=\"\" class=\"wp-image-2164\" srcset=\"https:\/\/www.yongyukitchenware.com\/wp-content\/uploads\/2024\/11\/Double-sided-honeycomb-wok-6.webp 800w, https:\/\/www.yongyukitchenware.com\/wp-content\/uploads\/2024\/11\/Double-sided-honeycomb-wok-6-300x300.webp 300w, https:\/\/www.yongyukitchenware.com\/wp-content\/uploads\/2024\/11\/Double-sided-honeycomb-wok-6-150x150.webp 150w, https:\/\/www.yongyukitchenware.com\/wp-content\/uploads\/2024\/11\/Double-sided-honeycomb-wok-6-768x768.webp 768w, https:\/\/www.yongyukitchenware.com\/wp-content\/uploads\/2024\/11\/Double-sided-honeycomb-wok-6-12x12.webp 12w, https:\/\/www.yongyukitchenware.com\/wp-content\/uploads\/2024\/11\/Double-sided-honeycomb-wok-6-600x600.webp 600w, https:\/\/www.yongyukitchenware.com\/wp-content\/uploads\/2024\/11\/Double-sided-honeycomb-wok-6-100x100.webp 100w\" sizes=\"(max-width: 800px) 100vw, 800px\" \/><\/figure>\n<\/div>\n<\/div>\n<\/div>\n<\/div>\n\n\n\n<p><\/p>","protected":false},"excerpt":{"rendered":"<p>Hochwertiger, antihaftbeschichteter Wok mit Deckel aus doppelseitigem, wabenf\u00f6rmigem Edelstahl f\u00fcr verbesserte Haltbarkeit und gleichm\u00e4\u00dfige W\u00e4rmeverteilung. Ideal f\u00fcr den privaten und gewerblichen Gebrauch.<\/p>\n<h2>Antihaft-Wok Parameter:<\/h2>\n<p><strong>Material:<\/strong> Rostfreier Stahl<br \/><strong>Innere Form:<\/strong> Wabe und nicht Wabe<br \/><strong>Design des Griffs:<\/strong> Holzgriff und nietverst\u00e4rkte Z\u00fcge<br \/><strong>Gr\u00f6\u00dfen:<\/strong> 32cm und 34cm<br \/><strong>Verpackung:<\/strong> Beutel\/Sammelgut\/Karton oder kundenspezifisch<br \/><strong>OEM\/ODM:<\/strong> Verf\u00fcgbar<\/p>\n<h2 class=\"wp-block-heading\">Von Yongyu Kochgeschirr Hersteller :<\/h2>\n<p>Yongyu ist ein professioneller Hersteller von Kochgeschirr. Unsere Produkte umfassen alle Arten von Kochgeschirr aus rostfreiem Stahl, wie z. B. Nudelkocher, Bratpfannen, Schmort\u00f6pfe usw., und wir bieten jedem Kunden qualitativ hochwertige Beschaffungsdienste und erschwingliche Preise.<\/p>","protected":false},"featured_media":4249,"comment_status":"closed","ping_status":"closed","template":"","meta":{"_acf_changed":false},"application":[29],"product_brand":[],"product_cat":[23,32],"product_tag":[],"class_list":{"0":"post-4252","1":"product","2":"type-product","3":"status-publish","4":"has-post-thumbnail","6":"application-home-kitchen","7":"product_cat-kitchenware-wholesale","8":"product_cat-wholesale-cookware","10":"first","11":"instock","12":"shipping-taxable","13":"product-type-simple"},"acf":[],"_links":{"self":[{"href":"https:\/\/www.yongyukitchenware.com\/de\/wp-json\/wp\/v2\/product\/4252","targetHints":{"allow":["GET"]}}],"collection":[{"href":"https:\/\/www.yongyukitchenware.com\/de\/wp-json\/wp\/v2\/product"}],"about":[{"href":"https:\/\/www.yongyukitchenware.com\/de\/wp-json\/wp\/v2\/types\/product"}],"replies":[{"embeddable":true,"href":"https:\/\/www.yongyukitchenware.com\/de\/wp-json\/wp\/v2\/comments?post=4252"}],"wp:featuredmedia":[{"embeddable":true,"href":"https:\/\/www.yongyukitchenware.com\/de\/wp-json\/wp\/v2\/media\/4249"}],"wp:attachment":[{"href":"https:\/\/www.yongyukitchenware.com\/de\/wp-json\/wp\/v2\/media?parent=4252"}],"wp:term":[{"taxonomy":"application","embeddable":true,"href":"https:\/\/www.yongyukitchenware.com\/de\/wp-json\/wp\/v2\/application?post=4252"},{"taxonomy":"product_brand","embeddable":true,"href":"https:\/\/www.yongyukitchenware.com\/de\/wp-json\/wp\/v2\/product_brand?post=4252"},{"taxonomy":"product_cat","embeddable":true,"href":"https:\/\/www.yongyukitchenware.com\/de\/wp-json\/wp\/v2\/product_cat?post=4252"},{"taxonomy":"product_tag","embeddable":true,"href":"https:\/\/www.yongyukitchenware.com\/de\/wp-json\/wp\/v2\/product_tag?post=4252"}],"curies":[{"name":"wp","href":"https:\/\/api.w.org\/{rel}","templated":true}]}}