{"id":4290,"date":"2025-07-10T09:05:44","date_gmt":"2025-07-10T09:05:44","guid":{"rendered":"https:\/\/www.yongyukitchenware.com\/?post_type=product&#038;p=4290"},"modified":"2025-07-10T09:06:06","modified_gmt":"2025-07-10T09:06:06","slug":"bulk-stainless-steel-round-basin-korean-gold-salad-bowl","status":"publish","type":"product","link":"https:\/\/www.yongyukitchenware.com\/de\/produkt\/bulk-stainless-steel-round-basin-korean-gold-salad-bowl\/","title":{"rendered":"Bulk Edelstahl Runde Becken Koreanisch Gold Salatsch\u00fcssel"},"content":{"rendered":"<div class=\"wp-block-columns is-layout-flex wp-container-core-columns-is-layout-9d6595d7 wp-block-columns-is-layout-flex\">\n<div class=\"wp-block-column is-layout-flow wp-block-column-is-layout-flow\">\n<h2 class=\"wp-block-heading\">Bulk Edelstahl Rundes Becken Gr\u00f6\u00dfe:<\/h2>\n\n\n\n<figure class=\"wp-block-table\"><table class=\"has-fixed-layout\"><tbody><tr><td>Modell<\/td><td>Gr\u00f6\u00dfe<\/td><td>MOQ<\/td><\/tr><tr><td rowspan=\"7\">DY069-P<\/td><td>17cm<\/td><td rowspan=\"7\">200 STCK.<\/td><\/tr><tr><td>20cm<\/td><\/tr><tr><td>23cm<\/td><\/tr><tr><td>26cm<\/td><\/tr><tr><td>30cm<\/td><\/tr><tr><td>35cm<\/td><\/tr><tr><td>40cm<\/td><\/tr><\/tbody><\/table><\/figure>\n\n\n\n<h2 class=\"wp-block-heading\">Bulk Edelstahl Runde Becken Merkmale:<\/h2>\n\n\n\n<p><strong>Hochwertiger rostfreier Stahl:<\/strong> Hergestellt aus lebensmittelechtem Edelstahl mit hervorragender Korrosionsbest\u00e4ndigkeit. Geruchsfrei, langlebig und sicher f\u00fcr den t\u00e4glichen Gebrauch.<\/p>\n\n\n\n<p><strong>Geb\u00fcrstet und poliert Ausf\u00fchrung:<\/strong> Glatte, feine Textur, die durch fortschrittliche Zieh- und Polierverfahren erreicht wird. Leicht zu reinigen und zu pflegen.<\/p>\n\n\n\n<p><strong>Abgerundetes Kanten-Design:<\/strong> Glatte, abgerundete Kanten f\u00fcr eine bequeme Handhabung und zus\u00e4tzliche Sicherheit - beugt Handverletzungen bei der Benutzung vor.<\/p>\n\n\n\n<p><strong>Vertiefte konkave Struktur:<\/strong> Durchdachtes Design mit tieferem Becken und gro\u00dfem Fassungsverm\u00f6gen, damit weniger versch\u00fcttet wird und mehr Lebensmittel hineinpassen.<\/p>\n<\/div>\n\n\n\n<div class=\"wp-block-column is-layout-flow wp-block-column-is-layout-flow\">\n<figure class=\"wp-block-image size-full is-resized\"><img decoding=\"async\" width=\"800\" height=\"800\" src=\"https:\/\/www.yongyukitchenware.com\/wp-content\/uploads\/2025\/06\/Wholesale-Stainless-Steel-Round-Basin-5.webp\" alt=\"Bulk-Edelstahl-Rundbecken-5\" class=\"wp-image-4283\" style=\"width:384px;height:auto\" srcset=\"https:\/\/www.yongyukitchenware.com\/wp-content\/uploads\/2025\/06\/Wholesale-Stainless-Steel-Round-Basin-5.webp 800w, https:\/\/www.yongyukitchenware.com\/wp-content\/uploads\/2025\/06\/Wholesale-Stainless-Steel-Round-Basin-5-300x300.webp 300w, https:\/\/www.yongyukitchenware.com\/wp-content\/uploads\/2025\/06\/Wholesale-Stainless-Steel-Round-Basin-5-150x150.webp 150w, https:\/\/www.yongyukitchenware.com\/wp-content\/uploads\/2025\/06\/Wholesale-Stainless-Steel-Round-Basin-5-768x768.webp 768w, https:\/\/www.yongyukitchenware.com\/wp-content\/uploads\/2025\/06\/Wholesale-Stainless-Steel-Round-Basin-5-12x12.webp 12w, https:\/\/www.yongyukitchenware.com\/wp-content\/uploads\/2025\/06\/Wholesale-Stainless-Steel-Round-Basin-5-600x600.webp 600w, https:\/\/www.yongyukitchenware.com\/wp-content\/uploads\/2025\/06\/Wholesale-Stainless-Steel-Round-Basin-5-100x100.webp 100w\" sizes=\"(max-width: 800px) 100vw, 800px\" \/><\/figure>\n<\/div>\n<\/div>","protected":false},"excerpt":{"rendered":"<div class=\"n4sEPd\">\n<div class=\"UdTY9 qhIQqf leDWne\" aria-hidden=\"true\" data-location=\"1\">Gro\u00dfvolumige Edelstahlsch\u00fcssel mit eleganter goldener Oberfl\u00e4che im koreanischen Stil - ideal zum Servieren von Salaten, Beilagen oder zur Zubereitung von Mahlzeiten. Langlebig, lebensmittelecht und perfekt f\u00fcr Restaurants und Catering geeignet.<\/div>\n<\/div>\n<h2 style=\"text-align: left;\">Sch\u00fcttgut Edelstahl Runde Becken Parameter:<\/h2>\n<p style=\"text-align: left;\"><strong>Material:<\/strong> Rostfreier Stahl<br \/><strong>L\u00e4nge: <\/strong>17\/20\/23\/26\/30\/35\/40cm<br \/><strong>Die Form:<\/strong> Rund<br \/><strong>Verpacken:<\/strong> OPP-Beutel und -Karton<br \/><strong>OEM\/ODM:<\/strong> Verf\u00fcgbar<\/p>\n<h2 style=\"text-align: left;\">Rundes Becken aus Edelstahl in loser Sch\u00fcttung:<\/h2>\n<p>Yongyu Tableware Wholesaler kann die Bed\u00fcrfnisse von Gro\u00dfabnehmern erf\u00fcllen und eine hochwertige Gro\u00dfhandelsserie f\u00fcr Gastronomiebedarf anbieten, die Eleganz und Langlebigkeit vereint. Einschlie\u00dflich Geschirr, Getr\u00e4nke, Catering-Ausr\u00fcstung, K\u00fcchenutensilien, Camp-K\u00fcchenbedarf, etc.<\/p>","protected":false},"featured_media":4279,"comment_status":"closed","ping_status":"closed","template":"","meta":{"_acf_changed":false},"application":[29],"product_brand":[],"product_cat":[21,46],"product_tag":[],"class_list":{"0":"post-4290","1":"product","2":"type-product","3":"status-publish","4":"has-post-thumbnail","6":"application-home-kitchen","7":"product_cat-tableware-wholesale","8":"product_cat-stainless-steel-dinner-plates-wholesale","10":"first","11":"instock","12":"shipping-taxable","13":"product-type-simple"},"acf":[],"_links":{"self":[{"href":"https:\/\/www.yongyukitchenware.com\/de\/wp-json\/wp\/v2\/product\/4290","targetHints":{"allow":["GET"]}}],"collection":[{"href":"https:\/\/www.yongyukitchenware.com\/de\/wp-json\/wp\/v2\/product"}],"about":[{"href":"https:\/\/www.yongyukitchenware.com\/de\/wp-json\/wp\/v2\/types\/product"}],"replies":[{"embeddable":true,"href":"https:\/\/www.yongyukitchenware.com\/de\/wp-json\/wp\/v2\/comments?post=4290"}],"wp:featuredmedia":[{"embeddable":true,"href":"https:\/\/www.yongyukitchenware.com\/de\/wp-json\/wp\/v2\/media\/4279"}],"wp:attachment":[{"href":"https:\/\/www.yongyukitchenware.com\/de\/wp-json\/wp\/v2\/media?parent=4290"}],"wp:term":[{"taxonomy":"application","embeddable":true,"href":"https:\/\/www.yongyukitchenware.com\/de\/wp-json\/wp\/v2\/application?post=4290"},{"taxonomy":"product_brand","embeddable":true,"href":"https:\/\/www.yongyukitchenware.com\/de\/wp-json\/wp\/v2\/product_brand?post=4290"},{"taxonomy":"product_cat","embeddable":true,"href":"https:\/\/www.yongyukitchenware.com\/de\/wp-json\/wp\/v2\/product_cat?post=4290"},{"taxonomy":"product_tag","embeddable":true,"href":"https:\/\/www.yongyukitchenware.com\/de\/wp-json\/wp\/v2\/product_tag?post=4290"}],"curies":[{"name":"wp","href":"https:\/\/api.w.org\/{rel}","templated":true}]}}