{"id":4308,"date":"2025-07-23T03:25:43","date_gmt":"2025-07-23T03:25:43","guid":{"rendered":"https:\/\/www.yongyukitchenware.com\/?post_type=product&#038;p=4308"},"modified":"2025-07-23T03:25:45","modified_gmt":"2025-07-23T03:25:45","slug":"bulk-8l-stainless-steel-juice-dispenser-with-tap-for-hotel-restaurant-gold","status":"publish","type":"product","link":"https:\/\/www.yongyukitchenware.com\/de\/produkt\/bulk-8l-stainless-steel-juice-dispenser-with-tap-for-hotel-restaurant-gold\/","title":{"rendered":"Bulk 8L Edelstahl-Saft-Spender mit Hahn f\u00fcr Hotel Restaurant-Gold"},"content":{"rendered":"<div class=\"wp-block-columns is-layout-flex wp-container-core-columns-is-layout-9d6595d7 wp-block-columns-is-layout-flex\">\n<div class=\"wp-block-column is-layout-flow wp-block-column-is-layout-flow\">\n<h2 class=\"wp-block-heading\">Bulk 8L Edelstahl-Saft-Spender Gr\u00f6\u00dfe:<\/h2>\n\n\n\n<figure class=\"wp-block-table\"><table class=\"has-fixed-layout\"><tbody><tr><td>Modell<\/td><td>Fassungsverm\u00f6gen (L)<\/td><td>MOQ<\/td><\/tr><tr><td>DY006-GZD<\/td><td>8<\/td><td>4PCS<\/td><\/tr><\/tbody><\/table><\/figure>\n\n\n\n<h2 class=\"wp-block-heading\">Bulk 8L Edelstahl-Saft-Spender Merkmale:<\/h2>\n\n\n\n<p><strong>Modernes, minimalistisches Design:<\/strong>Mit seinem modernen Sockel aus Edelstahldraht bietet dieser Saftspender einen eleganten, modernen Look - perfekt f\u00fcr Hotels, Firmenveranstaltungen und moderne Buffetauslagen.<br><strong>Langlebiger, BPA-freier PC-Beh\u00e4lter:<\/strong> Die durchsichtige Polycarbonatflasche ist lebensmittelecht, sto\u00dffest und erm\u00f6glicht eine vollst\u00e4ndige Sichtbarkeit des Getr\u00e4nkestandes - ideal, um bunte S\u00e4fte oder Infusionsgetr\u00e4nke hervorzuheben.<br><strong>Hochwertiger Edelstahl-Deckel und -Zapfhahn: <\/strong>Der Deckel und der Zapfhahn aus Edelstahl sind aus strapazierf\u00e4higem Edelstahl gefertigt und bieten eine lange Lebensdauer, Korrosionsschutz und eine gl\u00e4nzende Oberfl\u00e4che.<br><strong>Modelle mit 8 oder 16 Litern verf\u00fcgbar<\/strong>\uff1aW\u00e4hlen Sie ein Einzelkopf- (8L) oder ein Doppelkopfmodell (16L), um den unterschiedlichen Servieranforderungen gerecht zu werden, sowohl f\u00fcr kleine Veranstaltungsorte als auch f\u00fcr anspruchsvolle Events.<br><strong>Einfach zu benutzen und zu reinigen\uff1a<\/strong>Vereinfachte Montage, Demontage und Reinigung auf t\u00e4glicher Basis, was den Zeitaufwand f\u00fcr die Mitarbeiter reduziert und die Hygiene w\u00e4hrend des Service sicherstellt.<\/p>\n<\/div>\n\n\n\n<div class=\"wp-block-column is-layout-flow wp-block-column-is-layout-flow\">\n<figure class=\"wp-block-image size-full\"><img decoding=\"async\" width=\"800\" height=\"800\" src=\"https:\/\/www.yongyukitchenware.com\/wp-content\/uploads\/2025\/07\/Bulk-8L-Stainless-Steel-Juice-Dispenser-1.webp\" alt=\"Bulk-8L-Edelstahl-Saft-Spender-1\" class=\"wp-image-4309\" srcset=\"https:\/\/www.yongyukitchenware.com\/wp-content\/uploads\/2025\/07\/Bulk-8L-Stainless-Steel-Juice-Dispenser-1.webp 800w, https:\/\/www.yongyukitchenware.com\/wp-content\/uploads\/2025\/07\/Bulk-8L-Stainless-Steel-Juice-Dispenser-1-300x300.webp 300w, https:\/\/www.yongyukitchenware.com\/wp-content\/uploads\/2025\/07\/Bulk-8L-Stainless-Steel-Juice-Dispenser-1-150x150.webp 150w, https:\/\/www.yongyukitchenware.com\/wp-content\/uploads\/2025\/07\/Bulk-8L-Stainless-Steel-Juice-Dispenser-1-768x768.webp 768w, https:\/\/www.yongyukitchenware.com\/wp-content\/uploads\/2025\/07\/Bulk-8L-Stainless-Steel-Juice-Dispenser-1-12x12.webp 12w, https:\/\/www.yongyukitchenware.com\/wp-content\/uploads\/2025\/07\/Bulk-8L-Stainless-Steel-Juice-Dispenser-1-600x600.webp 600w, https:\/\/www.yongyukitchenware.com\/wp-content\/uploads\/2025\/07\/Bulk-8L-Stainless-Steel-Juice-Dispenser-1-100x100.webp 100w\" sizes=\"(max-width: 800px) 100vw, 800px\" \/><\/figure>\n<\/div>\n<\/div>","protected":false},"excerpt":{"rendered":"<article class=\"text-token-text-primary w-full\" dir=\"auto\" data-testid=\"conversation-turn-4\" data-scroll-anchor=\"true\">\n<div class=\"text-base my-auto mx-auto py-5 [--thread-content-margin:--spacing(4)] @[37rem]:[--thread-content-margin:--spacing(6)] @[72rem]:[--thread-content-margin:--spacing(16)] px-(--thread-content-margin)\">\n<div class=\"[--thread-content-max-width:32rem] @[34rem]:[--thread-content-max-width:40rem] @[64rem]:[--thread-content-max-width:48rem] mx-auto flex max-w-(--thread-content-max-width) flex-1 text-base gap-4 md:gap-5 lg:gap-6 group\/turn-messages focus-visible:outline-hidden\">\n<div class=\"group\/conversation-turn relative flex w-full min-w-0 flex-col agent-turn\">\n<div class=\"relative flex-col gap-1 md:gap-3\">\n<div class=\"flex max-w-full flex-col grow\">\n<div class=\"min-h-8 text-message relative flex w-full flex-col items-end gap-2 text-start break-words whitespace-normal [.text-message+&amp;]:mt-5\" dir=\"auto\" data-message-author-role=\"assistant\" data-message-id=\"9bcddfd6-70c4-41a9-8e09-e8b0c37403d6\" data-message-model-slug=\"gpt-4o\">\n<div class=\"flex w-full flex-col gap-1 empty:hidden first:pt-[3px]\">\n<div class=\"markdown prose dark:prose-invert w-full break-words light\">\n<p data-start=\"0\" data-end=\"281\" data-is-last-node=\"\" data-is-only-node=\"\">Unser 8-Liter-Saftdispenser aus Edelstahl ist perfekt f\u00fcr Hotels, Restaurants und Catering-Veranstaltungen. Er verf\u00fcgt \u00fcber einen praktischen Zapfhahn f\u00fcr einfaches Servieren und ein stilvolles Design, das jedes Buffet aufwertet. Ideal f\u00fcr Saft, Wasser oder Eistee.<\/p>\n<\/div>\n<\/div>\n<\/div>\n<\/div>\n<\/div>\n<div class=\"absolute\">\n<h2 class=\"flex items-center justify-center\">Bulk 8L Edelstahl-Saft-Spender Parameter:<\/h2>\n<\/div>\n<\/div>\n<\/div>\n<\/div>\n<\/article>\n<p><strong>Material:<\/strong> Rostfreier Stahl, Kunststoff<br \/><strong>Entwurf:<\/strong> Mit Wasserhahn, Gestell aus rostfreiem Stahl, Sp\u00fclbecken mit L\u00f6chern<br \/><strong>Gr\u00f6\u00dfen:<\/strong> 8L\u00a0<br \/><strong>Verpacken:<\/strong> Beutel\/Sammelgut\/Karton oder kundenspezifisch<br \/><strong>OEM\/ODM:<\/strong> Optional<\/p>\n<h2 class=\"wp-block-heading\">Bulk 8L Edelstahl-Saft-Spender Hersteller :<\/h2>\n<p>Ob Catering-Dienstleister, Hotel- und Gastst\u00e4ttenbetriebe oder Veranstaltungsplaner, wir bieten Ihnen komplette Gro\u00dfhandelsl\u00f6sungen f\u00fcr Gastronomiebedarf zu hochwertigen Fabrikpreisen!<\/p>","protected":false},"featured_media":4309,"comment_status":"closed","ping_status":"closed","template":"","meta":{"_acf_changed":false},"application":[30],"product_brand":[],"product_cat":[22,34],"product_tag":[],"class_list":{"0":"post-4308","1":"product","2":"type-product","3":"status-publish","4":"has-post-thumbnail","6":"application-hotel-catering","7":"product_cat-catering-supplies-wholesale","8":"product_cat-wholesale-drink-dispenser","10":"first","11":"instock","12":"shipping-taxable","13":"product-type-simple"},"acf":[],"_links":{"self":[{"href":"https:\/\/www.yongyukitchenware.com\/de\/wp-json\/wp\/v2\/product\/4308","targetHints":{"allow":["GET"]}}],"collection":[{"href":"https:\/\/www.yongyukitchenware.com\/de\/wp-json\/wp\/v2\/product"}],"about":[{"href":"https:\/\/www.yongyukitchenware.com\/de\/wp-json\/wp\/v2\/types\/product"}],"replies":[{"embeddable":true,"href":"https:\/\/www.yongyukitchenware.com\/de\/wp-json\/wp\/v2\/comments?post=4308"}],"wp:featuredmedia":[{"embeddable":true,"href":"https:\/\/www.yongyukitchenware.com\/de\/wp-json\/wp\/v2\/media\/4309"}],"wp:attachment":[{"href":"https:\/\/www.yongyukitchenware.com\/de\/wp-json\/wp\/v2\/media?parent=4308"}],"wp:term":[{"taxonomy":"application","embeddable":true,"href":"https:\/\/www.yongyukitchenware.com\/de\/wp-json\/wp\/v2\/application?post=4308"},{"taxonomy":"product_brand","embeddable":true,"href":"https:\/\/www.yongyukitchenware.com\/de\/wp-json\/wp\/v2\/product_brand?post=4308"},{"taxonomy":"product_cat","embeddable":true,"href":"https:\/\/www.yongyukitchenware.com\/de\/wp-json\/wp\/v2\/product_cat?post=4308"},{"taxonomy":"product_tag","embeddable":true,"href":"https:\/\/www.yongyukitchenware.com\/de\/wp-json\/wp\/v2\/product_tag?post=4308"}],"curies":[{"name":"wp","href":"https:\/\/api.w.org\/{rel}","templated":true}]}}