{"id":4322,"date":"2025-08-20T07:42:32","date_gmt":"2025-08-20T07:42:32","guid":{"rendered":"https:\/\/www.yongyukitchenware.com\/?post_type=product&#038;p=4322"},"modified":"2025-08-20T07:42:38","modified_gmt":"2025-08-20T07:42:38","slug":"bulk-luxury-gold-stainless-steel-juice-dispenser-16l-for-hotel-use","status":"publish","type":"product","link":"https:\/\/www.yongyukitchenware.com\/de\/produkt\/bulk-luxury-gold-stainless-steel-juice-dispenser-16l-for-hotel-use\/","title":{"rendered":"Bulk Luxury Gold Edelstahl-Saft-Spender 16L f\u00fcr Hotel Verwendung"},"content":{"rendered":"<div class=\"wp-block-columns is-layout-flex wp-container-core-columns-is-layout-9d6595d7 wp-block-columns-is-layout-flex\">\n<div class=\"wp-block-column is-layout-flow wp-block-column-is-layout-flow\">\n<h2 class=\"wp-block-heading\">Bulk Luxury Gold Edelstahl Saftspender Gr\u00f6\u00dfe:<\/h2>\n\n\n\n<figure class=\"wp-block-table\"><table class=\"has-fixed-layout\"><tbody><tr><td>Modell<\/td><td>Fassungsverm\u00f6gen (L)<\/td><td>MOQ<\/td><\/tr><tr><td rowspan=\"2\">DY008-GZD<\/td><td>8<\/td><td>4PCS<\/td><\/tr><tr><td>16<\/td><td>2PCS<\/td><\/tr><\/tbody><\/table><\/figure>\n\n\n\n<h2 class=\"wp-block-heading\">Bulk Luxury Gold Edelstahl-Saft-Spender Merkmale:<\/h2>\n\n\n\n<p><strong>Geschnitztes Design auf hohem \u00e4sthetischen Niveau:<\/strong> Der exquisite goldene Sockel in Kombination mit der ausgeh\u00f6hlten Schnitztechnik ist edel und elegant und unterstreicht den gesamten Bankettstil. Er ist die beste Wahl f\u00fcr Hotels, Selbstbedienungsrestaurants und gehobene Veranstaltungen.<br><strong>Eimerk\u00f6rper aus lebensmittelechtem PC:<\/strong> Das Geh\u00e4use des Eimers besteht aus haltbarem, lebensmittelechtem PC-Material, das sto\u00dffest, hitzebest\u00e4ndig, transparent und sichtbar ist, so dass der verbleibende Saft bequem beobachtet werden kann und eine gr\u00f6\u00dfere Sicherheit bei der Verwendung bietet.<br><strong>Obere Abdeckung und Saftauslasshahn aus Edelstahl: <\/strong>Sowohl die obere Abdeckung als auch die Saftauslasskomponenten sind aus hochwertigem Edelstahl gefertigt, der korrosionsbest\u00e4ndig und nicht rostanf\u00e4llig ist. Selbst nach langem Gebrauch bleiben sie wie neu.<br><strong>Zwei Kapazit\u00e4tsoptionen: <\/strong>Erh\u00e4ltlich mit einem Fassungsverm\u00f6gen von 8 Litern (Einzelkopf) und 16 Litern (Doppelkopf), ist er die ideale Wahl f\u00fcr kleine Versammlungen bis hin zu stark frequentierten Servicebereichen wie Fr\u00fchst\u00fccksstationen in Hotels oder Catering-Veranstaltungen.<br><strong>Leicht zu demontieren und zu reinigen, keine Belastung f\u00fcr die t\u00e4gliche Wartung: <\/strong>Die Saftschale hat eine einfache Struktur, die leicht zu demontieren ist, und l\u00e4sst sich schnell und m\u00fchelos reinigen, was Arbeitskraft und Zeit spart. Sie ist f\u00fcr gewerbliche Umgebungen mit h\u00e4ufigem Gebrauch geeignet.<\/p>\n<\/div>\n\n\n\n<div class=\"wp-block-column is-layout-flow wp-block-column-is-layout-flow\">\n<figure class=\"wp-block-image size-full\"><img decoding=\"async\" width=\"750\" height=\"1056\" src=\"https:\/\/www.yongyukitchenware.com\/wp-content\/uploads\/2025\/07\/Bulk-Luxury-Gold-Stainless-Steel-Juice-Dispenser-5.webp\" alt=\"Bulk-Luxury-Gold-Edelstahl-Saftspender-5\" class=\"wp-image-4328\" srcset=\"https:\/\/www.yongyukitchenware.com\/wp-content\/uploads\/2025\/07\/Bulk-Luxury-Gold-Stainless-Steel-Juice-Dispenser-5.webp 750w, https:\/\/www.yongyukitchenware.com\/wp-content\/uploads\/2025\/07\/Bulk-Luxury-Gold-Stainless-Steel-Juice-Dispenser-5-213x300.webp 213w, https:\/\/www.yongyukitchenware.com\/wp-content\/uploads\/2025\/07\/Bulk-Luxury-Gold-Stainless-Steel-Juice-Dispenser-5-9x12.webp 9w, https:\/\/www.yongyukitchenware.com\/wp-content\/uploads\/2025\/07\/Bulk-Luxury-Gold-Stainless-Steel-Juice-Dispenser-5-600x845.webp 600w\" sizes=\"(max-width: 750px) 100vw, 750px\" \/><\/figure>\n<\/div>\n<\/div>","protected":false},"excerpt":{"rendered":"<article class=\"text-token-text-primary w-full\" dir=\"auto\" data-testid=\"conversation-turn-4\" data-scroll-anchor=\"true\">\n<div class=\"text-base my-auto mx-auto py-5 [--thread-content-margin:--spacing(4)] @[37rem]:[--thread-content-margin:--spacing(6)] @[72rem]:[--thread-content-margin:--spacing(16)] px-(--thread-content-margin)\">\n<div class=\"[--thread-content-max-width:32rem] @[34rem]:[--thread-content-max-width:40rem] @[64rem]:[--thread-content-max-width:48rem] mx-auto flex max-w-(--thread-content-max-width) flex-1 text-base gap-4 md:gap-5 lg:gap-6 group\/turn-messages focus-visible:outline-hidden\">\n<div class=\"group\/conversation-turn relative flex w-full min-w-0 flex-col agent-turn\">\n<div class=\"relative flex-col gap-1 md:gap-3\">\n<div class=\"flex max-w-full flex-col grow\">\n<div class=\"min-h-8 text-message relative flex w-full flex-col items-end gap-2 text-start break-words whitespace-normal [.text-message+&amp;]:mt-5\" dir=\"auto\" data-message-author-role=\"assistant\" data-message-id=\"9bcddfd6-70c4-41a9-8e09-e8b0c37403d6\" data-message-model-slug=\"gpt-4o\">\n<div class=\"flex w-full flex-col gap-1 empty:hidden first:pt-[3px]\">\n<div class=\"markdown prose dark:prose-invert w-full break-words light\">\n<p data-start=\"0\" data-end=\"281\" data-is-last-node=\"\" data-is-only-node=\"\">Der luxuri\u00f6se, goldfarbene Edelstahl-Saftdispenser Bulk kombiniert ein gro\u00dfes Fassungsverm\u00f6gen von 16 Litern mit einem eleganten Finish und eignet sich perfekt f\u00fcr Hotels, Buffets und Catering-Unternehmen, die Wert auf Stil und Haltbarkeit legen.<\/p>\n<\/div>\n<\/div>\n<\/div>\n<\/div>\n<\/div>\n<div class=\"absolute\">\n<h2 class=\"flex items-center justify-center\">Bulk Luxury Gold Edelstahl-Saft-Spender Parameter:<\/h2>\n<\/div>\n<\/div>\n<\/div>\n<\/div>\n<\/article>\n<p><strong>Material:<\/strong> Rostfreier Stahl, Kunststoff<br \/><strong>Entwurf:<\/strong> Mit Wasserhahn, Gestell aus rostfreiem Stahl, Sp\u00fclbecken mit L\u00f6chern<br \/><strong>Gr\u00f6\u00dfen:<\/strong> 8L \/16L<br \/><strong>Verpacken:<\/strong> Beutel\/Sammelgut\/Karton oder kundenspezifisch<br \/><strong>OEM\/ODM:<\/strong> Optional<\/p>\n<h2 class=\"wp-block-heading\">Bulk Luxury Gold Edelstahl-Saft-Spender Hersteller :<\/h2>\n<p>Ob Catering-Dienstleister, Hotel- und Gastst\u00e4ttenbetriebe oder Veranstaltungsplaner, wir bieten Ihnen komplette Gro\u00dfhandelsl\u00f6sungen f\u00fcr Gastronomiebedarf zu hochwertigen Fabrikpreisen!<\/p>","protected":false},"featured_media":4325,"comment_status":"closed","ping_status":"closed","template":"","meta":{"_acf_changed":true},"application":[30],"product_brand":[],"product_cat":[22,34],"product_tag":[],"class_list":{"0":"post-4322","1":"product","2":"type-product","3":"status-publish","4":"has-post-thumbnail","6":"application-hotel-catering","7":"product_cat-catering-supplies-wholesale","8":"product_cat-wholesale-drink-dispenser","10":"first","11":"instock","12":"shipping-taxable","13":"product-type-simple"},"acf":[],"_links":{"self":[{"href":"https:\/\/www.yongyukitchenware.com\/de\/wp-json\/wp\/v2\/product\/4322","targetHints":{"allow":["GET"]}}],"collection":[{"href":"https:\/\/www.yongyukitchenware.com\/de\/wp-json\/wp\/v2\/product"}],"about":[{"href":"https:\/\/www.yongyukitchenware.com\/de\/wp-json\/wp\/v2\/types\/product"}],"replies":[{"embeddable":true,"href":"https:\/\/www.yongyukitchenware.com\/de\/wp-json\/wp\/v2\/comments?post=4322"}],"wp:featuredmedia":[{"embeddable":true,"href":"https:\/\/www.yongyukitchenware.com\/de\/wp-json\/wp\/v2\/media\/4325"}],"wp:attachment":[{"href":"https:\/\/www.yongyukitchenware.com\/de\/wp-json\/wp\/v2\/media?parent=4322"}],"wp:term":[{"taxonomy":"application","embeddable":true,"href":"https:\/\/www.yongyukitchenware.com\/de\/wp-json\/wp\/v2\/application?post=4322"},{"taxonomy":"product_brand","embeddable":true,"href":"https:\/\/www.yongyukitchenware.com\/de\/wp-json\/wp\/v2\/product_brand?post=4322"},{"taxonomy":"product_cat","embeddable":true,"href":"https:\/\/www.yongyukitchenware.com\/de\/wp-json\/wp\/v2\/product_cat?post=4322"},{"taxonomy":"product_tag","embeddable":true,"href":"https:\/\/www.yongyukitchenware.com\/de\/wp-json\/wp\/v2\/product_tag?post=4322"}],"curies":[{"name":"wp","href":"https:\/\/api.w.org\/{rel}","templated":true}]}}