{"id":4369,"date":"2025-07-16T03:09:05","date_gmt":"2025-07-16T03:09:05","guid":{"rendered":"https:\/\/www.yongyukitchenware.com\/?post_type=product&#038;p=4369"},"modified":"2025-07-16T03:09:08","modified_gmt":"2025-07-16T03:09:08","slug":"wholesale-stainless-steel-divided-dishes-round-sauce-dishes-gold","status":"publish","type":"product","link":"https:\/\/www.yongyukitchenware.com\/de\/produkt\/wholesale-stainless-steel-divided-dishes-round-sauce-dishes-gold\/","title":{"rendered":"Gro\u00dfhandel Edelstahl geteilt Gerichte Runde So\u00dfe Gerichte - Gold"},"content":{"rendered":"<div class=\"wp-block-columns is-layout-flex wp-container-core-columns-is-layout-9d6595d7 wp-block-columns-is-layout-flex\">\n<div class=\"wp-block-column is-layout-flow wp-block-column-is-layout-flow\">\n<h2 class=\"wp-block-heading\">Gro\u00dfhandel Edelstahl geteilt Gerichte Gr\u00f6\u00dfe:<\/h2>\n\n\n\n<figure class=\"wp-block-table\"><table class=\"has-fixed-layout\"><tbody><tr><td>Modell<\/td><td>Fassungsverm\u00f6gen (L)<\/td><td>MOQ<\/td><\/tr><tr><td rowspan=\"3\">DY119-Z<\/td><td>10cm<\/td><td>800 STCK.<\/td><\/tr><tr><td>12cm<\/td><td>600 STCK.<\/td><\/tr><tr><td>14cm<\/td><td>480 STCK.<\/td><\/tr><\/tbody><\/table><\/figure>\n\n\n\n<h2 class=\"wp-block-heading\">Gro\u00dfhandel Edelstahl geteilt Gerichte Merkmale:<\/h2>\n\n\n\n<p><strong>Mehrkammersystem, keine Geschmacksvermischung zur Klassifizierung:<\/strong> Es stehen zwei oder drei F\u00e4cher zur Verf\u00fcgung, so dass verschiedene Gew\u00fcrze oder Snacks leicht voneinander getrennt werden k\u00f6nnen, um eine Vermischung der Aromen zu verhindern. Sie ist praktisch und ordentlich zugleich.<br><strong>Drei Gr\u00f6\u00dfen, flexible Kombination und Verwendung: <\/strong>Mit seinen drei Gr\u00f6\u00dfen wird er den Anforderungen verschiedener Esstische und Zwecke gerecht. Ob f\u00fcr Familientreffen oder zum Anrichten im Restaurant, es ist m\u00fchelos.<br><strong>Hochwertiges Material aus rostfreiem Stahl: <\/strong>Aus lebensmittelechtem Edelstahl gefertigt, ist es robust und langlebig, korrosionsbest\u00e4ndig und nicht anf\u00e4llig f\u00fcr Verformungen, so dass Sie sich bei der t\u00e4glichen Verwendung keine Sorgen machen m\u00fcssen.<br>Erh\u00e4ltlich in zwei Farben zur Verbesserung der \u00c4sthetik <strong>die Attraktivit\u00e4t der Tischplatte: <\/strong>Erh\u00e4ltlich in der Originalfarbe Edelstahl und in elegantem Gold, passt es zu verschiedenen Geschirrstilen und verbessert die Gesamtqualit\u00e4t der Beschichtung.<br><strong>Fein polierte, glatte Kanten ohne Grate:<\/strong> Feine Verarbeitung, glatte Kanten, die die H\u00e4nde nicht verletzen, sicherer Gebrauch, sowohl f\u00fcr den privaten als auch f\u00fcr den gewerblichen Bereich geeignet.<\/p>\n<\/div>\n\n\n\n<div class=\"wp-block-column is-layout-flow wp-block-column-is-layout-flow\">\n<figure class=\"wp-block-image size-full is-resized\"><img decoding=\"async\" width=\"800\" height=\"800\" src=\"https:\/\/www.yongyukitchenware.com\/wp-content\/uploads\/2025\/07\/Wholesale-Stainless-Steel-Divided-Dishes-8.webp\" alt=\"Gro\u00dfhandel-Edelstahl-Tabletts-geteilt-8\" class=\"wp-image-4377\" style=\"width:384px;height:auto\" srcset=\"https:\/\/www.yongyukitchenware.com\/wp-content\/uploads\/2025\/07\/Wholesale-Stainless-Steel-Divided-Dishes-8.webp 800w, https:\/\/www.yongyukitchenware.com\/wp-content\/uploads\/2025\/07\/Wholesale-Stainless-Steel-Divided-Dishes-8-300x300.webp 300w, https:\/\/www.yongyukitchenware.com\/wp-content\/uploads\/2025\/07\/Wholesale-Stainless-Steel-Divided-Dishes-8-150x150.webp 150w, https:\/\/www.yongyukitchenware.com\/wp-content\/uploads\/2025\/07\/Wholesale-Stainless-Steel-Divided-Dishes-8-768x768.webp 768w, https:\/\/www.yongyukitchenware.com\/wp-content\/uploads\/2025\/07\/Wholesale-Stainless-Steel-Divided-Dishes-8-12x12.webp 12w, https:\/\/www.yongyukitchenware.com\/wp-content\/uploads\/2025\/07\/Wholesale-Stainless-Steel-Divided-Dishes-8-600x600.webp 600w, https:\/\/www.yongyukitchenware.com\/wp-content\/uploads\/2025\/07\/Wholesale-Stainless-Steel-Divided-Dishes-8-100x100.webp 100w\" sizes=\"(max-width: 800px) 100vw, 800px\" \/><\/figure>\n\n\n\n<figure class=\"wp-block-image size-full is-resized\"><img decoding=\"async\" width=\"800\" height=\"800\" src=\"https:\/\/www.yongyukitchenware.com\/wp-content\/uploads\/2025\/07\/Wholesale-Stainless-Steel-Divided-Dishes-10.webp\" alt=\"Gro\u00dfhandel-Edelstahl-Tabletts-geteilt-10\" class=\"wp-image-4379\" style=\"width:384px\" srcset=\"https:\/\/www.yongyukitchenware.com\/wp-content\/uploads\/2025\/07\/Wholesale-Stainless-Steel-Divided-Dishes-10.webp 800w, https:\/\/www.yongyukitchenware.com\/wp-content\/uploads\/2025\/07\/Wholesale-Stainless-Steel-Divided-Dishes-10-300x300.webp 300w, https:\/\/www.yongyukitchenware.com\/wp-content\/uploads\/2025\/07\/Wholesale-Stainless-Steel-Divided-Dishes-10-150x150.webp 150w, https:\/\/www.yongyukitchenware.com\/wp-content\/uploads\/2025\/07\/Wholesale-Stainless-Steel-Divided-Dishes-10-768x768.webp 768w, https:\/\/www.yongyukitchenware.com\/wp-content\/uploads\/2025\/07\/Wholesale-Stainless-Steel-Divided-Dishes-10-12x12.webp 12w, https:\/\/www.yongyukitchenware.com\/wp-content\/uploads\/2025\/07\/Wholesale-Stainless-Steel-Divided-Dishes-10-600x600.webp 600w, https:\/\/www.yongyukitchenware.com\/wp-content\/uploads\/2025\/07\/Wholesale-Stainless-Steel-Divided-Dishes-10-100x100.webp 100w\" sizes=\"(max-width: 800px) 100vw, 800px\" \/><\/figure>\n<\/div>\n<\/div>","protected":false},"excerpt":{"rendered":"<div class=\"n4sEPd\">\n<div class=\"UdTY9 qhIQqf leDWne\" aria-hidden=\"true\" data-location=\"1\">Gro\u00dfhandel Edelstahl geteilt Gerichte. Hergestellt aus langlebigem Edelstahl mit einer goldenen Oberfl\u00e4che, ideal f\u00fcr Saucen und Dips. Perfekt f\u00fcr Veranstaltungen, Restaurants oder den Hausgebrauch. Decken Sie sich ein und bieten Sie Ihren Kunden Premium-Qualit\u00e4t.<\/div>\n<\/div>\n<h2 style=\"text-align: left;\">Gro\u00dfhandel Edelstahl geteilt Gerichte:<\/h2>\n<p style=\"text-align: left;\"><strong>Material:<\/strong> Rostfreier Stahl<br \/><strong>L\u00e4nge:<\/strong>10\/12\/14cm<br \/><strong>Die Form:<\/strong> Achteckige Form<br \/><strong>Verpacken:<\/strong> OPP-Beutel und -Karton<br \/><strong>OEM\/ODM:<\/strong> Verf\u00fcgbar<\/p>\n<h2 class=\"wp-block-heading\">Gro\u00dfhandel Edelstahl geteilt Gerichte Hersteller:<\/h2>\n<p>Ob Catering-Dienstleister, Hotel, Restaurant oder Veranstaltungsplaner, wir bieten Ihnen komplette Gro\u00dfhandelsl\u00f6sungen f\u00fcr Gastronomiebedarf zu hochwertigen Fabrikpreisen!<\/p>","protected":false},"featured_media":4373,"comment_status":"closed","ping_status":"closed","template":"","meta":{"_acf_changed":true},"application":[29],"product_brand":[],"product_cat":[21],"product_tag":[],"class_list":{"0":"post-4369","1":"product","2":"type-product","3":"status-publish","4":"has-post-thumbnail","6":"application-home-kitchen","7":"product_cat-tableware-wholesale","9":"first","10":"instock","11":"shipping-taxable","12":"product-type-simple"},"acf":[],"_links":{"self":[{"href":"https:\/\/www.yongyukitchenware.com\/de\/wp-json\/wp\/v2\/product\/4369","targetHints":{"allow":["GET"]}}],"collection":[{"href":"https:\/\/www.yongyukitchenware.com\/de\/wp-json\/wp\/v2\/product"}],"about":[{"href":"https:\/\/www.yongyukitchenware.com\/de\/wp-json\/wp\/v2\/types\/product"}],"replies":[{"embeddable":true,"href":"https:\/\/www.yongyukitchenware.com\/de\/wp-json\/wp\/v2\/comments?post=4369"}],"wp:featuredmedia":[{"embeddable":true,"href":"https:\/\/www.yongyukitchenware.com\/de\/wp-json\/wp\/v2\/media\/4373"}],"wp:attachment":[{"href":"https:\/\/www.yongyukitchenware.com\/de\/wp-json\/wp\/v2\/media?parent=4369"}],"wp:term":[{"taxonomy":"application","embeddable":true,"href":"https:\/\/www.yongyukitchenware.com\/de\/wp-json\/wp\/v2\/application?post=4369"},{"taxonomy":"product_brand","embeddable":true,"href":"https:\/\/www.yongyukitchenware.com\/de\/wp-json\/wp\/v2\/product_brand?post=4369"},{"taxonomy":"product_cat","embeddable":true,"href":"https:\/\/www.yongyukitchenware.com\/de\/wp-json\/wp\/v2\/product_cat?post=4369"},{"taxonomy":"product_tag","embeddable":true,"href":"https:\/\/www.yongyukitchenware.com\/de\/wp-json\/wp\/v2\/product_tag?post=4369"}],"curies":[{"name":"wp","href":"https:\/\/api.w.org\/{rel}","templated":true}]}}