{"id":4382,"date":"2025-07-16T02:53:27","date_gmt":"2025-07-16T02:53:27","guid":{"rendered":"https:\/\/www.yongyukitchenware.com\/?post_type=product&#038;p=4382"},"modified":"2025-07-16T02:53:29","modified_gmt":"2025-07-16T02:53:29","slug":"bulk-stainless-steel-dessert-plate-snack-tray-silver","status":"publish","type":"product","link":"https:\/\/www.yongyukitchenware.com\/de\/produkt\/bulk-stainless-steel-dessert-plate-snack-tray-silver\/","title":{"rendered":"Bulk Edelstahl Dessertteller Snack Tablett-Silber"},"content":{"rendered":"<div class=\"wp-block-columns is-layout-flex wp-container-core-columns-is-layout-9d6595d7 wp-block-columns-is-layout-flex\">\n<div class=\"wp-block-column is-layout-flow wp-block-column-is-layout-flow\">\n<h2 class=\"wp-block-heading\">Bulk Edelstahl Dessertteller Gr\u00f6\u00dfe:<\/h2>\n\n\n\n<figure class=\"wp-block-table\"><table class=\"has-fixed-layout\"><tbody><tr><td>Modell<\/td><td>Gr\u00f6\u00dfe<\/td><td>Gewicht<\/td><td>MOQ<\/td><\/tr><tr><td rowspan=\"3\">DY120-Z<\/td><td>S(2\/3 Abteil)<\/td><td>96g<\/td><td>200 STCK.<\/td><\/tr><tr><td>M(2\/3 Abteil)<\/td><td>115g<\/td><td>160 STCK.<\/td><\/tr><tr><td>L(2\/3 Abteil)<\/td><td>145g<\/td><td>120 STCK.<\/td><\/tr><\/tbody><\/table><\/figure>\n\n\n\n<h2 class=\"wp-block-heading\">Bulk Edelstahl Dessertteller Eigenschaften:<\/h2>\n\n\n\n<p><strong>Die F\u00e4cher eignen sich am besten f\u00fcr eine genauere Kategorisierung:<\/strong> Es sind Optionen mit zwei und drei F\u00e4chern erh\u00e4ltlich, die ausreichend Platz bieten. Die Gew\u00fcrze vermischen sich nicht, ideal f\u00fcr mehrere Dip-Saucen, W\u00fcrzmittel, Trockenfr\u00fcchte oder Snacks, die mehrere Anforderungen erf\u00fcllen.<br><strong>Drei Gr\u00f6\u00dfen zur Auswahl, bequem und praktisch:<\/strong> Mit drei Gr\u00f6\u00dfen zur Auswahl eignet er sich f\u00fcr eine Reihe von Situationen, in denen der Esstisch genutzt werden kann, von der regelm\u00e4\u00dfigen Nutzung in der Familie bis hin zu Grillpartys oder der kommerziellen Nutzung in Restaurants.<br><strong>Hochwertiger Edelstahl, der robust und langlebig ist:<\/strong> Aus lebensmittelechtem Edelstahl gefertigt, ist er rostfrei, korrosionsbest\u00e4ndig, hitzebest\u00e4ndig und wartungsarm. Auch nach l\u00e4ngerem Gebrauch beh\u00e4lt er sein gl\u00e4nzendes und neues Aussehen.<br><strong>Zweifarbige Typen, sch\u00f6n und universell: <\/strong>Auch mit traditionellen Edelstahl nat\u00fcrliche Farbe und Textur, Gold, einfach und anmutig, und verbessert den Stil des Esstischs und ist verwendbar, um mit verschiedenen Arten von Geschirr Paar.<br><strong>Meisterhafte Konstruktion, sorgf\u00e4ltige Details: <\/strong>Einteiliges Formverfahren, glatte und abgerundete Kanten, die die H\u00e4nde nicht verletzen, und eine glatte, gratfreie Oberfl\u00e4che, die ein Gef\u00fchl von High-End-Qualit\u00e4t vermittelt. Aus rostfreiem Stahl gefertigt, ist es rostfrei, korrosionsbest\u00e4ndig, hitzebest\u00e4ndig und wartungsarm. <\/p>\n<\/div>\n\n\n\n<div class=\"wp-block-column is-layout-flow wp-block-column-is-layout-flow\">\n<figure class=\"wp-block-image size-full is-resized\"><img decoding=\"async\" width=\"800\" height=\"800\" src=\"https:\/\/www.yongyukitchenware.com\/wp-content\/uploads\/2025\/07\/Wholesale-Stainless-Steel-Dessert-Plate-7.webp\" alt=\"Edelstahl-Dessertteller in loser Sch\u00fcttung\" class=\"wp-image-4389\" style=\"width:384px;height:auto\" srcset=\"https:\/\/www.yongyukitchenware.com\/wp-content\/uploads\/2025\/07\/Wholesale-Stainless-Steel-Dessert-Plate-7.webp 800w, https:\/\/www.yongyukitchenware.com\/wp-content\/uploads\/2025\/07\/Wholesale-Stainless-Steel-Dessert-Plate-7-300x300.webp 300w, https:\/\/www.yongyukitchenware.com\/wp-content\/uploads\/2025\/07\/Wholesale-Stainless-Steel-Dessert-Plate-7-150x150.webp 150w, https:\/\/www.yongyukitchenware.com\/wp-content\/uploads\/2025\/07\/Wholesale-Stainless-Steel-Dessert-Plate-7-768x768.webp 768w, https:\/\/www.yongyukitchenware.com\/wp-content\/uploads\/2025\/07\/Wholesale-Stainless-Steel-Dessert-Plate-7-12x12.webp 12w, https:\/\/www.yongyukitchenware.com\/wp-content\/uploads\/2025\/07\/Wholesale-Stainless-Steel-Dessert-Plate-7-600x600.webp 600w, https:\/\/www.yongyukitchenware.com\/wp-content\/uploads\/2025\/07\/Wholesale-Stainless-Steel-Dessert-Plate-7-100x100.webp 100w\" sizes=\"(max-width: 800px) 100vw, 800px\" \/><\/figure>\n\n\n\n<figure class=\"wp-block-image size-full is-resized\"><img decoding=\"async\" width=\"800\" height=\"800\" src=\"https:\/\/www.yongyukitchenware.com\/wp-content\/uploads\/2025\/07\/Wholesale-Stainless-Steel-Dessert-Plate-8.webp\" alt=\"Gro\u00dfhandel-Edelstahl-Dessert-Platte-8\" class=\"wp-image-4390\" style=\"width:384px\" srcset=\"https:\/\/www.yongyukitchenware.com\/wp-content\/uploads\/2025\/07\/Wholesale-Stainless-Steel-Dessert-Plate-8.webp 800w, https:\/\/www.yongyukitchenware.com\/wp-content\/uploads\/2025\/07\/Wholesale-Stainless-Steel-Dessert-Plate-8-300x300.webp 300w, https:\/\/www.yongyukitchenware.com\/wp-content\/uploads\/2025\/07\/Wholesale-Stainless-Steel-Dessert-Plate-8-150x150.webp 150w, https:\/\/www.yongyukitchenware.com\/wp-content\/uploads\/2025\/07\/Wholesale-Stainless-Steel-Dessert-Plate-8-768x768.webp 768w, https:\/\/www.yongyukitchenware.com\/wp-content\/uploads\/2025\/07\/Wholesale-Stainless-Steel-Dessert-Plate-8-12x12.webp 12w, https:\/\/www.yongyukitchenware.com\/wp-content\/uploads\/2025\/07\/Wholesale-Stainless-Steel-Dessert-Plate-8-600x600.webp 600w, https:\/\/www.yongyukitchenware.com\/wp-content\/uploads\/2025\/07\/Wholesale-Stainless-Steel-Dessert-Plate-8-100x100.webp 100w\" sizes=\"(max-width: 800px) 100vw, 800px\" \/><\/figure>\n<\/div>\n<\/div>","protected":false},"excerpt":{"rendered":"<div class=\"n4sEPd\">\n<div class=\"UdTY9 qhIQqf leDWne\" aria-hidden=\"true\" data-location=\"1\">Gro\u00dfer Dessertteller aus Edelstahl. Elegantes und langlebiges Snack-Tablett in schlichtem Silber, perfekt zum Servieren von Desserts, Vorspeisen oder Party-Snacks. Ideal f\u00fcr Gro\u00dfabnehmer, die stilvolles, langlebiges Edelstahlgeschirr suchen.<\/div>\n<\/div>\n<h2 style=\"text-align: left;\">Dessertteller aus Edelstahl in loser Sch\u00fcttung:<\/h2>\n<p style=\"text-align: left;\"><strong>Material:<\/strong> Rostfreier Stahl<br \/><strong>L\u00e4nge:<\/strong>10\/12\/14cm<br \/><strong>Die Form:<\/strong> Achteckige Form<br \/><strong>Verpacken:<\/strong> OPP-Beutel und -Karton<br \/><strong>OEM\/ODM:<\/strong> Verf\u00fcgbar<\/p>\n<h2 class=\"wp-block-heading\">Dessertteller aus Edelstahl in loser Sch\u00fcttung Hersteller:<\/h2>\n<p>Ob Catering-Dienstleister, Hotel, Restaurant oder Veranstaltungsplaner, wir bieten Ihnen komplette Gro\u00dfhandelsl\u00f6sungen f\u00fcr Gastronomiebedarf zu hochwertigen Fabrikpreisen!<\/p>","protected":false},"featured_media":4383,"comment_status":"closed","ping_status":"closed","template":"","meta":{"_acf_changed":true},"application":[29],"product_brand":[],"product_cat":[21],"product_tag":[],"class_list":{"0":"post-4382","1":"product","2":"type-product","3":"status-publish","4":"has-post-thumbnail","6":"application-home-kitchen","7":"product_cat-tableware-wholesale","9":"first","10":"instock","11":"shipping-taxable","12":"product-type-simple"},"acf":[],"_links":{"self":[{"href":"https:\/\/www.yongyukitchenware.com\/de\/wp-json\/wp\/v2\/product\/4382","targetHints":{"allow":["GET"]}}],"collection":[{"href":"https:\/\/www.yongyukitchenware.com\/de\/wp-json\/wp\/v2\/product"}],"about":[{"href":"https:\/\/www.yongyukitchenware.com\/de\/wp-json\/wp\/v2\/types\/product"}],"replies":[{"embeddable":true,"href":"https:\/\/www.yongyukitchenware.com\/de\/wp-json\/wp\/v2\/comments?post=4382"}],"wp:featuredmedia":[{"embeddable":true,"href":"https:\/\/www.yongyukitchenware.com\/de\/wp-json\/wp\/v2\/media\/4383"}],"wp:attachment":[{"href":"https:\/\/www.yongyukitchenware.com\/de\/wp-json\/wp\/v2\/media?parent=4382"}],"wp:term":[{"taxonomy":"application","embeddable":true,"href":"https:\/\/www.yongyukitchenware.com\/de\/wp-json\/wp\/v2\/application?post=4382"},{"taxonomy":"product_brand","embeddable":true,"href":"https:\/\/www.yongyukitchenware.com\/de\/wp-json\/wp\/v2\/product_brand?post=4382"},{"taxonomy":"product_cat","embeddable":true,"href":"https:\/\/www.yongyukitchenware.com\/de\/wp-json\/wp\/v2\/product_cat?post=4382"},{"taxonomy":"product_tag","embeddable":true,"href":"https:\/\/www.yongyukitchenware.com\/de\/wp-json\/wp\/v2\/product_tag?post=4382"}],"curies":[{"name":"wp","href":"https:\/\/api.w.org\/{rel}","templated":true}]}}