{"id":4403,"date":"2025-07-16T02:30:19","date_gmt":"2025-07-16T02:30:19","guid":{"rendered":"https:\/\/www.yongyukitchenware.com\/?post_type=product&#038;p=4403"},"modified":"2025-07-16T02:30:21","modified_gmt":"2025-07-16T02:30:21","slug":"304-stainless-steel-korean-style-double-handle-snack-bowl-in-bulk","status":"publish","type":"product","link":"https:\/\/www.yongyukitchenware.com\/de\/produkt\/304-stainless-steel-korean-style-double-handle-snack-bowl-in-bulk\/","title":{"rendered":"304 Edelstahl Korean Style Double Handle Snack Sch\u00fcssel in Bulk"},"content":{"rendered":"<div class=\"wp-block-columns is-layout-flex wp-container-core-columns-is-layout-9d6595d7 wp-block-columns-is-layout-flex\">\n<div class=\"wp-block-column is-layout-flow wp-block-column-is-layout-flow\">\n<h2 class=\"wp-block-heading\">Snackschale mit doppeltem Henkel in Gro\u00dfpackung Gr\u00f6\u00dfe:<\/h2>\n\n\n\n<figure class=\"wp-block-table\"><table class=\"has-fixed-layout\"><tbody><tr><td>Modell<\/td><td>Gr\u00f6\u00dfe<\/td><td>Gewicht<\/td><td>MOQ<\/td><\/tr><tr><td rowspan=\"5\">DY070-P<\/td><td>10,5 cm<\/td><td>86g<\/td><td>200 STCK.<\/td><\/tr><tr><td>12cm<\/td><td>100g<\/td><td>200 STCK.<\/td><\/tr><tr><td>13cm<\/td><td>130g<\/td><td>160 STCK.<\/td><\/tr><tr><td>14cm<\/td><td>145g<\/td><td>160 STCK.<\/td><\/tr><tr><td>16,5 cm<\/td><td>175g<\/td><td>160 STCK.<\/td><\/tr><\/tbody><\/table><\/figure>\n\n\n\n<h2 class=\"wp-block-heading\">Double Handle Snack Bowl Gr\u00f6\u00dfe in Bulk Features:<\/h2>\n\n\n\n<p><strong>Premium-Edelstahl: <\/strong>Hergestellt aus lebensmittelechtem Edelstahl, der korrosionsbest\u00e4ndig, geruchsneutral und langlebig ist.<\/p>\n\n\n\n<p><strong>Tiefes Tablett-Design:<\/strong> Breites, auslaufsicheres Design, das mehr Lebensmittel ohne Auslaufrisiko aufnehmen kann.<\/p>\n\n\n\n<p><strong>Zeichnung und Polierverfahren:<\/strong> Glatte, weiche Textur, die leicht zu reinigen und zu pflegen ist.<\/p>\n\n\n\n<p><strong>Abgerundete Kanten: <\/strong>Sicher, geschmeidig und leicht zu handhaben, ohne dass es zu Handverletzungen kommt.<\/p>\n\n\n\n<p><strong>Flaches Bodendesign: <\/strong>Stabiler, flacher Boden f\u00fcr festen Stand und sicheres direktes Erhitzen.<\/p>\n<\/div>\n\n\n\n<div class=\"wp-block-column is-layout-flow wp-block-column-is-layout-flow\">\n<figure class=\"wp-block-image size-full is-resized\"><img decoding=\"async\" width=\"800\" height=\"800\" src=\"https:\/\/www.yongyukitchenware.com\/wp-content\/uploads\/2025\/07\/Bulk-Handle-Snack-Bowl-3.webp\" alt=\"Bulk-Handle-Snack-Bowl-3\" class=\"wp-image-4406\" style=\"width:384px;height:auto\" srcset=\"https:\/\/www.yongyukitchenware.com\/wp-content\/uploads\/2025\/07\/Bulk-Handle-Snack-Bowl-3.webp 800w, https:\/\/www.yongyukitchenware.com\/wp-content\/uploads\/2025\/07\/Bulk-Handle-Snack-Bowl-3-300x300.webp 300w, https:\/\/www.yongyukitchenware.com\/wp-content\/uploads\/2025\/07\/Bulk-Handle-Snack-Bowl-3-150x150.webp 150w, https:\/\/www.yongyukitchenware.com\/wp-content\/uploads\/2025\/07\/Bulk-Handle-Snack-Bowl-3-768x768.webp 768w, https:\/\/www.yongyukitchenware.com\/wp-content\/uploads\/2025\/07\/Bulk-Handle-Snack-Bowl-3-12x12.webp 12w, https:\/\/www.yongyukitchenware.com\/wp-content\/uploads\/2025\/07\/Bulk-Handle-Snack-Bowl-3-600x600.webp 600w, https:\/\/www.yongyukitchenware.com\/wp-content\/uploads\/2025\/07\/Bulk-Handle-Snack-Bowl-3-100x100.webp 100w\" sizes=\"(max-width: 800px) 100vw, 800px\" \/><\/figure>\n\n\n\n<figure class=\"wp-block-image size-full is-resized\"><img decoding=\"async\" width=\"800\" height=\"800\" src=\"https:\/\/www.yongyukitchenware.com\/wp-content\/uploads\/2025\/07\/Bulk-Handle-Snack-Bowl-6.webp\" alt=\"Snackschale mit doppeltem Henkel, lose\" class=\"wp-image-4409\" style=\"width:384px\" srcset=\"https:\/\/www.yongyukitchenware.com\/wp-content\/uploads\/2025\/07\/Bulk-Handle-Snack-Bowl-6.webp 800w, https:\/\/www.yongyukitchenware.com\/wp-content\/uploads\/2025\/07\/Bulk-Handle-Snack-Bowl-6-300x300.webp 300w, https:\/\/www.yongyukitchenware.com\/wp-content\/uploads\/2025\/07\/Bulk-Handle-Snack-Bowl-6-150x150.webp 150w, https:\/\/www.yongyukitchenware.com\/wp-content\/uploads\/2025\/07\/Bulk-Handle-Snack-Bowl-6-768x768.webp 768w, https:\/\/www.yongyukitchenware.com\/wp-content\/uploads\/2025\/07\/Bulk-Handle-Snack-Bowl-6-12x12.webp 12w, https:\/\/www.yongyukitchenware.com\/wp-content\/uploads\/2025\/07\/Bulk-Handle-Snack-Bowl-6-600x600.webp 600w, https:\/\/www.yongyukitchenware.com\/wp-content\/uploads\/2025\/07\/Bulk-Handle-Snack-Bowl-6-100x100.webp 100w\" sizes=\"(max-width: 800px) 100vw, 800px\" \/><\/figure>\n<\/div>\n<\/div>\n\n\n\n<p><\/p>","protected":false},"excerpt":{"rendered":"<div class=\"n4sEPd\">\n<div class=\"UdTY9 qhIQqf leDWne\" aria-hidden=\"true\" data-location=\"1\">Snackschale mit Doppelgriff in gro\u00dfen Mengen. Hergestellt aus langlebigem 304er Edelstahl f\u00fcr eine lange Nutzungsdauer. Ideal zum Servieren von Snacks, Salaten oder Beilagen in Restaurants, Caf\u00e9s und bei Catering-Veranstaltungen. Decken Sie sich noch heute mit diesen eleganten, leicht zu reinigenden Schalen ein, um die Effizienz Ihrer Gastronomie zu steigern!<\/div>\n<\/div>\n<h2 style=\"text-align: left;\">Snackschale mit doppeltem Griff in gro\u00dfen Mengen:<\/h2>\n<p style=\"text-align: left;\"><strong>Material:<\/strong> Rostfreier Stahl<br \/><span style=\"margin: 0px; padding: 0px;\"><strong>L\u00e4nge:<\/strong> 10.5\/12\/13\/14\/16.5<\/span>cm<br \/><strong>Die Form:<\/strong> Runde Form<br \/><strong>Verpacken:<\/strong> OPP-Beutel und -Karton<br \/><strong>OEM\/ODM:<\/strong> Verf\u00fcgbar<\/p>\n<h2 class=\"wp-block-heading\">Von Yongyu Tableware Wholesaler:<\/h2>\n<p>Yongyu Tableware Wholesaler kann die Bed\u00fcrfnisse von Gro\u00dfabnehmern erf\u00fcllen und eine hochwertige Gro\u00dfhandelsserie f\u00fcr Gastronomiebedarf anbieten, die Eleganz und Langlebigkeit vereint. Einschlie\u00dflich Geschirr, Getr\u00e4nke, Catering-Ausr\u00fcstung, K\u00fcchenutensilien, Camp-K\u00fcchenbedarf, etc.<\/p>","protected":false},"featured_media":4404,"comment_status":"closed","ping_status":"closed","template":"","meta":{"_acf_changed":false},"application":[29],"product_brand":[],"product_cat":[21],"product_tag":[],"class_list":{"0":"post-4403","1":"product","2":"type-product","3":"status-publish","4":"has-post-thumbnail","6":"application-home-kitchen","7":"product_cat-tableware-wholesale","9":"first","10":"instock","11":"shipping-taxable","12":"product-type-simple"},"acf":[],"_links":{"self":[{"href":"https:\/\/www.yongyukitchenware.com\/de\/wp-json\/wp\/v2\/product\/4403","targetHints":{"allow":["GET"]}}],"collection":[{"href":"https:\/\/www.yongyukitchenware.com\/de\/wp-json\/wp\/v2\/product"}],"about":[{"href":"https:\/\/www.yongyukitchenware.com\/de\/wp-json\/wp\/v2\/types\/product"}],"replies":[{"embeddable":true,"href":"https:\/\/www.yongyukitchenware.com\/de\/wp-json\/wp\/v2\/comments?post=4403"}],"wp:featuredmedia":[{"embeddable":true,"href":"https:\/\/www.yongyukitchenware.com\/de\/wp-json\/wp\/v2\/media\/4404"}],"wp:attachment":[{"href":"https:\/\/www.yongyukitchenware.com\/de\/wp-json\/wp\/v2\/media?parent=4403"}],"wp:term":[{"taxonomy":"application","embeddable":true,"href":"https:\/\/www.yongyukitchenware.com\/de\/wp-json\/wp\/v2\/application?post=4403"},{"taxonomy":"product_brand","embeddable":true,"href":"https:\/\/www.yongyukitchenware.com\/de\/wp-json\/wp\/v2\/product_brand?post=4403"},{"taxonomy":"product_cat","embeddable":true,"href":"https:\/\/www.yongyukitchenware.com\/de\/wp-json\/wp\/v2\/product_cat?post=4403"},{"taxonomy":"product_tag","embeddable":true,"href":"https:\/\/www.yongyukitchenware.com\/de\/wp-json\/wp\/v2\/product_tag?post=4403"}],"curies":[{"name":"wp","href":"https:\/\/api.w.org\/{rel}","templated":true}]}}