{"id":4410,"date":"2025-07-16T02:12:40","date_gmt":"2025-07-16T02:12:40","guid":{"rendered":"https:\/\/www.yongyukitchenware.com\/?post_type=product&#038;p=4410"},"modified":"2025-07-16T02:12:41","modified_gmt":"2025-07-16T02:12:41","slug":"wholesale-gold-stainless-steel-snack-plate-with-double-handles","status":"publish","type":"product","link":"https:\/\/www.yongyukitchenware.com\/de\/produkt\/wholesale-gold-stainless-steel-snack-plate-with-double-handles\/","title":{"rendered":"Gro\u00dfhandel Gold Edelstahl Snack Teller mit doppelten Griffen"},"content":{"rendered":"<div class=\"wp-block-columns is-layout-flex wp-container-core-columns-is-layout-9d6595d7 wp-block-columns-is-layout-flex\">\n<div class=\"wp-block-column is-layout-flow wp-block-column-is-layout-flow\">\n<h2 class=\"wp-block-heading\">Gro\u00dfhandel Gold Edelstahl Snack Platte Gr\u00f6\u00dfe:<\/h2>\n\n\n\n<figure class=\"wp-block-table\"><table class=\"has-fixed-layout\"><tbody><tr><td>Modell<\/td><td>Gr\u00f6\u00dfe<\/td><td>Gewicht<\/td><td>MOQ<\/td><\/tr><tr><td rowspan=\"3\">DY071-P<\/td><td>13cm<\/td><td>145g<\/td><td>180 STCK.<\/td><\/tr><tr><td>15cm<\/td><td>160g<\/td><td>160 STCK.<\/td><\/tr><tr><td>17cm<\/td><td>196g<\/td><td>120 STCK.<\/td><\/tr><\/tbody><\/table><\/figure>\n\n\n\n<h2 class=\"wp-block-heading\">Gro\u00dfhandel Gold Edelstahl Snack Platte Merkmale:<\/h2>\n\n\n\n<p><strong>Hochwertiger rostfreier Stahl:<\/strong> Lebensmittelgerechtes Edelstahlmaterial, Korrosionsbest\u00e4ndigkeit, kein Geruch, langlebig<br><strong>Erh\u00e4ltlich in einer Vielzahl von Farben: <\/strong>versilbert oder vergoldet und halbvergoldet, um unterschiedlichen Anforderungen gerecht zu werden<br><strong>Verschiedene Gr\u00f6\u00dfen verf\u00fcgbar: <\/strong>13cm, 15cm, 17cm Gr\u00f6\u00dfe der verschiedenen Spezifikationen, kann gestapelt werden Lagerung, Platz zu sparen<br><strong>Doppeltes Griffdesign: <\/strong>Verdickte W\u00e4rmeisolierung und verbr\u00fchungssicherer Griff, leichtere Entnahme<br><strong>Griff mit Nietenverst\u00e4rkung:<\/strong> Die Nietverst\u00e4rkung ist fest und haltbar und kann nicht so leicht abfallen.<br><strong>Nivellierung des Topfbodens: <\/strong>Hitze gleichm\u00e4\u00dfig und schnell, nicht w\u00e4hlen Sie den Ofen, Energieeinsparung und Zeitersparnis<br>Erweiterndes gro\u00dfes Fassungsverm\u00f6gen: gro\u00dfes Kaliber Design, leicht zu einer Vielzahl von Lebensmitteln halten<\/p>\n<\/div>\n\n\n\n<div class=\"wp-block-column is-layout-flow wp-block-column-is-layout-flow\">\n<figure class=\"wp-block-image size-full is-resized\"><img decoding=\"async\" width=\"800\" height=\"800\" src=\"https:\/\/www.yongyukitchenware.com\/wp-content\/uploads\/2025\/07\/Wholesale-Gold-Stainless-Steel-Snack-Plate-7.webp\" alt=\"Gro\u00dfhandel-Gold-Edelstahl-Snack-Platte-7\" class=\"wp-image-4417\" style=\"width:384px;height:auto\" srcset=\"https:\/\/www.yongyukitchenware.com\/wp-content\/uploads\/2025\/07\/Wholesale-Gold-Stainless-Steel-Snack-Plate-7.webp 800w, https:\/\/www.yongyukitchenware.com\/wp-content\/uploads\/2025\/07\/Wholesale-Gold-Stainless-Steel-Snack-Plate-7-300x300.webp 300w, https:\/\/www.yongyukitchenware.com\/wp-content\/uploads\/2025\/07\/Wholesale-Gold-Stainless-Steel-Snack-Plate-7-150x150.webp 150w, https:\/\/www.yongyukitchenware.com\/wp-content\/uploads\/2025\/07\/Wholesale-Gold-Stainless-Steel-Snack-Plate-7-768x768.webp 768w, https:\/\/www.yongyukitchenware.com\/wp-content\/uploads\/2025\/07\/Wholesale-Gold-Stainless-Steel-Snack-Plate-7-12x12.webp 12w, https:\/\/www.yongyukitchenware.com\/wp-content\/uploads\/2025\/07\/Wholesale-Gold-Stainless-Steel-Snack-Plate-7-600x600.webp 600w, https:\/\/www.yongyukitchenware.com\/wp-content\/uploads\/2025\/07\/Wholesale-Gold-Stainless-Steel-Snack-Plate-7-100x100.webp 100w\" sizes=\"(max-width: 800px) 100vw, 800px\" \/><\/figure>\n\n\n\n<figure class=\"wp-block-image size-full is-resized\"><img decoding=\"async\" width=\"800\" height=\"800\" src=\"https:\/\/www.yongyukitchenware.com\/wp-content\/uploads\/2025\/07\/Wholesale-Gold-Stainless-Steel-Snack-Plate-8.webp\" alt=\"Gro\u00dfhandel-Gold-Edelstahl-Snack-Platte-8\" class=\"wp-image-4418\" style=\"width:384px\" srcset=\"https:\/\/www.yongyukitchenware.com\/wp-content\/uploads\/2025\/07\/Wholesale-Gold-Stainless-Steel-Snack-Plate-8.webp 800w, https:\/\/www.yongyukitchenware.com\/wp-content\/uploads\/2025\/07\/Wholesale-Gold-Stainless-Steel-Snack-Plate-8-300x300.webp 300w, https:\/\/www.yongyukitchenware.com\/wp-content\/uploads\/2025\/07\/Wholesale-Gold-Stainless-Steel-Snack-Plate-8-150x150.webp 150w, https:\/\/www.yongyukitchenware.com\/wp-content\/uploads\/2025\/07\/Wholesale-Gold-Stainless-Steel-Snack-Plate-8-768x768.webp 768w, https:\/\/www.yongyukitchenware.com\/wp-content\/uploads\/2025\/07\/Wholesale-Gold-Stainless-Steel-Snack-Plate-8-12x12.webp 12w, https:\/\/www.yongyukitchenware.com\/wp-content\/uploads\/2025\/07\/Wholesale-Gold-Stainless-Steel-Snack-Plate-8-600x600.webp 600w, https:\/\/www.yongyukitchenware.com\/wp-content\/uploads\/2025\/07\/Wholesale-Gold-Stainless-Steel-Snack-Plate-8-100x100.webp 100w\" sizes=\"(max-width: 800px) 100vw, 800px\" \/><\/figure>\n<\/div>\n<\/div>","protected":false},"excerpt":{"rendered":"<div class=\"n4sEPd\">\n<div class=\"UdTY9 qhIQqf leDWne\" aria-hidden=\"true\" data-location=\"1\">Gro\u00dfhandel Gold Edelstahl Snack Teller mit doppelten Griffen, perfekt zum Servieren von Snacks, Vorspeisen oder Obst. Langlebig, stilvoll und leicht zu tragen, f\u00fcgt es einen Hauch von Eleganz zu jeder Gelegenheit.jetzt anfragen!<\/div>\n<\/div>\n<h2 style=\"text-align: left;\">Gro\u00dfhandel Gold Edelstahl Snack Platte:<\/h2>\n<p style=\"text-align: left;\"><strong>Material:<\/strong> Rostfreier Stahl<br \/><span style=\"margin: 0px; padding: 0px;\"><strong>L\u00e4nge:<\/strong> 13\/15\/17<\/span>cm<br \/><strong>Die Form:<\/strong> Runde Form<br \/><strong>Verpacken:<\/strong> OPP-Beutel und -Karton<br \/><strong>OEM\/ODM:<\/strong> Verf\u00fcgbar<\/p>\n<h2 class=\"wp-block-heading\">Von Yongyu Tableware Wholesaler:<\/h2>\n<p>Yongyu Tableware Wholesaler kann die Bed\u00fcrfnisse von Gro\u00dfabnehmern erf\u00fcllen und eine hochwertige Gro\u00dfhandelsserie f\u00fcr Gastronomiebedarf anbieten, die Eleganz und Langlebigkeit vereint. Einschlie\u00dflich Geschirr, Getr\u00e4nke, Catering-Ausr\u00fcstung, K\u00fcchenutensilien, Camp-K\u00fcchenbedarf, etc.<\/p>","protected":false},"featured_media":4411,"comment_status":"closed","ping_status":"closed","template":"","meta":{"_acf_changed":true},"application":[29],"product_brand":[],"product_cat":[21],"product_tag":[],"class_list":{"0":"post-4410","1":"product","2":"type-product","3":"status-publish","4":"has-post-thumbnail","6":"application-home-kitchen","7":"product_cat-tableware-wholesale","9":"first","10":"instock","11":"shipping-taxable","12":"product-type-simple"},"acf":[],"_links":{"self":[{"href":"https:\/\/www.yongyukitchenware.com\/de\/wp-json\/wp\/v2\/product\/4410","targetHints":{"allow":["GET"]}}],"collection":[{"href":"https:\/\/www.yongyukitchenware.com\/de\/wp-json\/wp\/v2\/product"}],"about":[{"href":"https:\/\/www.yongyukitchenware.com\/de\/wp-json\/wp\/v2\/types\/product"}],"replies":[{"embeddable":true,"href":"https:\/\/www.yongyukitchenware.com\/de\/wp-json\/wp\/v2\/comments?post=4410"}],"wp:featuredmedia":[{"embeddable":true,"href":"https:\/\/www.yongyukitchenware.com\/de\/wp-json\/wp\/v2\/media\/4411"}],"wp:attachment":[{"href":"https:\/\/www.yongyukitchenware.com\/de\/wp-json\/wp\/v2\/media?parent=4410"}],"wp:term":[{"taxonomy":"application","embeddable":true,"href":"https:\/\/www.yongyukitchenware.com\/de\/wp-json\/wp\/v2\/application?post=4410"},{"taxonomy":"product_brand","embeddable":true,"href":"https:\/\/www.yongyukitchenware.com\/de\/wp-json\/wp\/v2\/product_brand?post=4410"},{"taxonomy":"product_cat","embeddable":true,"href":"https:\/\/www.yongyukitchenware.com\/de\/wp-json\/wp\/v2\/product_cat?post=4410"},{"taxonomy":"product_tag","embeddable":true,"href":"https:\/\/www.yongyukitchenware.com\/de\/wp-json\/wp\/v2\/product_tag?post=4410"}],"curies":[{"name":"wp","href":"https:\/\/api.w.org\/{rel}","templated":true}]}}