{"id":4425,"date":"2025-08-22T07:03:10","date_gmt":"2025-08-22T07:03:10","guid":{"rendered":"https:\/\/www.yongyukitchenware.com\/?post_type=product&#038;p=4425"},"modified":"2025-08-22T07:03:12","modified_gmt":"2025-08-22T07:03:12","slug":"bulk-rectangular-baking-tray-with-double-handles","status":"publish","type":"product","link":"https:\/\/www.yongyukitchenware.com\/de\/produkt\/bulk-rectangular-baking-tray-with-double-handles\/","title":{"rendered":"Gro\u00dfes rechteckiges Backblech mit doppelten Griffen"},"content":{"rendered":"<div class=\"wp-block-columns is-layout-flex wp-container-core-columns-is-layout-9d6595d7 wp-block-columns-is-layout-flex\">\n<div class=\"wp-block-column is-layout-flow wp-block-column-is-layout-flow\">\n<h2 class=\"wp-block-heading\">Bulk Rectangular Baking Tray with Double Handles Eigenschaften:<\/h2>\n\n\n\n<p><strong>Lebensmittelgeeignetes Material aus rostfreiem Stahl:<\/strong> Aus hochwertigem, lebensmittelechtem Edelstahl gefertigt, ist es korrosionsbest\u00e4ndig, rostfrei, sicher und gesund und eignet sich f\u00fcr verschiedene Gerichte wie gegrillten Fisch, Barbecue und gebackene Speisen.<br><strong>Prozess des Spiegelpolierens: <\/strong>Durch die Hochglanzpolitur ist die Oberfl\u00e4che so gl\u00e4nzend wie ein Spiegel, leicht zu reinigen und weniger anf\u00e4llig f\u00fcr das Anhaften von \u00d6l, was die \u00c4sthetik und das Benutzererlebnis in der K\u00fcche verbessert.<br><strong>Es sind drei praktische Gr\u00f6\u00dfen erh\u00e4ltlich: <\/strong>Kleine, mittlere und gro\u00dfe Gr\u00f6\u00dfen werden angeboten, um den Kapazit\u00e4tsanforderungen verschiedener Szenarien wie Familienfeiern und Grillpartys im Freien gerecht zu werden.<br><strong>Zweiohrige Griffkonstruktion: <\/strong>Dank des stabilen Doppelohr-Griffs l\u00e4sst sich das Ger\u00e4t bequem bewegen und herausnehmen, was eine sichere Verwendung gew\u00e4hrleistet und Verbrennungen verhindert.<br><strong>Zweifarbige Optionen:<\/strong> Erh\u00e4ltlich in klassischer Edelstahl-Naturfarbe und hochwertigem Gold, verbindet er Funktionalit\u00e4t und \u00c4sthetik und passt zu verschiedenen K\u00fcchenstilen oder Tischsituationen.<\/p>\n<\/div>\n\n\n\n<div class=\"wp-block-column is-layout-flow wp-block-column-is-layout-flow\">\n<figure class=\"wp-block-image size-full\"><img decoding=\"async\" width=\"800\" height=\"800\" src=\"https:\/\/www.yongyukitchenware.com\/wp-content\/uploads\/2025\/07\/Bulk-Rectangular-Baking-Tray-with-Double-Handles-4.webp\" alt=\"Gro\u00dfe rechteckige Backform mit Doppelgriffen-4\" class=\"wp-image-4429\" srcset=\"https:\/\/www.yongyukitchenware.com\/wp-content\/uploads\/2025\/07\/Bulk-Rectangular-Baking-Tray-with-Double-Handles-4.webp 800w, https:\/\/www.yongyukitchenware.com\/wp-content\/uploads\/2025\/07\/Bulk-Rectangular-Baking-Tray-with-Double-Handles-4-300x300.webp 300w, https:\/\/www.yongyukitchenware.com\/wp-content\/uploads\/2025\/07\/Bulk-Rectangular-Baking-Tray-with-Double-Handles-4-150x150.webp 150w, https:\/\/www.yongyukitchenware.com\/wp-content\/uploads\/2025\/07\/Bulk-Rectangular-Baking-Tray-with-Double-Handles-4-768x768.webp 768w, https:\/\/www.yongyukitchenware.com\/wp-content\/uploads\/2025\/07\/Bulk-Rectangular-Baking-Tray-with-Double-Handles-4-12x12.webp 12w, https:\/\/www.yongyukitchenware.com\/wp-content\/uploads\/2025\/07\/Bulk-Rectangular-Baking-Tray-with-Double-Handles-4-600x600.webp 600w, https:\/\/www.yongyukitchenware.com\/wp-content\/uploads\/2025\/07\/Bulk-Rectangular-Baking-Tray-with-Double-Handles-4-100x100.webp 100w\" sizes=\"(max-width: 800px) 100vw, 800px\" \/><\/figure>\n<\/div>\n<\/div>\n\n\n\n<div class=\"wp-block-columns is-layout-flex wp-container-core-columns-is-layout-9d6595d7 wp-block-columns-is-layout-flex\">\n<div class=\"wp-block-column is-layout-flow wp-block-column-is-layout-flow\">\n<figure class=\"wp-block-image size-full\"><img decoding=\"async\" width=\"800\" height=\"800\" src=\"https:\/\/www.yongyukitchenware.com\/wp-content\/uploads\/2025\/07\/Bulk-Rectangular-Baking-Tray-with-Double-Handles-10.webp\" alt=\"Rechteckige-Backform-mit-Doppelgriffen-10\" class=\"wp-image-4435\" srcset=\"https:\/\/www.yongyukitchenware.com\/wp-content\/uploads\/2025\/07\/Bulk-Rectangular-Baking-Tray-with-Double-Handles-10.webp 800w, https:\/\/www.yongyukitchenware.com\/wp-content\/uploads\/2025\/07\/Bulk-Rectangular-Baking-Tray-with-Double-Handles-10-300x300.webp 300w, https:\/\/www.yongyukitchenware.com\/wp-content\/uploads\/2025\/07\/Bulk-Rectangular-Baking-Tray-with-Double-Handles-10-150x150.webp 150w, https:\/\/www.yongyukitchenware.com\/wp-content\/uploads\/2025\/07\/Bulk-Rectangular-Baking-Tray-with-Double-Handles-10-768x768.webp 768w, https:\/\/www.yongyukitchenware.com\/wp-content\/uploads\/2025\/07\/Bulk-Rectangular-Baking-Tray-with-Double-Handles-10-12x12.webp 12w, https:\/\/www.yongyukitchenware.com\/wp-content\/uploads\/2025\/07\/Bulk-Rectangular-Baking-Tray-with-Double-Handles-10-600x600.webp 600w, https:\/\/www.yongyukitchenware.com\/wp-content\/uploads\/2025\/07\/Bulk-Rectangular-Baking-Tray-with-Double-Handles-10-100x100.webp 100w\" sizes=\"(max-width: 800px) 100vw, 800px\" \/><\/figure>\n<\/div>\n\n\n\n<div class=\"wp-block-column is-layout-flow wp-block-column-is-layout-flow\">\n<h2 class=\"wp-block-heading\">Bulk Rechteckiges Backblech mit Doppelgriffen Gr\u00f6\u00dfe:<\/h2>\n\n\n\n<figure class=\"wp-block-table\"><table class=\"has-fixed-layout\"><tbody><tr><td>Modell<\/td><td>Gr\u00f6\u00dfe<\/td><td>Gewicht<\/td><td>MOQ<\/td><\/tr><tr><td rowspan=\"3\">DY072-P<\/td><td>40*20.5<\/td><td>1180g<\/td><td>16PCS<\/td><\/tr><tr><td>46*24.5<\/td><td>1600g<\/td><td>14PCS<\/td><\/tr><tr><td>49*28<\/td><td>1990g<\/td><td>12PCS<\/td><\/tr><\/tbody><\/table><\/figure>\n<\/div>\n<\/div>","protected":false},"excerpt":{"rendered":"<div class=\"n4sEPd\">\n<div class=\"UdTY9 qhIQqf leDWne\" aria-hidden=\"true\" data-location=\"1\">Gro\u00dfes rechteckiges Backblech mit Doppelgriffen, langlebig, leicht zu greifen und perfekt f\u00fcr gewerbliches oder privates Backen. Das robuste Design mit zwei Griffen gew\u00e4hrleistet einen sicheren Transport, w\u00e4hrend die rechteckige Form ausreichend Platz f\u00fcr Brot, Geb\u00e4ck und Braten bietet.<\/div>\n<\/div>\n<h2 style=\"text-align: left;\">Rechteckiges Backblech mit doppelten Griffen Parameter:<\/h2>\n<p style=\"text-align: left;\"><strong>Material:<\/strong> Rostfreier Stahl<br \/><strong>Die Tiefe: <\/strong>40\/46\/49cm<br \/><strong>Die Form:<\/strong> Rechteckig<br \/><strong>Verpacken:<\/strong> OPP-Beutel und -Karton<br \/><strong>OEM\/ODM:<\/strong> Verf\u00fcgbar<\/p>\n<h2 class=\"wp-block-heading\">Von Yongyu Kitchenware Hersteller :<\/h2>\n<p>Yongyu ist ein professioneller Hersteller von K\u00fcchenger\u00e4ten. Zu unseren Produkten geh\u00f6ren alle Arten von Kochgeschirr und K\u00fcchenzubeh\u00f6r aus Edelstahl. Wir bieten ma\u00dfgeschneiderte L\u00f6sungen mit hochwertigen Produkten zu Fabrikpreisen.<\/p>","protected":false},"featured_media":4426,"comment_status":"closed","ping_status":"closed","template":"","meta":{"_acf_changed":false},"application":[29],"product_brand":[],"product_cat":[23,35],"product_tag":[],"class_list":{"0":"post-4425","1":"product","2":"type-product","3":"status-publish","4":"has-post-thumbnail","6":"application-home-kitchen","7":"product_cat-kitchenware-wholesale","8":"product_cat-baking-trays-wholesale","10":"first","11":"instock","12":"shipping-taxable","13":"product-type-simple"},"acf":[],"_links":{"self":[{"href":"https:\/\/www.yongyukitchenware.com\/de\/wp-json\/wp\/v2\/product\/4425","targetHints":{"allow":["GET"]}}],"collection":[{"href":"https:\/\/www.yongyukitchenware.com\/de\/wp-json\/wp\/v2\/product"}],"about":[{"href":"https:\/\/www.yongyukitchenware.com\/de\/wp-json\/wp\/v2\/types\/product"}],"replies":[{"embeddable":true,"href":"https:\/\/www.yongyukitchenware.com\/de\/wp-json\/wp\/v2\/comments?post=4425"}],"wp:featuredmedia":[{"embeddable":true,"href":"https:\/\/www.yongyukitchenware.com\/de\/wp-json\/wp\/v2\/media\/4426"}],"wp:attachment":[{"href":"https:\/\/www.yongyukitchenware.com\/de\/wp-json\/wp\/v2\/media?parent=4425"}],"wp:term":[{"taxonomy":"application","embeddable":true,"href":"https:\/\/www.yongyukitchenware.com\/de\/wp-json\/wp\/v2\/application?post=4425"},{"taxonomy":"product_brand","embeddable":true,"href":"https:\/\/www.yongyukitchenware.com\/de\/wp-json\/wp\/v2\/product_brand?post=4425"},{"taxonomy":"product_cat","embeddable":true,"href":"https:\/\/www.yongyukitchenware.com\/de\/wp-json\/wp\/v2\/product_cat?post=4425"},{"taxonomy":"product_tag","embeddable":true,"href":"https:\/\/www.yongyukitchenware.com\/de\/wp-json\/wp\/v2\/product_tag?post=4425"}],"curies":[{"name":"wp","href":"https:\/\/api.w.org\/{rel}","templated":true}]}}