{"id":4454,"date":"2025-07-23T07:13:21","date_gmt":"2025-07-23T07:13:21","guid":{"rendered":"https:\/\/www.yongyukitchenware.com\/?post_type=product&#038;p=4454"},"modified":"2025-07-23T07:13:22","modified_gmt":"2025-07-23T07:13:22","slug":"bulk-304-stainless-steel-cutlery-set-kitchen-fork-spoon-knife-set","status":"publish","type":"product","link":"https:\/\/www.yongyukitchenware.com\/de\/produkt\/bulk-304-stainless-steel-cutlery-set-kitchen-fork-spoon-knife-set\/","title":{"rendered":"Bulk 304 Edelstahl-Besteck Set K\u00fcche Gabel L\u00f6ffel Messer Set"},"content":{"rendered":"<div class=\"wp-block-columns is-layout-flex wp-container-core-columns-is-layout-9d6595d7 wp-block-columns-is-layout-flex\">\n<div class=\"wp-block-column is-layout-flow wp-block-column-is-layout-flow\">\n<h2 class=\"wp-block-heading\">Bulk 304 Edelstahl-Besteck-Set Eigenschaften:<\/h2>\n\n\n\n<p><strong>Hochwertiges Material aus Edelstahl, in drei Varianten erh\u00e4ltlich:<\/strong> Aus lebensmittelechtem Edelstahl (410, 430, 304) hergestellt, ist es sehr korrosionsbest\u00e4ndig und rostfrei, was im t\u00e4glichen Gebrauch f\u00fcr mehr Sicherheit sorgt, und es ist langlebig und weniger anf\u00e4llig f\u00fcr Verformungen.<\/p>\n\n\n\n<p><br><strong>Komplettes Geschirrset, geeignet f\u00fcr verschiedene Szenarien:<\/strong> Jedes Set enth\u00e4lt ein Tafelmesser, eine Gabel, einen L\u00f6ffel und einen kleinen L\u00f6ffel, geeignet f\u00fcr den Familienalltag, Versammlungen und Bankette, Hotelrestaurants und andere Anl\u00e4sse, praktisch und sch\u00f6n.<\/p>\n\n\n\n<p><br><strong>Unterst\u00fctzt benutzerdefinierte Farben, um einen einzigartigen Stil zu schaffen: <\/strong>Es sind mehrere Farben erh\u00e4ltlich, um den pers\u00f6nlichen Bed\u00fcrfnissen gerecht zu werden und zu verschiedenen Esstischstilen zu passen. Ob minimalistischer oder luxuri\u00f6ser Stil, er l\u00e4sst sich leicht anpassen.<\/p>\n\n\n\n<p><br><strong>Ergonomisches Design, bequemer Griff: <\/strong>Der Griff von Messer, Gabel und L\u00f6ffel ist ergonomisch geformt und liegt nat\u00fcrlich und bequem in der Hand, was die Handhabung erleichtert und das Essen angenehmer macht.<\/p>\n\n\n\n<p><br><strong>Leicht zu reinigen und sp\u00fclmaschinenfest: <\/strong>Dank der glatten Oberfl\u00e4che ist es weniger wahrscheinlich, dass Flecken zur\u00fcckbleiben. Es kann direkt in der Sp\u00fclmaschine gereinigt werden, was Zeit spart und die t\u00e4gliche Reinigung erleichtert.<\/p>\n<\/div>\n\n\n\n<div class=\"wp-block-column is-layout-flow wp-block-column-is-layout-flow\">\n<div class=\"wp-block-columns is-layout-flex wp-container-core-columns-is-layout-9d6595d7 wp-block-columns-is-layout-flex\">\n<div class=\"wp-block-column is-layout-flow wp-block-column-is-layout-flow\">\n<figure class=\"wp-block-gallery aligncenter has-nested-images columns-default is-cropped wp-block-gallery-1 is-layout-flex wp-block-gallery-is-layout-flex\">\n<figure class=\"wp-block-image size-full\"><img decoding=\"async\" width=\"800\" height=\"800\" data-id=\"4458\" src=\"https:\/\/www.yongyukitchenware.com\/wp-content\/uploads\/2025\/07\/Bulk-304-Stainless-Steel-Cutlery-Set-4.webp\" alt=\"Bulk-304-Edelstahl-Besteck-Set-4\" class=\"wp-image-4458\" srcset=\"https:\/\/www.yongyukitchenware.com\/wp-content\/uploads\/2025\/07\/Bulk-304-Stainless-Steel-Cutlery-Set-4.webp 800w, https:\/\/www.yongyukitchenware.com\/wp-content\/uploads\/2025\/07\/Bulk-304-Stainless-Steel-Cutlery-Set-4-300x300.webp 300w, https:\/\/www.yongyukitchenware.com\/wp-content\/uploads\/2025\/07\/Bulk-304-Stainless-Steel-Cutlery-Set-4-150x150.webp 150w, https:\/\/www.yongyukitchenware.com\/wp-content\/uploads\/2025\/07\/Bulk-304-Stainless-Steel-Cutlery-Set-4-768x768.webp 768w, https:\/\/www.yongyukitchenware.com\/wp-content\/uploads\/2025\/07\/Bulk-304-Stainless-Steel-Cutlery-Set-4-12x12.webp 12w, https:\/\/www.yongyukitchenware.com\/wp-content\/uploads\/2025\/07\/Bulk-304-Stainless-Steel-Cutlery-Set-4-600x600.webp 600w, https:\/\/www.yongyukitchenware.com\/wp-content\/uploads\/2025\/07\/Bulk-304-Stainless-Steel-Cutlery-Set-4-100x100.webp 100w\" sizes=\"(max-width: 800px) 100vw, 800px\" \/><\/figure>\n<\/figure>\n<\/div>\n<\/div>\n\n\n\n<figure class=\"wp-block-image size-full\"><img decoding=\"async\" width=\"800\" height=\"800\" src=\"https:\/\/www.yongyukitchenware.com\/wp-content\/uploads\/2025\/07\/Bulk-304-Stainless-Steel-Cutlery-Set-10.webp\" alt=\"Bulk-304-Edelstahl-Besteck-Set-10\" class=\"wp-image-4464\" srcset=\"https:\/\/www.yongyukitchenware.com\/wp-content\/uploads\/2025\/07\/Bulk-304-Stainless-Steel-Cutlery-Set-10.webp 800w, https:\/\/www.yongyukitchenware.com\/wp-content\/uploads\/2025\/07\/Bulk-304-Stainless-Steel-Cutlery-Set-10-300x300.webp 300w, https:\/\/www.yongyukitchenware.com\/wp-content\/uploads\/2025\/07\/Bulk-304-Stainless-Steel-Cutlery-Set-10-150x150.webp 150w, https:\/\/www.yongyukitchenware.com\/wp-content\/uploads\/2025\/07\/Bulk-304-Stainless-Steel-Cutlery-Set-10-768x768.webp 768w, https:\/\/www.yongyukitchenware.com\/wp-content\/uploads\/2025\/07\/Bulk-304-Stainless-Steel-Cutlery-Set-10-12x12.webp 12w, https:\/\/www.yongyukitchenware.com\/wp-content\/uploads\/2025\/07\/Bulk-304-Stainless-Steel-Cutlery-Set-10-600x600.webp 600w, https:\/\/www.yongyukitchenware.com\/wp-content\/uploads\/2025\/07\/Bulk-304-Stainless-Steel-Cutlery-Set-10-100x100.webp 100w\" sizes=\"(max-width: 800px) 100vw, 800px\" \/><\/figure>\n<\/div>\n<\/div>\n\n\n\n<div class=\"wp-block-columns is-layout-flex wp-container-core-columns-is-layout-9d6595d7 wp-block-columns-is-layout-flex\">\n<div class=\"wp-block-column is-layout-flow wp-block-column-is-layout-flow\">\n<h2 class=\"wp-block-heading\">Bulk 304 Edelstahl-Besteck-Set Gr\u00f6\u00dfe:<\/h2>\n\n\n\n<figure class=\"wp-block-table\"><table class=\"has-fixed-layout\"><tbody><tr><td>Modell<\/td><td>Spezifikation<\/td><td>L\u00e4nge * Breite (cm)<\/td><td>MOQ<\/td><\/tr><tr><td rowspan=\"5\">DY001-DCS<\/td><td>L\u00f6ffel<\/td><td>20,3*4,3cm<\/td><td rowspan=\"5\">500 STCK.<\/td><\/tr><tr><td>Tafelmesser<\/td><td>23*2cm<\/td><\/tr><tr><td>Gabel<\/td><td>20,3*2,4cm<\/td><\/tr><tr><td>Kleiner L\u00f6ffel<\/td><td>13,9*3,2cm<\/td><\/tr><tr><td>Dreizahngabel<\/td><td>14*2.2cm<\/td><\/tr><\/tbody><\/table><\/figure>\n<\/div>\n<\/div>\n\n\n\n<p><\/p>","protected":false},"excerpt":{"rendered":"<p>Gro\u00dfes Besteckset aus rostfreiem Edelstahl 304, hergestellt aus lebensmittelechtem Edelstahl f\u00fcr lange Haltbarkeit, Korrosionsbest\u00e4ndigkeit und den t\u00e4glichen Gebrauch in gewerblichen oder privaten K\u00fcchen. Bitte kontaktieren Sie uns!<\/p>\n<h2 style=\"text-align: left;\">Camping-Besteck-Set Parameter:<\/h2>\n<p style=\"text-align: left;\"><strong>Material:<\/strong> Rostfreier Stahl<br \/><strong>Farbe:<\/strong> Farbe Silber<br \/><strong>Typen:<\/strong> L\u00f6ffel, Gabel, Messer, Essst\u00e4bchen<br \/><strong>OEM\/ODM:<\/strong> Verf\u00fcgbar<\/p>\n<h2 class=\"wp-block-heading\">Von Camping Kitchen Essentials Hersteller :<\/h2>\n<p>Yongyu ist ein professioneller Hersteller von Camping-K\u00fcchenartikeln. Unsere Produkte umfassen alle Arten von Camping-K\u00fcchenartikeln aus Edelstahl, wie z.B. Camping-Kochgeschirr, Camping-Geschirr, BBQ-Grills usw., und bieten qualitativ hochwertige Beschaffungsdienste und erschwingliche Preise f\u00fcr jeden Kunden.<\/p>","protected":false},"featured_media":4455,"comment_status":"closed","ping_status":"closed","template":"","meta":{"_acf_changed":false},"application":[31],"product_brand":[],"product_cat":[48],"product_tag":[],"class_list":{"0":"post-4454","1":"product","2":"type-product","3":"status-publish","4":"has-post-thumbnail","6":"application-champ-kitchen","7":"product_cat-cutlery-wholesale","9":"first","10":"instock","11":"shipping-taxable","12":"product-type-simple"},"acf":[],"_links":{"self":[{"href":"https:\/\/www.yongyukitchenware.com\/de\/wp-json\/wp\/v2\/product\/4454","targetHints":{"allow":["GET"]}}],"collection":[{"href":"https:\/\/www.yongyukitchenware.com\/de\/wp-json\/wp\/v2\/product"}],"about":[{"href":"https:\/\/www.yongyukitchenware.com\/de\/wp-json\/wp\/v2\/types\/product"}],"replies":[{"embeddable":true,"href":"https:\/\/www.yongyukitchenware.com\/de\/wp-json\/wp\/v2\/comments?post=4454"}],"wp:featuredmedia":[{"embeddable":true,"href":"https:\/\/www.yongyukitchenware.com\/de\/wp-json\/wp\/v2\/media\/4455"}],"wp:attachment":[{"href":"https:\/\/www.yongyukitchenware.com\/de\/wp-json\/wp\/v2\/media?parent=4454"}],"wp:term":[{"taxonomy":"application","embeddable":true,"href":"https:\/\/www.yongyukitchenware.com\/de\/wp-json\/wp\/v2\/application?post=4454"},{"taxonomy":"product_brand","embeddable":true,"href":"https:\/\/www.yongyukitchenware.com\/de\/wp-json\/wp\/v2\/product_brand?post=4454"},{"taxonomy":"product_cat","embeddable":true,"href":"https:\/\/www.yongyukitchenware.com\/de\/wp-json\/wp\/v2\/product_cat?post=4454"},{"taxonomy":"product_tag","embeddable":true,"href":"https:\/\/www.yongyukitchenware.com\/de\/wp-json\/wp\/v2\/product_tag?post=4454"}],"curies":[{"name":"wp","href":"https:\/\/api.w.org\/{rel}","templated":true}]}}