{"id":4467,"date":"2025-08-29T06:21:14","date_gmt":"2025-08-29T06:21:14","guid":{"rendered":"https:\/\/www.yongyukitchenware.com\/?post_type=product&#038;p=4467"},"modified":"2025-08-29T06:21:17","modified_gmt":"2025-08-29T06:21:17","slug":"custom-stainless-steel-rectangular-dinner-plate-korean-style-snack-tray-gold","status":"publish","type":"product","link":"https:\/\/www.yongyukitchenware.com\/de\/produkt\/custom-stainless-steel-rectangular-dinner-plate-korean-style-snack-tray-gold\/","title":{"rendered":"Benutzerdefinierte Edelstahl rechteckigen Teller koreanischen Stil Snack Tablett-Gold"},"content":{"rendered":"<div class=\"wp-block-columns is-layout-flex wp-container-core-columns-is-layout-9d6595d7 wp-block-columns-is-layout-flex\">\n<div class=\"wp-block-column is-layout-flow wp-block-column-is-layout-flow\">\n<h2 class=\"wp-block-heading\">Kundenspezifischer rechteckiger Essteller aus Edelstahl Gr\u00f6\u00dfe:<\/h2>\n\n\n\n<figure class=\"wp-block-table\"><table class=\"has-fixed-layout\"><tbody><tr><td>Modell<\/td><td>Gr\u00f6\u00dfe(L\u00e4nge * Breite)<\/td><td>Gewicht<\/td><td>MOQ<\/td><\/tr><tr><td rowspan=\"3\">DY074-P<\/td><td>19,2*12,5cm<\/td><td>135g<\/td><td>160 STCK.<\/td><\/tr><tr><td>25,2*16,7cm<\/td><td>248g<\/td><td>80 STCK.<\/td><\/tr><tr><td>32*21cm<\/td><td>415g<\/td><td>50 STCK.<\/td><\/tr><\/tbody><\/table><\/figure>\n\n\n\n<h2 class=\"wp-block-heading\">Kundenspezifischer rechteckiger Essteller aus Edelstahl Merkmale:<\/h2>\n\n\n\n<p><strong>Hochwertiger rostfreier Stahl: <\/strong>Lebensmittelgerechtes Edelstahlmaterial, Korrosionsbest\u00e4ndigkeit, kein Geruch, langlebig<br><strong>Ovale Form: <\/strong>humanisiertes Design, leicht zu platzieren lange Streifen von Zutaten<br><strong>Zieh- und Polierverfahren:<\/strong> glatte und zarte Textur, leicht zu reinigen<br><strong>Runde Kanten Design: <\/strong>Die Kanten sind abgerundet und glatt, leicht zu handhaben und beugen Handverletzungen vor<br><strong>Flaches Bodendesign: <\/strong>flacher Boden, fester Stand, kann direkt beheizt werden<\/p>\n<\/div>\n\n\n\n<div class=\"wp-block-column is-layout-flow wp-block-column-is-layout-flow\">\n<figure class=\"wp-block-image size-full is-resized\"><img decoding=\"async\" width=\"800\" height=\"800\" src=\"https:\/\/www.yongyukitchenware.com\/wp-content\/uploads\/2025\/07\/Custom-Stainless-Steel-Rectangular-Dinner-Plate-6.webp\" alt=\"Kundenspezifischer-Edelstahl-Rechteck-Teller-6\" class=\"wp-image-4473\" style=\"width:384px;height:auto\" srcset=\"https:\/\/www.yongyukitchenware.com\/wp-content\/uploads\/2025\/07\/Custom-Stainless-Steel-Rectangular-Dinner-Plate-6.webp 800w, https:\/\/www.yongyukitchenware.com\/wp-content\/uploads\/2025\/07\/Custom-Stainless-Steel-Rectangular-Dinner-Plate-6-300x300.webp 300w, https:\/\/www.yongyukitchenware.com\/wp-content\/uploads\/2025\/07\/Custom-Stainless-Steel-Rectangular-Dinner-Plate-6-150x150.webp 150w, https:\/\/www.yongyukitchenware.com\/wp-content\/uploads\/2025\/07\/Custom-Stainless-Steel-Rectangular-Dinner-Plate-6-768x768.webp 768w, https:\/\/www.yongyukitchenware.com\/wp-content\/uploads\/2025\/07\/Custom-Stainless-Steel-Rectangular-Dinner-Plate-6-12x12.webp 12w, https:\/\/www.yongyukitchenware.com\/wp-content\/uploads\/2025\/07\/Custom-Stainless-Steel-Rectangular-Dinner-Plate-6-600x600.webp 600w, https:\/\/www.yongyukitchenware.com\/wp-content\/uploads\/2025\/07\/Custom-Stainless-Steel-Rectangular-Dinner-Plate-6-100x100.webp 100w\" sizes=\"(max-width: 800px) 100vw, 800px\" \/><\/figure>\n\n\n\n<figure class=\"wp-block-image size-full is-resized\"><img decoding=\"async\" width=\"800\" height=\"800\" src=\"https:\/\/www.yongyukitchenware.com\/wp-content\/uploads\/2025\/07\/Custom-Stainless-Steel-Rectangular-Dinner-Plate-8.webp\" alt=\"Individueller Edelstahl-Rechteckiger-Teller-8\" class=\"wp-image-4475\" style=\"width:384px\" srcset=\"https:\/\/www.yongyukitchenware.com\/wp-content\/uploads\/2025\/07\/Custom-Stainless-Steel-Rectangular-Dinner-Plate-8.webp 800w, https:\/\/www.yongyukitchenware.com\/wp-content\/uploads\/2025\/07\/Custom-Stainless-Steel-Rectangular-Dinner-Plate-8-300x300.webp 300w, https:\/\/www.yongyukitchenware.com\/wp-content\/uploads\/2025\/07\/Custom-Stainless-Steel-Rectangular-Dinner-Plate-8-150x150.webp 150w, https:\/\/www.yongyukitchenware.com\/wp-content\/uploads\/2025\/07\/Custom-Stainless-Steel-Rectangular-Dinner-Plate-8-768x768.webp 768w, https:\/\/www.yongyukitchenware.com\/wp-content\/uploads\/2025\/07\/Custom-Stainless-Steel-Rectangular-Dinner-Plate-8-12x12.webp 12w, https:\/\/www.yongyukitchenware.com\/wp-content\/uploads\/2025\/07\/Custom-Stainless-Steel-Rectangular-Dinner-Plate-8-600x600.webp 600w, https:\/\/www.yongyukitchenware.com\/wp-content\/uploads\/2025\/07\/Custom-Stainless-Steel-Rectangular-Dinner-Plate-8-100x100.webp 100w\" sizes=\"(max-width: 800px) 100vw, 800px\" \/><\/figure>\n<\/div>\n<\/div>","protected":false},"excerpt":{"rendered":"<div class=\"n4sEPd\">\n<div class=\"UdTY9 qhIQqf leDWne\" aria-hidden=\"true\" data-location=\"1\">Individueller rechteckiger Essteller aus Edelstahl. Goldenes Snack-Tablett im koreanischen Stil aus robustem Edelstahl mit elegantem rechteckigen Design, ideal zum Servieren von Vorspeisen, Desserts oder Beilagen in Restaurants, Hotels oder zu Hause.<\/div>\n<\/div>\n<h2 style=\"text-align: left;\">Individueller rechteckiger Essteller aus Edelstahl:<\/h2>\n<p style=\"text-align: left;\"><strong>Material:<\/strong> Rostfreier Stahl<br \/><strong>L\u00e4nge:<\/strong>19,2\/25,2\/32cm<br \/><strong>Die Form:<\/strong> Achteckige Form<br \/><strong>Verpacken:<\/strong> OPP-Beutel und -Karton<br \/><strong>OEM\/ODM:<\/strong> Verf\u00fcgbar<\/p>\n<h2 class=\"wp-block-heading\">Achteckige Speiseteller aus Edelstahl Hersteller:<\/h2>\n<p>Ob Catering-Dienstleister, Hotel, Restaurant oder Veranstaltungsplaner, wir bieten Ihnen komplette Gro\u00dfhandelsl\u00f6sungen f\u00fcr Gastronomiebedarf zu hochwertigen Fabrikpreisen!<\/p>","protected":false},"featured_media":4469,"comment_status":"closed","ping_status":"closed","template":"","meta":{"_acf_changed":false},"application":[29],"product_brand":[],"product_cat":[21],"product_tag":[],"class_list":{"0":"post-4467","1":"product","2":"type-product","3":"status-publish","4":"has-post-thumbnail","6":"application-home-kitchen","7":"product_cat-tableware-wholesale","9":"first","10":"instock","11":"shipping-taxable","12":"product-type-simple"},"acf":[],"_links":{"self":[{"href":"https:\/\/www.yongyukitchenware.com\/de\/wp-json\/wp\/v2\/product\/4467","targetHints":{"allow":["GET"]}}],"collection":[{"href":"https:\/\/www.yongyukitchenware.com\/de\/wp-json\/wp\/v2\/product"}],"about":[{"href":"https:\/\/www.yongyukitchenware.com\/de\/wp-json\/wp\/v2\/types\/product"}],"replies":[{"embeddable":true,"href":"https:\/\/www.yongyukitchenware.com\/de\/wp-json\/wp\/v2\/comments?post=4467"}],"wp:featuredmedia":[{"embeddable":true,"href":"https:\/\/www.yongyukitchenware.com\/de\/wp-json\/wp\/v2\/media\/4469"}],"wp:attachment":[{"href":"https:\/\/www.yongyukitchenware.com\/de\/wp-json\/wp\/v2\/media?parent=4467"}],"wp:term":[{"taxonomy":"application","embeddable":true,"href":"https:\/\/www.yongyukitchenware.com\/de\/wp-json\/wp\/v2\/application?post=4467"},{"taxonomy":"product_brand","embeddable":true,"href":"https:\/\/www.yongyukitchenware.com\/de\/wp-json\/wp\/v2\/product_brand?post=4467"},{"taxonomy":"product_cat","embeddable":true,"href":"https:\/\/www.yongyukitchenware.com\/de\/wp-json\/wp\/v2\/product_cat?post=4467"},{"taxonomy":"product_tag","embeddable":true,"href":"https:\/\/www.yongyukitchenware.com\/de\/wp-json\/wp\/v2\/product_tag?post=4467"}],"curies":[{"name":"wp","href":"https:\/\/api.w.org\/{rel}","templated":true}]}}