{"id":4489,"date":"2025-07-23T04:05:05","date_gmt":"2025-07-23T04:05:05","guid":{"rendered":"https:\/\/www.yongyukitchenware.com\/?post_type=product&#038;p=4489"},"modified":"2025-07-23T04:05:06","modified_gmt":"2025-07-23T04:05:06","slug":"bulk-korean-rice-soup-bowl-with-lid-stainless-steel-salad-bowl-silver","status":"publish","type":"product","link":"https:\/\/www.yongyukitchenware.com\/de\/produkt\/bulk-korean-rice-soup-bowl-with-lid-stainless-steel-salad-bowl-silver\/","title":{"rendered":"Bulk Korean Rice Soup Bowl mit Deckel Edelstahl Salat Sch\u00fcssel-Silver"},"content":{"rendered":"<div class=\"wp-block-columns is-layout-flex wp-container-core-columns-is-layout-9d6595d7 wp-block-columns-is-layout-flex\">\n<div class=\"wp-block-column is-layout-flow wp-block-column-is-layout-flow\">\n<div class=\"wp-block-columns is-layout-flex wp-container-core-columns-is-layout-9d6595d7 wp-block-columns-is-layout-flex\">\n<div class=\"wp-block-column is-layout-flow wp-block-column-is-layout-flow\">\n<h2 class=\"wp-block-heading\">Bulk Korean Rice Soup Bowl mit Deckel Eigenschaften:<\/h2>\n\n\n\n<p>304 Edelstahl in Lebensmittelqualit\u00e4t: Hergestellt aus hochwertigem 304 Edelstahl, ist dieser Artikel Anti-Korrosion und Anti-Oxidation, Einf\u00fchrung Komfort und Gesundheit, auch wenn f\u00fcr einen langen Zeitraum verwendet.<br><strong>Funktionales Deckeldesign: <\/strong>Mit einer dicht schlie\u00dfenden Deckelschale kann sie Staub abdichten und die W\u00e4rme im Inneren halten, wodurch der urspr\u00fcngliche Geschmack der Speisen erhalten bleibt. Sie ist f\u00fcr den Gebrauch zu Hause und zum Mitnehmen geeignet.<br><strong>Es gibt f\u00fcnf Gr\u00f6\u00dfen:<\/strong> von Beikost f\u00fcr Babys bis hin zu Grundnahrungsmitteln f\u00fcr Erwachsene, mit mehr als einer Kapazit\u00e4t f\u00fcr verschiedene Essensanl\u00e4sse.<br><strong>Erh\u00e4ltlich in zwei Farben, rein koreanisches Design: <\/strong>Edelstahl Farbe, wie sie ist, und elegante Gold, geht es mit jedem Design der Tabelle f\u00fcr das Abendessen und f\u00fcgt hinzu, um den Standard des Lebens.<br><strong>Leicht zu reinigendes, einteiliges Formteil: <\/strong>Glatte Verbindung der Innenwand ohne N\u00e4hte, keine Ansammlung von Schmutz, leicht zu reinigen, zeitsparend, m\u00fchelos, sorgenfrei.<\/p>\n\n\n\n<figure class=\"wp-block-table\"><table class=\"has-fixed-layout\"><tbody><tr><td>Modell<\/td><td>Gr\u00f6\u00dfe(L\u00e4nge * Breite)<\/td><td>Gewicht<\/td><td>MOQ<\/td><\/tr><tr><td rowspan=\"5\">DY032-W<\/td><td>8,5 cm<\/td><td>100g<\/td><td>240 STCK.<\/td><\/tr><tr><td>10cm<\/td><td>135g<\/td><td>180 STCK.<\/td><\/tr><tr><td>12cm<\/td><td>215g<\/td><td>160 STCK.<\/td><\/tr><tr><td>13,5 cm<\/td><td>250g<\/td><td>80 STCK.<\/td><\/tr><tr><td>15cm<\/td><td>318g<\/td><td>80 STCK.<\/td><\/tr><\/tbody><\/table><\/figure>\n<\/div>\n\n\n\n<div class=\"wp-block-column is-layout-flow wp-block-column-is-layout-flow\">\n<div class=\"wp-block-columns is-layout-flex wp-container-core-columns-is-layout-9d6595d7 wp-block-columns-is-layout-flex\">\n<div class=\"wp-block-column is-layout-flow wp-block-column-is-layout-flow\">\n<div class=\"wp-block-columns is-layout-flex wp-container-core-columns-is-layout-9d6595d7 wp-block-columns-is-layout-flex\">\n<div class=\"wp-block-column is-layout-flow wp-block-column-is-layout-flow\">\n<div class=\"wp-block-columns is-layout-flex wp-container-core-columns-is-layout-9d6595d7 wp-block-columns-is-layout-flex\">\n<div class=\"wp-block-column is-layout-flow wp-block-column-is-layout-flow\">\n<figure class=\"wp-block-image size-full is-resized\"><img decoding=\"async\" width=\"800\" height=\"800\" src=\"https:\/\/www.yongyukitchenware.com\/wp-content\/uploads\/2025\/07\/Wholesale-Korean-Rice-Soup-Bowl-with-Lid-6.webp\" alt=\"Sch\u00fcttgut-Koreanische-Reis-Suppen-Schale-mit-Deckel-6\" class=\"wp-image-4485\" style=\"width:459px;height:auto\" srcset=\"https:\/\/www.yongyukitchenware.com\/wp-content\/uploads\/2025\/07\/Wholesale-Korean-Rice-Soup-Bowl-with-Lid-6.webp 800w, https:\/\/www.yongyukitchenware.com\/wp-content\/uploads\/2025\/07\/Wholesale-Korean-Rice-Soup-Bowl-with-Lid-6-300x300.webp 300w, https:\/\/www.yongyukitchenware.com\/wp-content\/uploads\/2025\/07\/Wholesale-Korean-Rice-Soup-Bowl-with-Lid-6-150x150.webp 150w, https:\/\/www.yongyukitchenware.com\/wp-content\/uploads\/2025\/07\/Wholesale-Korean-Rice-Soup-Bowl-with-Lid-6-768x768.webp 768w, https:\/\/www.yongyukitchenware.com\/wp-content\/uploads\/2025\/07\/Wholesale-Korean-Rice-Soup-Bowl-with-Lid-6-12x12.webp 12w, https:\/\/www.yongyukitchenware.com\/wp-content\/uploads\/2025\/07\/Wholesale-Korean-Rice-Soup-Bowl-with-Lid-6-600x600.webp 600w, https:\/\/www.yongyukitchenware.com\/wp-content\/uploads\/2025\/07\/Wholesale-Korean-Rice-Soup-Bowl-with-Lid-6-100x100.webp 100w\" sizes=\"(max-width: 800px) 100vw, 800px\" \/><\/figure>\n<\/div>\n<\/div>\n<\/div>\n<\/div>\n\n\n\n<div class=\"wp-block-columns is-layout-flex wp-container-core-columns-is-layout-9d6595d7 wp-block-columns-is-layout-flex\">\n<div class=\"wp-block-column is-layout-flow wp-block-column-is-layout-flow\">\n<div class=\"wp-block-columns is-layout-flex wp-container-core-columns-is-layout-9d6595d7 wp-block-columns-is-layout-flex\">\n<div class=\"wp-block-column is-layout-flow wp-block-column-is-layout-flow\"><\/div>\n<\/div>\n<\/div>\n<\/div>\n<\/div>\n<\/div>\n<\/div>\n<\/div>\n<\/div>\n<\/div>\n\n\n\n<p><\/p>","protected":false},"excerpt":{"rendered":"<p>Die Bulk Korean Rice Soup Bowl mit Deckel ist aus hochwertigem Edelstahl gefertigt und hat eine elegante silberne Oberfl\u00e4che. Sie ist hitze- und korrosionsbest\u00e4ndig und eignet sich perfekt zum Servieren von Reis, Suppe oder Salaten in Restaurants, Hotels oder bei Catering-Veranstaltungen. Ein passender Deckel sorgt f\u00fcr zus\u00e4tzlichen Komfort. \u00a0 \u00a0 \u00a0 \u00a0 \u00a0 \u00a0 \u00a0 \u00a0 \u00a0 \u00a0 \u00a0 \u00a0<\/p>\n<h2>Bulk Korean Rice Soup Bowl mit Deckel Attribute :<\/h2>\n<p><strong>Material:<\/strong> Rostfreier Stahl<br \/><strong>Farbe:<\/strong> Gold\/Silber<br \/><strong>Verschiedene Gr\u00f6\u00dfen:<\/strong> 8.5cm,10cm,12cm,13.5cm,15cm<br \/><strong>Verpacken:<\/strong> Opp-Beutel und -Karton<br \/><strong>OEM\/ODM:<\/strong> Verf\u00fcgbar<\/p>\n<h2><!-- \/wp:heading --><\/p>\n<p><!-- wp:paragraph --><\/h2>\n<h2 class=\"wp-block-heading\">Von Yongyu Tableware Wholesaler:<\/h2>\n<p class=\"wp-block-heading\">Yongyu Tableware Wholesaler erf\u00fcllt die Bed\u00fcrfnisse von Gro\u00dfkunden und bietet eine hochwertige Gro\u00dfhandelsserie f\u00fcr Gastronomiebedarf, die Eleganz und Langlebigkeit vereint. Einschlie\u00dflich Geschirr, Getr\u00e4nke, Catering-Ausr\u00fcstung, K\u00fcchenutensilien, Camp-K\u00fcche Essentials, etc.<\/p>\n<h2><!-- \/wp:paragraph --><\/h2>","protected":false},"featured_media":4488,"comment_status":"closed","ping_status":"closed","template":"","meta":{"_acf_changed":false},"application":[30],"product_brand":[],"product_cat":[21,47],"product_tag":[],"class_list":{"0":"post-4489","1":"product","2":"type-product","3":"status-publish","4":"has-post-thumbnail","6":"application-hotel-catering","7":"product_cat-tableware-wholesale","8":"product_cat-stainless-steel-bowls-wholesale","10":"first","11":"instock","12":"shipping-taxable","13":"product-type-simple"},"acf":[],"_links":{"self":[{"href":"https:\/\/www.yongyukitchenware.com\/de\/wp-json\/wp\/v2\/product\/4489","targetHints":{"allow":["GET"]}}],"collection":[{"href":"https:\/\/www.yongyukitchenware.com\/de\/wp-json\/wp\/v2\/product"}],"about":[{"href":"https:\/\/www.yongyukitchenware.com\/de\/wp-json\/wp\/v2\/types\/product"}],"replies":[{"embeddable":true,"href":"https:\/\/www.yongyukitchenware.com\/de\/wp-json\/wp\/v2\/comments?post=4489"}],"wp:featuredmedia":[{"embeddable":true,"href":"https:\/\/www.yongyukitchenware.com\/de\/wp-json\/wp\/v2\/media\/4488"}],"wp:attachment":[{"href":"https:\/\/www.yongyukitchenware.com\/de\/wp-json\/wp\/v2\/media?parent=4489"}],"wp:term":[{"taxonomy":"application","embeddable":true,"href":"https:\/\/www.yongyukitchenware.com\/de\/wp-json\/wp\/v2\/application?post=4489"},{"taxonomy":"product_brand","embeddable":true,"href":"https:\/\/www.yongyukitchenware.com\/de\/wp-json\/wp\/v2\/product_brand?post=4489"},{"taxonomy":"product_cat","embeddable":true,"href":"https:\/\/www.yongyukitchenware.com\/de\/wp-json\/wp\/v2\/product_cat?post=4489"},{"taxonomy":"product_tag","embeddable":true,"href":"https:\/\/www.yongyukitchenware.com\/de\/wp-json\/wp\/v2\/product_tag?post=4489"}],"curies":[{"name":"wp","href":"https:\/\/api.w.org\/{rel}","templated":true}]}}