{"id":4490,"date":"2025-07-23T03:36:28","date_gmt":"2025-07-23T03:36:28","guid":{"rendered":"https:\/\/www.yongyukitchenware.com\/?post_type=product&#038;p=4490"},"modified":"2025-07-23T03:36:30","modified_gmt":"2025-07-23T03:36:30","slug":"bulk-five-layer-steel-wok","status":"publish","type":"product","link":"https:\/\/www.yongyukitchenware.com\/de\/produkt\/bulk-five-layer-steel-wok\/","title":{"rendered":"Gro\u00dfer F\u00fcnf-Schicht-Stahl-Wok Unbeschichtet f\u00fcr alle W\u00e4rmequellen"},"content":{"rendered":"<div class=\"wp-block-columns is-layout-flex wp-container-core-columns-is-layout-9d6595d7 wp-block-columns-is-layout-flex\">\n<div class=\"wp-block-column is-layout-flow wp-block-column-is-layout-flow\">\n<h2 class=\"wp-block-heading\">Bulk F\u00fcnf-Schicht-Stahl-Wok Merkmale:<\/h2>\n\n\n\n<p><strong>F\u00fcnfschichtige Stahlverbundkonstruktion:<\/strong> Hochwertige f\u00fcnfschichtige Metallverbundstruktur (Edelstahl 430 + Aluminium + Edelstahl 304) wird im Druckgussverfahren hergestellt und zeichnet sich durch schnelle und gleichm\u00e4\u00dfige W\u00e4rmeleitung aus. Es kann die Temperatur ohne offene Flamme pr\u00e4zise steuern und verhindert das lokale Verbrennen von Lebensmittelzutaten.<br><\/p>\n\n\n\n<p><strong>Unbeschichtetes Design:<\/strong> Durch das physikalische Antihaftprinzip ist es gesund und frei von chemischen Beschichtungen, resistent gegen Hochtemperaturoxidation. Es erzeugt weniger Kochd\u00e4mpfe und ist beruhigender. Es eignet sich f\u00fcr das t\u00e4gliche Kochen und das schnelle Anbraten bei hohen Temperaturen.<br><\/p>\n\n\n\n<p><strong>Innen und au\u00dfen geb\u00fcrstet: <\/strong>Die Oberfl\u00e4che des Topfk\u00f6rpers ist mit einer feinen, geb\u00fcrsteten Oberfl\u00e4che versehen, die sich glatt anf\u00fchlt, weniger anf\u00e4llig f\u00fcr Flecken ist, sich leichter reinigen l\u00e4sst und gleichzeitig eine moderne K\u00fcchenstruktur bietet.<br><\/p>\n\n\n\n<p><strong>Einteiliges Druckgussteil: <\/strong>Der Topfk\u00f6rper hat keine Splei\u00dfungen oder Zwischenschichten und wird als Ganzes im hochfesten Druckgussverfahren hergestellt. Er ist sehr sto\u00dffest, verformt sich im Laufe der Zeit nicht und erf\u00fcllt die Anforderungen des t\u00e4glichen Hochfrequenzgebrauchs.<br><\/p>\n\n\n\n<p><strong>Kompatibilit\u00e4t mit mehreren Herden: <\/strong>Unterst\u00fctzt verschiedene Erhitzungsmethoden wie Gasherde, Induktionsherde und elektrische Keramikherde, die sowohl f\u00fcr private als auch f\u00fcr professionelle K\u00fcchen geeignet sind und wirklich mehrere Verwendungsm\u00f6glichkeiten in einem Topf bieten.<\/p>\n<\/div>\n\n\n\n<div class=\"wp-block-column is-layout-flow wp-block-column-is-layout-flow\">\n<div class=\"wp-block-columns is-layout-flex wp-container-core-columns-is-layout-9d6595d7 wp-block-columns-is-layout-flex\">\n<div class=\"wp-block-column is-layout-flow wp-block-column-is-layout-flow\">\n<figure class=\"wp-block-image size-full\"><img decoding=\"async\" width=\"800\" height=\"800\" src=\"https:\/\/www.yongyukitchenware.com\/wp-content\/uploads\/2025\/07\/Bulk-Five-Layer-Steel-Wok-3.webp\" alt=\"Bulk-F\u00fcnf-Schicht-Stahl-Wok-3\" class=\"wp-image-4493\" srcset=\"https:\/\/www.yongyukitchenware.com\/wp-content\/uploads\/2025\/07\/Bulk-Five-Layer-Steel-Wok-3.webp 800w, https:\/\/www.yongyukitchenware.com\/wp-content\/uploads\/2025\/07\/Bulk-Five-Layer-Steel-Wok-3-300x300.webp 300w, https:\/\/www.yongyukitchenware.com\/wp-content\/uploads\/2025\/07\/Bulk-Five-Layer-Steel-Wok-3-150x150.webp 150w, https:\/\/www.yongyukitchenware.com\/wp-content\/uploads\/2025\/07\/Bulk-Five-Layer-Steel-Wok-3-768x768.webp 768w, https:\/\/www.yongyukitchenware.com\/wp-content\/uploads\/2025\/07\/Bulk-Five-Layer-Steel-Wok-3-12x12.webp 12w, https:\/\/www.yongyukitchenware.com\/wp-content\/uploads\/2025\/07\/Bulk-Five-Layer-Steel-Wok-3-600x600.webp 600w, https:\/\/www.yongyukitchenware.com\/wp-content\/uploads\/2025\/07\/Bulk-Five-Layer-Steel-Wok-3-100x100.webp 100w\" sizes=\"(max-width: 800px) 100vw, 800px\" \/><\/figure>\n\n\n\n<figure class=\"wp-block-image size-full\"><img decoding=\"async\" width=\"800\" height=\"800\" src=\"https:\/\/www.yongyukitchenware.com\/wp-content\/uploads\/2025\/07\/Bulk-Five-Layer-Steel-Wok-2.webp\" alt=\"Bulk-F\u00fcnf-Schicht-Stahl-Wok-2\" class=\"wp-image-4492\" srcset=\"https:\/\/www.yongyukitchenware.com\/wp-content\/uploads\/2025\/07\/Bulk-Five-Layer-Steel-Wok-2.webp 800w, https:\/\/www.yongyukitchenware.com\/wp-content\/uploads\/2025\/07\/Bulk-Five-Layer-Steel-Wok-2-300x300.webp 300w, https:\/\/www.yongyukitchenware.com\/wp-content\/uploads\/2025\/07\/Bulk-Five-Layer-Steel-Wok-2-150x150.webp 150w, https:\/\/www.yongyukitchenware.com\/wp-content\/uploads\/2025\/07\/Bulk-Five-Layer-Steel-Wok-2-768x768.webp 768w, https:\/\/www.yongyukitchenware.com\/wp-content\/uploads\/2025\/07\/Bulk-Five-Layer-Steel-Wok-2-12x12.webp 12w, https:\/\/www.yongyukitchenware.com\/wp-content\/uploads\/2025\/07\/Bulk-Five-Layer-Steel-Wok-2-600x600.webp 600w, https:\/\/www.yongyukitchenware.com\/wp-content\/uploads\/2025\/07\/Bulk-Five-Layer-Steel-Wok-2-100x100.webp 100w\" sizes=\"(max-width: 800px) 100vw, 800px\" \/><\/figure>\n<\/div>\n<\/div>\n<\/div>\n<\/div>\n\n\n\n<p><\/p>","protected":false},"excerpt":{"rendered":"<p>Der Bulk Five-Layer-Stahlwok bietet eine hervorragende W\u00e4rmeverteilung und Langlebigkeit durch sein unbeschichtetes Design. Kompatibel mit allen W\u00e4rmequellen, einschlie\u00dflich Induktions-, Gas- und Elektroherden. Ideal f\u00fcr Profik\u00fcchen und f\u00fcr die Zubereitung gro\u00dfer Mengen.<\/p>\n<h2>Bulk F\u00fcnf-Schicht-Stahl Wok Parameter:<\/h2>\n<p><strong>Material:<\/strong> Rostfreier Stahl<br \/><strong>Innere Form:<\/strong> Wabe und nicht Wabe<br \/><strong>Design des Griffs:<\/strong> Griff aus rostfreiem Stahl und nietenverst\u00e4rkte Griffe<br \/><strong>Gr\u00f6\u00dfen:<\/strong> 26\/28\/30cm<br \/><strong>OEM\/ODM:<\/strong> Verf\u00fcgbar<\/p>\n<h2 class=\"wp-block-heading\">Von Yongyu Kochgeschirr Hersteller :<\/h2>\n<p>Yongyu ist ein bekannter Kochgeschirrhersteller in China, der f\u00fcr sein breites Angebot an hochwertigem Edelstahlkochgeschirr bekannt ist, darunter Bratpfannen, Woks, Suppent\u00f6pfe und Pastat\u00f6pfe usw.<\/p>","protected":false},"featured_media":4491,"comment_status":"closed","ping_status":"closed","template":"","meta":{"_acf_changed":false},"application":[29],"product_brand":[],"product_cat":[23,32],"product_tag":[],"class_list":{"0":"post-4490","1":"product","2":"type-product","3":"status-publish","4":"has-post-thumbnail","6":"application-home-kitchen","7":"product_cat-kitchenware-wholesale","8":"product_cat-wholesale-cookware","10":"first","11":"instock","12":"shipping-taxable","13":"product-type-simple"},"acf":[],"_links":{"self":[{"href":"https:\/\/www.yongyukitchenware.com\/de\/wp-json\/wp\/v2\/product\/4490","targetHints":{"allow":["GET"]}}],"collection":[{"href":"https:\/\/www.yongyukitchenware.com\/de\/wp-json\/wp\/v2\/product"}],"about":[{"href":"https:\/\/www.yongyukitchenware.com\/de\/wp-json\/wp\/v2\/types\/product"}],"replies":[{"embeddable":true,"href":"https:\/\/www.yongyukitchenware.com\/de\/wp-json\/wp\/v2\/comments?post=4490"}],"wp:featuredmedia":[{"embeddable":true,"href":"https:\/\/www.yongyukitchenware.com\/de\/wp-json\/wp\/v2\/media\/4491"}],"wp:attachment":[{"href":"https:\/\/www.yongyukitchenware.com\/de\/wp-json\/wp\/v2\/media?parent=4490"}],"wp:term":[{"taxonomy":"application","embeddable":true,"href":"https:\/\/www.yongyukitchenware.com\/de\/wp-json\/wp\/v2\/application?post=4490"},{"taxonomy":"product_brand","embeddable":true,"href":"https:\/\/www.yongyukitchenware.com\/de\/wp-json\/wp\/v2\/product_brand?post=4490"},{"taxonomy":"product_cat","embeddable":true,"href":"https:\/\/www.yongyukitchenware.com\/de\/wp-json\/wp\/v2\/product_cat?post=4490"},{"taxonomy":"product_tag","embeddable":true,"href":"https:\/\/www.yongyukitchenware.com\/de\/wp-json\/wp\/v2\/product_tag?post=4490"}],"curies":[{"name":"wp","href":"https:\/\/api.w.org\/{rel}","templated":true}]}}