{"id":4518,"date":"2025-08-01T07:15:03","date_gmt":"2025-08-01T07:15:03","guid":{"rendered":"https:\/\/www.yongyukitchenware.com\/?post_type=product&#038;p=4518"},"modified":"2025-08-01T07:15:07","modified_gmt":"2025-08-01T07:15:07","slug":"wholesale-kids-spoon-fork-gift-set-304-stainless-steel","status":"publish","type":"product","link":"https:\/\/www.yongyukitchenware.com\/de\/produkt\/wholesale-kids-spoon-fork-gift-set-304-stainless-steel\/","title":{"rendered":"Gro\u00dfhandel Kinder L\u00f6ffel Gabel Geschenk Set 304 Edelstahl"},"content":{"rendered":"<div class=\"wp-block-columns is-layout-flex wp-container-core-columns-is-layout-9d6595d7 wp-block-columns-is-layout-flex\">\n<div class=\"wp-block-column is-layout-flow wp-block-column-is-layout-flow\">\n<h2 class=\"wp-block-heading\">Gro\u00dfhandel Kinder L\u00f6ffel Gabel Geschenk Set Features:<\/h2>\n\n\n\n<p><strong>Niedliches und lustiges Design: <\/strong>Das am\u00fcsante Muster aus Katzen und kleinen Fischen ist voller kindlicher Freude, weckt das Interesse der Kinder am Essen und bringt einen Hauch von W\u00e4rme und Freude auf den t\u00e4glichen Esstisch.<\/p>\n\n\n\n<p><strong>Edelstahl 304 in Lebensmittelqualit\u00e4t: <\/strong>Aus hochwertigem Edelstahl 304 gefertigt, ist er korrosions- und rostbest\u00e4ndig, langlebig und robust und sorgt bei jedem Bissen f\u00fcr ein beruhigendes Esserlebnis.<\/p>\n\n\n\n<p><strong>Abgerundete Kanten:<\/strong> Die gesamten Ecken des L\u00f6ffels und der Gabel sind abgerundet, was weder die Lippen noch das Zahnfleisch verletzt. Kinder k\u00f6nnen sie mit ruhigem Gewissen benutzen und dabei \u00c4sthetik und Zweckm\u00e4\u00dfigkeit in Einklang bringen.<\/p>\n\n\n\n<p><strong>Geschenkpackung: <\/strong>Ausgestattet mit einer exquisiten Geschenkverpackung eignet es sich als warmes, kleines Geschenk f\u00fcr besondere Anl\u00e4sse wie Kindertag, Geburtstage und Schulanfangsgeschenke.<\/p>\n\n\n\n<p><strong>M\u00e4\u00dfige Gr\u00f6\u00dfe: <\/strong>Speziell auf die Form der Kinderh\u00e4nde abgestimmt, liegt er gut in der Hand und hilft Kindern, das selbstst\u00e4ndige Essen zu erlernen.<\/p>\n<\/div>\n\n\n\n<div class=\"wp-block-column is-layout-flow wp-block-column-is-layout-flow\"><div class=\"wp-block-image\">\n<figure class=\"aligncenter size-medium\"><img decoding=\"async\" width=\"300\" height=\"300\" src=\"https:\/\/www.yongyukitchenware.com\/wp-content\/uploads\/2025\/07\/Wholesale-Kids-Spoon-Fork-Gift-Set-3-300x300.webp\" alt=\"Gro\u00dfhandel-Kinder-L\u00f6ffel-F\u00fcr-Geschenk-Set-3\" class=\"wp-image-4522\" srcset=\"https:\/\/www.yongyukitchenware.com\/wp-content\/uploads\/2025\/07\/Wholesale-Kids-Spoon-Fork-Gift-Set-3-300x300.webp 300w, https:\/\/www.yongyukitchenware.com\/wp-content\/uploads\/2025\/07\/Wholesale-Kids-Spoon-Fork-Gift-Set-3-150x150.webp 150w, https:\/\/www.yongyukitchenware.com\/wp-content\/uploads\/2025\/07\/Wholesale-Kids-Spoon-Fork-Gift-Set-3-768x768.webp 768w, https:\/\/www.yongyukitchenware.com\/wp-content\/uploads\/2025\/07\/Wholesale-Kids-Spoon-Fork-Gift-Set-3-12x12.webp 12w, https:\/\/www.yongyukitchenware.com\/wp-content\/uploads\/2025\/07\/Wholesale-Kids-Spoon-Fork-Gift-Set-3-600x600.webp 600w, https:\/\/www.yongyukitchenware.com\/wp-content\/uploads\/2025\/07\/Wholesale-Kids-Spoon-Fork-Gift-Set-3-100x100.webp 100w, https:\/\/www.yongyukitchenware.com\/wp-content\/uploads\/2025\/07\/Wholesale-Kids-Spoon-Fork-Gift-Set-3.webp 800w\" sizes=\"(max-width: 300px) 100vw, 300px\" \/><\/figure>\n<\/div>\n\n<div class=\"wp-block-image\">\n<figure class=\"aligncenter size-medium\"><img decoding=\"async\" width=\"300\" height=\"300\" src=\"https:\/\/www.yongyukitchenware.com\/wp-content\/uploads\/2025\/07\/Wholesale-Kids-Spoon-Fork-Gift-Set-6-300x300.webp\" alt=\"Gro\u00dfhandel-Kinder-L\u00f6ffel-f\u00fcr-Geschenke-Set-6\" class=\"wp-image-4525\" srcset=\"https:\/\/www.yongyukitchenware.com\/wp-content\/uploads\/2025\/07\/Wholesale-Kids-Spoon-Fork-Gift-Set-6-300x300.webp 300w, https:\/\/www.yongyukitchenware.com\/wp-content\/uploads\/2025\/07\/Wholesale-Kids-Spoon-Fork-Gift-Set-6-150x150.webp 150w, https:\/\/www.yongyukitchenware.com\/wp-content\/uploads\/2025\/07\/Wholesale-Kids-Spoon-Fork-Gift-Set-6-768x768.webp 768w, https:\/\/www.yongyukitchenware.com\/wp-content\/uploads\/2025\/07\/Wholesale-Kids-Spoon-Fork-Gift-Set-6-12x12.webp 12w, https:\/\/www.yongyukitchenware.com\/wp-content\/uploads\/2025\/07\/Wholesale-Kids-Spoon-Fork-Gift-Set-6-1200x1200.webp 1200w, https:\/\/www.yongyukitchenware.com\/wp-content\/uploads\/2025\/07\/Wholesale-Kids-Spoon-Fork-Gift-Set-6-600x600.webp 600w, https:\/\/www.yongyukitchenware.com\/wp-content\/uploads\/2025\/07\/Wholesale-Kids-Spoon-Fork-Gift-Set-6-100x100.webp 100w, https:\/\/www.yongyukitchenware.com\/wp-content\/uploads\/2025\/07\/Wholesale-Kids-Spoon-Fork-Gift-Set-6.webp 1500w\" sizes=\"(max-width: 300px) 100vw, 300px\" \/><\/figure>\n<\/div><\/div>\n<\/div>\n\n\n\n<div class=\"wp-block-columns is-layout-flex wp-container-core-columns-is-layout-9d6595d7 wp-block-columns-is-layout-flex\">\n<div class=\"wp-block-column is-layout-flow wp-block-column-is-layout-flow\">\n<h2 class=\"wp-block-heading\">Gro\u00dfhandel Kinder L\u00f6ffel Gabel Geschenk Set Gr\u00f6\u00dfe:<\/h2>\n\n\n\n<figure class=\"wp-block-table\"><table class=\"has-fixed-layout\"><tbody><tr><td>Modell<\/td><td>Spezifikation<\/td><td>L\u00e4nge * Breite (cm)<\/td><td>MOQ<\/td><\/tr><tr><td rowspan=\"2\">DY005-DCS<\/td><td>L\u00f6ffel<\/td><td>13*2,4cm<\/td><td rowspan=\"2\">500 STCK.<\/td><\/tr><tr><td>Gabel<\/td><td>13,4*1,5cm<\/td><\/tr><\/tbody><\/table><\/figure>\n<\/div>\n<\/div>\n\n\n\n<p><\/p>","protected":false},"excerpt":{"rendered":"<p>Fabrikpreis Bulk-Camping-Besteck-Set mit faltbaren Griffen und praktische Tasche, geeignet f\u00fcr Outdoor-Aktivit\u00e4ten oder B\u00fcro Mittagessen Besteck. F\u00fcr weitere Camping Essentials Gro\u00dfhandel L\u00f6sungen, kontaktieren Sie uns bitte!<\/p>\n<h2 style=\"text-align: left;\">Gro\u00dfhandel Kinder L\u00f6ffel Gabel Geschenk Set Parameter:<\/h2>\n<p style=\"text-align: left;\"><strong>Material:<\/strong> Rostfreier Stahl<br \/><strong>Farbe:<\/strong> Farbe Silber<br \/><strong>Typen:<\/strong> L\u00f6ffel, Gabel<br \/><strong>OEM\/ODM:<\/strong> Verf\u00fcgbar<\/p>\n<h2 class=\"wp-block-heading\">Von Camping Kitchen Essentials Hersteller :<\/h2>\n<p>Yongyu ist ein professioneller Hersteller von Camping-K\u00fcchenartikeln. Unsere Produkte umfassen alle Arten von Camping-K\u00fcchenartikeln aus Edelstahl, wie z.B. Camping-Kochgeschirr, Camping-Geschirr, BBQ-Grills usw., und bieten qualitativ hochwertige Beschaffungsdienste und erschwingliche Preise f\u00fcr jeden Kunden.<\/p>","protected":false},"featured_media":4520,"comment_status":"closed","ping_status":"closed","template":"","meta":{"_acf_changed":true},"application":[31],"product_brand":[],"product_cat":[48],"product_tag":[],"class_list":{"0":"post-4518","1":"product","2":"type-product","3":"status-publish","4":"has-post-thumbnail","6":"application-champ-kitchen","7":"product_cat-cutlery-wholesale","9":"first","10":"instock","11":"shipping-taxable","12":"product-type-simple"},"acf":[],"_links":{"self":[{"href":"https:\/\/www.yongyukitchenware.com\/de\/wp-json\/wp\/v2\/product\/4518","targetHints":{"allow":["GET"]}}],"collection":[{"href":"https:\/\/www.yongyukitchenware.com\/de\/wp-json\/wp\/v2\/product"}],"about":[{"href":"https:\/\/www.yongyukitchenware.com\/de\/wp-json\/wp\/v2\/types\/product"}],"replies":[{"embeddable":true,"href":"https:\/\/www.yongyukitchenware.com\/de\/wp-json\/wp\/v2\/comments?post=4518"}],"wp:featuredmedia":[{"embeddable":true,"href":"https:\/\/www.yongyukitchenware.com\/de\/wp-json\/wp\/v2\/media\/4520"}],"wp:attachment":[{"href":"https:\/\/www.yongyukitchenware.com\/de\/wp-json\/wp\/v2\/media?parent=4518"}],"wp:term":[{"taxonomy":"application","embeddable":true,"href":"https:\/\/www.yongyukitchenware.com\/de\/wp-json\/wp\/v2\/application?post=4518"},{"taxonomy":"product_brand","embeddable":true,"href":"https:\/\/www.yongyukitchenware.com\/de\/wp-json\/wp\/v2\/product_brand?post=4518"},{"taxonomy":"product_cat","embeddable":true,"href":"https:\/\/www.yongyukitchenware.com\/de\/wp-json\/wp\/v2\/product_cat?post=4518"},{"taxonomy":"product_tag","embeddable":true,"href":"https:\/\/www.yongyukitchenware.com\/de\/wp-json\/wp\/v2\/product_tag?post=4518"}],"curies":[{"name":"wp","href":"https:\/\/api.w.org\/{rel}","templated":true}]}}