{"id":4536,"date":"2025-08-01T07:18:44","date_gmt":"2025-08-01T07:18:44","guid":{"rendered":"https:\/\/www.yongyukitchenware.com\/?post_type=product&#038;p=4536"},"modified":"2025-08-01T07:18:47","modified_gmt":"2025-08-01T07:18:47","slug":"bulk-dessert-forks-stainless-steel-with-flower-motif","status":"publish","type":"product","link":"https:\/\/www.yongyukitchenware.com\/de\/produkt\/bulk-dessert-forks-stainless-steel-with-flower-motif\/","title":{"rendered":"Dessertgabeln aus Edelstahl mit Blumenmotiv"},"content":{"rendered":"<div class=\"wp-block-columns is-layout-flex wp-container-core-columns-is-layout-9d6595d7 wp-block-columns-is-layout-flex\">\n<div class=\"wp-block-column is-layout-flow wp-block-column-is-layout-flow\">\n<h2 class=\"wp-block-heading\">Bulk Dessert Gabeln Merkmale:<\/h2>\n\n\n\n<p><strong>Exquisite Blumenmuster:<\/strong> Die Oberseite der Griffe der Obstgabeln ist mit verschiedenen Blumenmustern, wie Kirschbl\u00fcten, Glockenblumen, Kosmos und Rosen, verziert. Die Details sind exquisit und voller nat\u00fcrlicher Sch\u00f6nheit und verleihen dem Essen Romantik und Stil.<\/p>\n\n\n\n<p><strong>Bevorzugt rostfreier Stahl in Lebensmittelqualit\u00e4t: <\/strong>Der Gabelk\u00f6rper ist aus hochwertigem Edelstahl gefertigt, integral geformt, robust und langlebig, korrosions- und rostbest\u00e4ndig, mit glatten Kanten, die leicht zu reinigen sind, keinen Schmutz ansammeln und die H\u00e4nde nicht verletzen.<\/p>\n\n\n\n<p><strong>Multifunktionaler Einsatz: <\/strong>Geeignet f\u00fcr Obst, Desserts, Geb\u00e4ck, Snacks, etc. Er eignet sich f\u00fcr Familientreffen, den Nachmittagstee oder t\u00e4gliche Snacks und ist sowohl sch\u00f6n als auch praktisch.<\/p>\n\n\n\n<p><strong>Gepaart mit einer hochwertig anmutenden Geschenkbox-Verpackung:<\/strong> In der eleganten Geschenkverpackung ist keine zus\u00e4tzliche Dekoration erforderlich, und es ist einfach, Ihre Gef\u00fchle zu vermitteln. Ob es ein Geburtstag, ein Fest, eine Einweihung oder ein kleines t\u00e4gliches Geschenk ist, sie sind alle anst\u00e4ndig und durchdacht.<\/p>\n<\/div>\n\n\n\n<div class=\"wp-block-column is-layout-flow wp-block-column-is-layout-flow\"><div class=\"wp-block-image\">\n<figure class=\"aligncenter size-medium\"><img decoding=\"async\" width=\"300\" height=\"300\" src=\"https:\/\/www.yongyukitchenware.com\/wp-content\/uploads\/2025\/07\/Bulk-Dessert-Forks-7-300x300.webp\" alt=\"Bulk-Dessert-Gabeln-7\" class=\"wp-image-4543\" srcset=\"https:\/\/www.yongyukitchenware.com\/wp-content\/uploads\/2025\/07\/Bulk-Dessert-Forks-7-300x300.webp 300w, https:\/\/www.yongyukitchenware.com\/wp-content\/uploads\/2025\/07\/Bulk-Dessert-Forks-7-150x150.webp 150w, https:\/\/www.yongyukitchenware.com\/wp-content\/uploads\/2025\/07\/Bulk-Dessert-Forks-7-768x768.webp 768w, https:\/\/www.yongyukitchenware.com\/wp-content\/uploads\/2025\/07\/Bulk-Dessert-Forks-7-12x12.webp 12w, https:\/\/www.yongyukitchenware.com\/wp-content\/uploads\/2025\/07\/Bulk-Dessert-Forks-7-600x600.webp 600w, https:\/\/www.yongyukitchenware.com\/wp-content\/uploads\/2025\/07\/Bulk-Dessert-Forks-7-100x100.webp 100w, https:\/\/www.yongyukitchenware.com\/wp-content\/uploads\/2025\/07\/Bulk-Dessert-Forks-7.webp 800w\" sizes=\"(max-width: 300px) 100vw, 300px\" \/><\/figure>\n<\/div>\n\n<div class=\"wp-block-image\">\n<figure class=\"aligncenter size-medium\"><img decoding=\"async\" width=\"300\" height=\"240\" src=\"https:\/\/www.yongyukitchenware.com\/wp-content\/uploads\/2025\/07\/Bulk-Dessert-Forks-4-300x240.webp\" alt=\"Bulk-Dessert-Gabeln-4\" class=\"wp-image-4540\" srcset=\"https:\/\/www.yongyukitchenware.com\/wp-content\/uploads\/2025\/07\/Bulk-Dessert-Forks-4-300x240.webp 300w, https:\/\/www.yongyukitchenware.com\/wp-content\/uploads\/2025\/07\/Bulk-Dessert-Forks-4-768x614.webp 768w, https:\/\/www.yongyukitchenware.com\/wp-content\/uploads\/2025\/07\/Bulk-Dessert-Forks-4-15x12.webp 15w, https:\/\/www.yongyukitchenware.com\/wp-content\/uploads\/2025\/07\/Bulk-Dessert-Forks-4-600x480.webp 600w, https:\/\/www.yongyukitchenware.com\/wp-content\/uploads\/2025\/07\/Bulk-Dessert-Forks-4.webp 800w\" sizes=\"(max-width: 300px) 100vw, 300px\" \/><\/figure>\n<\/div><\/div>\n<\/div>\n\n\n\n<div class=\"wp-block-columns is-layout-flex wp-container-core-columns-is-layout-9d6595d7 wp-block-columns-is-layout-flex\">\n<div class=\"wp-block-column is-layout-flow wp-block-column-is-layout-flow\">\n<h2 class=\"wp-block-heading\">Bulk Dessert Gabeln Gr\u00f6\u00dfe:<\/h2>\n\n\n\n<figure class=\"wp-block-table\"><table class=\"has-fixed-layout\"><tbody><tr><td>Modell<\/td><td>Spezifikation<\/td><td>L\u00e4nge<\/td><td>MOQ<\/td><\/tr><tr><td>DY006-DCS<\/td><td>Gabel<\/td><td>13,5 cm<\/td><td>500 STCK.<\/td><\/tr><\/tbody><\/table><\/figure>\n<\/div>\n<\/div>\n\n\n\n<p><\/p>","protected":false},"excerpt":{"rendered":"<p>Fabrikpreis Bulk-Camping-Besteck-Set mit faltbaren Griffen und praktische Tasche, geeignet f\u00fcr Outdoor-Aktivit\u00e4ten oder B\u00fcro Mittagessen Besteck. F\u00fcr weitere Camping Essentials Gro\u00dfhandel L\u00f6sungen, kontaktieren Sie uns bitte!<\/p>\n<h2 style=\"text-align: left;\">Dessertgabeln in gro\u00dfen Mengen Parameter:<\/h2>\n<p style=\"text-align: left;\"><strong>Material:<\/strong> Rostfreier Stahl<br \/><strong>Farbe:<\/strong> Farbe Silber<br \/><strong>Typen:<\/strong> Gabel<br \/><strong>OEM\/ODM:<\/strong> Verf\u00fcgbar<\/p>\n<h2 class=\"wp-block-heading\">Von Camping Kitchen Essentials Hersteller :<\/h2>\n<p>Yongyu ist ein professioneller Hersteller von Camping-K\u00fcchenartikeln. Unsere Produkte umfassen alle Arten von Camping-K\u00fcchenartikeln aus Edelstahl, wie z.B. Camping-Kochgeschirr, Camping-Geschirr, BBQ-Grills usw., und bieten qualitativ hochwertige Beschaffungsdienste und erschwingliche Preise f\u00fcr jeden Kunden.<\/p>","protected":false},"featured_media":4537,"comment_status":"closed","ping_status":"closed","template":"","meta":{"_acf_changed":false},"application":[31],"product_brand":[],"product_cat":[48],"product_tag":[],"class_list":{"0":"post-4536","1":"product","2":"type-product","3":"status-publish","4":"has-post-thumbnail","6":"application-champ-kitchen","7":"product_cat-cutlery-wholesale","9":"first","10":"instock","11":"shipping-taxable","12":"product-type-simple"},"acf":[],"_links":{"self":[{"href":"https:\/\/www.yongyukitchenware.com\/de\/wp-json\/wp\/v2\/product\/4536","targetHints":{"allow":["GET"]}}],"collection":[{"href":"https:\/\/www.yongyukitchenware.com\/de\/wp-json\/wp\/v2\/product"}],"about":[{"href":"https:\/\/www.yongyukitchenware.com\/de\/wp-json\/wp\/v2\/types\/product"}],"replies":[{"embeddable":true,"href":"https:\/\/www.yongyukitchenware.com\/de\/wp-json\/wp\/v2\/comments?post=4536"}],"wp:featuredmedia":[{"embeddable":true,"href":"https:\/\/www.yongyukitchenware.com\/de\/wp-json\/wp\/v2\/media\/4537"}],"wp:attachment":[{"href":"https:\/\/www.yongyukitchenware.com\/de\/wp-json\/wp\/v2\/media?parent=4536"}],"wp:term":[{"taxonomy":"application","embeddable":true,"href":"https:\/\/www.yongyukitchenware.com\/de\/wp-json\/wp\/v2\/application?post=4536"},{"taxonomy":"product_brand","embeddable":true,"href":"https:\/\/www.yongyukitchenware.com\/de\/wp-json\/wp\/v2\/product_brand?post=4536"},{"taxonomy":"product_cat","embeddable":true,"href":"https:\/\/www.yongyukitchenware.com\/de\/wp-json\/wp\/v2\/product_cat?post=4536"},{"taxonomy":"product_tag","embeddable":true,"href":"https:\/\/www.yongyukitchenware.com\/de\/wp-json\/wp\/v2\/product_tag?post=4536"}],"curies":[{"name":"wp","href":"https:\/\/api.w.org\/{rel}","templated":true}]}}