{"id":4549,"date":"2025-07-29T07:09:11","date_gmt":"2025-07-29T07:09:11","guid":{"rendered":"https:\/\/www.yongyukitchenware.com\/?post_type=product&#038;p=4549"},"modified":"2025-11-04T02:33:38","modified_gmt":"2025-11-04T02:33:38","slug":"wholesale-stainless-steel-v-shaped-bowl-stackable-and-durable","status":"publish","type":"product","link":"https:\/\/www.yongyukitchenware.com\/de\/produkt\/wholesale-stainless-steel-v-shaped-bowl-stackable-and-durable\/","title":{"rendered":"Gro\u00dfhandel Edelstahl V-f\u00f6rmige Sch\u00fcssel stapelbar und langlebig"},"content":{"rendered":"<div class=\"wp-block-columns is-layout-flex wp-container-core-columns-is-layout-9d6595d7 wp-block-columns-is-layout-flex\">\n<div class=\"wp-block-column is-layout-flow wp-block-column-is-layout-flow\">\n<div class=\"wp-block-columns is-layout-flex wp-container-core-columns-is-layout-9d6595d7 wp-block-columns-is-layout-flex\">\n<div class=\"wp-block-column is-layout-flow wp-block-column-is-layout-flow\">\n<h2 class=\"wp-block-heading\">Gro\u00dfhandel Edelstahl V-f\u00f6rmige Sch\u00fcssel Merkmale:<\/h2>\n\n\n\n<p><strong>V-f\u00f6rmiges Design:<\/strong> Die einzigartigen V-f\u00f6rmigen Linien sind einfach und ordentlich, visuell leicht und praktisch zum Halten und Ausgie\u00dfen von Zutaten und schaffen einen neuen Stil f\u00fcr moderne K\u00fcchen.<\/p>\n\n\n\n<p><strong>Lebensmittelgeeignetes Material aus rostfreiem Stahl: <\/strong>Aus sorgf\u00e4ltig ausgew\u00e4hltem, lebensmittelechtem Edelstahl gefertigt, ist er korrosionsbest\u00e4ndig, sto\u00dffest und langlebig und neigt nicht zu Verformungen. Er vereint \u00c4sthetik und Funktionalit\u00e4t und ist damit ein unverzichtbarer Bestandteil der K\u00fcche.<\/p>\n\n\n\n<p><strong>Sie k\u00f6nnen aus mehreren Gr\u00f6\u00dfen w\u00e4hlen: <\/strong>Mit insgesamt 4 Leistungsmerkmalen deckt es die unterschiedlichsten Bed\u00fcrfnisse ab, von der t\u00e4glichen Gem\u00fcsezubereitung \u00fcber das Aufschlagen von Eiern bis hin zum Servieren von Suppen und dem Mischen von Salaten usw. Ein Set kann mehrere Aufgaben bew\u00e4ltigen.<\/p>\n\n\n\n<p><strong>Zwei Farboptionen: <\/strong>Erh\u00e4ltlich in der Original-Edelstahlfarbe und in strukturiertem Gold, k\u00f6nnen Sie den klassischen oder den High-End-Stil frei kombinieren, um den einzigartigen Geschmack Ihrer K\u00fcche zu unterstreichen.<\/p>\n\n\n\n<p><strong>Leicht zu reinigen:<\/strong> Die glatte Oberfl\u00e4che der Sch\u00fcssel ist nicht anf\u00e4llig f\u00fcr Schmutzablagerungen. Fett l\u00e4sst sich mit nur einer Sp\u00fclung abwaschen. Die Sch\u00fcssel l\u00e4sst sich m\u00fchelos von Hand abwaschen und kann auch in der Sp\u00fclmaschine gereinigt werden, was Zeit und M\u00fche spart.<\/p>\n\n\n\n<figure class=\"wp-block-table\"><table class=\"has-fixed-layout\"><tbody><tr><td>Modell<\/td><td>Gr\u00f6\u00dfe<\/td><td>Gewicht<\/td><td>MOQ<\/td><\/tr><tr><td rowspan=\"4\">DY033-W<\/td><td>11,5 cm<\/td><td>52g<\/td><td rowspan=\"2\">320 STCK.<\/td><\/tr><tr><td>13,5 cm<\/td><td>73g<\/td><\/tr><tr><td>15,5 cm<\/td><td>88g<\/td><td rowspan=\"2\">240 STCK.<\/td><\/tr><tr><td>17cm<\/td><td>118g<\/td><\/tr><\/tbody><\/table><\/figure>\n<\/div>\n\n\n\n<div class=\"wp-block-column is-layout-flow wp-block-column-is-layout-flow\">\n<div class=\"wp-block-columns is-layout-flex wp-container-core-columns-is-layout-9d6595d7 wp-block-columns-is-layout-flex\">\n<div class=\"wp-block-column is-layout-flow wp-block-column-is-layout-flow\">\n<div class=\"wp-block-columns is-layout-flex wp-container-core-columns-is-layout-9d6595d7 wp-block-columns-is-layout-flex\">\n<div class=\"wp-block-column is-layout-flow wp-block-column-is-layout-flow\">\n<figure class=\"wp-block-image size-full\"><img decoding=\"async\" width=\"800\" height=\"800\" src=\"https:\/\/www.yongyukitchenware.com\/wp-content\/uploads\/2025\/07\/Wholesale-Stainless-Steel-V-Shaped-Bowl-2.webp\" alt=\"Gro\u00dfhandel-Edelstahl-V-Form-Schale-2\" class=\"wp-image-4559\" style=\"object-fit:cover\" srcset=\"https:\/\/www.yongyukitchenware.com\/wp-content\/uploads\/2025\/07\/Wholesale-Stainless-Steel-V-Shaped-Bowl-2.webp 800w, https:\/\/www.yongyukitchenware.com\/wp-content\/uploads\/2025\/07\/Wholesale-Stainless-Steel-V-Shaped-Bowl-2-300x300.webp 300w, https:\/\/www.yongyukitchenware.com\/wp-content\/uploads\/2025\/07\/Wholesale-Stainless-Steel-V-Shaped-Bowl-2-150x150.webp 150w, https:\/\/www.yongyukitchenware.com\/wp-content\/uploads\/2025\/07\/Wholesale-Stainless-Steel-V-Shaped-Bowl-2-768x768.webp 768w, https:\/\/www.yongyukitchenware.com\/wp-content\/uploads\/2025\/07\/Wholesale-Stainless-Steel-V-Shaped-Bowl-2-12x12.webp 12w, https:\/\/www.yongyukitchenware.com\/wp-content\/uploads\/2025\/07\/Wholesale-Stainless-Steel-V-Shaped-Bowl-2-600x600.webp 600w, https:\/\/www.yongyukitchenware.com\/wp-content\/uploads\/2025\/07\/Wholesale-Stainless-Steel-V-Shaped-Bowl-2-100x100.webp 100w\" sizes=\"(max-width: 800px) 100vw, 800px\" \/><\/figure>\n\n\n\n<figure class=\"wp-block-image size-full\"><img decoding=\"async\" width=\"800\" height=\"800\" src=\"https:\/\/www.yongyukitchenware.com\/wp-content\/uploads\/2025\/07\/Wholesale-Stainless-Steel-V-Shaped-Bowl-5.webp\" alt=\"Gro\u00dfhandel-Edelstahl-V-f\u00f6rmige Schale-5\" class=\"wp-image-4562\" srcset=\"https:\/\/www.yongyukitchenware.com\/wp-content\/uploads\/2025\/07\/Wholesale-Stainless-Steel-V-Shaped-Bowl-5.webp 800w, https:\/\/www.yongyukitchenware.com\/wp-content\/uploads\/2025\/07\/Wholesale-Stainless-Steel-V-Shaped-Bowl-5-300x300.webp 300w, https:\/\/www.yongyukitchenware.com\/wp-content\/uploads\/2025\/07\/Wholesale-Stainless-Steel-V-Shaped-Bowl-5-150x150.webp 150w, https:\/\/www.yongyukitchenware.com\/wp-content\/uploads\/2025\/07\/Wholesale-Stainless-Steel-V-Shaped-Bowl-5-768x768.webp 768w, https:\/\/www.yongyukitchenware.com\/wp-content\/uploads\/2025\/07\/Wholesale-Stainless-Steel-V-Shaped-Bowl-5-12x12.webp 12w, https:\/\/www.yongyukitchenware.com\/wp-content\/uploads\/2025\/07\/Wholesale-Stainless-Steel-V-Shaped-Bowl-5-600x600.webp 600w, https:\/\/www.yongyukitchenware.com\/wp-content\/uploads\/2025\/07\/Wholesale-Stainless-Steel-V-Shaped-Bowl-5-100x100.webp 100w\" sizes=\"(max-width: 800px) 100vw, 800px\" \/><\/figure>\n<\/div>\n<\/div>\n\n\n\n<div class=\"wp-block-columns is-layout-flex wp-container-core-columns-is-layout-9d6595d7 wp-block-columns-is-layout-flex\">\n<div class=\"wp-block-column is-layout-flow wp-block-column-is-layout-flow\">\n<div class=\"wp-block-columns is-layout-flex wp-container-core-columns-is-layout-9d6595d7 wp-block-columns-is-layout-flex\">\n<div class=\"wp-block-column is-layout-flow wp-block-column-is-layout-flow\"><\/div>\n<\/div>\n<\/div>\n<\/div>\n<\/div>\n<\/div>\n<\/div>\n<\/div>\n<\/div>\n<\/div>\n\n\n\n<p><\/p>","protected":false},"excerpt":{"rendered":"<p>Gro\u00dfhandel Edelstahl V-f\u00f6rmige Sch\u00fcssel . Diese stapelbare und langlebige V-f\u00f6rmige Sch\u00fcssel ist perfekt zum Servieren von Suppen, Salaten oder Desserts. Aus hochwertigem Edelstahl gefertigt, bietet sie sowohl Funktionalit\u00e4t als auch ein schlankes, modernes Design f\u00fcr jede Essumgebung. \u00a0 \u00a0 \u00a0 \u00a0 \u00a0 \u00a0\u00a0<\/p>\n<h2>Gro\u00dfhandel Edelstahl V-f\u00f6rmige Sch\u00fcssel Attribute :<\/h2>\n<p><strong>Material:<\/strong> Rostfreier Stahl<br \/><strong>Farbe:<\/strong> Gold\/Silber<br \/><strong>Verschiedene Gr\u00f6\u00dfen: <\/strong>11.5cm,13.5cm,15.5cm,17cm<br \/><strong>Verpacken:<\/strong> Opp-Beutel und -Karton<br \/><strong>OEM\/ODM:<\/strong> Verf\u00fcgbar<\/p>\n<h2><!-- \/wp:heading --><\/p>\n<p><!-- wp:paragraph --><\/h2>\n<h2 class=\"wp-block-heading\">Von Yongyu Tableware Wholesaler:<\/h2>\n<p class=\"wp-block-heading\">Yongyu Tableware Wholesaler erf\u00fcllt die Bed\u00fcrfnisse von Gro\u00dfkunden und bietet eine hochwertige Gro\u00dfhandelsserie f\u00fcr Gastronomiebedarf, die Eleganz und Langlebigkeit vereint. Einschlie\u00dflich Geschirr, Getr\u00e4nke, Catering-Ausr\u00fcstung, K\u00fcchenutensilien, Camp-K\u00fcche Essentials, etc.<\/p>\n<h2><!-- \/wp:paragraph --><\/h2>","protected":false},"featured_media":4558,"comment_status":"closed","ping_status":"closed","template":"","meta":{"_acf_changed":false},"application":[30],"product_brand":[],"product_cat":[21,47],"product_tag":[],"class_list":{"0":"post-4549","1":"product","2":"type-product","3":"status-publish","4":"has-post-thumbnail","6":"application-hotel-catering","7":"product_cat-tableware-wholesale","8":"product_cat-stainless-steel-bowls-wholesale","10":"first","11":"instock","12":"shipping-taxable","13":"product-type-simple"},"acf":[],"_links":{"self":[{"href":"https:\/\/www.yongyukitchenware.com\/de\/wp-json\/wp\/v2\/product\/4549","targetHints":{"allow":["GET"]}}],"collection":[{"href":"https:\/\/www.yongyukitchenware.com\/de\/wp-json\/wp\/v2\/product"}],"about":[{"href":"https:\/\/www.yongyukitchenware.com\/de\/wp-json\/wp\/v2\/types\/product"}],"replies":[{"embeddable":true,"href":"https:\/\/www.yongyukitchenware.com\/de\/wp-json\/wp\/v2\/comments?post=4549"}],"wp:featuredmedia":[{"embeddable":true,"href":"https:\/\/www.yongyukitchenware.com\/de\/wp-json\/wp\/v2\/media\/4558"}],"wp:attachment":[{"href":"https:\/\/www.yongyukitchenware.com\/de\/wp-json\/wp\/v2\/media?parent=4549"}],"wp:term":[{"taxonomy":"application","embeddable":true,"href":"https:\/\/www.yongyukitchenware.com\/de\/wp-json\/wp\/v2\/application?post=4549"},{"taxonomy":"product_brand","embeddable":true,"href":"https:\/\/www.yongyukitchenware.com\/de\/wp-json\/wp\/v2\/product_brand?post=4549"},{"taxonomy":"product_cat","embeddable":true,"href":"https:\/\/www.yongyukitchenware.com\/de\/wp-json\/wp\/v2\/product_cat?post=4549"},{"taxonomy":"product_tag","embeddable":true,"href":"https:\/\/www.yongyukitchenware.com\/de\/wp-json\/wp\/v2\/product_tag?post=4549"}],"curies":[{"name":"wp","href":"https:\/\/api.w.org\/{rel}","templated":true}]}}