{"id":4566,"date":"2025-07-29T01:54:40","date_gmt":"2025-07-29T01:54:40","guid":{"rendered":"https:\/\/www.yongyukitchenware.com\/?post_type=product&#038;p=4566"},"modified":"2025-07-29T01:54:41","modified_gmt":"2025-07-29T01:54:41","slug":"bulk-seasoning-bowl-304-stainless-steel-korean-style-gold","status":"publish","type":"product","link":"https:\/\/www.yongyukitchenware.com\/de\/produkt\/bulk-seasoning-bowl-304-stainless-steel-korean-style-gold\/","title":{"rendered":"Bulk Gew\u00fcrz Sch\u00fcssel 304 Edelstahl Korean Style -Gold"},"content":{"rendered":"<div class=\"wp-block-columns is-layout-flex wp-container-core-columns-is-layout-9d6595d7 wp-block-columns-is-layout-flex\">\n<div class=\"wp-block-column is-layout-flow wp-block-column-is-layout-flow\">\n<h2 class=\"wp-block-heading\">Bulk Gew\u00fcrzsch\u00fcssel Gr\u00f6\u00dfe:<\/h2>\n\n\n\n<figure class=\"wp-block-table\"><table class=\"has-fixed-layout\"><tbody><tr><td>Modell<\/td><td>Gr\u00f6\u00dfe<\/td><td>Gewicht<\/td><td>MOQ<\/td><\/tr><tr><td rowspan=\"5\">DY118-Z<\/td><td>10cm<\/td><td>75g<\/td><td rowspan=\"5\">360PCS<\/td><\/tr><tr><td>12cm<\/td><td>110g<\/td><\/tr><tr><td>14cm<\/td><td>140g<\/td><\/tr><tr><td>17cm<\/td><td>220g<\/td><\/tr><tr><td>20cm<\/td><td>300g<\/td><\/tr><\/tbody><\/table><\/figure>\n\n\n\n<h2 class=\"wp-block-heading\">Bulk Gew\u00fcrzsch\u00fcssel Merkmale:<\/h2>\n\n\n\n<p><strong>Hochwertiger Edelstahl 304 in Lebensmittelqualit\u00e4t:<\/strong> Diese So\u00dfensch\u00fcssel aus hochwertigem Edelstahl 304 ist langlebig, rostfrei und f\u00fcr den t\u00e4glichen Kontakt mit Lebensmitteln geeignet.<\/p>\n\n\n\n<p><strong>Mehrere Gr\u00f6\u00dfen f\u00fcr vielseitigen Einsatz:<\/strong> Erh\u00e4ltlich in 5 verschiedenen Gr\u00f6\u00dfen f\u00fcr unterschiedliche Zwecke - von Gew\u00fcrzen und Dip-Saucen bis hin zu kleinen Portionen f\u00fcr Snacks und Desserts.<\/p>\n\n\n\n<p><strong>Elegante Farboptionen:<\/strong> W\u00e4hlen Sie zwischen klassischem Edelstahl, silberner oder goldener Luxusausf\u00fchrung, passend zu Ihrem Tisch oder K\u00fcchenstil.<\/p>\n\n\n\n<p><strong>Ideal f\u00fcr den allt\u00e4glichen Gebrauch und die Bewirtung: <\/strong>Ideal f\u00fcr Zuhause, Restaurants, Partys, Grillfeste, zum Servieren von Sojasauce, Ketchup, Essig, Essiggurken oder Beilagen.<\/p>\n\n\n\n<p><strong>Leicht zu reinigen und zu pflegen: <\/strong>Die glatte Oberfl\u00e4che ist sp\u00fclmaschinenfest, schmutzabweisend, geruchshemmend und resistent gegen Geschmacksstoffe.<\/p>\n<\/div>\n\n\n\n<div class=\"wp-block-column is-layout-flow wp-block-column-is-layout-flow\">\n<figure class=\"wp-block-image size-full is-resized\"><img decoding=\"async\" width=\"800\" height=\"800\" src=\"https:\/\/www.yongyukitchenware.com\/wp-content\/uploads\/2025\/07\/Wholesale-Seasoning-Bowl-7.webp\" alt=\"Bulk-Seasoning-Bowl-7\" class=\"wp-image-4573\" style=\"width:384px;height:auto\" srcset=\"https:\/\/www.yongyukitchenware.com\/wp-content\/uploads\/2025\/07\/Wholesale-Seasoning-Bowl-7.webp 800w, https:\/\/www.yongyukitchenware.com\/wp-content\/uploads\/2025\/07\/Wholesale-Seasoning-Bowl-7-300x300.webp 300w, https:\/\/www.yongyukitchenware.com\/wp-content\/uploads\/2025\/07\/Wholesale-Seasoning-Bowl-7-150x150.webp 150w, https:\/\/www.yongyukitchenware.com\/wp-content\/uploads\/2025\/07\/Wholesale-Seasoning-Bowl-7-768x768.webp 768w, https:\/\/www.yongyukitchenware.com\/wp-content\/uploads\/2025\/07\/Wholesale-Seasoning-Bowl-7-12x12.webp 12w, https:\/\/www.yongyukitchenware.com\/wp-content\/uploads\/2025\/07\/Wholesale-Seasoning-Bowl-7-600x600.webp 600w, https:\/\/www.yongyukitchenware.com\/wp-content\/uploads\/2025\/07\/Wholesale-Seasoning-Bowl-7-100x100.webp 100w\" sizes=\"(max-width: 800px) 100vw, 800px\" \/><\/figure>\n\n\n\n<figure class=\"wp-block-image size-full is-resized\"><img decoding=\"async\" width=\"800\" height=\"800\" src=\"https:\/\/www.yongyukitchenware.com\/wp-content\/uploads\/2025\/07\/Wholesale-Seasoning-Bowl-3.webp\" alt=\"Gro\u00dfhandel-W\u00fcrze-Schale-3\" class=\"wp-image-4569\" style=\"width:384px\" srcset=\"https:\/\/www.yongyukitchenware.com\/wp-content\/uploads\/2025\/07\/Wholesale-Seasoning-Bowl-3.webp 800w, https:\/\/www.yongyukitchenware.com\/wp-content\/uploads\/2025\/07\/Wholesale-Seasoning-Bowl-3-300x300.webp 300w, https:\/\/www.yongyukitchenware.com\/wp-content\/uploads\/2025\/07\/Wholesale-Seasoning-Bowl-3-150x150.webp 150w, https:\/\/www.yongyukitchenware.com\/wp-content\/uploads\/2025\/07\/Wholesale-Seasoning-Bowl-3-768x768.webp 768w, https:\/\/www.yongyukitchenware.com\/wp-content\/uploads\/2025\/07\/Wholesale-Seasoning-Bowl-3-12x12.webp 12w, https:\/\/www.yongyukitchenware.com\/wp-content\/uploads\/2025\/07\/Wholesale-Seasoning-Bowl-3-600x600.webp 600w, https:\/\/www.yongyukitchenware.com\/wp-content\/uploads\/2025\/07\/Wholesale-Seasoning-Bowl-3-100x100.webp 100w\" sizes=\"(max-width: 800px) 100vw, 800px\" \/><\/figure>\n<\/div>\n<\/div>\n\n\n\n<p><\/p>","protected":false},"excerpt":{"rendered":"<div class=\"n4sEPd\">\n<div class=\"UdTY9 qhIQqf leDWne\" aria-hidden=\"true\" data-location=\"1\">Diese Gew\u00fcrzschale aus hochwertigem Edelstahl 304 in elegantem Gold eignet sich perfekt zum Servieren von Saucen, Gew\u00fcrzen oder W\u00fcrzmitteln. Ihr elegantes Design verleiht jeder Mahlzeit einen Hauch von Luxus und macht sie ideal f\u00fcr den Gebrauch zu Hause und im Restaurant.<\/div>\n<\/div>\n<h2 style=\"text-align: left;\">Sch\u00fcssel mit Gew\u00fcrzen:<\/h2>\n<p style=\"text-align: left;\"><strong>Material:<\/strong> Rostfreier Stahl<br \/><strong>L\u00e4nge:<\/strong>10\/12\/14\/17\/20cm<br \/><strong>Die Form:<\/strong> Achteckige Form<br \/><strong>Verpacken:<\/strong> OPP-Beutel und -Karton<br \/><strong>OEM\/ODM:<\/strong> Verf\u00fcgbar<\/p>\n<h2 class=\"wp-block-heading\">Gro\u00dfhandel Edelstahl Gew\u00fcrzsch\u00fcssel Hersteller:<\/h2>\n<p>Egal, ob Sie ein Catering-Dienstleister, ein Hotel oder Restaurant oder ein Veranstaltungsplaner sind, wir bieten Ihnen umfassende Gro\u00dfhandelsl\u00f6sungen f\u00fcr Gastronomiebedarf zu hochwertigen Fabrikpreisen.<\/p>","protected":false},"featured_media":4575,"comment_status":"closed","ping_status":"closed","template":"","meta":{"_acf_changed":false},"application":[29],"product_brand":[],"product_cat":[21],"product_tag":[],"class_list":{"0":"post-4566","1":"product","2":"type-product","3":"status-publish","4":"has-post-thumbnail","6":"application-home-kitchen","7":"product_cat-tableware-wholesale","9":"first","10":"instock","11":"shipping-taxable","12":"product-type-simple"},"acf":[],"_links":{"self":[{"href":"https:\/\/www.yongyukitchenware.com\/de\/wp-json\/wp\/v2\/product\/4566","targetHints":{"allow":["GET"]}}],"collection":[{"href":"https:\/\/www.yongyukitchenware.com\/de\/wp-json\/wp\/v2\/product"}],"about":[{"href":"https:\/\/www.yongyukitchenware.com\/de\/wp-json\/wp\/v2\/types\/product"}],"replies":[{"embeddable":true,"href":"https:\/\/www.yongyukitchenware.com\/de\/wp-json\/wp\/v2\/comments?post=4566"}],"wp:featuredmedia":[{"embeddable":true,"href":"https:\/\/www.yongyukitchenware.com\/de\/wp-json\/wp\/v2\/media\/4575"}],"wp:attachment":[{"href":"https:\/\/www.yongyukitchenware.com\/de\/wp-json\/wp\/v2\/media?parent=4566"}],"wp:term":[{"taxonomy":"application","embeddable":true,"href":"https:\/\/www.yongyukitchenware.com\/de\/wp-json\/wp\/v2\/application?post=4566"},{"taxonomy":"product_brand","embeddable":true,"href":"https:\/\/www.yongyukitchenware.com\/de\/wp-json\/wp\/v2\/product_brand?post=4566"},{"taxonomy":"product_cat","embeddable":true,"href":"https:\/\/www.yongyukitchenware.com\/de\/wp-json\/wp\/v2\/product_cat?post=4566"},{"taxonomy":"product_tag","embeddable":true,"href":"https:\/\/www.yongyukitchenware.com\/de\/wp-json\/wp\/v2\/product_tag?post=4566"}],"curies":[{"name":"wp","href":"https:\/\/api.w.org\/{rel}","templated":true}]}}