{"id":4576,"date":"2025-07-29T01:27:28","date_gmt":"2025-07-29T01:27:28","guid":{"rendered":"https:\/\/www.yongyukitchenware.com\/?post_type=product&#038;p=4576"},"modified":"2025-07-30T13:02:19","modified_gmt":"2025-07-30T13:02:19","slug":"wholesale-seasoning-bowl-304-stainless-steel-korean-style-silver","status":"publish","type":"product","link":"https:\/\/www.yongyukitchenware.com\/de\/produkt\/wholesale-seasoning-bowl-304-stainless-steel-korean-style-silver\/","title":{"rendered":"Gro\u00dfhandel Gew\u00fcrz Sch\u00fcssel 304 Edelstahl koreanischen Stil -Silver"},"content":{"rendered":"<div class=\"wp-block-columns is-layout-flex wp-container-core-columns-is-layout-9d6595d7 wp-block-columns-is-layout-flex\">\n<div class=\"wp-block-column is-layout-flow wp-block-column-is-layout-flow\">\n<h2 class=\"wp-block-heading\">Gro\u00dfhandel Gew\u00fcrzsch\u00fcssel Gr\u00f6\u00dfe:<\/h2>\n\n\n\n<figure class=\"wp-block-table\"><table class=\"has-fixed-layout\"><tbody><tr><td>Modell<\/td><td>Gr\u00f6\u00dfe<\/td><td>Gewicht<\/td><td>MOQ<\/td><\/tr><tr><td rowspan=\"5\">DY118-Z<\/td><td>10cm<\/td><td>75g<\/td><td rowspan=\"5\">360PCS<\/td><\/tr><tr><td>12cm<\/td><td>110g<\/td><\/tr><tr><td>14cm<\/td><td>140g<\/td><\/tr><tr><td>17cm<\/td><td>220g<\/td><\/tr><tr><td>20cm<\/td><td>300g<\/td><\/tr><\/tbody><\/table><\/figure>\n\n\n\n<h2 class=\"wp-block-heading\">Gro\u00dfhandel Gew\u00fcrz Sch\u00fcssel Features:<\/h2>\n\n\n\n<p><strong>Hochwertiger Edelstahl 304 in Lebensmittelqualit\u00e4t: <\/strong>Diese So\u00dfensch\u00fcssel aus hochwertigem Edelstahl 304 ist langlebig, rostfrei und f\u00fcr den t\u00e4glichen Kontakt mit Lebensmitteln geeignet.<\/p>\n\n\n\n<p><strong>Mehrere Gr\u00f6\u00dfen f\u00fcr vielseitigen Einsatz: <\/strong>Erh\u00e4ltlich in 5 verschiedenen Gr\u00f6\u00dfen f\u00fcr unterschiedliche Bed\u00fcrfnisse - von Dip-Saucen und W\u00fcrzmitteln bis hin zu kleinen Snacks und Dessertportionen.<\/p>\n\n\n\n<p><strong>Elegante Farboptionen: <\/strong>W\u00e4hlen Sie zwischen klassischem Edelstahl-Silber oder luxuri\u00f6sem Gold - passend zu Ihrem K\u00fcchenstil oder Ihrer Tischdekoration.<\/p>\n\n\n\n<p><strong>Perfekt f\u00fcr den Alltag und die Unterhaltung:<\/strong> Ideal zum Servieren von Sojasauce, Ketchup, Essig, Essiggurken oder Beilagen zu Hause, in Restaurants, auf Partys oder bei Grillfesten.<\/p>\n\n\n\n<p><strong>Leicht zu reinigen und zu pflegen: <\/strong>Die glatte Oberfl\u00e4che macht die Reinigung zum Kinderspiel - sie ist sp\u00fclmaschinenfest und resistent gegen Flecken, Ger\u00fcche und Geschmackserhalt.<\/p>\n<\/div>\n\n\n\n<div class=\"wp-block-column is-layout-flow wp-block-column-is-layout-flow\">\n<figure class=\"wp-block-image size-full is-resized\"><img decoding=\"async\" width=\"800\" height=\"800\" src=\"https:\/\/www.yongyukitchenware.com\/wp-content\/uploads\/2025\/07\/Wholesale-Seasoning-Bowl-7.webp\" alt=\"Gro\u00dfhandel-Saison-Schale-7\" class=\"wp-image-4573\" style=\"width:384px;height:auto\" srcset=\"https:\/\/www.yongyukitchenware.com\/wp-content\/uploads\/2025\/07\/Wholesale-Seasoning-Bowl-7.webp 800w, https:\/\/www.yongyukitchenware.com\/wp-content\/uploads\/2025\/07\/Wholesale-Seasoning-Bowl-7-300x300.webp 300w, https:\/\/www.yongyukitchenware.com\/wp-content\/uploads\/2025\/07\/Wholesale-Seasoning-Bowl-7-150x150.webp 150w, https:\/\/www.yongyukitchenware.com\/wp-content\/uploads\/2025\/07\/Wholesale-Seasoning-Bowl-7-768x768.webp 768w, https:\/\/www.yongyukitchenware.com\/wp-content\/uploads\/2025\/07\/Wholesale-Seasoning-Bowl-7-12x12.webp 12w, https:\/\/www.yongyukitchenware.com\/wp-content\/uploads\/2025\/07\/Wholesale-Seasoning-Bowl-7-600x600.webp 600w, https:\/\/www.yongyukitchenware.com\/wp-content\/uploads\/2025\/07\/Wholesale-Seasoning-Bowl-7-100x100.webp 100w\" sizes=\"(max-width: 800px) 100vw, 800px\" \/><\/figure>\n\n\n\n<figure class=\"wp-block-image size-full is-resized\"><img decoding=\"async\" width=\"800\" height=\"800\" src=\"https:\/\/www.yongyukitchenware.com\/wp-content\/uploads\/2025\/07\/Wholesale-Seasoning-Bowl-3.webp\" alt=\"Gro\u00dfhandel-W\u00fcrze-Schale-3\" class=\"wp-image-4569\" style=\"width:384px\" srcset=\"https:\/\/www.yongyukitchenware.com\/wp-content\/uploads\/2025\/07\/Wholesale-Seasoning-Bowl-3.webp 800w, https:\/\/www.yongyukitchenware.com\/wp-content\/uploads\/2025\/07\/Wholesale-Seasoning-Bowl-3-300x300.webp 300w, https:\/\/www.yongyukitchenware.com\/wp-content\/uploads\/2025\/07\/Wholesale-Seasoning-Bowl-3-150x150.webp 150w, https:\/\/www.yongyukitchenware.com\/wp-content\/uploads\/2025\/07\/Wholesale-Seasoning-Bowl-3-768x768.webp 768w, https:\/\/www.yongyukitchenware.com\/wp-content\/uploads\/2025\/07\/Wholesale-Seasoning-Bowl-3-12x12.webp 12w, https:\/\/www.yongyukitchenware.com\/wp-content\/uploads\/2025\/07\/Wholesale-Seasoning-Bowl-3-600x600.webp 600w, https:\/\/www.yongyukitchenware.com\/wp-content\/uploads\/2025\/07\/Wholesale-Seasoning-Bowl-3-100x100.webp 100w\" sizes=\"(max-width: 800px) 100vw, 800px\" \/><\/figure>\n<\/div>\n<\/div>","protected":false},"excerpt":{"rendered":"<div class=\"n4sEPd\">\n<div class=\"UdTY9 qhIQqf leDWne\" aria-hidden=\"true\" data-location=\"1\">Diese Gew\u00fcrzsch\u00fcssel im Gro\u00dfhandel aus langlebigem 304-Edelstahl im koreanischen Stil und in schlichtem Silber eignet sich perfekt zum Servieren von Saucen, Gew\u00fcrzen und W\u00fcrzmitteln. Elegant und vielseitig, f\u00fcgt es eine stilvolle Note zu jedem Esstisch oder K\u00fcche.kontaktieren Sie uns bitte\uff01<\/div>\n<\/div>\n<h2 style=\"text-align: left;\">Gro\u00dfhandel Gew\u00fcrzsch\u00fcssel:<\/h2>\n<p style=\"text-align: left;\"><strong>Material:<\/strong> Rostfreier Stahl<br \/><strong>L\u00e4nge:<\/strong>10\/12\/14\/17\/20cm<br \/><strong>Die Form:<\/strong> Achteckige Form<br \/><strong>Verpacken:<\/strong> OPP-Beutel und -Karton<br \/><strong>OEM\/ODM:<\/strong> Verf\u00fcgbar<\/p>\n<h2 class=\"wp-block-heading\">Gro\u00dfhandel Edelstahl Gew\u00fcrzsch\u00fcssel Hersteller:<\/h2>\n<p>Egal, ob Sie ein Catering-Dienstleister, ein Hotel oder Restaurant oder ein Veranstaltungsplaner sind, wir bieten Ihnen umfassende Gro\u00dfhandelsl\u00f6sungen f\u00fcr Gastronomiebedarf zu hochwertigen Fabrikpreisen.<\/p>","protected":false},"featured_media":4567,"comment_status":"closed","ping_status":"closed","template":"","meta":{"_acf_changed":false},"application":[29],"product_brand":[],"product_cat":[21],"product_tag":[],"class_list":{"0":"post-4576","1":"product","2":"type-product","3":"status-publish","4":"has-post-thumbnail","6":"application-home-kitchen","7":"product_cat-tableware-wholesale","9":"first","10":"instock","11":"shipping-taxable","12":"product-type-simple"},"acf":[],"_links":{"self":[{"href":"https:\/\/www.yongyukitchenware.com\/de\/wp-json\/wp\/v2\/product\/4576","targetHints":{"allow":["GET"]}}],"collection":[{"href":"https:\/\/www.yongyukitchenware.com\/de\/wp-json\/wp\/v2\/product"}],"about":[{"href":"https:\/\/www.yongyukitchenware.com\/de\/wp-json\/wp\/v2\/types\/product"}],"replies":[{"embeddable":true,"href":"https:\/\/www.yongyukitchenware.com\/de\/wp-json\/wp\/v2\/comments?post=4576"}],"wp:featuredmedia":[{"embeddable":true,"href":"https:\/\/www.yongyukitchenware.com\/de\/wp-json\/wp\/v2\/media\/4567"}],"wp:attachment":[{"href":"https:\/\/www.yongyukitchenware.com\/de\/wp-json\/wp\/v2\/media?parent=4576"}],"wp:term":[{"taxonomy":"application","embeddable":true,"href":"https:\/\/www.yongyukitchenware.com\/de\/wp-json\/wp\/v2\/application?post=4576"},{"taxonomy":"product_brand","embeddable":true,"href":"https:\/\/www.yongyukitchenware.com\/de\/wp-json\/wp\/v2\/product_brand?post=4576"},{"taxonomy":"product_cat","embeddable":true,"href":"https:\/\/www.yongyukitchenware.com\/de\/wp-json\/wp\/v2\/product_cat?post=4576"},{"taxonomy":"product_tag","embeddable":true,"href":"https:\/\/www.yongyukitchenware.com\/de\/wp-json\/wp\/v2\/product_tag?post=4576"}],"curies":[{"name":"wp","href":"https:\/\/api.w.org\/{rel}","templated":true}]}}