{"id":4623,"date":"2025-08-09T09:34:39","date_gmt":"2025-08-09T09:34:39","guid":{"rendered":"https:\/\/www.yongyukitchenware.com\/?post_type=product&#038;p=4623"},"modified":"2025-11-04T02:29:28","modified_gmt":"2025-11-04T02:29:28","slug":"bulk-double-wall-metal-bowl-stainless-steel-ramen-soup-bowl-gold","status":"publish","type":"product","link":"https:\/\/www.yongyukitchenware.com\/de\/produkt\/bulk-double-wall-metal-bowl-stainless-steel-ramen-soup-bowl-gold\/","title":{"rendered":"Bulk Doppelwandige Metallsch\u00fcssel Edelstahl Ramen Suppensch\u00fcssel-Gold"},"content":{"rendered":"<div class=\"wp-block-columns is-layout-flex wp-container-core-columns-is-layout-9d6595d7 wp-block-columns-is-layout-flex\">\n<div class=\"wp-block-column is-layout-flow wp-block-column-is-layout-flow\">\n<div class=\"wp-block-columns is-layout-flex wp-container-core-columns-is-layout-9d6595d7 wp-block-columns-is-layout-flex\">\n<div class=\"wp-block-column is-layout-flow wp-block-column-is-layout-flow\">\n<h2 class=\"wp-block-heading\">Bulk Doppelwandige Metallsch\u00fcssel Merkmale:<\/h2>\n\n\n\n<p>Lebensmittelgeeigneter Edelstahl: Hergestellt aus lebensmittelechtem Edelstahl 304, ist es korrosionsbest\u00e4ndig, rostet nicht, ist sicher und geruchsneutral und eignet sich f\u00fcr den langfristigen Gebrauch.<\/p>\n\n\n\n<p>Doppellagiges Isolationsdesign: Die doppelschichtige, hohle Struktur isoliert die W\u00e4rme effektiv, so dass die Sch\u00fcssel nicht hei\u00df wird und Sie die hei\u00dfe Suppe oder Nudeln unbesorgt genie\u00dfen k\u00f6nnen.<\/p>\n\n\n\n<p>\u00c4sthetisches Design in V-Form: Der einzigartige V-f\u00f6rmige Sch\u00fcsselk\u00f6rper mit glatten Linien verbindet Funktionalit\u00e4t und Sch\u00f6nheit und verleiht dem Esstisch in der K\u00fcche einen eleganten Touch.<\/p>\n\n\n\n<p>Mehrere Gr\u00f6\u00dfenoptionen: Erh\u00e4ltlich in 8 Gr\u00f6\u00dfen, geeignet f\u00fcr Kindermahlzeiten, kleine Fastfood-Portionen oder Familientreffen, flexibel und praktisch.<\/p>\n\n\n\n<p>Leicht zu reinigen und langlebig: Mit seiner glatten Oberfl\u00e4che, die nicht zu R\u00fcckst\u00e4nden neigt, ist es bequem zu reinigen, sto\u00dffest und langlebig, was es zu einer idealen Wahl f\u00fcr das Alltagsgeschirr macht.<\/p>\n\n\n\n<figure class=\"wp-block-table\"><table class=\"has-fixed-layout\"><tbody><tr><td>Modell<\/td><td>Gr\u00f6\u00dfe<\/td><td>MOQ<\/td><\/tr><tr><td rowspan=\"8\">DY028-W<\/td><td>16cm<\/td><td rowspan=\"8\">200 STCK.<\/td><\/tr><tr><td>18cm<\/td><\/tr><tr><td>20cm<\/td><\/tr><tr><td>22cm<\/td><\/tr><tr><td>24cm<\/td><\/tr><tr><td>26cm<\/td><\/tr><tr><td>30cm<\/td><\/tr><tr><td>33cm<\/td><\/tr><\/tbody><\/table><\/figure>\n<\/div>\n\n\n\n<div class=\"wp-block-column is-layout-flow wp-block-column-is-layout-flow\">\n<div class=\"wp-block-columns is-layout-flex wp-container-core-columns-is-layout-9d6595d7 wp-block-columns-is-layout-flex\">\n<div class=\"wp-block-column is-layout-flow wp-block-column-is-layout-flow\">\n<div class=\"wp-block-columns is-layout-flex wp-container-core-columns-is-layout-9d6595d7 wp-block-columns-is-layout-flex\">\n<div class=\"wp-block-column is-layout-flow wp-block-column-is-layout-flow\">\n<div class=\"wp-block-columns is-layout-flex wp-container-core-columns-is-layout-9d6595d7 wp-block-columns-is-layout-flex\">\n<div class=\"wp-block-column is-layout-flow wp-block-column-is-layout-flow\">\n<figure class=\"wp-block-image size-full\"><img decoding=\"async\" width=\"800\" height=\"800\" src=\"https:\/\/www.yongyukitchenware.com\/wp-content\/uploads\/2025\/08\/Bulk-Double-Wall-Metal-Bowl.webp\" alt=\"Bulk Doppelwandige Metallsch\u00fcssel\" class=\"wp-image-4670\" style=\"object-fit:cover\" srcset=\"https:\/\/www.yongyukitchenware.com\/wp-content\/uploads\/2025\/08\/Bulk-Double-Wall-Metal-Bowl.webp 800w, https:\/\/www.yongyukitchenware.com\/wp-content\/uploads\/2025\/08\/Bulk-Double-Wall-Metal-Bowl-300x300.webp 300w, https:\/\/www.yongyukitchenware.com\/wp-content\/uploads\/2025\/08\/Bulk-Double-Wall-Metal-Bowl-150x150.webp 150w, https:\/\/www.yongyukitchenware.com\/wp-content\/uploads\/2025\/08\/Bulk-Double-Wall-Metal-Bowl-768x768.webp 768w, https:\/\/www.yongyukitchenware.com\/wp-content\/uploads\/2025\/08\/Bulk-Double-Wall-Metal-Bowl-12x12.webp 12w, https:\/\/www.yongyukitchenware.com\/wp-content\/uploads\/2025\/08\/Bulk-Double-Wall-Metal-Bowl-600x600.webp 600w, https:\/\/www.yongyukitchenware.com\/wp-content\/uploads\/2025\/08\/Bulk-Double-Wall-Metal-Bowl-100x100.webp 100w\" sizes=\"(max-width: 800px) 100vw, 800px\" \/><\/figure>\n<\/div>\n<\/div>\n\n\n\n<figure class=\"wp-block-image size-full\"><img decoding=\"async\" width=\"800\" height=\"800\" src=\"https:\/\/www.yongyukitchenware.com\/wp-content\/uploads\/2025\/07\/Wholesale-Double-Wall-Metal-Bowl-5.webp\" alt=\"Gro\u00dfhandel-Doppelwand-Metallsch\u00fcssel-5\" class=\"wp-image-4618\" srcset=\"https:\/\/www.yongyukitchenware.com\/wp-content\/uploads\/2025\/07\/Wholesale-Double-Wall-Metal-Bowl-5.webp 800w, https:\/\/www.yongyukitchenware.com\/wp-content\/uploads\/2025\/07\/Wholesale-Double-Wall-Metal-Bowl-5-300x300.webp 300w, https:\/\/www.yongyukitchenware.com\/wp-content\/uploads\/2025\/07\/Wholesale-Double-Wall-Metal-Bowl-5-150x150.webp 150w, https:\/\/www.yongyukitchenware.com\/wp-content\/uploads\/2025\/07\/Wholesale-Double-Wall-Metal-Bowl-5-768x768.webp 768w, https:\/\/www.yongyukitchenware.com\/wp-content\/uploads\/2025\/07\/Wholesale-Double-Wall-Metal-Bowl-5-12x12.webp 12w, https:\/\/www.yongyukitchenware.com\/wp-content\/uploads\/2025\/07\/Wholesale-Double-Wall-Metal-Bowl-5-600x600.webp 600w, https:\/\/www.yongyukitchenware.com\/wp-content\/uploads\/2025\/07\/Wholesale-Double-Wall-Metal-Bowl-5-100x100.webp 100w\" sizes=\"(max-width: 800px) 100vw, 800px\" \/><\/figure>\n<\/div>\n<\/div>\n\n\n\n<div class=\"wp-block-columns is-layout-flex wp-container-core-columns-is-layout-9d6595d7 wp-block-columns-is-layout-flex\">\n<div class=\"wp-block-column is-layout-flow wp-block-column-is-layout-flow\">\n<div class=\"wp-block-columns is-layout-flex wp-container-core-columns-is-layout-9d6595d7 wp-block-columns-is-layout-flex\">\n<div class=\"wp-block-column is-layout-flow wp-block-column-is-layout-flow\"><\/div>\n<\/div>\n<\/div>\n<\/div>\n<\/div>\n<\/div>\n<\/div>\n<\/div>\n<\/div>\n<\/div>\n\n\n\n<p><\/p>","protected":false},"excerpt":{"rendered":"<p>Die doppelwandige Metallsch\u00fcssel aus hochwertigem Edelstahl mit luxuri\u00f6sem Gold-Finish eignet sich perfekt f\u00fcr Ramen, Suppen oder Nudeln und bewahrt dabei Temperatur und Komfort.<\/p>\n<h2>Bulk Doppelwandige Metallsch\u00fcssel Eigenschaften :<\/h2>\n<p><strong>Material:<\/strong> Rostfreier Stahl<br \/><strong>Farbe:<\/strong> Gold\/Silber<br \/><strong>Verschiedene Gr\u00f6\u00dfen: <\/strong>16cm,18cm,20cm,22cm,24cm,26cm,30cm,33cm<br \/><strong>Verpacken:<\/strong> Opp-Beutel und -Karton<br \/><strong>OEM\/ODM:<\/strong> Verf\u00fcgbar<\/p>\n<h2><!-- \/wp:heading --><\/p>\n<p><!-- wp:paragraph --><\/h2>\n<h2 class=\"wp-block-heading\">Von Yongyu Tableware Wholesaler:<\/h2>\n<p class=\"wp-block-heading\">Yongyu Tableware Wholesaler erf\u00fcllt die Bed\u00fcrfnisse von Gro\u00dfkunden und bietet eine hochwertige Gro\u00dfhandelsserie f\u00fcr Gastronomiebedarf, die Eleganz und Langlebigkeit vereint. Einschlie\u00dflich Geschirr, Getr\u00e4nke, Catering-Ausr\u00fcstung, K\u00fcchenutensilien, Camp-K\u00fcche Essentials, etc.<\/p>\n<h2><!-- \/wp:paragraph --><\/h2>","protected":false},"featured_media":4619,"comment_status":"closed","ping_status":"closed","template":"","meta":{"_acf_changed":false},"application":[30],"product_brand":[],"product_cat":[21,47],"product_tag":[],"class_list":{"0":"post-4623","1":"product","2":"type-product","3":"status-publish","4":"has-post-thumbnail","6":"application-hotel-catering","7":"product_cat-tableware-wholesale","8":"product_cat-stainless-steel-bowls-wholesale","10":"first","11":"instock","12":"shipping-taxable","13":"product-type-simple"},"acf":[],"_links":{"self":[{"href":"https:\/\/www.yongyukitchenware.com\/de\/wp-json\/wp\/v2\/product\/4623","targetHints":{"allow":["GET"]}}],"collection":[{"href":"https:\/\/www.yongyukitchenware.com\/de\/wp-json\/wp\/v2\/product"}],"about":[{"href":"https:\/\/www.yongyukitchenware.com\/de\/wp-json\/wp\/v2\/types\/product"}],"replies":[{"embeddable":true,"href":"https:\/\/www.yongyukitchenware.com\/de\/wp-json\/wp\/v2\/comments?post=4623"}],"wp:featuredmedia":[{"embeddable":true,"href":"https:\/\/www.yongyukitchenware.com\/de\/wp-json\/wp\/v2\/media\/4619"}],"wp:attachment":[{"href":"https:\/\/www.yongyukitchenware.com\/de\/wp-json\/wp\/v2\/media?parent=4623"}],"wp:term":[{"taxonomy":"application","embeddable":true,"href":"https:\/\/www.yongyukitchenware.com\/de\/wp-json\/wp\/v2\/application?post=4623"},{"taxonomy":"product_brand","embeddable":true,"href":"https:\/\/www.yongyukitchenware.com\/de\/wp-json\/wp\/v2\/product_brand?post=4623"},{"taxonomy":"product_cat","embeddable":true,"href":"https:\/\/www.yongyukitchenware.com\/de\/wp-json\/wp\/v2\/product_cat?post=4623"},{"taxonomy":"product_tag","embeddable":true,"href":"https:\/\/www.yongyukitchenware.com\/de\/wp-json\/wp\/v2\/product_tag?post=4623"}],"curies":[{"name":"wp","href":"https:\/\/api.w.org\/{rel}","templated":true}]}}