{"id":4625,"date":"2025-08-15T07:25:43","date_gmt":"2025-08-15T07:25:43","guid":{"rendered":"https:\/\/www.yongyukitchenware.com\/?post_type=product&#038;p=4625"},"modified":"2025-08-15T07:27:24","modified_gmt":"2025-08-15T07:27:24","slug":"bulk-mini-sauce-dish-304-stainless-steel-dipping-cup-silver","status":"publish","type":"product","link":"https:\/\/www.yongyukitchenware.com\/de\/produkt\/bulk-mini-sauce-dish-304-stainless-steel-dipping-cup-silver\/","title":{"rendered":"Bulk Mini Sauce Dish 304 Edelstahl Dipping Cup-Silver"},"content":{"rendered":"<div class=\"wp-block-columns is-layout-flex wp-container-core-columns-is-layout-9d6595d7 wp-block-columns-is-layout-flex\">\n<div class=\"wp-block-column is-layout-flow wp-block-column-is-layout-flow\">\n<h2 class=\"wp-block-heading\">Bulk Mini-Saucensch\u00fcssel Gr\u00f6\u00dfe:<\/h2>\n\n\n\n<figure class=\"wp-block-table\"><table class=\"has-fixed-layout\"><tbody><tr><td>Modell<\/td><td>Gr\u00f6\u00dfe<\/td><td>Gewicht<\/td><td>MOQ<\/td><\/tr><tr><td rowspan=\"4\">DY031-W<\/td><td>80ml<\/td><td>30g<\/td><td rowspan=\"4\">200 STCK.<\/td><\/tr><tr><td>100ml<\/td><td>32g<\/td><\/tr><tr><td>200ml<\/td><td>50g<\/td><\/tr><tr><td>300ml<\/td><td>100g<\/td><\/tr><\/tbody><\/table><\/figure>\n\n\n\n<h2 class=\"wp-block-heading\">Bulk Mini Sauce Dish Merkmale:<\/h2>\n\n\n\n<p><strong>Material Edelstahl 304: <\/strong>Aus lebensmittelechtem Edelstahl 304 hergestellt, ist er korrosionsbest\u00e4ndig, hitzebest\u00e4ndig, absorbiert keine Aromen, vermischt keine Aromen und eignet sich f\u00fcr verschiedene So\u00dfen.<\/p>\n\n\n\n<p><strong>Innen geb\u00fcrstet und au\u00dfen gl\u00e4nzend lackiert: <\/strong>Die Innenwand ist mit einer geb\u00fcrsteten Oberfl\u00e4che versehen, die das Anhaften von So\u00dfe verhindert und die Reinigung erleichtert. Die Au\u00dfenwand ist hochglanzpoliert, was ein helles und angenehmes Erscheinungsbild ergibt.<\/p>\n\n\n\n<p><strong>Mehrere Kapazit\u00e4tsoptionen: <\/strong>Erh\u00e4ltlich in vier Gr\u00f6\u00dfen - 80 ml, 100 ml, 200 ml und 300 ml - f\u00fcr verschiedene Verwendungszwecke wie Dip-Saucen, W\u00fcrzmittel und Portionierung.<\/p>\n\n\n\n<p><strong>Design mit gro\u00dfem Durchmesser:<\/strong> Er verf\u00fcgt \u00fcber eine flache \u00d6ffnung mit gro\u00dfem Durchmesser, durch die sich die So\u00dfe bequem ausgie\u00dfen oder heraussch\u00f6pfen l\u00e4sst, was die Nutzungseffizienz verbessert und die Reinigung erleichtert.<\/p>\n\n\n\n<p><strong>Einteiliges Formteil:<\/strong> Der gesamte Becher ist aus einem St\u00fcck geformt, ohne zu schwei\u00dfen, mit einer stabilen Struktur, die sich nicht leicht verformt, und langlebig.<\/p>\n<\/div>\n\n\n\n<div class=\"wp-block-column is-layout-flow wp-block-column-is-layout-flow\">\n<figure class=\"wp-block-image size-full is-resized\"><img decoding=\"async\" width=\"800\" height=\"800\" src=\"https:\/\/www.yongyukitchenware.com\/wp-content\/uploads\/2025\/07\/Wholesale-Mini-Sauce-Dish-5.webp\" alt=\"Bulk-Mini-Saucen-Teller-5\" class=\"wp-image-4630\" style=\"width:384px;height:auto\" srcset=\"https:\/\/www.yongyukitchenware.com\/wp-content\/uploads\/2025\/07\/Wholesale-Mini-Sauce-Dish-5.webp 800w, https:\/\/www.yongyukitchenware.com\/wp-content\/uploads\/2025\/07\/Wholesale-Mini-Sauce-Dish-5-300x300.webp 300w, https:\/\/www.yongyukitchenware.com\/wp-content\/uploads\/2025\/07\/Wholesale-Mini-Sauce-Dish-5-150x150.webp 150w, https:\/\/www.yongyukitchenware.com\/wp-content\/uploads\/2025\/07\/Wholesale-Mini-Sauce-Dish-5-768x768.webp 768w, https:\/\/www.yongyukitchenware.com\/wp-content\/uploads\/2025\/07\/Wholesale-Mini-Sauce-Dish-5-12x12.webp 12w, https:\/\/www.yongyukitchenware.com\/wp-content\/uploads\/2025\/07\/Wholesale-Mini-Sauce-Dish-5-600x600.webp 600w, https:\/\/www.yongyukitchenware.com\/wp-content\/uploads\/2025\/07\/Wholesale-Mini-Sauce-Dish-5-100x100.webp 100w\" sizes=\"(max-width: 800px) 100vw, 800px\" \/><\/figure>\n\n\n\n<figure class=\"wp-block-image size-full is-resized\"><img decoding=\"async\" width=\"800\" height=\"800\" src=\"https:\/\/www.yongyukitchenware.com\/wp-content\/uploads\/2025\/07\/Wholesale-Mini-Sauce-Dish-7.webp\" alt=\"Bulk-Mini-Saucen-Teller-7\" class=\"wp-image-4632\" style=\"width:384px\" srcset=\"https:\/\/www.yongyukitchenware.com\/wp-content\/uploads\/2025\/07\/Wholesale-Mini-Sauce-Dish-7.webp 800w, https:\/\/www.yongyukitchenware.com\/wp-content\/uploads\/2025\/07\/Wholesale-Mini-Sauce-Dish-7-300x300.webp 300w, https:\/\/www.yongyukitchenware.com\/wp-content\/uploads\/2025\/07\/Wholesale-Mini-Sauce-Dish-7-150x150.webp 150w, https:\/\/www.yongyukitchenware.com\/wp-content\/uploads\/2025\/07\/Wholesale-Mini-Sauce-Dish-7-768x768.webp 768w, https:\/\/www.yongyukitchenware.com\/wp-content\/uploads\/2025\/07\/Wholesale-Mini-Sauce-Dish-7-12x12.webp 12w, https:\/\/www.yongyukitchenware.com\/wp-content\/uploads\/2025\/07\/Wholesale-Mini-Sauce-Dish-7-600x600.webp 600w, https:\/\/www.yongyukitchenware.com\/wp-content\/uploads\/2025\/07\/Wholesale-Mini-Sauce-Dish-7-100x100.webp 100w\" sizes=\"(max-width: 800px) 100vw, 800px\" \/><\/figure>\n<\/div>\n<\/div>","protected":false},"excerpt":{"rendered":"<div class=\"n4sEPd\">\n<div class=\"UdTY9 qhIQqf leDWne\" aria-hidden=\"true\" data-location=\"1\">Mini-Saucensch\u00fcssel, ein Tauchbecher aus Edelstahl 304 in schlichtem Silber. Langlebig, kompakt und perfekt f\u00fcr Saucen, Gew\u00fcrze oder kleine Portionen. Ideal f\u00fcr Restaurants, Catering oder f\u00fcr den Hausgebrauch, kombiniert Praktisches mit modernem Stil.contact us please\uff01<\/div>\n<\/div>\n<h2 style=\"text-align: left;\">Bulk Mini-Saucensch\u00fcssel:<\/h2>\n<p style=\"text-align: left;\"><strong>Material:<\/strong> Rostfreier Stahl<br \/><strong>Die Form:<\/strong> Runde Form<br \/><strong>Verpacken:<\/strong> OPP-Beutel und -Karton<br \/><strong>OEM\/ODM:<\/strong> Verf\u00fcgbar<\/p>\n<h2 style=\"text-align: left;\">Gro\u00dfpackung Mini-Saucensch\u00fcssel Hersteller:<\/h2>\n<p>Egal, ob Sie ein Catering-Dienstleister, ein Hotel oder Restaurant oder ein Veranstaltungsplaner sind, wir bieten Ihnen umfassende Gro\u00dfhandelsl\u00f6sungen f\u00fcr Gastronomiebedarf zu hochwertigen Fabrikpreisen.<\/p>","protected":false},"featured_media":4716,"comment_status":"closed","ping_status":"closed","template":"","meta":{"_acf_changed":true},"application":[29],"product_brand":[],"product_cat":[21],"product_tag":[],"class_list":{"0":"post-4625","1":"product","2":"type-product","3":"status-publish","4":"has-post-thumbnail","6":"application-home-kitchen","7":"product_cat-tableware-wholesale","9":"first","10":"instock","11":"shipping-taxable","12":"product-type-simple"},"acf":[],"_links":{"self":[{"href":"https:\/\/www.yongyukitchenware.com\/de\/wp-json\/wp\/v2\/product\/4625","targetHints":{"allow":["GET"]}}],"collection":[{"href":"https:\/\/www.yongyukitchenware.com\/de\/wp-json\/wp\/v2\/product"}],"about":[{"href":"https:\/\/www.yongyukitchenware.com\/de\/wp-json\/wp\/v2\/types\/product"}],"replies":[{"embeddable":true,"href":"https:\/\/www.yongyukitchenware.com\/de\/wp-json\/wp\/v2\/comments?post=4625"}],"wp:featuredmedia":[{"embeddable":true,"href":"https:\/\/www.yongyukitchenware.com\/de\/wp-json\/wp\/v2\/media\/4716"}],"wp:attachment":[{"href":"https:\/\/www.yongyukitchenware.com\/de\/wp-json\/wp\/v2\/media?parent=4625"}],"wp:term":[{"taxonomy":"application","embeddable":true,"href":"https:\/\/www.yongyukitchenware.com\/de\/wp-json\/wp\/v2\/application?post=4625"},{"taxonomy":"product_brand","embeddable":true,"href":"https:\/\/www.yongyukitchenware.com\/de\/wp-json\/wp\/v2\/product_brand?post=4625"},{"taxonomy":"product_cat","embeddable":true,"href":"https:\/\/www.yongyukitchenware.com\/de\/wp-json\/wp\/v2\/product_cat?post=4625"},{"taxonomy":"product_tag","embeddable":true,"href":"https:\/\/www.yongyukitchenware.com\/de\/wp-json\/wp\/v2\/product_tag?post=4625"}],"curies":[{"name":"wp","href":"https:\/\/api.w.org\/{rel}","templated":true}]}}