{"id":4655,"date":"2025-08-06T06:32:35","date_gmt":"2025-08-06T06:32:35","guid":{"rendered":"https:\/\/www.yongyukitchenware.com\/?post_type=product&#038;p=4655"},"modified":"2025-08-06T06:32:37","modified_gmt":"2025-08-06T06:32:37","slug":"wholesale-stainless-steel-lettuce-bowls-restaurant-bbq-service-bowls-silver","status":"publish","type":"product","link":"https:\/\/www.yongyukitchenware.com\/de\/produkt\/wholesale-stainless-steel-lettuce-bowls-restaurant-bbq-service-bowls-silver\/","title":{"rendered":"Gro\u00dfhandel Edelstahl Salatsch\u00fcsseln Restaurant BBQ Service Schalen-Silber"},"content":{"rendered":"<div class=\"wp-block-columns is-layout-flex wp-container-core-columns-is-layout-9d6595d7 wp-block-columns-is-layout-flex\">\n<div class=\"wp-block-column is-layout-flow wp-block-column-is-layout-flow\">\n<div class=\"wp-block-columns is-layout-flex wp-container-core-columns-is-layout-9d6595d7 wp-block-columns-is-layout-flex\">\n<div class=\"wp-block-column is-layout-flow wp-block-column-is-layout-flow\">\n<h2 class=\"wp-block-heading\">Gro\u00dfhandel Edelstahl Salatsch\u00fcsseln Merkmale:<\/h2>\n\n\n\n<p><strong>Ausgew\u00e4hltes Material aus rostfreiem Stahl:<\/strong> Edelstahl in Lebensmittelqualit\u00e4t, korrosionsbest\u00e4ndig, nicht anf\u00e4llig f\u00fcr Geruchsbildung, langlebig, die erste Wahl f\u00fcr die Gesundheit.<\/p>\n\n\n\n<p><strong>Gekr\u00e4useltes Fasen-Design: <\/strong>Das abgeschr\u00e4gte und gewellte Design macht es nicht nur bequem, Gem\u00fcse und Obst zu greifen, sondern verbessert auch das Handgef\u00fchl und die Sicherheit und verhindert Schnittverletzungen.<\/p>\n\n\n\n<p><strong>Drei Oberfl\u00e4chenbehandlungen: <\/strong>Spiegelglanz, sandgestrahlte Oberfl\u00e4che und geb\u00fcrstete Retro-Oberfl\u00e4che f\u00fcr unterschiedliche R\u00e4ume und \u00e4sthetische Stile.<\/p>\n\n\n\n<p><strong>Zwei Gr\u00f6\u00dfen:<\/strong>Die beiden Gr\u00f6\u00dfen 15 cm und 17 cm eignen sich f\u00fcr den t\u00e4glichen Gebrauch in der Familie oder auf Partys und k\u00f6nnen frei kombiniert werden, um sie noch praktischer zu machen.<\/p>\n\n\n\n<figure class=\"wp-block-table\"><table class=\"has-fixed-layout\"><tbody><tr><td>Modell<\/td><td>Gr\u00f6\u00dfe<\/td><td>Gewicht<\/td><td>MOQ<\/td><\/tr><tr><td rowspan=\"2\">DY030-W<\/td><td>15cm<\/td><td>252g<\/td><td rowspan=\"2\">200 STCK.<\/td><\/tr><tr><td>17cm<\/td><td>340g<\/td><\/tr><\/tbody><\/table><\/figure>\n<\/div>\n\n\n\n<div class=\"wp-block-column is-layout-flow wp-block-column-is-layout-flow\">\n<div class=\"wp-block-columns is-layout-flex wp-container-core-columns-is-layout-9d6595d7 wp-block-columns-is-layout-flex\">\n<div class=\"wp-block-column is-layout-flow wp-block-column-is-layout-flow\">\n<div class=\"wp-block-columns is-layout-flex wp-container-core-columns-is-layout-9d6595d7 wp-block-columns-is-layout-flex\">\n<div class=\"wp-block-column is-layout-flow wp-block-column-is-layout-flow\">\n<div class=\"wp-block-columns is-layout-flex wp-container-core-columns-is-layout-9d6595d7 wp-block-columns-is-layout-flex\">\n<div class=\"wp-block-column is-layout-flow wp-block-column-is-layout-flow\">\n<figure class=\"wp-block-image size-full is-resized\"><img decoding=\"async\" width=\"800\" height=\"800\" src=\"https:\/\/www.yongyukitchenware.com\/wp-content\/uploads\/2025\/08\/Bulk-Stainless-Steel-Lettuce-Bowls-5.webp\" alt=\"Bulk-Edelstahl-Salatschalen-5\" class=\"wp-image-4650\" style=\"width:459px;height:auto\" srcset=\"https:\/\/www.yongyukitchenware.com\/wp-content\/uploads\/2025\/08\/Bulk-Stainless-Steel-Lettuce-Bowls-5.webp 800w, https:\/\/www.yongyukitchenware.com\/wp-content\/uploads\/2025\/08\/Bulk-Stainless-Steel-Lettuce-Bowls-5-300x300.webp 300w, https:\/\/www.yongyukitchenware.com\/wp-content\/uploads\/2025\/08\/Bulk-Stainless-Steel-Lettuce-Bowls-5-150x150.webp 150w, https:\/\/www.yongyukitchenware.com\/wp-content\/uploads\/2025\/08\/Bulk-Stainless-Steel-Lettuce-Bowls-5-768x768.webp 768w, https:\/\/www.yongyukitchenware.com\/wp-content\/uploads\/2025\/08\/Bulk-Stainless-Steel-Lettuce-Bowls-5-12x12.webp 12w, https:\/\/www.yongyukitchenware.com\/wp-content\/uploads\/2025\/08\/Bulk-Stainless-Steel-Lettuce-Bowls-5-600x600.webp 600w, https:\/\/www.yongyukitchenware.com\/wp-content\/uploads\/2025\/08\/Bulk-Stainless-Steel-Lettuce-Bowls-5-100x100.webp 100w\" sizes=\"(max-width: 800px) 100vw, 800px\" \/><\/figure>\n<\/div>\n<\/div>\n\n\n\n<figure class=\"wp-block-image size-full\"><img decoding=\"async\" width=\"800\" height=\"800\" src=\"https:\/\/www.yongyukitchenware.com\/wp-content\/uploads\/2025\/08\/Bulk-Stainless-Steel-Lettuce-Bowls-8.webp\" alt=\"Bulk-Edelstahl-Salatschalen-8\" class=\"wp-image-4653\" srcset=\"https:\/\/www.yongyukitchenware.com\/wp-content\/uploads\/2025\/08\/Bulk-Stainless-Steel-Lettuce-Bowls-8.webp 800w, https:\/\/www.yongyukitchenware.com\/wp-content\/uploads\/2025\/08\/Bulk-Stainless-Steel-Lettuce-Bowls-8-300x300.webp 300w, https:\/\/www.yongyukitchenware.com\/wp-content\/uploads\/2025\/08\/Bulk-Stainless-Steel-Lettuce-Bowls-8-150x150.webp 150w, https:\/\/www.yongyukitchenware.com\/wp-content\/uploads\/2025\/08\/Bulk-Stainless-Steel-Lettuce-Bowls-8-768x768.webp 768w, https:\/\/www.yongyukitchenware.com\/wp-content\/uploads\/2025\/08\/Bulk-Stainless-Steel-Lettuce-Bowls-8-12x12.webp 12w, https:\/\/www.yongyukitchenware.com\/wp-content\/uploads\/2025\/08\/Bulk-Stainless-Steel-Lettuce-Bowls-8-600x600.webp 600w, https:\/\/www.yongyukitchenware.com\/wp-content\/uploads\/2025\/08\/Bulk-Stainless-Steel-Lettuce-Bowls-8-100x100.webp 100w\" sizes=\"(max-width: 800px) 100vw, 800px\" \/><\/figure>\n<\/div>\n<\/div>\n\n\n\n<div class=\"wp-block-columns is-layout-flex wp-container-core-columns-is-layout-9d6595d7 wp-block-columns-is-layout-flex\">\n<div class=\"wp-block-column is-layout-flow wp-block-column-is-layout-flow\">\n<div class=\"wp-block-columns is-layout-flex wp-container-core-columns-is-layout-9d6595d7 wp-block-columns-is-layout-flex\">\n<div class=\"wp-block-column is-layout-flow wp-block-column-is-layout-flow\"><\/div>\n<\/div>\n<\/div>\n<\/div>\n<\/div>\n<\/div>\n<\/div>\n<\/div>\n<\/div>\n<\/div>\n\n\n\n<p><\/p>","protected":false},"excerpt":{"rendered":"<p>Gro\u00dfhandels-Edelstahl-Salatschalen f\u00fcr Restaurants und BBQ-Services. Langlebig und schlankes silbernes Design ideal zum Servieren von frischem Salat und Beilagen. \u00a0 \u00a0\u00a0<\/p>\n<h2>Gro\u00dfhandel Edelstahl Salatsch\u00fcsseln Attribute :<\/h2>\n<p><strong>Material:<\/strong> Rostfreier Stahl<br \/><strong>Farbe:<\/strong> Gold\/Silber<br \/><strong>Verschiedene Gr\u00f6\u00dfen: <\/strong>15\/17cm<br \/><strong>Verpacken:<\/strong> Opp-Beutel und -Karton<br \/><strong>OEM\/ODM:<\/strong> Verf\u00fcgbar<\/p>\n<h2><!-- \/wp:heading --><\/p>\n<p><!-- wp:paragraph --><\/h2>\n<h2 class=\"wp-block-heading\">Von Yongyu Tableware Wholesaler:<\/h2>\n<p class=\"wp-block-heading\">Yongyu Tableware Wholesaler erf\u00fcllt die Bed\u00fcrfnisse von Gro\u00dfkunden und bietet eine hochwertige Gro\u00dfhandelsserie f\u00fcr Gastronomiebedarf, die Eleganz und Langlebigkeit vereint. Einschlie\u00dflich Geschirr, Getr\u00e4nke, Catering-Ausr\u00fcstung, K\u00fcchenutensilien, Camp-K\u00fcche Essentials, etc.<\/p>\n<h2><!-- \/wp:paragraph --><\/h2>","protected":false},"featured_media":4656,"comment_status":"closed","ping_status":"closed","template":"","meta":{"_acf_changed":false},"application":[30],"product_brand":[],"product_cat":[21,47],"product_tag":[],"class_list":{"0":"post-4655","1":"product","2":"type-product","3":"status-publish","4":"has-post-thumbnail","6":"application-hotel-catering","7":"product_cat-tableware-wholesale","8":"product_cat-stainless-steel-bowls-wholesale","10":"first","11":"instock","12":"shipping-taxable","13":"product-type-simple"},"acf":[],"_links":{"self":[{"href":"https:\/\/www.yongyukitchenware.com\/de\/wp-json\/wp\/v2\/product\/4655","targetHints":{"allow":["GET"]}}],"collection":[{"href":"https:\/\/www.yongyukitchenware.com\/de\/wp-json\/wp\/v2\/product"}],"about":[{"href":"https:\/\/www.yongyukitchenware.com\/de\/wp-json\/wp\/v2\/types\/product"}],"replies":[{"embeddable":true,"href":"https:\/\/www.yongyukitchenware.com\/de\/wp-json\/wp\/v2\/comments?post=4655"}],"wp:featuredmedia":[{"embeddable":true,"href":"https:\/\/www.yongyukitchenware.com\/de\/wp-json\/wp\/v2\/media\/4656"}],"wp:attachment":[{"href":"https:\/\/www.yongyukitchenware.com\/de\/wp-json\/wp\/v2\/media?parent=4655"}],"wp:term":[{"taxonomy":"application","embeddable":true,"href":"https:\/\/www.yongyukitchenware.com\/de\/wp-json\/wp\/v2\/application?post=4655"},{"taxonomy":"product_brand","embeddable":true,"href":"https:\/\/www.yongyukitchenware.com\/de\/wp-json\/wp\/v2\/product_brand?post=4655"},{"taxonomy":"product_cat","embeddable":true,"href":"https:\/\/www.yongyukitchenware.com\/de\/wp-json\/wp\/v2\/product_cat?post=4655"},{"taxonomy":"product_tag","embeddable":true,"href":"https:\/\/www.yongyukitchenware.com\/de\/wp-json\/wp\/v2\/product_tag?post=4655"}],"curies":[{"name":"wp","href":"https:\/\/api.w.org\/{rel}","templated":true}]}}