{"id":4673,"date":"2025-08-15T07:12:24","date_gmt":"2025-08-15T07:12:24","guid":{"rendered":"https:\/\/www.yongyukitchenware.com\/?post_type=product&#038;p=4673"},"modified":"2025-08-15T07:12:27","modified_gmt":"2025-08-15T07:12:27","slug":"custom-milk-frothing-pitcher-and-stainless-steel-bell-creamer","status":"publish","type":"product","link":"https:\/\/www.yongyukitchenware.com\/de\/produkt\/custom-milk-frothing-pitcher-and-stainless-steel-bell-creamer\/","title":{"rendered":"Individuell gestalteter Milchaufsch\u00e4umerkrug und Glockencreamer aus Edelstahl"},"content":{"rendered":"<div class=\"wp-block-columns is-layout-flex wp-container-core-columns-is-layout-9d6595d7 wp-block-columns-is-layout-flex\">\n<div class=\"wp-block-column is-layout-flow wp-block-column-is-layout-flow\">\n<h2 class=\"wp-block-heading\">Individueller Milchaufsch\u00e4umerkrug Merkmale:<\/h2>\n\n\n\n<p><strong>Mehrere Gr\u00f6\u00dfenoptionen: <\/strong>Erh\u00e4ltlich in den Gr\u00f6\u00dfen 2 oz, 3 oz, 5 oz und 8 oz, um verschiedenen Anforderungen an die Kaffeezubereitung und Latte Art gerecht zu werden.<\/p>\n\n\n\n<p><strong>Stabile und ergonomische Trommelform: <\/strong>Niedriger Schwerpunkt und bequemer Griff f\u00fcr bessere Kontrolle beim Ausgie\u00dfen.<\/p>\n\n\n\n<p><strong>Lebensmittelgeeigneter Edelstahl: <\/strong>Hergestellt aus langlebigem Edelstahl, rostfrei, hitzebest\u00e4ndig und leicht zu reinigen.<\/p>\n\n\n\n<p><strong>Hochglanzpoliert:<\/strong> Elegantes, professionelles Aussehen, geeignet f\u00fcr Caf\u00e9s, den Heimgebrauch oder die Barista-Ausbildung.<\/p>\n\n\n\n<p><strong>Pr\u00e4zisionsauslauf: <\/strong>Sanftes, pr\u00e4zises Ausgie\u00dfen f\u00fcr saubere Linien und detaillierte Latte Art.<\/p>\n\n\n\n<h2 class=\"wp-block-heading\">Individueller Milchaufsch\u00e4umerkrug Gr\u00f6\u00dfe:<\/h2>\n\n\n\n<figure class=\"wp-block-table\"><table class=\"has-fixed-layout\"><tbody><tr><td>Modell<\/td><td>Gr\u00f6\u00dfe<\/td><td>Gewicht<\/td><td>MOQ<\/td><\/tr><tr><td rowspan=\"4\">DY056-B<\/td><td>2oz<\/td><td>27g<\/td><td>400 STCK.<\/td><\/tr><tr><td>3oz<\/td><td>37g<\/td><td rowspan=\"3\">320 STCK.<\/td><\/tr><tr><td>5oz<\/td><td>61g<\/td><\/tr><tr><td>8oz<\/td><td>84g<\/td><\/tr><\/tbody><\/table><\/figure>\n<\/div>\n\n\n\n<div class=\"wp-block-column is-layout-flow wp-block-column-is-layout-flow\">\n<div class=\"wp-block-columns is-layout-flex wp-container-core-columns-is-layout-9d6595d7 wp-block-columns-is-layout-flex\">\n<div class=\"wp-block-column is-layout-flow wp-block-column-is-layout-flow\">\n<figure class=\"wp-block-image size-full\"><img decoding=\"async\" width=\"800\" height=\"800\" src=\"https:\/\/www.yongyukitchenware.com\/wp-content\/uploads\/2025\/08\/Custom-Milk-Frothing-Pitcher-5.webp\" alt=\"Kundenspezifischer-Milchaufsch\u00e4umerkrug-5\" class=\"wp-image-4678\" srcset=\"https:\/\/www.yongyukitchenware.com\/wp-content\/uploads\/2025\/08\/Custom-Milk-Frothing-Pitcher-5.webp 800w, https:\/\/www.yongyukitchenware.com\/wp-content\/uploads\/2025\/08\/Custom-Milk-Frothing-Pitcher-5-300x300.webp 300w, https:\/\/www.yongyukitchenware.com\/wp-content\/uploads\/2025\/08\/Custom-Milk-Frothing-Pitcher-5-150x150.webp 150w, https:\/\/www.yongyukitchenware.com\/wp-content\/uploads\/2025\/08\/Custom-Milk-Frothing-Pitcher-5-768x768.webp 768w, https:\/\/www.yongyukitchenware.com\/wp-content\/uploads\/2025\/08\/Custom-Milk-Frothing-Pitcher-5-12x12.webp 12w, https:\/\/www.yongyukitchenware.com\/wp-content\/uploads\/2025\/08\/Custom-Milk-Frothing-Pitcher-5-600x600.webp 600w, https:\/\/www.yongyukitchenware.com\/wp-content\/uploads\/2025\/08\/Custom-Milk-Frothing-Pitcher-5-100x100.webp 100w\" sizes=\"(max-width: 800px) 100vw, 800px\" \/><\/figure>\n<\/div>\n<\/div>\n<\/div>\n<\/div>\n\n\n\n<p><\/p>","protected":false},"excerpt":{"rendered":"<p>Individuelles Set aus Milchschaumkanne und Edelstahlglocke. Langlebig, einfach zu bedienen und perfekt f\u00fcr glatten Milchschaum und Latte Art. Erkundigen Sie sich jetzt nach Mengenpreisen!<\/p>\n<h2 style=\"text-align: left;\">Kundenspezifischer Milchaufsch\u00e4umerkrug Parameter:<\/h2>\n<p style=\"text-align: left;\"><strong>Material:<\/strong> Rostfreier Stahl<br \/><strong>Farbe:<\/strong> Silber<br \/><b>Entwurf:\u00a0<\/b>Gro\u00dfkalibrige \u00d6ffnung und kurzer Ausguss<br \/><strong>OEM\/ODM:<\/strong> Verf\u00fcgbar<\/p>\n<h2 class=\"wp-block-heading\">Von Yongyu Kitchenware Hersteller:<\/h2>\n<p>Yongyu ist ein professioneller Hersteller von K\u00fcchenger\u00e4ten. Zu unseren Produkten geh\u00f6ren alle Arten von Kochgeschirr und K\u00fcchenzubeh\u00f6r aus Edelstahl. Wir bieten ma\u00dfgeschneiderte L\u00f6sungen mit hochwertigen Produkten zu Fabrikpreisen.<\/p>","protected":false},"featured_media":4674,"comment_status":"closed","ping_status":"closed","template":"","meta":{"_acf_changed":false},"application":[30],"product_brand":[],"product_cat":[20,52],"product_tag":[],"class_list":{"0":"post-4673","1":"product","2":"type-product","3":"status-publish","4":"has-post-thumbnail","6":"application-hotel-catering","7":"product_cat-wholesale-drinkware","8":"product_cat-milk-frothing-pitcher-wholesale","10":"first","11":"instock","12":"shipping-taxable","13":"product-type-simple"},"acf":[],"_links":{"self":[{"href":"https:\/\/www.yongyukitchenware.com\/de\/wp-json\/wp\/v2\/product\/4673","targetHints":{"allow":["GET"]}}],"collection":[{"href":"https:\/\/www.yongyukitchenware.com\/de\/wp-json\/wp\/v2\/product"}],"about":[{"href":"https:\/\/www.yongyukitchenware.com\/de\/wp-json\/wp\/v2\/types\/product"}],"replies":[{"embeddable":true,"href":"https:\/\/www.yongyukitchenware.com\/de\/wp-json\/wp\/v2\/comments?post=4673"}],"wp:featuredmedia":[{"embeddable":true,"href":"https:\/\/www.yongyukitchenware.com\/de\/wp-json\/wp\/v2\/media\/4674"}],"wp:attachment":[{"href":"https:\/\/www.yongyukitchenware.com\/de\/wp-json\/wp\/v2\/media?parent=4673"}],"wp:term":[{"taxonomy":"application","embeddable":true,"href":"https:\/\/www.yongyukitchenware.com\/de\/wp-json\/wp\/v2\/application?post=4673"},{"taxonomy":"product_brand","embeddable":true,"href":"https:\/\/www.yongyukitchenware.com\/de\/wp-json\/wp\/v2\/product_brand?post=4673"},{"taxonomy":"product_cat","embeddable":true,"href":"https:\/\/www.yongyukitchenware.com\/de\/wp-json\/wp\/v2\/product_cat?post=4673"},{"taxonomy":"product_tag","embeddable":true,"href":"https:\/\/www.yongyukitchenware.com\/de\/wp-json\/wp\/v2\/product_tag?post=4673"}],"curies":[{"name":"wp","href":"https:\/\/api.w.org\/{rel}","templated":true}]}}