{"id":4702,"date":"2025-08-20T07:46:31","date_gmt":"2025-08-20T07:46:31","guid":{"rendered":"https:\/\/www.yongyukitchenware.com\/?post_type=product&#038;p=4702"},"modified":"2025-08-20T07:46:35","modified_gmt":"2025-08-20T07:46:35","slug":"wholesale-sauce-cups-with-wooden-handle-304-stainless-steel-gold","status":"publish","type":"product","link":"https:\/\/www.yongyukitchenware.com\/de\/produkt\/wholesale-sauce-cups-with-wooden-handle-304-stainless-steel-gold\/","title":{"rendered":"Gro\u00dfhandel So\u00dfe Tassen mit Holzgriff 304 Edelstahl-Gold"},"content":{"rendered":"<div class=\"wp-block-columns is-layout-flex wp-container-core-columns-is-layout-9d6595d7 wp-block-columns-is-layout-flex\">\n<div class=\"wp-block-column is-layout-flow wp-block-column-is-layout-flow\">\n<h2 class=\"wp-block-heading\">Gro\u00dfhandel So\u00dfenbecher mit Holzgriff Gr\u00f6\u00dfe:<\/h2>\n\n\n\n<figure class=\"wp-block-table\"><table class=\"has-fixed-layout\"><tbody><tr><td>Modell<\/td><td>Gr\u00f6\u00dfe<\/td><td>MOQ<\/td><\/tr><tr><td rowspan=\"3\">DY055-B<\/td><td>60ML<\/td><td rowspan=\"3\">200 STCK.<\/td><\/tr><tr><td>120ML<\/td><\/tr><tr><td>180ML<\/td><\/tr><\/tbody><\/table><\/figure>\n\n\n\n<h2 class=\"wp-block-heading\">Gro\u00dfhandel So\u00dfe Tassen mit h\u00f6lzernen Griff Features:<\/h2>\n\n\n\n<p><strong>Mehrere Gr\u00f6\u00dfenoptionen:<\/strong> Erh\u00e4ltlich in den Gr\u00f6\u00dfen 60 ml, 120 ml und 180 ml f\u00fcr alle Anforderungen, von der Hausmannskost bis zur professionellen K\u00fcche.<\/p>\n\n\n\n<p><strong>Direkte Hitze sicher:<\/strong> Hergestellt aus lebensmittelechtem Edelstahl, sicher f\u00fcr offene Flammen oder auf dem Herd - ideal zum Erw\u00e4rmen von So\u00dfen, Schmelzen von Butter oder Schokolade.<\/p>\n\n\n\n<p><strong>Bauchf\u00f6rmiges Design:<\/strong> Der breite, abgerundete K\u00f6rper sorgt f\u00fcr gleichm\u00e4\u00dfiges Erhitzen, einfaches Umr\u00fchren und minimales Versch\u00fctten.<\/p>\n\n\n\n<p><strong>Hitzebest\u00e4ndiger Holzgriff:<\/strong> Ein einzelner Holzgriff bietet einen bequemen Griff und eine wirksame Isolierung f\u00fcr eine sicherere Handhabung.<\/p>\n\n\n\n<p><strong>Anti-Tropf-Auslauf: <\/strong>Der durchdachte Ausgie\u00dfer sorgt f\u00fcr gleichm\u00e4\u00dfiges, sauberes Ausgie\u00dfen mit pr\u00e4ziser Kontrolle.<\/p>\n<\/div>\n\n\n\n<div class=\"wp-block-column is-layout-flow wp-block-column-is-layout-flow\">\n<figure class=\"wp-block-image size-full is-resized\"><img decoding=\"async\" width=\"800\" height=\"800\" src=\"https:\/\/www.yongyukitchenware.com\/wp-content\/uploads\/2025\/08\/Wholesale-Sauce-Cups-with-Wooden-Handle-3.webp\" alt=\"Gro\u00dfhandel-Saucenbecher-mit-Holzgriff-3\" class=\"wp-image-4706\" style=\"width:384px;height:auto\" srcset=\"https:\/\/www.yongyukitchenware.com\/wp-content\/uploads\/2025\/08\/Wholesale-Sauce-Cups-with-Wooden-Handle-3.webp 800w, https:\/\/www.yongyukitchenware.com\/wp-content\/uploads\/2025\/08\/Wholesale-Sauce-Cups-with-Wooden-Handle-3-300x300.webp 300w, https:\/\/www.yongyukitchenware.com\/wp-content\/uploads\/2025\/08\/Wholesale-Sauce-Cups-with-Wooden-Handle-3-150x150.webp 150w, https:\/\/www.yongyukitchenware.com\/wp-content\/uploads\/2025\/08\/Wholesale-Sauce-Cups-with-Wooden-Handle-3-768x768.webp 768w, https:\/\/www.yongyukitchenware.com\/wp-content\/uploads\/2025\/08\/Wholesale-Sauce-Cups-with-Wooden-Handle-3-12x12.webp 12w, https:\/\/www.yongyukitchenware.com\/wp-content\/uploads\/2025\/08\/Wholesale-Sauce-Cups-with-Wooden-Handle-3-600x600.webp 600w, https:\/\/www.yongyukitchenware.com\/wp-content\/uploads\/2025\/08\/Wholesale-Sauce-Cups-with-Wooden-Handle-3-100x100.webp 100w\" sizes=\"(max-width: 800px) 100vw, 800px\" \/><\/figure>\n\n\n\n<figure class=\"wp-block-image size-full is-resized\"><img decoding=\"async\" width=\"800\" height=\"800\" src=\"https:\/\/www.yongyukitchenware.com\/wp-content\/uploads\/2025\/08\/Wholesale-Sauce-Cups-with-Wooden-Handle-4.webp\" alt=\"Gro\u00dfhandel-Saucenbecher-mit-Holzgriff-4\" class=\"wp-image-4707\" style=\"width:384px\" srcset=\"https:\/\/www.yongyukitchenware.com\/wp-content\/uploads\/2025\/08\/Wholesale-Sauce-Cups-with-Wooden-Handle-4.webp 800w, https:\/\/www.yongyukitchenware.com\/wp-content\/uploads\/2025\/08\/Wholesale-Sauce-Cups-with-Wooden-Handle-4-300x300.webp 300w, https:\/\/www.yongyukitchenware.com\/wp-content\/uploads\/2025\/08\/Wholesale-Sauce-Cups-with-Wooden-Handle-4-150x150.webp 150w, https:\/\/www.yongyukitchenware.com\/wp-content\/uploads\/2025\/08\/Wholesale-Sauce-Cups-with-Wooden-Handle-4-768x768.webp 768w, https:\/\/www.yongyukitchenware.com\/wp-content\/uploads\/2025\/08\/Wholesale-Sauce-Cups-with-Wooden-Handle-4-12x12.webp 12w, https:\/\/www.yongyukitchenware.com\/wp-content\/uploads\/2025\/08\/Wholesale-Sauce-Cups-with-Wooden-Handle-4-600x600.webp 600w, https:\/\/www.yongyukitchenware.com\/wp-content\/uploads\/2025\/08\/Wholesale-Sauce-Cups-with-Wooden-Handle-4-100x100.webp 100w\" sizes=\"(max-width: 800px) 100vw, 800px\" \/><\/figure>\n<\/div>\n<\/div>","protected":false},"excerpt":{"rendered":"<div class=\"n4sEPd\">\n<div class=\"UdTY9 qhIQqf leDWne\" aria-hidden=\"true\" data-location=\"1\">\n<div class=\"flex max-w-full flex-col grow\">\n<div class=\"min-h-8 text-message relative flex w-full flex-col items-end gap-2 text-start break-words whitespace-normal [.text-message+&amp;]:mt-5\" dir=\"auto\" data-message-author-role=\"assistant\" data-message-id=\"4c6991e3-4a22-47e9-b97b-4d4c478c9c79\" data-message-model-slug=\"gpt-5\">\n<div class=\"flex w-full flex-col gap-1 empty:hidden first:pt-[3px]\">\n<div class=\"markdown prose dark:prose-invert w-full break-words light markdown-new-styling\">\n<p data-start=\"0\" data-end=\"188\" data-is-last-node=\"\" data-is-only-node=\"\">Gro\u00dfhandel So\u00dfenbecher mit Holzgriff, aus hochwertigem 304 Edelstahl mit einem Gold-Finish, langlebig, rostbest\u00e4ndig und perfekt f\u00fcr Restaurants, Hotels oder zu Hause in Gro\u00dfeinkauf.kontaktieren Sie uns bitte<\/p>\n<\/div>\n<\/div>\n<\/div>\n<\/div>\n<\/div>\n<\/div>\n<h2 style=\"text-align: left;\">Gro\u00dfhandel So\u00dfenbecher mit Holzgriff:<\/h2>\n<p style=\"text-align: left;\"><strong>Material:<\/strong> Rostfreier Stahl<br \/><strong>Die Form:<\/strong> Runde Form<br \/><strong>Verpacken:<\/strong> OPP-Beutel und -Karton<br \/><strong>OEM\/ODM:<\/strong> Verf\u00fcgbar<\/p>\n<h2 class=\"wp-block-heading\">Gro\u00dfhandel Edelstahl Gew\u00fcrzsch\u00fcssel Hersteller:<\/h2>\n<p>Egal, ob Sie ein Catering-Dienstleister, ein Hotel oder Restaurant oder ein Veranstaltungsplaner sind, wir bieten Ihnen umfassende Gro\u00dfhandelsl\u00f6sungen f\u00fcr Gastronomiebedarf zu hochwertigen Fabrikpreisen.<\/p>","protected":false},"featured_media":4718,"comment_status":"closed","ping_status":"closed","template":"","meta":{"_acf_changed":false},"application":[29],"product_brand":[],"product_cat":[21],"product_tag":[],"class_list":{"0":"post-4702","1":"product","2":"type-product","3":"status-publish","4":"has-post-thumbnail","6":"application-home-kitchen","7":"product_cat-tableware-wholesale","9":"first","10":"instock","11":"shipping-taxable","12":"product-type-simple"},"acf":[],"_links":{"self":[{"href":"https:\/\/www.yongyukitchenware.com\/de\/wp-json\/wp\/v2\/product\/4702","targetHints":{"allow":["GET"]}}],"collection":[{"href":"https:\/\/www.yongyukitchenware.com\/de\/wp-json\/wp\/v2\/product"}],"about":[{"href":"https:\/\/www.yongyukitchenware.com\/de\/wp-json\/wp\/v2\/types\/product"}],"replies":[{"embeddable":true,"href":"https:\/\/www.yongyukitchenware.com\/de\/wp-json\/wp\/v2\/comments?post=4702"}],"wp:featuredmedia":[{"embeddable":true,"href":"https:\/\/www.yongyukitchenware.com\/de\/wp-json\/wp\/v2\/media\/4718"}],"wp:attachment":[{"href":"https:\/\/www.yongyukitchenware.com\/de\/wp-json\/wp\/v2\/media?parent=4702"}],"wp:term":[{"taxonomy":"application","embeddable":true,"href":"https:\/\/www.yongyukitchenware.com\/de\/wp-json\/wp\/v2\/application?post=4702"},{"taxonomy":"product_brand","embeddable":true,"href":"https:\/\/www.yongyukitchenware.com\/de\/wp-json\/wp\/v2\/product_brand?post=4702"},{"taxonomy":"product_cat","embeddable":true,"href":"https:\/\/www.yongyukitchenware.com\/de\/wp-json\/wp\/v2\/product_cat?post=4702"},{"taxonomy":"product_tag","embeddable":true,"href":"https:\/\/www.yongyukitchenware.com\/de\/wp-json\/wp\/v2\/product_tag?post=4702"}],"curies":[{"name":"wp","href":"https:\/\/api.w.org\/{rel}","templated":true}]}}