{"id":4736,"date":"2025-08-26T01:40:35","date_gmt":"2025-08-26T01:40:35","guid":{"rendered":"https:\/\/www.yongyukitchenware.com\/?post_type=product&#038;p=4736"},"modified":"2025-08-26T01:40:37","modified_gmt":"2025-08-26T01:40:37","slug":"wholesale-stainless-steel-flour-sieve-40-60-mesh-strainer","status":"publish","type":"product","link":"https:\/\/www.yongyukitchenware.com\/de\/produkt\/wholesale-stainless-steel-flour-sieve-40-60-mesh-strainer\/","title":{"rendered":"Gro\u00dfhandel Edelstahl Mehlsieb 40\/60 Mesh Sieb"},"content":{"rendered":"<div class=\"wp-block-columns is-layout-flex wp-container-core-columns-is-layout-9d6595d7 wp-block-columns-is-layout-flex\">\n<div class=\"wp-block-column is-layout-flow wp-block-column-is-layout-flow\">\n<h2 class=\"wp-block-heading\">Gro\u00dfhandel Edelstahl Mehlsieb Eigenschaften :<\/h2>\n\n\n\n<p><strong>Edelstahl 304 in Lebensmittelqualit\u00e4t: <\/strong>Korrosionsbest\u00e4ndig und rostfrei, sicher f\u00fcr den Kontakt mit allen Arten von Lebensmittelzutaten und beruhigend in der Anwendung.<\/p>\n\n\n\n<p><strong>Sie k\u00f6nnen aus mehreren Gr\u00f6\u00dfen w\u00e4hlen:<\/strong> Erh\u00e4ltlich in verschiedenen Ausf\u00fchrungen wie 15\/20\/25\/30 cm, um den unterschiedlichen Anforderungen sowohl im privaten als auch im gewerblichen Bereich gerecht zu werden.<\/p>\n\n\n\n<p><strong>Feines Bildschirmdesign: <\/strong>Siebe mit 40 und 60 Maschen entfernen Klumpen effektiv und machen das Mehl feiner und gleichm\u00e4\u00dfiger.<\/p>\n\n\n\n<p><strong>Alle 304 Modelle mit Heberingdesign: <\/strong>Praktisch zum Aufh\u00e4ngen und Aufbewahren, um die K\u00fcche aufger\u00e4umt zu halten (Modell aus 201 Material ohne Trageringe, aber die Bildschirmoberfl\u00e4che ist aus 304 Material).<\/p>\n\n\n\n<p><strong>Zwei Materialoptionen: <\/strong>Das 304er Modell ist haltbarer, w\u00e4hrend die 201+304er Version praktisch und kosteneffizient ist.<\/p>\n\n\n\n<h2 class=\"wp-block-heading\">Gro\u00dfhandel Edelstahl Mehlsieb Gr\u00f6\u00dfe:<\/h2>\n\n\n\n<figure class=\"wp-block-table\"><table class=\"has-fixed-layout\"><tbody><tr><td>Modell<\/td><td>Gr\u00f6\u00dfe<\/td><td>MOQ<\/td><\/tr><tr><td rowspan=\"4\">DY121-Z<\/td><td>15cm<\/td><td rowspan=\"2\">220 STCK.<\/td><\/tr><tr><td>20cm<\/td><\/tr><tr><td>25cm<\/td><td rowspan=\"2\">100 STCK.<\/td><\/tr><tr><td>30cm<\/td><\/tr><\/tbody><\/table><\/figure>\n<\/div>\n\n\n\n<div class=\"wp-block-column is-layout-flow wp-block-column-is-layout-flow\">\n<figure class=\"wp-block-image size-full\"><img decoding=\"async\" width=\"800\" height=\"800\" src=\"https:\/\/www.yongyukitchenware.com\/wp-content\/uploads\/2025\/08\/Wholesale-Stainless-Steel-Flour-Sieve-3.webp\" alt=\"Gro\u00dfhandel-Edelstahl-Mehl-Sieb-3\" class=\"wp-image-4739\" srcset=\"https:\/\/www.yongyukitchenware.com\/wp-content\/uploads\/2025\/08\/Wholesale-Stainless-Steel-Flour-Sieve-3.webp 800w, https:\/\/www.yongyukitchenware.com\/wp-content\/uploads\/2025\/08\/Wholesale-Stainless-Steel-Flour-Sieve-3-300x300.webp 300w, https:\/\/www.yongyukitchenware.com\/wp-content\/uploads\/2025\/08\/Wholesale-Stainless-Steel-Flour-Sieve-3-150x150.webp 150w, https:\/\/www.yongyukitchenware.com\/wp-content\/uploads\/2025\/08\/Wholesale-Stainless-Steel-Flour-Sieve-3-768x768.webp 768w, https:\/\/www.yongyukitchenware.com\/wp-content\/uploads\/2025\/08\/Wholesale-Stainless-Steel-Flour-Sieve-3-12x12.webp 12w, https:\/\/www.yongyukitchenware.com\/wp-content\/uploads\/2025\/08\/Wholesale-Stainless-Steel-Flour-Sieve-3-600x600.webp 600w, https:\/\/www.yongyukitchenware.com\/wp-content\/uploads\/2025\/08\/Wholesale-Stainless-Steel-Flour-Sieve-3-100x100.webp 100w\" sizes=\"(max-width: 800px) 100vw, 800px\" \/><\/figure>\n\n\n\n<figure class=\"wp-block-image size-full\"><img decoding=\"async\" width=\"800\" height=\"800\" src=\"https:\/\/www.yongyukitchenware.com\/wp-content\/uploads\/2025\/08\/Wholesale-Stainless-Steel-Flour-Sieve-7.webp\" alt=\"Gro\u00dfhandel-Edelstahl-Mehl-Sieb-7\" class=\"wp-image-4743\" srcset=\"https:\/\/www.yongyukitchenware.com\/wp-content\/uploads\/2025\/08\/Wholesale-Stainless-Steel-Flour-Sieve-7.webp 800w, https:\/\/www.yongyukitchenware.com\/wp-content\/uploads\/2025\/08\/Wholesale-Stainless-Steel-Flour-Sieve-7-300x300.webp 300w, https:\/\/www.yongyukitchenware.com\/wp-content\/uploads\/2025\/08\/Wholesale-Stainless-Steel-Flour-Sieve-7-150x150.webp 150w, https:\/\/www.yongyukitchenware.com\/wp-content\/uploads\/2025\/08\/Wholesale-Stainless-Steel-Flour-Sieve-7-768x768.webp 768w, https:\/\/www.yongyukitchenware.com\/wp-content\/uploads\/2025\/08\/Wholesale-Stainless-Steel-Flour-Sieve-7-12x12.webp 12w, https:\/\/www.yongyukitchenware.com\/wp-content\/uploads\/2025\/08\/Wholesale-Stainless-Steel-Flour-Sieve-7-600x600.webp 600w, https:\/\/www.yongyukitchenware.com\/wp-content\/uploads\/2025\/08\/Wholesale-Stainless-Steel-Flour-Sieve-7-100x100.webp 100w\" sizes=\"(max-width: 800px) 100vw, 800px\" \/><\/figure>\n<\/div>\n<\/div>","protected":false},"excerpt":{"rendered":"<p>Gro\u00dfhandel Edelstahl Mehlsieb. Langlebiges Sieb mit 40\/60 Maschen f\u00fcr Pr\u00e4zisionssiebung, perfekt f\u00fcr B\u00e4ckereien, Lebensmittelverarbeitung und Gro\u00dfk\u00fcchen. Willkommen, uns zu kontaktieren\uff01<\/p>\n<h2>Gro\u00dfhandel Edelstahl Mehlsieb :<\/h2>\n<p><strong>Material:<\/strong> 304Edelstahl<br \/><strong>Stil:<\/strong> Alle 304-Materialien mit Heberingen, 201-Materialien mit 304-Siebfl\u00e4che ohne Heberinge<br \/><strong>Maschenweite des Siebs<\/strong> :40\/60 Masche<br \/><strong>Spezifikationen:<\/strong> 15\/20\/25\/30cm<br \/><strong>Verpacken:<\/strong> Beutel\/Sammelgut\/Karton oder individuell<br \/><strong>OEM\/ODM:<\/strong> Verf\u00fcgbar<\/p>\n<h2 class=\"wp-block-heading\">Von Yongyu Kitchenware Hersteller:<\/h2>\n<p>Yongyu ist ein professioneller Hersteller von K\u00fcchenutensilien. Unsere Produkte umfassen alle Arten von Edelstahlkochgeschirr und K\u00fcchenzubeh\u00f6r und bieten ma\u00dfgeschneiderte L\u00f6sungen mit hochwertigen Produkten und Fabrikpreisen.<\/p>","protected":false},"featured_media":4737,"comment_status":"closed","ping_status":"closed","template":"","meta":{"_acf_changed":true},"application":[29],"product_brand":[],"product_cat":[23,35],"product_tag":[],"class_list":{"0":"post-4736","1":"product","2":"type-product","3":"status-publish","4":"has-post-thumbnail","6":"application-home-kitchen","7":"product_cat-kitchenware-wholesale","8":"product_cat-baking-trays-wholesale","10":"first","11":"instock","12":"shipping-taxable","13":"product-type-simple"},"acf":[],"_links":{"self":[{"href":"https:\/\/www.yongyukitchenware.com\/de\/wp-json\/wp\/v2\/product\/4736","targetHints":{"allow":["GET"]}}],"collection":[{"href":"https:\/\/www.yongyukitchenware.com\/de\/wp-json\/wp\/v2\/product"}],"about":[{"href":"https:\/\/www.yongyukitchenware.com\/de\/wp-json\/wp\/v2\/types\/product"}],"replies":[{"embeddable":true,"href":"https:\/\/www.yongyukitchenware.com\/de\/wp-json\/wp\/v2\/comments?post=4736"}],"wp:featuredmedia":[{"embeddable":true,"href":"https:\/\/www.yongyukitchenware.com\/de\/wp-json\/wp\/v2\/media\/4737"}],"wp:attachment":[{"href":"https:\/\/www.yongyukitchenware.com\/de\/wp-json\/wp\/v2\/media?parent=4736"}],"wp:term":[{"taxonomy":"application","embeddable":true,"href":"https:\/\/www.yongyukitchenware.com\/de\/wp-json\/wp\/v2\/application?post=4736"},{"taxonomy":"product_brand","embeddable":true,"href":"https:\/\/www.yongyukitchenware.com\/de\/wp-json\/wp\/v2\/product_brand?post=4736"},{"taxonomy":"product_cat","embeddable":true,"href":"https:\/\/www.yongyukitchenware.com\/de\/wp-json\/wp\/v2\/product_cat?post=4736"},{"taxonomy":"product_tag","embeddable":true,"href":"https:\/\/www.yongyukitchenware.com\/de\/wp-json\/wp\/v2\/product_tag?post=4736"}],"curies":[{"name":"wp","href":"https:\/\/api.w.org\/{rel}","templated":true}]}}