{"id":4746,"date":"2025-09-06T06:31:58","date_gmt":"2025-09-06T06:31:58","guid":{"rendered":"https:\/\/www.yongyukitchenware.com\/?post_type=product&#038;p=4746"},"modified":"2025-09-06T06:32:37","modified_gmt":"2025-09-06T06:32:37","slug":"custom-stainless-steel-salad-container-lunch-box-with-3-compartment-tray","status":"publish","type":"product","link":"https:\/\/www.yongyukitchenware.com\/de\/produkt\/custom-stainless-steel-salad-container-lunch-box-with-3-compartment-tray\/","title":{"rendered":"Custom Edelstahl Salat Container Lunch Box mit 3-Fach-Tablett"},"content":{"rendered":"<div class=\"wp-block-columns is-layout-flex wp-container-core-columns-is-layout-9d6595d7 wp-block-columns-is-layout-flex\">\n<div class=\"wp-block-column is-layout-flow wp-block-column-is-layout-flow\">\n<h2 class=\"wp-block-heading\">Kundenspezifischer Salatbeh\u00e4lter aus Edelstahl Merkmale:<\/h2>\n\n\n\n<p><strong>Hochwertige Lunchboxen aus 304-Edelstahl: <\/strong>sicher und langlebig, korrosionsbest\u00e4ndig, um die Gesundheit jeder Mahlzeit zu gew\u00e4hrleisten.<\/p>\n\n\n\n<p><strong>Gro\u00dfes Fassungsverm\u00f6gen von 60 Unzen + Design mit drei F\u00e4chern:<\/strong> Hauptgerichte und Beilagen vermischen sich nicht, so dass eine ern\u00e4hrungsphysiologisch ausgewogene Mahlzeit m\u00f6glich ist.<\/p>\n\n\n\n<p><strong>Ein versiegelter 2-Unzen-So\u00dfenbecher ist als Geschenk enthalten:<\/strong> Die Sauce kann unabh\u00e4ngig voneinander transportiert werden und eignet sich daher zum Mischen mit Salaten oder zum Dippen.<\/p>\n\n\n\n<p><strong>PP-Deckel mit Silikondichtring + vierseitiger Schnallenring: <\/strong>Mehrere auslaufsichere Ma\u00dfnahmen, sicher zu tragen ohne Druck.<\/p>\n\n\n\n<p><strong>Humanisiertes Griffdesign: <\/strong>Tragbar und m\u00fchelos, kann es leicht mitgenommen werden, um zu pendeln, zur Schule zu gehen oder ein Picknick zu machen.<\/p>\n\n\n\n<div class=\"wp-block-group is-vertical is-layout-flex wp-container-core-group-is-layout-8cf370e7 wp-block-group-is-layout-flex\">\n<h2 class=\"wp-block-heading\">Kundenspezifischer Salatbeh\u00e4lter aus Edelstahl Gr\u00f6\u00dfe:<\/h2>\n<\/div>\n\n\n\n<figure class=\"wp-block-image size-full\"><img decoding=\"async\" width=\"1600\" height=\"1600\" src=\"https:\/\/www.yongyukitchenware.com\/wp-content\/uploads\/2025\/09\/Custom-Stainless-Steel-Salad-Container-5.webp\" alt=\"Kundenspezifischer Edelstahl-Salat-Container-5\" class=\"wp-image-4833\" srcset=\"https:\/\/www.yongyukitchenware.com\/wp-content\/uploads\/2025\/09\/Custom-Stainless-Steel-Salad-Container-5.webp 1600w, https:\/\/www.yongyukitchenware.com\/wp-content\/uploads\/2025\/09\/Custom-Stainless-Steel-Salad-Container-5-300x300.webp 300w, https:\/\/www.yongyukitchenware.com\/wp-content\/uploads\/2025\/09\/Custom-Stainless-Steel-Salad-Container-5-150x150.webp 150w, https:\/\/www.yongyukitchenware.com\/wp-content\/uploads\/2025\/09\/Custom-Stainless-Steel-Salad-Container-5-768x768.webp 768w, https:\/\/www.yongyukitchenware.com\/wp-content\/uploads\/2025\/09\/Custom-Stainless-Steel-Salad-Container-5-12x12.webp 12w, https:\/\/www.yongyukitchenware.com\/wp-content\/uploads\/2025\/09\/Custom-Stainless-Steel-Salad-Container-5-1200x1200.webp 1200w, https:\/\/www.yongyukitchenware.com\/wp-content\/uploads\/2025\/09\/Custom-Stainless-Steel-Salad-Container-5-600x600.webp 600w, https:\/\/www.yongyukitchenware.com\/wp-content\/uploads\/2025\/09\/Custom-Stainless-Steel-Salad-Container-5-100x100.webp 100w\" sizes=\"(max-width: 1600px) 100vw, 1600px\" \/><\/figure>\n<\/div>\n\n\n\n<div class=\"wp-block-column is-layout-flow wp-block-column-is-layout-flow\">\n<div class=\"wp-block-columns is-layout-flex wp-container-core-columns-is-layout-9d6595d7 wp-block-columns-is-layout-flex\">\n<div class=\"wp-block-column is-layout-flow wp-block-column-is-layout-flow\"><\/div>\n<\/div>\n\n\n\n<div class=\"wp-block-columns is-layout-flex wp-container-core-columns-is-layout-9d6595d7 wp-block-columns-is-layout-flex\">\n<div class=\"wp-block-column is-layout-flow wp-block-column-is-layout-flow\">\n<figure class=\"wp-block-image size-full is-resized\"><img decoding=\"async\" width=\"1600\" height=\"1600\" src=\"https:\/\/www.yongyukitchenware.com\/wp-content\/uploads\/2025\/09\/Custom-Stainless-Steel-Salad-Container-8.webp\" alt=\"Custom-Edelstahl-Salat-Container-8\" class=\"wp-image-4836\" style=\"width:461px;height:auto\" srcset=\"https:\/\/www.yongyukitchenware.com\/wp-content\/uploads\/2025\/09\/Custom-Stainless-Steel-Salad-Container-8.webp 1600w, https:\/\/www.yongyukitchenware.com\/wp-content\/uploads\/2025\/09\/Custom-Stainless-Steel-Salad-Container-8-300x300.webp 300w, https:\/\/www.yongyukitchenware.com\/wp-content\/uploads\/2025\/09\/Custom-Stainless-Steel-Salad-Container-8-150x150.webp 150w, https:\/\/www.yongyukitchenware.com\/wp-content\/uploads\/2025\/09\/Custom-Stainless-Steel-Salad-Container-8-768x768.webp 768w, https:\/\/www.yongyukitchenware.com\/wp-content\/uploads\/2025\/09\/Custom-Stainless-Steel-Salad-Container-8-12x12.webp 12w, https:\/\/www.yongyukitchenware.com\/wp-content\/uploads\/2025\/09\/Custom-Stainless-Steel-Salad-Container-8-1200x1200.webp 1200w, https:\/\/www.yongyukitchenware.com\/wp-content\/uploads\/2025\/09\/Custom-Stainless-Steel-Salad-Container-8-600x600.webp 600w, https:\/\/www.yongyukitchenware.com\/wp-content\/uploads\/2025\/09\/Custom-Stainless-Steel-Salad-Container-8-100x100.webp 100w\" sizes=\"(max-width: 1600px) 100vw, 1600px\" \/><\/figure>\n\n\n\n<figure class=\"wp-block-image size-full\"><img decoding=\"async\" width=\"1600\" height=\"1600\" src=\"https:\/\/www.yongyukitchenware.com\/wp-content\/uploads\/2025\/09\/Custom-Stainless-Steel-Salad-Container-7.webp\" alt=\"Custom-Edelstahl-Salat-Container-7\" class=\"wp-image-4835\" srcset=\"https:\/\/www.yongyukitchenware.com\/wp-content\/uploads\/2025\/09\/Custom-Stainless-Steel-Salad-Container-7.webp 1600w, https:\/\/www.yongyukitchenware.com\/wp-content\/uploads\/2025\/09\/Custom-Stainless-Steel-Salad-Container-7-300x300.webp 300w, https:\/\/www.yongyukitchenware.com\/wp-content\/uploads\/2025\/09\/Custom-Stainless-Steel-Salad-Container-7-150x150.webp 150w, https:\/\/www.yongyukitchenware.com\/wp-content\/uploads\/2025\/09\/Custom-Stainless-Steel-Salad-Container-7-768x768.webp 768w, https:\/\/www.yongyukitchenware.com\/wp-content\/uploads\/2025\/09\/Custom-Stainless-Steel-Salad-Container-7-12x12.webp 12w, https:\/\/www.yongyukitchenware.com\/wp-content\/uploads\/2025\/09\/Custom-Stainless-Steel-Salad-Container-7-1200x1200.webp 1200w, https:\/\/www.yongyukitchenware.com\/wp-content\/uploads\/2025\/09\/Custom-Stainless-Steel-Salad-Container-7-600x600.webp 600w, https:\/\/www.yongyukitchenware.com\/wp-content\/uploads\/2025\/09\/Custom-Stainless-Steel-Salad-Container-7-100x100.webp 100w\" sizes=\"(max-width: 1600px) 100vw, 1600px\" \/><\/figure>\n<\/div>\n<\/div>\n<\/div>\n<\/div>\n\n\n\n<p><\/p>","protected":false},"excerpt":{"rendered":"<p>Kundenspezifische Salatbox aus Edelstahl mit 3 F\u00e4chern. Eine langlebige und umweltfreundliche L\u00f6sung f\u00fcr das Mittagessen mit einem eleganten Edelstahldesign und einem herausnehmbaren Tablett mit 3 F\u00e4chern, das sich perfekt eignet, um Salate, Obst und Snacks frisch und ordentlich getrennt aufzubewahren.Willkommene Anfragen\uff01<\/p>\n<h2 style=\"text-align: left;\">Kundenspezifischer Salatbeh\u00e4lter aus Edelstahl Parameter:<\/h2>\n<p style=\"text-align: left;\"><strong>Material:<\/strong> Rostfreier Stahl<br \/><strong>Farbe:<\/strong> Farbe Silber<br \/><strong>Verschiedene Gr\u00f6\u00dfen:<\/strong> 1.8L<br \/><strong>Verpacken: <\/strong>Opp-Beutel und -Karton<br \/><strong>OEM\/ODM:<\/strong> Verf\u00fcgbar<\/p>\n<h2 class=\"wp-block-heading\">Von Lebensmittel Lagerung Container Hersteller :<\/h2>\n<p>Yongyu wurde 1996 gegr\u00fcndet und hat sich auf die Herstellung und den Gro\u00dfhandel von Lebensmittelbeh\u00e4ltern aus Edelstahl, K\u00fcchenutensilien, Gastronomiebedarf, Haushaltswaren und Campingk\u00fcchenausr\u00fcstung spezialisiert. Wir bieten OEM &amp; ODM und E-Commerce-Beschaffungsdienste f\u00fcr Kunden aus einer Hand.<\/p>","protected":false},"featured_media":4831,"comment_status":"closed","ping_status":"closed","template":"","meta":{"_acf_changed":true},"application":[31],"product_brand":[],"product_cat":[19],"product_tag":[],"class_list":{"0":"post-4746","1":"product","2":"type-product","3":"status-publish","4":"has-post-thumbnail","6":"application-champ-kitchen","7":"product_cat-food-storage-container-bulk-custom","9":"first","10":"instock","11":"shipping-taxable","12":"product-type-simple"},"acf":[],"_links":{"self":[{"href":"https:\/\/www.yongyukitchenware.com\/de\/wp-json\/wp\/v2\/product\/4746","targetHints":{"allow":["GET"]}}],"collection":[{"href":"https:\/\/www.yongyukitchenware.com\/de\/wp-json\/wp\/v2\/product"}],"about":[{"href":"https:\/\/www.yongyukitchenware.com\/de\/wp-json\/wp\/v2\/types\/product"}],"replies":[{"embeddable":true,"href":"https:\/\/www.yongyukitchenware.com\/de\/wp-json\/wp\/v2\/comments?post=4746"}],"wp:featuredmedia":[{"embeddable":true,"href":"https:\/\/www.yongyukitchenware.com\/de\/wp-json\/wp\/v2\/media\/4831"}],"wp:attachment":[{"href":"https:\/\/www.yongyukitchenware.com\/de\/wp-json\/wp\/v2\/media?parent=4746"}],"wp:term":[{"taxonomy":"application","embeddable":true,"href":"https:\/\/www.yongyukitchenware.com\/de\/wp-json\/wp\/v2\/application?post=4746"},{"taxonomy":"product_brand","embeddable":true,"href":"https:\/\/www.yongyukitchenware.com\/de\/wp-json\/wp\/v2\/product_brand?post=4746"},{"taxonomy":"product_cat","embeddable":true,"href":"https:\/\/www.yongyukitchenware.com\/de\/wp-json\/wp\/v2\/product_cat?post=4746"},{"taxonomy":"product_tag","embeddable":true,"href":"https:\/\/www.yongyukitchenware.com\/de\/wp-json\/wp\/v2\/product_tag?post=4746"}],"curies":[{"name":"wp","href":"https:\/\/api.w.org\/{rel}","templated":true}]}}