{"id":4747,"date":"2025-09-03T02:27:24","date_gmt":"2025-09-03T02:27:24","guid":{"rendered":"https:\/\/www.yongyukitchenware.com\/?post_type=product&#038;p=4747"},"modified":"2025-09-03T02:35:58","modified_gmt":"2025-09-03T02:35:58","slug":"bulk-round-multi-layered-lunch-box-304-stainless-steel-bento-box","status":"publish","type":"product","link":"https:\/\/www.yongyukitchenware.com\/de\/produkt\/bulk-round-multi-layered-lunch-box-304-stainless-steel-bento-box\/","title":{"rendered":"Bulk Runde mehrschichtige Lunch-Box 304 Edelstahl Bento-Box"},"content":{"rendered":"<div class=\"wp-block-columns is-layout-flex wp-container-core-columns-is-layout-9d6595d7 wp-block-columns-is-layout-flex\">\n<div class=\"wp-block-column is-layout-flow wp-block-column-is-layout-flow\">\n<h2 class=\"wp-block-heading\">Bulk Round Multi-Layered Lunch Box Eigenschaften:<\/h2>\n\n\n\n<p><strong>Lebensmittelgeeigneter 304-Edelstahl Innen: <\/strong>Hergestellt aus hochwertigem 304er Edelstahl, der korrosions- und hitzebest\u00e4ndig ist und eine langfristige Nutzung ohne Rost und Geruch gew\u00e4hrleistet.<\/p>\n\n\n\n<p><strong>Langlebige PP-Au\u00dfenh\u00fclle, verbr\u00fchungssicher und sturzsicher: <\/strong>Das verdickte PP-Material bietet einen angenehmen Griff, ist rutschfest und sicher vor Verbrennungen, so dass es sowohl f\u00fcr Erwachsene als auch f\u00fcr Kinder geeignet ist.<\/p>\n\n\n\n<p><strong>Mehrschichtiges Design f\u00fcr flexible Mahlzeitentrennung: <\/strong>Erh\u00e4ltlich in zwei, drei oder vier Schichten, jede mit einem separaten, versiegelten Deckel, damit sich die verschiedenen Lebensmittel nicht vermischen - perfekt f\u00fcr die Portionskontrolle und abwechslungsreiche Mahlzeiten.<\/p>\n\n\n\n<p><strong>Doppelseitige Verschl\u00fcsse f\u00fcr lecksicheren Verschluss: <\/strong>Sichere Dual-Lock-Verschl\u00fcsse halten den Beh\u00e4lter fest verschlossen und verhindern effektiv das Auslaufen - ideal f\u00fcr den Einsatz am Arbeitsplatz, in der Schule oder unterwegs.<\/p>\n\n\n\n<p><strong>Doppelwandige Isolierstruktur:<\/strong> Die zweischichtige Konstruktion h\u00e4lt die W\u00e4rme l\u00e4nger, so dass Ihre Mahlzeiten warm und lecker bleiben, ohne dass Sie sich beeilen m\u00fcssen.<\/p>\n\n\n\n<div class=\"wp-block-group is-vertical is-layout-flex wp-container-core-group-is-layout-8cf370e7 wp-block-group-is-layout-flex\">\n<h2 class=\"wp-block-heading\">Thermos Lunch Box Gr\u00f6\u00dfe:<\/h2>\n\n\n\n<figure class=\"wp-block-image size-full\"><img decoding=\"async\" width=\"800\" height=\"576\" src=\"https:\/\/www.yongyukitchenware.com\/wp-content\/uploads\/2025\/09\/Bulk-Round-Multi-Layered-Lunch-Box-3.webp\" alt=\"Bulk-Round-Multi-Layered-Lunch-Box-3\" class=\"wp-image-4811\" srcset=\"https:\/\/www.yongyukitchenware.com\/wp-content\/uploads\/2025\/09\/Bulk-Round-Multi-Layered-Lunch-Box-3.webp 800w, https:\/\/www.yongyukitchenware.com\/wp-content\/uploads\/2025\/09\/Bulk-Round-Multi-Layered-Lunch-Box-3-300x216.webp 300w, https:\/\/www.yongyukitchenware.com\/wp-content\/uploads\/2025\/09\/Bulk-Round-Multi-Layered-Lunch-Box-3-768x553.webp 768w, https:\/\/www.yongyukitchenware.com\/wp-content\/uploads\/2025\/09\/Bulk-Round-Multi-Layered-Lunch-Box-3-18x12.webp 18w, https:\/\/www.yongyukitchenware.com\/wp-content\/uploads\/2025\/09\/Bulk-Round-Multi-Layered-Lunch-Box-3-600x432.webp 600w\" sizes=\"(max-width: 800px) 100vw, 800px\" \/><\/figure>\n<\/div>\n<\/div>\n\n\n\n<div class=\"wp-block-column is-layout-flow wp-block-column-is-layout-flow\">\n<div class=\"wp-block-columns is-layout-flex wp-container-core-columns-is-layout-9d6595d7 wp-block-columns-is-layout-flex\">\n<div class=\"wp-block-column is-layout-flow wp-block-column-is-layout-flow\"><\/div>\n<\/div>\n\n\n\n<div class=\"wp-block-columns is-layout-flex wp-container-core-columns-is-layout-9d6595d7 wp-block-columns-is-layout-flex\">\n<div class=\"wp-block-column is-layout-flow wp-block-column-is-layout-flow\"><\/div>\n<\/div>\n\n\n\n<figure class=\"wp-block-image size-full is-resized\"><img decoding=\"async\" width=\"800\" height=\"800\" src=\"https:\/\/www.yongyukitchenware.com\/wp-content\/uploads\/2025\/09\/Bulk-Round-Multi-Layered-Lunch-Box-10.webp\" alt=\"Bulk-Round-Multi-Layered-Lunch-Box-10\" class=\"wp-image-4818\" style=\"width:461px;height:auto\" srcset=\"https:\/\/www.yongyukitchenware.com\/wp-content\/uploads\/2025\/09\/Bulk-Round-Multi-Layered-Lunch-Box-10.webp 800w, https:\/\/www.yongyukitchenware.com\/wp-content\/uploads\/2025\/09\/Bulk-Round-Multi-Layered-Lunch-Box-10-300x300.webp 300w, https:\/\/www.yongyukitchenware.com\/wp-content\/uploads\/2025\/09\/Bulk-Round-Multi-Layered-Lunch-Box-10-150x150.webp 150w, https:\/\/www.yongyukitchenware.com\/wp-content\/uploads\/2025\/09\/Bulk-Round-Multi-Layered-Lunch-Box-10-768x768.webp 768w, https:\/\/www.yongyukitchenware.com\/wp-content\/uploads\/2025\/09\/Bulk-Round-Multi-Layered-Lunch-Box-10-12x12.webp 12w, https:\/\/www.yongyukitchenware.com\/wp-content\/uploads\/2025\/09\/Bulk-Round-Multi-Layered-Lunch-Box-10-600x600.webp 600w, https:\/\/www.yongyukitchenware.com\/wp-content\/uploads\/2025\/09\/Bulk-Round-Multi-Layered-Lunch-Box-10-100x100.webp 100w\" sizes=\"(max-width: 800px) 100vw, 800px\" \/><\/figure>\n\n\n\n<figure class=\"wp-block-image size-full\"><img decoding=\"async\" width=\"800\" height=\"800\" src=\"https:\/\/www.yongyukitchenware.com\/wp-content\/uploads\/2025\/09\/Bulk-Round-Multi-Layered-Lunch-Box-8.webp\" alt=\"Bulk-Round-Multi-Layered-Lunch-Box-8\" class=\"wp-image-4816\" srcset=\"https:\/\/www.yongyukitchenware.com\/wp-content\/uploads\/2025\/09\/Bulk-Round-Multi-Layered-Lunch-Box-8.webp 800w, https:\/\/www.yongyukitchenware.com\/wp-content\/uploads\/2025\/09\/Bulk-Round-Multi-Layered-Lunch-Box-8-300x300.webp 300w, https:\/\/www.yongyukitchenware.com\/wp-content\/uploads\/2025\/09\/Bulk-Round-Multi-Layered-Lunch-Box-8-150x150.webp 150w, https:\/\/www.yongyukitchenware.com\/wp-content\/uploads\/2025\/09\/Bulk-Round-Multi-Layered-Lunch-Box-8-768x768.webp 768w, https:\/\/www.yongyukitchenware.com\/wp-content\/uploads\/2025\/09\/Bulk-Round-Multi-Layered-Lunch-Box-8-12x12.webp 12w, https:\/\/www.yongyukitchenware.com\/wp-content\/uploads\/2025\/09\/Bulk-Round-Multi-Layered-Lunch-Box-8-600x600.webp 600w, https:\/\/www.yongyukitchenware.com\/wp-content\/uploads\/2025\/09\/Bulk-Round-Multi-Layered-Lunch-Box-8-100x100.webp 100w\" sizes=\"(max-width: 800px) 100vw, 800px\" \/><\/figure>\n<\/div>\n<\/div>\n\n\n\n<p><\/p>","protected":false},"excerpt":{"rendered":"<p>Die runde, mehrschichtige Lunchbox aus 304er Edelstahl ist langlebig und lebensmittelecht und h\u00e4lt die Mahlzeiten frisch und getrennt - ideal f\u00fcr Gro\u00dfbestellungen, Schulen, B\u00fcros und den Einsatz im Freien.Willkommene Anfragen\uff01<\/p>\n<h2 style=\"text-align: left;\">Lose runde mehrschichtige Lunch-Box Parameter:<\/h2>\n<p style=\"text-align: left;\"><strong>Material:<\/strong> Rostfreier Stahl<br \/><strong>Farbe:<\/strong> Farbe Silber, Schwarz, Orange, Rot und Blau<br \/><strong>Verschiedene Gr\u00f6\u00dfen:<\/strong> 1850ml\u30012600ml\u30013350ml<br \/><strong>Verpacken: <\/strong>Opp-Beutel und -Karton<br \/><strong>OEM\/ODM:<\/strong> Verf\u00fcgbar<\/p>\n<h2 class=\"wp-block-heading\">Von Lebensmittel Lagerung Container Hersteller :<\/h2>\n<p>Yongyu wurde 1996 gegr\u00fcndet und hat sich auf die Herstellung und den Gro\u00dfhandel von Lebensmittelbeh\u00e4ltern aus Edelstahl, K\u00fcchenutensilien, Gastronomiebedarf, Haushaltswaren und Campingk\u00fcchenausr\u00fcstung spezialisiert. Wir bieten OEM &amp; ODM und E-Commerce-Beschaffungsdienste f\u00fcr Kunden aus einer Hand.<\/p>","protected":false},"featured_media":4810,"comment_status":"closed","ping_status":"closed","template":"","meta":{"_acf_changed":true},"application":[31],"product_brand":[],"product_cat":[19],"product_tag":[],"class_list":{"0":"post-4747","1":"product","2":"type-product","3":"status-publish","4":"has-post-thumbnail","6":"application-champ-kitchen","7":"product_cat-food-storage-container-bulk-custom","9":"first","10":"instock","11":"shipping-taxable","12":"product-type-simple"},"acf":[],"_links":{"self":[{"href":"https:\/\/www.yongyukitchenware.com\/de\/wp-json\/wp\/v2\/product\/4747","targetHints":{"allow":["GET"]}}],"collection":[{"href":"https:\/\/www.yongyukitchenware.com\/de\/wp-json\/wp\/v2\/product"}],"about":[{"href":"https:\/\/www.yongyukitchenware.com\/de\/wp-json\/wp\/v2\/types\/product"}],"replies":[{"embeddable":true,"href":"https:\/\/www.yongyukitchenware.com\/de\/wp-json\/wp\/v2\/comments?post=4747"}],"wp:featuredmedia":[{"embeddable":true,"href":"https:\/\/www.yongyukitchenware.com\/de\/wp-json\/wp\/v2\/media\/4810"}],"wp:attachment":[{"href":"https:\/\/www.yongyukitchenware.com\/de\/wp-json\/wp\/v2\/media?parent=4747"}],"wp:term":[{"taxonomy":"application","embeddable":true,"href":"https:\/\/www.yongyukitchenware.com\/de\/wp-json\/wp\/v2\/application?post=4747"},{"taxonomy":"product_brand","embeddable":true,"href":"https:\/\/www.yongyukitchenware.com\/de\/wp-json\/wp\/v2\/product_brand?post=4747"},{"taxonomy":"product_cat","embeddable":true,"href":"https:\/\/www.yongyukitchenware.com\/de\/wp-json\/wp\/v2\/product_cat?post=4747"},{"taxonomy":"product_tag","embeddable":true,"href":"https:\/\/www.yongyukitchenware.com\/de\/wp-json\/wp\/v2\/product_tag?post=4747"}],"curies":[{"name":"wp","href":"https:\/\/api.w.org\/{rel}","templated":true}]}}