{"id":4783,"date":"2025-08-27T08:56:57","date_gmt":"2025-08-27T08:56:57","guid":{"rendered":"https:\/\/www.yongyukitchenware.com\/?post_type=product&#038;p=4783"},"modified":"2025-08-27T08:56:59","modified_gmt":"2025-08-27T08:56:59","slug":"custom-bento-box-set-304-stainless-steel-insulated-lunch-box-khaki","status":"publish","type":"product","link":"https:\/\/www.yongyukitchenware.com\/de\/produkt\/custom-bento-box-set-304-stainless-steel-insulated-lunch-box-khaki\/","title":{"rendered":"Benutzerdefinierte Bento Box Set 304 Edelstahl isoliert Lunch-Box-Khaki"},"content":{"rendered":"<div class=\"wp-block-columns is-layout-flex wp-container-core-columns-is-layout-9d6595d7 wp-block-columns-is-layout-flex\">\n<div class=\"wp-block-column is-layout-flow wp-block-column-is-layout-flow\">\n<h2 class=\"wp-block-heading\">Benutzerdefinierte Bento Box Set Features:<\/h2>\n\n\n\n<p><strong>Innenauskleidung aus lebensmittelechtem 304er Edelstahl: <\/strong>Robust und langlebig, hitzebest\u00e4ndig, sicher und geruchsneutral, k\u00f6nnen Sie sicher sein, dass Sie hei\u00dfen Reis und Gerichte halten k\u00f6nnen.<\/p>\n\n\n\n<p><strong>Die PP-Schale ist so konzipiert, dass sie abnehmbar ist: <\/strong>Der Innenbeh\u00e4lter ist herausnehmbar und kann in der Mikrowelle erhitzt werden, was das Aufw\u00e4rmen bequemer und sorgenfreier macht.<\/p>\n\n\n\n<p><strong>Doppelt isolierte Struktur:<\/strong> Zur Unterst\u00fctzung der Isolierung kann hei\u00dfes Wasser eingespritzt werden. In Verbindung mit einem Isolierbeutel k\u00f6nnen Sie auch unterwegs warme Mahlzeiten genie\u00dfen.<\/p>\n\n\n\n<p><strong>Verdickter Dichtungsring, auslaufsicheres Design: <\/strong>Starke Dichtungsleistung, die verhindert, dass die Suppe ausl\u00e4uft, was das Pendeln und Tragen beruhigt.<\/p>\n\n\n\n<p><strong>Erh\u00e4ltlich in verschiedenen Gr\u00f6\u00dfen und zwei Farben:<\/strong> 600ml und 1200ml, khaki und rosa, sowohl praktisch als auch \u00e4sthetisch ansprechend.<\/p>\n\n\n\n<div class=\"wp-block-group is-vertical is-layout-flex wp-container-core-group-is-layout-8cf370e7 wp-block-group-is-layout-flex\">\n<h2 class=\"wp-block-heading\">Benutzerdefinierte Bento Box Set Gr\u00f6\u00dfe:<\/h2>\n\n\n\n<figure class=\"wp-block-table\"><table class=\"has-fixed-layout\"><tbody><tr><td>Modell<\/td><td>Gr\u00f6\u00dfe<\/td><td>MOQ<\/td><\/tr><tr><td rowspan=\"2\">DY059-FH<\/td><td>600ML<\/td><td rowspan=\"2\">200 STCK.<\/td><\/tr><tr><td>1200ML<\/td><\/tr><\/tbody><\/table><\/figure>\n<\/div>\n<\/div>\n\n\n\n<div class=\"wp-block-column is-layout-flow wp-block-column-is-layout-flow\">\n<div class=\"wp-block-columns is-layout-flex wp-container-core-columns-is-layout-9d6595d7 wp-block-columns-is-layout-flex\">\n<div class=\"wp-block-column is-layout-flow wp-block-column-is-layout-flow\"><\/div>\n<\/div>\n\n\n\n<div class=\"wp-block-columns is-layout-flex wp-container-core-columns-is-layout-9d6595d7 wp-block-columns-is-layout-flex\">\n<div class=\"wp-block-column is-layout-flow wp-block-column-is-layout-flow\">\n<figure class=\"wp-block-image size-full is-resized\"><img decoding=\"async\" width=\"800\" height=\"800\" src=\"https:\/\/www.yongyukitchenware.com\/wp-content\/uploads\/2025\/08\/Custom-Bento-Box-Set-5.webp\" alt=\"Kunden-Bento-Box-Set-5\" class=\"wp-image-4788\" style=\"width:461px;height:auto\" srcset=\"https:\/\/www.yongyukitchenware.com\/wp-content\/uploads\/2025\/08\/Custom-Bento-Box-Set-5.webp 800w, https:\/\/www.yongyukitchenware.com\/wp-content\/uploads\/2025\/08\/Custom-Bento-Box-Set-5-300x300.webp 300w, https:\/\/www.yongyukitchenware.com\/wp-content\/uploads\/2025\/08\/Custom-Bento-Box-Set-5-150x150.webp 150w, https:\/\/www.yongyukitchenware.com\/wp-content\/uploads\/2025\/08\/Custom-Bento-Box-Set-5-768x768.webp 768w, https:\/\/www.yongyukitchenware.com\/wp-content\/uploads\/2025\/08\/Custom-Bento-Box-Set-5-12x12.webp 12w, https:\/\/www.yongyukitchenware.com\/wp-content\/uploads\/2025\/08\/Custom-Bento-Box-Set-5-600x600.webp 600w, https:\/\/www.yongyukitchenware.com\/wp-content\/uploads\/2025\/08\/Custom-Bento-Box-Set-5-100x100.webp 100w\" sizes=\"(max-width: 800px) 100vw, 800px\" \/><\/figure>\n<\/div>\n<\/div>\n\n\n\n<figure class=\"wp-block-image size-full\"><img decoding=\"async\" width=\"800\" height=\"800\" src=\"https:\/\/www.yongyukitchenware.com\/wp-content\/uploads\/2025\/08\/Custom-Bento-Box-Set-6.webp\" alt=\"Kunden-Bento-Box-Set-6\" class=\"wp-image-4789\" srcset=\"https:\/\/www.yongyukitchenware.com\/wp-content\/uploads\/2025\/08\/Custom-Bento-Box-Set-6.webp 800w, https:\/\/www.yongyukitchenware.com\/wp-content\/uploads\/2025\/08\/Custom-Bento-Box-Set-6-300x300.webp 300w, https:\/\/www.yongyukitchenware.com\/wp-content\/uploads\/2025\/08\/Custom-Bento-Box-Set-6-150x150.webp 150w, https:\/\/www.yongyukitchenware.com\/wp-content\/uploads\/2025\/08\/Custom-Bento-Box-Set-6-768x768.webp 768w, https:\/\/www.yongyukitchenware.com\/wp-content\/uploads\/2025\/08\/Custom-Bento-Box-Set-6-12x12.webp 12w, https:\/\/www.yongyukitchenware.com\/wp-content\/uploads\/2025\/08\/Custom-Bento-Box-Set-6-600x600.webp 600w, https:\/\/www.yongyukitchenware.com\/wp-content\/uploads\/2025\/08\/Custom-Bento-Box-Set-6-100x100.webp 100w\" sizes=\"(max-width: 800px) 100vw, 800px\" \/><\/figure>\n<\/div>\n<\/div>\n\n\n\n<p><\/p>","protected":false},"excerpt":{"rendered":"<p>Kundenspezifisches Bento-Box-Set Isolierte Lunchbox aus Edelstahl 304 in Khaki, perfekt, um Mahlzeiten unterwegs frisch und warm zu halten. Langlebig, umweltfreundlich und ideal f\u00fcr Arbeit, Schule oder Reisen. Willkommen Anfragen\uff01<\/p>\n<h2 style=\"text-align: left;\">Benutzerdefinierte Bento Box Set Parameter:<\/h2>\n<p style=\"text-align: left;\"><strong>Material:<\/strong> Rostfreier Stahl<br \/><strong>Farbe:<\/strong> Farbe Silber, Schwarz, Orange, Rot und Blau<br \/><strong>Verschiedene Gr\u00f6\u00dfen:<\/strong> 0,6L, 1,2L,<br \/><strong>Verpacken: <\/strong>Opp-Beutel und -Karton<br \/><strong>OEM\/ODM:<\/strong> Verf\u00fcgbar<\/p>\n<h2 class=\"wp-block-heading\">Von Lebensmittel Lagerung Container Hersteller :<\/h2>\n<p>Yongyu wurde 1996 gegr\u00fcndet und hat sich auf die Herstellung und den Gro\u00dfhandel von Lebensmittelbeh\u00e4ltern aus Edelstahl, K\u00fcchenutensilien, Gastronomiebedarf, Haushaltswaren und Campingk\u00fcchenausr\u00fcstung spezialisiert. Wir bieten OEM &amp; ODM und E-Commerce-Beschaffungsdienste f\u00fcr Kunden aus einer Hand.<\/p>","protected":false},"featured_media":4784,"comment_status":"closed","ping_status":"closed","template":"","meta":{"_acf_changed":false},"application":[31],"product_brand":[],"product_cat":[19],"product_tag":[],"class_list":{"0":"post-4783","1":"product","2":"type-product","3":"status-publish","4":"has-post-thumbnail","6":"application-champ-kitchen","7":"product_cat-food-storage-container-bulk-custom","9":"first","10":"instock","11":"shipping-taxable","12":"product-type-simple"},"acf":[],"_links":{"self":[{"href":"https:\/\/www.yongyukitchenware.com\/de\/wp-json\/wp\/v2\/product\/4783","targetHints":{"allow":["GET"]}}],"collection":[{"href":"https:\/\/www.yongyukitchenware.com\/de\/wp-json\/wp\/v2\/product"}],"about":[{"href":"https:\/\/www.yongyukitchenware.com\/de\/wp-json\/wp\/v2\/types\/product"}],"replies":[{"embeddable":true,"href":"https:\/\/www.yongyukitchenware.com\/de\/wp-json\/wp\/v2\/comments?post=4783"}],"wp:featuredmedia":[{"embeddable":true,"href":"https:\/\/www.yongyukitchenware.com\/de\/wp-json\/wp\/v2\/media\/4784"}],"wp:attachment":[{"href":"https:\/\/www.yongyukitchenware.com\/de\/wp-json\/wp\/v2\/media?parent=4783"}],"wp:term":[{"taxonomy":"application","embeddable":true,"href":"https:\/\/www.yongyukitchenware.com\/de\/wp-json\/wp\/v2\/application?post=4783"},{"taxonomy":"product_brand","embeddable":true,"href":"https:\/\/www.yongyukitchenware.com\/de\/wp-json\/wp\/v2\/product_brand?post=4783"},{"taxonomy":"product_cat","embeddable":true,"href":"https:\/\/www.yongyukitchenware.com\/de\/wp-json\/wp\/v2\/product_cat?post=4783"},{"taxonomy":"product_tag","embeddable":true,"href":"https:\/\/www.yongyukitchenware.com\/de\/wp-json\/wp\/v2\/product_tag?post=4783"}],"curies":[{"name":"wp","href":"https:\/\/api.w.org\/{rel}","templated":true}]}}