{"id":4944,"date":"2025-09-26T08:28:10","date_gmt":"2025-09-26T08:28:10","guid":{"rendered":"https:\/\/www.yongyukitchenware.com\/?post_type=product&#038;p=4944"},"modified":"2025-09-26T08:28:12","modified_gmt":"2025-09-26T08:28:12","slug":"wholesale-luxury-stainless-steel-hydraulic-chafing-dish-buffet-food-warmer-gold","status":"publish","type":"product","link":"https:\/\/www.yongyukitchenware.com\/de\/produkt\/wholesale-luxury-stainless-steel-hydraulic-chafing-dish-buffet-food-warmer-gold\/","title":{"rendered":"Gro\u00dfhandel Luxus Edelstahl hydraulische Chafing Dish Buffet Lebensmittel w\u00e4rmer-Gold"},"content":{"rendered":"<div class=\"wp-block-columns is-layout-flex wp-container-core-columns-is-layout-9d6595d7 wp-block-columns-is-layout-flex\">\n<div class=\"wp-block-column is-layout-flow wp-block-column-is-layout-flow\">\n<h2 class=\"wp-block-heading\">Gro\u00dfhandel Luxus Edelstahl hydraulische Chafing Dish Buffet Lebensmittel w\u00e4rmer Parameter:<\/h2>\n\n\n\n<figure class=\"wp-block-table\"><table class=\"has-fixed-layout\"><tbody><tr><td>Modell<\/td><td>Form<\/td><td>L\u00e4nge * Breite * H\u00f6he (cm)<\/td><td>Fassungsverm\u00f6gen (l)<\/td><td>MOQ<\/td><\/tr><tr><td rowspan=\"3\">DY047-CL<\/td><td>Rechteck<\/td><td>58*45*29<\/td><td>9L<\/td><td rowspan=\"3\">2PCS<\/td><\/tr><tr><td>Quadratisch<\/td><td>40*45*29<\/td><td>6L<\/td><\/tr><tr><td>Rund<\/td><td>43*49*29<\/td><td>6L<\/td><\/tr><\/tbody><\/table><\/figure>\n\n\n\n<h2 class=\"wp-block-heading\">Gro\u00dfhandel Buffet Chafing Dish Merkmale:<\/h2>\n\n\n\n<p><strong>Hochwertiges Material aus rostfreiem Stahl: <\/strong>Das Material aus hochkorrosionsbest\u00e4ndigem Edelstahl gew\u00e4hrleistet eine lange Lebensdauer und Oxidationsbest\u00e4ndigkeit des Kochers, so dass er auch bei h\u00e4ufigem Gebrauch die Temperatur und das Aussehen der Speisen nicht beeintr\u00e4chtigt.<\/p>\n\n\n\n<p><strong>Hocheffiziente Isolierung: <\/strong>Mit seinem Dual-Fuel-Boden kann er die Temperatur der Speisen effektiv aufrechterhalten, so dass die Speisen w\u00e4hrend der gesamten Mahlzeit warm bleiben und das Esserlebnis verbessert wird.<\/p>\n\n\n\n<p><strong>Modisches und einfaches Aussehen: <\/strong>Moderner und minimalistischer Stil, glatte, hochglanzpolierte Edelstahloberfl\u00e4che, geeignet f\u00fcr verschiedene Bankette, Hochzeiten, Hotelbuffets und andere Anl\u00e4sse, die den \u00e4sthetischen Gesamteindruck des Esstisches verst\u00e4rken.<\/p>\n\n\n\n<p><strong>Leicht zu reinigen und zu pflegen:<\/strong> Das Design ist leicht zu demontieren, was die Reinigung und Wartung erleichtert und das Ger\u00e4t lange Zeit sauber und hygienisch h\u00e4lt. Nach dem Gebrauch l\u00e4sst es sich leicht reinigen, sodass beim n\u00e4chsten Einsatz keine R\u00fcckst\u00e4nde zur\u00fcckbleiben.<\/p>\n\n\n\n<p><strong>Gro\u00dfes Fassungsverm\u00f6gen:<\/strong> Die ger\u00e4umige Platte kann eine gro\u00dfe Menge an Speisen gleichzeitig aufnehmen und eignet sich daher f\u00fcr gro\u00dfe Veranstaltungen oder Bankette und f\u00fcr die Bed\u00fcrfnisse einer unterschiedlichen Anzahl von Personen.<\/p>\n<\/div>\n\n\n\n<div class=\"wp-block-column is-layout-flow wp-block-column-is-layout-flow\">\n<figure class=\"wp-block-image size-full\"><img decoding=\"async\" width=\"800\" height=\"800\" src=\"https:\/\/www.yongyukitchenware.com\/wp-content\/uploads\/2025\/09\/Wholesale-Buffet-Chafing-Dish-6.webp\" alt=\"Gro\u00dfhandel Luxus Edelstahl hydraulische Chafing Dish\" class=\"wp-image-4942\" srcset=\"https:\/\/www.yongyukitchenware.com\/wp-content\/uploads\/2025\/09\/Wholesale-Buffet-Chafing-Dish-6.webp 800w, https:\/\/www.yongyukitchenware.com\/wp-content\/uploads\/2025\/09\/Wholesale-Buffet-Chafing-Dish-6-300x300.webp 300w, https:\/\/www.yongyukitchenware.com\/wp-content\/uploads\/2025\/09\/Wholesale-Buffet-Chafing-Dish-6-150x150.webp 150w, https:\/\/www.yongyukitchenware.com\/wp-content\/uploads\/2025\/09\/Wholesale-Buffet-Chafing-Dish-6-768x768.webp 768w, https:\/\/www.yongyukitchenware.com\/wp-content\/uploads\/2025\/09\/Wholesale-Buffet-Chafing-Dish-6-12x12.webp 12w, https:\/\/www.yongyukitchenware.com\/wp-content\/uploads\/2025\/09\/Wholesale-Buffet-Chafing-Dish-6-600x600.webp 600w, https:\/\/www.yongyukitchenware.com\/wp-content\/uploads\/2025\/09\/Wholesale-Buffet-Chafing-Dish-6-100x100.webp 100w\" sizes=\"(max-width: 800px) 100vw, 800px\" \/><\/figure>\n\n\n\n<figure class=\"wp-block-image size-full\"><img decoding=\"async\" width=\"800\" height=\"800\" src=\"https:\/\/www.yongyukitchenware.com\/wp-content\/uploads\/2025\/09\/Wholesale-Buffet-Chafing-Dish-7.webp\" alt=\"Gro\u00dfhandel Luxus Edelstahl hydraulische Chafing Dish\" class=\"wp-image-4943\" srcset=\"https:\/\/www.yongyukitchenware.com\/wp-content\/uploads\/2025\/09\/Wholesale-Buffet-Chafing-Dish-7.webp 800w, https:\/\/www.yongyukitchenware.com\/wp-content\/uploads\/2025\/09\/Wholesale-Buffet-Chafing-Dish-7-300x300.webp 300w, https:\/\/www.yongyukitchenware.com\/wp-content\/uploads\/2025\/09\/Wholesale-Buffet-Chafing-Dish-7-150x150.webp 150w, https:\/\/www.yongyukitchenware.com\/wp-content\/uploads\/2025\/09\/Wholesale-Buffet-Chafing-Dish-7-768x768.webp 768w, https:\/\/www.yongyukitchenware.com\/wp-content\/uploads\/2025\/09\/Wholesale-Buffet-Chafing-Dish-7-12x12.webp 12w, https:\/\/www.yongyukitchenware.com\/wp-content\/uploads\/2025\/09\/Wholesale-Buffet-Chafing-Dish-7-600x600.webp 600w, https:\/\/www.yongyukitchenware.com\/wp-content\/uploads\/2025\/09\/Wholesale-Buffet-Chafing-Dish-7-100x100.webp 100w\" sizes=\"(max-width: 800px) 100vw, 800px\" \/><\/figure>\n<\/div>\n<\/div>\n\n\n\n<p><\/p>","protected":false},"excerpt":{"rendered":"<p>Luxuri\u00f6ser, hydraulischer Chafing Dish aus Edelstahl f\u00fcr den Gro\u00dfhandel, konzipiert f\u00fcr Buffet und Catering. Gefertigt aus hochwertigem Edelstahl mit einem hydraulischen Deckel f\u00fcr sanftes, leises \u00d6ffnen, h\u00e4lt er Speisen warm und pr\u00e4sentabel. Perfekt f\u00fcr Hotels, Restaurants und Veranstaltungen. Support Amazon Verkauf und benutzerdefinierte, hohe Qualit\u00e4t garantiert, willkommen zu erkundigen!<\/p>\n<h2><!-- wp:heading --><\/h2>\n<h2 class=\"wp-block-heading\">Gro\u00dfhandel Buffet Chafing Dish Attribute :<\/h2>\n<h2><!-- \/wp:heading --><\/p>\n<p><!-- wp:paragraph --><\/h2>\n<p><strong>Material: <\/strong>Rostfreier Stahl<br \/><strong>Farbe: <\/strong>Silber<br \/><strong>Die Form:<\/strong> Rund mit Scharnierdeckel<br \/><strong>W\u00e4rme: <\/strong>Alkohol oder elektrische Heizung<br \/><strong>Chafer Pan: <\/strong>Einzelner Raster<br \/><strong>OEM\/ODM: <\/strong>Verf\u00fcgbar<\/p>\n<h2 class=\"wp-block-heading\">Von Yongyu Chafing Dish Hersteller :<\/h2>\n<p>Ob es sich um einen Catering-Service-Anbieter, Hotel und Restaurant, oder Event-Planung Unternehmen, bieten wir komplette Chafing Gerichte Gro\u00dfhandel benutzerdefinierte L\u00f6sungen, um Ihr Unternehmen mit hochwertigen Fabrik Preise!<\/p>\n<h2><!-- \/wp:paragraph --><\/h2>","protected":false},"featured_media":4938,"comment_status":"closed","ping_status":"closed","template":"","meta":{"_acf_changed":false},"application":[30],"product_brand":[],"product_cat":[33],"product_tag":[],"class_list":{"0":"post-4944","1":"product","2":"type-product","3":"status-publish","4":"has-post-thumbnail","6":"application-hotel-catering","7":"product_cat-chafing-dishes-wholesale","9":"first","10":"instock","11":"shipping-taxable","12":"product-type-simple"},"acf":[],"_links":{"self":[{"href":"https:\/\/www.yongyukitchenware.com\/de\/wp-json\/wp\/v2\/product\/4944","targetHints":{"allow":["GET"]}}],"collection":[{"href":"https:\/\/www.yongyukitchenware.com\/de\/wp-json\/wp\/v2\/product"}],"about":[{"href":"https:\/\/www.yongyukitchenware.com\/de\/wp-json\/wp\/v2\/types\/product"}],"replies":[{"embeddable":true,"href":"https:\/\/www.yongyukitchenware.com\/de\/wp-json\/wp\/v2\/comments?post=4944"}],"wp:featuredmedia":[{"embeddable":true,"href":"https:\/\/www.yongyukitchenware.com\/de\/wp-json\/wp\/v2\/media\/4938"}],"wp:attachment":[{"href":"https:\/\/www.yongyukitchenware.com\/de\/wp-json\/wp\/v2\/media?parent=4944"}],"wp:term":[{"taxonomy":"application","embeddable":true,"href":"https:\/\/www.yongyukitchenware.com\/de\/wp-json\/wp\/v2\/application?post=4944"},{"taxonomy":"product_brand","embeddable":true,"href":"https:\/\/www.yongyukitchenware.com\/de\/wp-json\/wp\/v2\/product_brand?post=4944"},{"taxonomy":"product_cat","embeddable":true,"href":"https:\/\/www.yongyukitchenware.com\/de\/wp-json\/wp\/v2\/product_cat?post=4944"},{"taxonomy":"product_tag","embeddable":true,"href":"https:\/\/www.yongyukitchenware.com\/de\/wp-json\/wp\/v2\/product_tag?post=4944"}],"curies":[{"name":"wp","href":"https:\/\/api.w.org\/{rel}","templated":true}]}}