{"id":5007,"date":"2025-11-04T07:27:39","date_gmt":"2025-11-04T07:27:39","guid":{"rendered":"https:\/\/www.yongyukitchenware.com\/?post_type=product&#038;p=5007"},"modified":"2025-11-04T08:37:09","modified_gmt":"2025-11-04T08:37:09","slug":"custom-stainless-steel-square-basin-and-vegetable-fruit-colander-silver","status":"publish","type":"product","link":"https:\/\/www.yongyukitchenware.com\/de\/produkt\/custom-stainless-steel-square-basin-and-vegetable-fruit-colander-silver\/","title":{"rendered":"Individuelles quadratisches Becken und Gem\u00fcse-Obstsieb aus Edelstahl - silberfarben"},"content":{"rendered":"<div class=\"wp-block-columns is-layout-flex wp-container-core-columns-is-layout-9d6595d7 wp-block-columns-is-layout-flex\">\n<div class=\"wp-block-column is-layout-flow wp-block-column-is-layout-flow\">\n<h2 class=\"wp-block-heading\">Kundenspezifisches quadratisches Becken aus Edelstahl Merkmale :<\/h2>\n\n\n\n<p><strong>Hochwertiges Material aus rostfreiem Stahl: <\/strong>Aus hochwertigem Edelstahl gefertigt, ist er langlebig, rostfrei und kann lange verwendet werden, so dass er bei jedem Einsatz wie neu aussieht.<br><strong>Hocheffizientes Entw\u00e4sserungskonzept: <\/strong>Jedes Becken ist mit einer feinen Perforation ausgestattet, die das Wasser schnell verdunsten l\u00e4sst und es Ihnen erm\u00f6glicht, Gem\u00fcse, Obst und Nudeln effektiver zu waschen.<br><strong>Mehrere Gr\u00f6\u00dfenoptionen:<\/strong> Erh\u00e4ltlich in verschiedenen Gr\u00f6\u00dfen von 20 bis 36 cm, um den unterschiedlichen Bed\u00fcrfnissen in der K\u00fcche gerecht zu werden. Egal, ob es sich um kleine Portionen von Zutaten oder gro\u00dfe Portionen von Lebensmitteln handelt, sie lassen sich alle mit Leichtigkeit handhaben.<br><strong>Einfaches und modernes Aussehen: <\/strong>Das quadratische Design und die glatte Metalloberfl\u00e4che verleihen jedem Ablaufbecken eine schlichte und moderne \u00c4sthetik, die sich perfekt in jeden Einrichtungsstil einer K\u00fcche einf\u00fcgt.<br><strong>Bequeme Reinigung: <\/strong>Die Edelstahloberfl\u00e4che ist pflegeleicht, fleckenunempfindlich und nimmt nicht so leicht Fett auf, so dass sie nach jedem Gebrauch leicht abgewaschen werden kann und Sauberkeit und Hygiene gew\u00e4hrleistet sind.<\/p>\n\n\n\n<figure class=\"wp-block-image size-full\"><img decoding=\"async\" width=\"800\" height=\"800\" src=\"https:\/\/www.yongyukitchenware.com\/wp-content\/uploads\/2025\/10\/Custom-Stainless-Steel-Square-Basin-10.webp\" alt=\"Custom-Edelstahl-Vierkant-Becken-10\" class=\"wp-image-5017\" srcset=\"https:\/\/www.yongyukitchenware.com\/wp-content\/uploads\/2025\/10\/Custom-Stainless-Steel-Square-Basin-10.webp 800w, https:\/\/www.yongyukitchenware.com\/wp-content\/uploads\/2025\/10\/Custom-Stainless-Steel-Square-Basin-10-300x300.webp 300w, https:\/\/www.yongyukitchenware.com\/wp-content\/uploads\/2025\/10\/Custom-Stainless-Steel-Square-Basin-10-150x150.webp 150w, https:\/\/www.yongyukitchenware.com\/wp-content\/uploads\/2025\/10\/Custom-Stainless-Steel-Square-Basin-10-768x768.webp 768w, https:\/\/www.yongyukitchenware.com\/wp-content\/uploads\/2025\/10\/Custom-Stainless-Steel-Square-Basin-10-12x12.webp 12w, https:\/\/www.yongyukitchenware.com\/wp-content\/uploads\/2025\/10\/Custom-Stainless-Steel-Square-Basin-10-600x600.webp 600w, https:\/\/www.yongyukitchenware.com\/wp-content\/uploads\/2025\/10\/Custom-Stainless-Steel-Square-Basin-10-100x100.webp 100w\" sizes=\"(max-width: 800px) 100vw, 800px\" \/><\/figure>\n<\/div>\n\n\n\n<div class=\"wp-block-column is-layout-flow wp-block-column-is-layout-flow\">\n<div class=\"wp-block-columns is-layout-flex wp-container-core-columns-is-layout-9d6595d7 wp-block-columns-is-layout-flex\">\n<div class=\"wp-block-column is-layout-flow wp-block-column-is-layout-flow\">\n<figure class=\"wp-block-image size-full\"><img decoding=\"async\" width=\"800\" height=\"800\" src=\"https:\/\/www.yongyukitchenware.com\/wp-content\/uploads\/2025\/10\/Custom-Stainless-Steel-Square-Basin-12.webp\" alt=\"Custom-Edelstahl-Quadratisches-Becken-12\" class=\"wp-image-5019\" srcset=\"https:\/\/www.yongyukitchenware.com\/wp-content\/uploads\/2025\/10\/Custom-Stainless-Steel-Square-Basin-12.webp 800w, https:\/\/www.yongyukitchenware.com\/wp-content\/uploads\/2025\/10\/Custom-Stainless-Steel-Square-Basin-12-300x300.webp 300w, https:\/\/www.yongyukitchenware.com\/wp-content\/uploads\/2025\/10\/Custom-Stainless-Steel-Square-Basin-12-150x150.webp 150w, https:\/\/www.yongyukitchenware.com\/wp-content\/uploads\/2025\/10\/Custom-Stainless-Steel-Square-Basin-12-768x768.webp 768w, https:\/\/www.yongyukitchenware.com\/wp-content\/uploads\/2025\/10\/Custom-Stainless-Steel-Square-Basin-12-12x12.webp 12w, https:\/\/www.yongyukitchenware.com\/wp-content\/uploads\/2025\/10\/Custom-Stainless-Steel-Square-Basin-12-600x600.webp 600w, https:\/\/www.yongyukitchenware.com\/wp-content\/uploads\/2025\/10\/Custom-Stainless-Steel-Square-Basin-12-100x100.webp 100w\" sizes=\"(max-width: 800px) 100vw, 800px\" \/><\/figure>\n\n\n\n<h2 class=\"wp-block-heading\">Individuelles quadratisches Becken aus Edelstahl Gr\u00f6\u00dfe:<\/h2>\n\n\n\n<figure class=\"wp-block-table\"><table class=\"has-fixed-layout\"><tbody><tr><td>Modell<\/td><td>Gr\u00f6\u00dfe<\/td><td>Gewicht(g)<\/td><td>MOQ<\/td><\/tr><tr><td rowspan=\"18\">DY040-TLP<\/td><td>20cm<\/td><td>200<\/td><td rowspan=\"18\">200 STCK.<\/td><\/tr><tr><td>22cm<\/td><td>245<\/td><\/tr><tr><td>24cm<\/td><td>285<\/td><\/tr><tr><td>26cm<\/td><td>328<\/td><\/tr><tr><td>28cm<\/td><td>382<\/td><\/tr><tr><td>30cm<\/td><td>470<\/td><\/tr><tr><td>32cm<\/td><td>525<\/td><\/tr><tr><td>34cm<\/td><td>624<\/td><\/tr><tr><td>36cm<\/td><td>758<\/td><\/tr><tr><td>20cm<\/td><td>193<\/td><\/tr><tr><td>22cm<\/td><td>235<\/td><\/tr><tr><td>24cm<\/td><td>270<\/td><\/tr><tr><td>26cm<\/td><td>310<\/td><\/tr><tr><td>28cm<\/td><td>370<\/td><\/tr><tr><td>30cm<\/td><td>445<\/td><\/tr><tr><td>32cm<\/td><td>500<\/td><\/tr><tr><td>34cm<\/td><td>590<\/td><\/tr><tr><td>36cm<\/td><td>718<\/td><\/tr><\/tbody><\/table><\/figure>\n<\/div>\n<\/div>\n\n\n\n<div class=\"wp-block-columns is-layout-flex wp-container-core-columns-is-layout-9d6595d7 wp-block-columns-is-layout-flex\">\n<div class=\"wp-block-column is-layout-flow wp-block-column-is-layout-flow\"><\/div>\n<\/div>\n<\/div>\n<\/div>","protected":false},"excerpt":{"rendered":"<p>Das quadratische Wasch- und Abtropfbecken aus Edelstahl eignet sich f\u00fcr die Reinigung, das Abtropfen und die Zubereitung von Lebensmitteln und erleichtert die Handhabung von Gem\u00fcse, Obst, Reis, Nudeln und anderen Zutaten. Egal, ob es sich um eine K\u00fcche zu Hause oder eine gewerbliche K\u00fcche handelt, es ist eine ideale Wahl, die effizient und zuverl\u00e4ssig ist. R\u00fcsten Sie Ihre K\u00fcche auf und entscheiden Sie sich f\u00fcr dieses unverzichtbare Ger\u00e4t. Es ist die ideale Wahl f\u00fcr Gro\u00dfhandelsk\u00e4ufe. Kontaktieren Sie uns sofort, um den Gro\u00dfhandelspreis zu erhalten!<\/p>\n<h2>Benutzerdefinierte quadratische Becken aus Edelstahl Parameter :<\/h2>\n<p><strong>Material:<\/strong> rostfreier Stahl<br \/><strong>Enth\u00e4lt:<\/strong> eine R\u00fchrsch\u00fcssel und ein Sieb<br \/><strong>Design der Schale:<\/strong> Quadratisches Design, verdicktes Material<br \/><strong>Spezifikationen:<\/strong> 20-36cm<br \/><strong>Verpacken:<\/strong> Beutel\/Sammelgut\/Karton oder individuell<br \/><strong>OEM\/ODM:<\/strong> Verf\u00fcgbar<\/p>\n<h2 class=\"wp-block-heading\">Von Yongyu Kitchenware Hersteller:<\/h2>\n<p>Yongyu ist ein professioneller Hersteller von K\u00fcchenutensilien. Unsere Produkte umfassen alle Arten von Edelstahlkochgeschirr und K\u00fcchenzubeh\u00f6r und bieten ma\u00dfgeschneiderte L\u00f6sungen mit hochwertigen Produkten und Fabrikpreisen.<\/p>","protected":false},"featured_media":5008,"comment_status":"closed","ping_status":"closed","template":"","meta":{"_acf_changed":false},"application":[29],"product_brand":[],"product_cat":[23,35],"product_tag":[],"class_list":{"0":"post-5007","1":"product","2":"type-product","3":"status-publish","4":"has-post-thumbnail","6":"application-home-kitchen","7":"product_cat-kitchenware-wholesale","8":"product_cat-baking-trays-wholesale","10":"first","11":"instock","12":"shipping-taxable","13":"product-type-simple"},"acf":[],"_links":{"self":[{"href":"https:\/\/www.yongyukitchenware.com\/de\/wp-json\/wp\/v2\/product\/5007","targetHints":{"allow":["GET"]}}],"collection":[{"href":"https:\/\/www.yongyukitchenware.com\/de\/wp-json\/wp\/v2\/product"}],"about":[{"href":"https:\/\/www.yongyukitchenware.com\/de\/wp-json\/wp\/v2\/types\/product"}],"replies":[{"embeddable":true,"href":"https:\/\/www.yongyukitchenware.com\/de\/wp-json\/wp\/v2\/comments?post=5007"}],"wp:featuredmedia":[{"embeddable":true,"href":"https:\/\/www.yongyukitchenware.com\/de\/wp-json\/wp\/v2\/media\/5008"}],"wp:attachment":[{"href":"https:\/\/www.yongyukitchenware.com\/de\/wp-json\/wp\/v2\/media?parent=5007"}],"wp:term":[{"taxonomy":"application","embeddable":true,"href":"https:\/\/www.yongyukitchenware.com\/de\/wp-json\/wp\/v2\/application?post=5007"},{"taxonomy":"product_brand","embeddable":true,"href":"https:\/\/www.yongyukitchenware.com\/de\/wp-json\/wp\/v2\/product_brand?post=5007"},{"taxonomy":"product_cat","embeddable":true,"href":"https:\/\/www.yongyukitchenware.com\/de\/wp-json\/wp\/v2\/product_cat?post=5007"},{"taxonomy":"product_tag","embeddable":true,"href":"https:\/\/www.yongyukitchenware.com\/de\/wp-json\/wp\/v2\/product_tag?post=5007"}],"curies":[{"name":"wp","href":"https:\/\/api.w.org\/{rel}","templated":true}]}}