{"id":5029,"date":"2025-11-17T03:26:56","date_gmt":"2025-11-17T03:26:56","guid":{"rendered":"https:\/\/www.yongyukitchenware.com\/?post_type=product&#038;p=5029"},"modified":"2025-11-17T03:26:57","modified_gmt":"2025-11-17T03:26:57","slug":"bulk-stainless-steel-mixing-bowl-and-colander-set-with-handle","status":"publish","type":"product","link":"https:\/\/www.yongyukitchenware.com\/de\/produkt\/bulk-stainless-steel-mixing-bowl-and-colander-set-with-handle\/","title":{"rendered":"Edelstahl-Mischsch\u00fcssel- und Siebset mit Henkel"},"content":{"rendered":"<div class=\"wp-block-columns is-layout-flex wp-container-core-columns-is-layout-9d6595d7 wp-block-columns-is-layout-flex\">\n<div class=\"wp-block-column is-layout-flow wp-block-column-is-layout-flow\">\n<h2 class=\"wp-block-heading\">Edelstahl-Mixsch\u00fcssel mit Griff Eigenschaften :<\/h2>\n\n\n\n<p><strong>Materialsicherheit und Haltbarkeit: <\/strong>Aus lebensmittelechtem Edelstahl 304 gefertigt, ist er korrosionsbest\u00e4ndig und rostet nicht. Der direkte Kontakt mit Lebensmitteln ist ges\u00fcnder und hat eine lange Lebensdauer<br><strong>Vielseitig und vielseitig einsetzbar: <\/strong>Erh\u00e4ltlich in verschiedenen Gr\u00f6\u00dfen wie 23\/25\/27\/29\/31 cm, kann das Waschbecken zum Kneten von Teig, zum Kochen von Suppe und zum Aufbewahren von Lebensmitteln verwendet werden, w\u00e4hrend das Abtropfbecken zum Waschen und Abtropfen von Obst und Gem\u00fcse verwendet werden kann. Ein Set deckt alle Arten von K\u00fcchenbed\u00fcrfnissen ab<br><strong>Humanisiertes Griffdesign:<\/strong> Das Becken ist mit Griffen an beiden Seiten ausgestattet, die ergonomisch geformt sind, bequem und stabil in der Hand liegen und beim Ausgie\u00dfen oder Umf\u00fcllen von Fl\u00fcssigkeiten nicht so leicht abrutschen, so dass es leichter zu bedienen ist<br><strong>Praktisch und leicht zu reinigen:<\/strong> Die L\u00f6cher in der Abtropfschale sind dicht und gleichm\u00e4\u00dfig, so dass das Wasser schnell und gr\u00fcndlich abflie\u00dfen kann. Die Innenwand des Waschbeckens ist glatt, sodass es beim Kneten von Teig nicht klebt. Es l\u00e4sst sich leicht abwischen. Durch das Hochglanzpolieren werden das Aussehen und die Textur verbessert.<\/p>\n<\/div>\n\n\n\n<div class=\"wp-block-column is-layout-flow wp-block-column-is-layout-flow\">\n<div class=\"wp-block-columns is-layout-flex wp-container-core-columns-is-layout-9d6595d7 wp-block-columns-is-layout-flex\">\n<div class=\"wp-block-column is-layout-flow wp-block-column-is-layout-flow\">\n<figure class=\"wp-block-image size-full\"><img decoding=\"async\" width=\"800\" height=\"800\" src=\"https:\/\/www.yongyukitchenware.com\/wp-content\/uploads\/2025\/11\/Bulk-Stainless-Steel-Mixing-Bowl-with-Handle-7.webp\" alt=\"Edelstahl-Mischbecher mit Griff-7\" class=\"wp-image-5068\" srcset=\"https:\/\/www.yongyukitchenware.com\/wp-content\/uploads\/2025\/11\/Bulk-Stainless-Steel-Mixing-Bowl-with-Handle-7.webp 800w, https:\/\/www.yongyukitchenware.com\/wp-content\/uploads\/2025\/11\/Bulk-Stainless-Steel-Mixing-Bowl-with-Handle-7-300x300.webp 300w, https:\/\/www.yongyukitchenware.com\/wp-content\/uploads\/2025\/11\/Bulk-Stainless-Steel-Mixing-Bowl-with-Handle-7-150x150.webp 150w, https:\/\/www.yongyukitchenware.com\/wp-content\/uploads\/2025\/11\/Bulk-Stainless-Steel-Mixing-Bowl-with-Handle-7-768x768.webp 768w, https:\/\/www.yongyukitchenware.com\/wp-content\/uploads\/2025\/11\/Bulk-Stainless-Steel-Mixing-Bowl-with-Handle-7-12x12.webp 12w, https:\/\/www.yongyukitchenware.com\/wp-content\/uploads\/2025\/11\/Bulk-Stainless-Steel-Mixing-Bowl-with-Handle-7-600x600.webp 600w, https:\/\/www.yongyukitchenware.com\/wp-content\/uploads\/2025\/11\/Bulk-Stainless-Steel-Mixing-Bowl-with-Handle-7-100x100.webp 100w\" sizes=\"(max-width: 800px) 100vw, 800px\" \/><\/figure>\n\n\n\n<h2 class=\"wp-block-heading\">Edelstahl-R\u00fchrsch\u00fcssel mit Henkel, lose Gr\u00f6\u00dfe:<\/h2>\n\n\n\n<figure class=\"wp-block-table\"><table class=\"has-fixed-layout\"><tbody><tr><td>Modell<\/td><td>Produktname<\/td><td>Gr\u00f6\u00dfe<\/td><td>Gewicht<\/td><td>MOQ<\/td><\/tr><tr><td rowspan=\"10\">DY043-TLP<\/td><td rowspan=\"5\">R\u00fchrsch\u00fcssel aus Edelstahl<\/td><td>23cm<\/td><td>320g<\/td><td rowspan=\"10\">200 STCK.<\/td><\/tr><tr><td>25cm<\/td><td>360g<\/td><\/tr><tr><td>27cm<\/td><td>410g<\/td><\/tr><tr><td>29cm<\/td><td>460g<\/td><\/tr><tr><td>31cm<\/td><td>520g<\/td><\/tr><tr><td rowspan=\"5\">Edelstahl-Sieb<\/td><td>23cm<\/td><td>280g<\/td><\/tr><tr><td>25cm<\/td><td>310g<\/td><\/tr><tr><td>27cm<\/td><td>360g<\/td><\/tr><tr><td>29cm<\/td><td>400g<\/td><\/tr><tr><td>31cm<\/td><td>460g<\/td><\/tr><\/tbody><\/table><\/figure>\n<\/div>\n<\/div>\n\n\n\n<div class=\"wp-block-columns is-layout-flex wp-container-core-columns-is-layout-9d6595d7 wp-block-columns-is-layout-flex\">\n<div class=\"wp-block-column is-layout-flow wp-block-column-is-layout-flow\"><\/div>\n<\/div>\n<\/div>\n<\/div>","protected":false},"excerpt":{"rendered":"<p>304-Edelstahl-Sch\u00fcssel &amp; Sieb-Set Aus lebensmittelechtem 304-Edelstahl gefertigt, ist dieses Set in den Gr\u00f6\u00dfen 23\/25\/27\/29\/31 cm mit zwei Griffen f\u00fcr einfachen Halt erh\u00e4ltlich. Es eignet sich perfekt zum Waschen von Obst\/Gem\u00fcse, zum Kneten von Teig oder sogar zum Kochen von Suppe. Es ist lebensmittelecht, korrosionsbest\u00e4ndig und langlebig. Es spart Platz und Kosten und erf\u00fcllt alle Ihre K\u00fcchenanforderungen - eine ideale Wahl f\u00fcr K\u00f6che und B\u00e4cker gleicherma\u00dfen.<\/p>\n<h2>Edelstahl-Mischsch\u00fcssel mit Griff Parameter :<\/h2>\n<p><strong>Material:<\/strong> rostfreier Stahl<br \/><strong>Enth\u00e4lt:<\/strong> eine R\u00fchrsch\u00fcssel und ein Sieb<br \/><strong>Design der Schale:<\/strong> Runde Form, mit Griff<br \/><strong>Spezifikationen:<\/strong> 23\/25\/27\/29\/31cm<br \/><strong>Verpacken:<\/strong> Beutel\/Sammelgut\/Karton oder individuell<br \/><strong>OEM\/ODM:<\/strong> Verf\u00fcgbar<\/p>\n<h2 class=\"wp-block-heading\">Von Yongyu Kitchenware Hersteller:<\/h2>\n<p>Yongyu ist ein professioneller Hersteller von K\u00fcchenutensilien. Unsere Produkte umfassen alle Arten von Edelstahlkochgeschirr und K\u00fcchenzubeh\u00f6r und bieten ma\u00dfgeschneiderte L\u00f6sungen mit hochwertigen Produkten und Fabrikpreisen.<\/p>","protected":false},"featured_media":5062,"comment_status":"closed","ping_status":"closed","template":"","meta":{"_acf_changed":true},"application":[29],"product_brand":[],"product_cat":[23,35],"product_tag":[],"class_list":{"0":"post-5029","1":"product","2":"type-product","3":"status-publish","4":"has-post-thumbnail","6":"application-home-kitchen","7":"product_cat-kitchenware-wholesale","8":"product_cat-baking-trays-wholesale","10":"first","11":"instock","12":"shipping-taxable","13":"product-type-simple"},"acf":[],"_links":{"self":[{"href":"https:\/\/www.yongyukitchenware.com\/de\/wp-json\/wp\/v2\/product\/5029","targetHints":{"allow":["GET"]}}],"collection":[{"href":"https:\/\/www.yongyukitchenware.com\/de\/wp-json\/wp\/v2\/product"}],"about":[{"href":"https:\/\/www.yongyukitchenware.com\/de\/wp-json\/wp\/v2\/types\/product"}],"replies":[{"embeddable":true,"href":"https:\/\/www.yongyukitchenware.com\/de\/wp-json\/wp\/v2\/comments?post=5029"}],"wp:featuredmedia":[{"embeddable":true,"href":"https:\/\/www.yongyukitchenware.com\/de\/wp-json\/wp\/v2\/media\/5062"}],"wp:attachment":[{"href":"https:\/\/www.yongyukitchenware.com\/de\/wp-json\/wp\/v2\/media?parent=5029"}],"wp:term":[{"taxonomy":"application","embeddable":true,"href":"https:\/\/www.yongyukitchenware.com\/de\/wp-json\/wp\/v2\/application?post=5029"},{"taxonomy":"product_brand","embeddable":true,"href":"https:\/\/www.yongyukitchenware.com\/de\/wp-json\/wp\/v2\/product_brand?post=5029"},{"taxonomy":"product_cat","embeddable":true,"href":"https:\/\/www.yongyukitchenware.com\/de\/wp-json\/wp\/v2\/product_cat?post=5029"},{"taxonomy":"product_tag","embeddable":true,"href":"https:\/\/www.yongyukitchenware.com\/de\/wp-json\/wp\/v2\/product_tag?post=5029"}],"curies":[{"name":"wp","href":"https:\/\/api.w.org\/{rel}","templated":true}]}}