{"id":5069,"date":"2025-11-18T07:40:05","date_gmt":"2025-11-18T07:40:05","guid":{"rendered":"https:\/\/www.yongyukitchenware.com\/?post_type=product&#038;p=5069"},"modified":"2025-11-18T07:41:43","modified_gmt":"2025-11-18T07:41:43","slug":"wholesale-stainless-steel-large-round-tray-mirror-polished-serving-dish","status":"publish","type":"product","link":"https:\/\/www.yongyukitchenware.com\/de\/produkt\/wholesale-stainless-steel-large-round-tray-mirror-polished-serving-dish\/","title":{"rendered":"Gro\u00dfhandel Edelstahl gro\u00dfe Runde Tablett Spiegel poliert servieren Gericht"},"content":{"rendered":"<div class=\"wp-block-columns is-layout-flex wp-container-core-columns-is-layout-9d6595d7 wp-block-columns-is-layout-flex\">\n<div class=\"wp-block-column is-layout-flow wp-block-column-is-layout-flow\">\n<h2 class=\"wp-block-heading\">Gro\u00dfhandel Edelstahl gro\u00dfe runde Tablett Gr\u00f6\u00dfe:<\/h2>\n\n\n\n<figure class=\"wp-block-table\"><table class=\"has-fixed-layout\"><tbody><tr><td>Modell<\/td><td>Gr\u00f6\u00dfe<\/td><td>Gewicht<\/td><td>MOQ<\/td><\/tr><tr><td rowspan=\"3\">DY076-P<\/td><td>45cm<\/td><td>500g<\/td><td rowspan=\"3\">100 STCK.<\/td><\/tr><tr><td>50cm<\/td><td>730g<\/td><\/tr><tr><td>55cm<\/td><td>950g<\/td><\/tr><\/tbody><\/table><\/figure>\n\n\n\n<h2 class=\"wp-block-heading\">Gro\u00dfhandel Edelstahl gro\u00dfe runde Tablett Merkmale:<\/h2>\n\n\n\n<p><strong>Mehrere Gr\u00f6\u00dfen verf\u00fcgbar: <\/strong>Erh\u00e4ltlich in den Durchmessern 45 cm, 50 cm und 55 cm. Perfekt f\u00fcr gro\u00dfe Versammlungen, Bankette, f\u00fcr ganze Braten, gro\u00dfe Salate oder verschiedene Gerichte<br><strong>Lebensmittelgeeigneter rostfreier Stahl: <\/strong>Hergestellt aus hochwertigem, lebensmittelechtem Edelstahl, sicher, langlebig, korrosionsbest\u00e4ndig und leicht zu reinigen. Langlebiger Gebrauch ohne Verformung<br><strong>Hochglanzpolieren und einfache Lagerung: <\/strong>Hochglanzpolierte Oberfl\u00e4che, elegant und schmutzabweisend. Stapelbar Design spart Speicherplatz, bequem f\u00fcr die K\u00fcche Organisation<br><strong>Multiszenario-Anwendung: <\/strong>Geeignet f\u00fcr Mahlzeiten zu Hause, Partys, Restaurants, B\u00fcffets und Picknicks im Freien. Ein vielseitiges Tablett f\u00fcr verschiedene Anl\u00e4sse<\/p>\n<\/div>\n\n\n\n<div class=\"wp-block-column is-layout-flow wp-block-column-is-layout-flow\">\n<figure class=\"wp-block-image size-full\"><img decoding=\"async\" width=\"1500\" height=\"1500\" src=\"https:\/\/www.yongyukitchenware.com\/wp-content\/uploads\/2025\/11\/Wholesale-Stainless-Steel-Large-Round-Tray-6.webp\" alt=\"Gro\u00dfhandel-Edelstahl-Gro\u00dfes-Rundes-Tablett-6\" class=\"wp-image-5075\" style=\"object-fit:cover\" srcset=\"https:\/\/www.yongyukitchenware.com\/wp-content\/uploads\/2025\/11\/Wholesale-Stainless-Steel-Large-Round-Tray-6.webp 1500w, https:\/\/www.yongyukitchenware.com\/wp-content\/uploads\/2025\/11\/Wholesale-Stainless-Steel-Large-Round-Tray-6-300x300.webp 300w, https:\/\/www.yongyukitchenware.com\/wp-content\/uploads\/2025\/11\/Wholesale-Stainless-Steel-Large-Round-Tray-6-150x150.webp 150w, https:\/\/www.yongyukitchenware.com\/wp-content\/uploads\/2025\/11\/Wholesale-Stainless-Steel-Large-Round-Tray-6-768x768.webp 768w, https:\/\/www.yongyukitchenware.com\/wp-content\/uploads\/2025\/11\/Wholesale-Stainless-Steel-Large-Round-Tray-6-12x12.webp 12w, https:\/\/www.yongyukitchenware.com\/wp-content\/uploads\/2025\/11\/Wholesale-Stainless-Steel-Large-Round-Tray-6-1200x1200.webp 1200w, https:\/\/www.yongyukitchenware.com\/wp-content\/uploads\/2025\/11\/Wholesale-Stainless-Steel-Large-Round-Tray-6-600x600.webp 600w, https:\/\/www.yongyukitchenware.com\/wp-content\/uploads\/2025\/11\/Wholesale-Stainless-Steel-Large-Round-Tray-6-100x100.webp 100w\" sizes=\"(max-width: 1500px) 100vw, 1500px\" \/><\/figure>\n<\/div>\n<\/div>","protected":false},"excerpt":{"rendered":"<div class=\"n4sEPd\">\n<div class=\"UdTY9 qhIQqf leDWne\" aria-hidden=\"true\" data-location=\"1\">Das gro\u00dfe runde Tablett aus Edelstahl, erh\u00e4ltlich in den Durchmessern 45\/50\/55 cm, ist aus lebensmittelechtem Edelstahl gefertigt und hochglanzpoliert. Es ist langlebig, leicht zu reinigen und l\u00e4sst sich zur praktischen Aufbewahrung stapeln. Es eignet sich ideal f\u00fcr Familienessen, Bankette, Restaurants und Aktivit\u00e4ten im Freien und ist eine vielseitige und stilvolle Wahl f\u00fcr all Ihre Servieranforderungen.<\/div>\n<\/div>\n<h2 style=\"text-align: left\">Gro\u00dfhandel Edelstahl gro\u00dfe runde Tablett:<\/h2>\n<p style=\"text-align: left\"><strong>Material:<\/strong> Rostfreier Stahl<br \/><strong>L\u00e4nge:<\/strong>45\/50\/55cm<br \/><strong>Die Form:<\/strong> Rund<br \/><strong>Verpacken:<\/strong> OPP-Beutel und -Karton<br \/><strong>OEM\/ODM:<\/strong> Verf\u00fcgbar<\/p>\n<h2 class=\"wp-block-heading\">Von Yongyu Tableware Wholesaler:<\/h2>\n<p>Yongyu Tableware Wholesaler kann die Bed\u00fcrfnisse von Gro\u00dfabnehmern erf\u00fcllen und eine hochwertige Gro\u00dfhandelsserie f\u00fcr Gastronomiebedarf anbieten, die Eleganz und Langlebigkeit vereint. Einschlie\u00dflich Geschirr, Getr\u00e4nke, Catering-Ausr\u00fcstung, K\u00fcchenutensilien, Camp-K\u00fcchenbedarf, etc.<\/p>","protected":false},"featured_media":5070,"comment_status":"closed","ping_status":"closed","template":"","meta":{"_acf_changed":false},"application":[29],"product_brand":[],"product_cat":[21,46],"product_tag":[],"class_list":{"0":"post-5069","1":"product","2":"type-product","3":"status-publish","4":"has-post-thumbnail","6":"application-home-kitchen","7":"product_cat-tableware-wholesale","8":"product_cat-stainless-steel-dinner-plates-wholesale","10":"first","11":"instock","12":"shipping-taxable","13":"product-type-simple"},"acf":[],"_links":{"self":[{"href":"https:\/\/www.yongyukitchenware.com\/de\/wp-json\/wp\/v2\/product\/5069","targetHints":{"allow":["GET"]}}],"collection":[{"href":"https:\/\/www.yongyukitchenware.com\/de\/wp-json\/wp\/v2\/product"}],"about":[{"href":"https:\/\/www.yongyukitchenware.com\/de\/wp-json\/wp\/v2\/types\/product"}],"replies":[{"embeddable":true,"href":"https:\/\/www.yongyukitchenware.com\/de\/wp-json\/wp\/v2\/comments?post=5069"}],"wp:featuredmedia":[{"embeddable":true,"href":"https:\/\/www.yongyukitchenware.com\/de\/wp-json\/wp\/v2\/media\/5070"}],"wp:attachment":[{"href":"https:\/\/www.yongyukitchenware.com\/de\/wp-json\/wp\/v2\/media?parent=5069"}],"wp:term":[{"taxonomy":"application","embeddable":true,"href":"https:\/\/www.yongyukitchenware.com\/de\/wp-json\/wp\/v2\/application?post=5069"},{"taxonomy":"product_brand","embeddable":true,"href":"https:\/\/www.yongyukitchenware.com\/de\/wp-json\/wp\/v2\/product_brand?post=5069"},{"taxonomy":"product_cat","embeddable":true,"href":"https:\/\/www.yongyukitchenware.com\/de\/wp-json\/wp\/v2\/product_cat?post=5069"},{"taxonomy":"product_tag","embeddable":true,"href":"https:\/\/www.yongyukitchenware.com\/de\/wp-json\/wp\/v2\/product_tag?post=5069"}],"curies":[{"name":"wp","href":"https:\/\/api.w.org\/{rel}","templated":true}]}}