{"id":5109,"date":"2026-02-28T06:24:39","date_gmt":"2026-02-28T06:24:39","guid":{"rendered":"https:\/\/www.yongyukitchenware.com\/?post_type=product&#038;p=5109"},"modified":"2026-03-02T07:30:23","modified_gmt":"2026-03-02T07:30:23","slug":"wholesale-deep-baking-tray-stainless-steel-rectangular-serving-plate","status":"publish","type":"product","link":"https:\/\/www.yongyukitchenware.com\/de\/produkt\/wholesale-deep-baking-tray-stainless-steel-rectangular-serving-plate\/","title":{"rendered":"Gro\u00dfhandel tief Backen Tablett Edelstahl rechteckige Platte servieren"},"content":{"rendered":"<div class=\"wp-block-columns is-layout-flex wp-container-core-columns-is-layout-9d6595d7 wp-block-columns-is-layout-flex\">\n<div class=\"wp-block-column is-layout-flow wp-block-column-is-layout-flow\">\n<h2 class=\"wp-block-heading\">Gro\u00dfhandel Tiefes Backblech Gr\u00f6\u00dfe:<\/h2>\n\n\n\n<figure class=\"wp-block-table\"><table class=\"has-fixed-layout\"><tbody><tr><td>Modell<\/td><td>Gr\u00f6\u00dfe<\/td><td>Gewicht<\/td><td>MOQ<\/td><\/tr><tr><td rowspan=\"3\">DY077-P<\/td><td>36X18X5.5CM<\/td><td>200g<\/td><td rowspan=\"3\">120 STCK.<\/td><\/tr><tr><td>43X23X6CM<\/td><td>245g<\/td><\/tr><tr><td>52X27X7.5CM<\/td><td>285g<\/td><\/tr><\/tbody><\/table><\/figure>\n\n\n\n<h2 class=\"wp-block-heading\">Gro\u00dfhandel tief Backblech Merkmale:<\/h2>\n\n\n\n<p><strong>Premium-Edelstahl: <\/strong>Hergestellt aus hochwertigem, lebensmittelechtem Edelstahl, der St\u00e4rke, Langlebigkeit sowie Rost- und Korrosionsbest\u00e4ndigkeit gew\u00e4hrleistet.<\/p>\n\n\n\n<p><strong>Vielseitig einsetzbar:<\/strong> Ideal zum Backen, Braten, Grillen und sogar zum Servieren; perfekt f\u00fcr die K\u00fcche drinnen und drau\u00dfen.<\/p>\n\n\n\n<p><strong>Tiefes Design: <\/strong>Die tieferen Seiten verhindern das Versch\u00fctten von Fl\u00fcssigkeiten und halten die Speisen in der Form, so dass sie sich perfekt zum Garen gr\u00f6\u00dferer Mengen oder f\u00fcr Gerichte mit Fl\u00fcssigkeiten eignen.<\/p>\n\n\n\n<p><strong>Stilvoll und modern:<\/strong> Diese Pfannen sind in eleganten Gold- und Silberausf\u00fchrungen erh\u00e4ltlich und verleihen Ihrer K\u00fcche und Ihrem Esstisch einen Hauch von Raffinesse.<\/p>\n\n\n\n<p><strong>Leicht zu reinigen:<\/strong> Die antihaftbeschichtete Oberfl\u00e4che und die glatte Oberfl\u00e4che erm\u00f6glichen eine m\u00fchelose Reinigung, sodass Sie nach jeder Mahlzeit Zeit und M\u00fche sparen.<\/p>\n<\/div>\n\n\n\n<div class=\"wp-block-column is-layout-flow wp-block-column-is-layout-flow\">\n<figure class=\"wp-block-image size-full\"><img decoding=\"async\" width=\"800\" height=\"800\" src=\"https:\/\/www.yongyukitchenware.com\/wp-content\/uploads\/2026\/02\/Wholesale-Deep-Baking-Tray-7.webp\" alt=\"Gro\u00dfhandel-Tief-Backblech-7\" class=\"wp-image-5116\" style=\"object-fit:cover\" srcset=\"https:\/\/www.yongyukitchenware.com\/wp-content\/uploads\/2026\/02\/Wholesale-Deep-Baking-Tray-7.webp 800w, https:\/\/www.yongyukitchenware.com\/wp-content\/uploads\/2026\/02\/Wholesale-Deep-Baking-Tray-7-300x300.webp 300w, https:\/\/www.yongyukitchenware.com\/wp-content\/uploads\/2026\/02\/Wholesale-Deep-Baking-Tray-7-150x150.webp 150w, https:\/\/www.yongyukitchenware.com\/wp-content\/uploads\/2026\/02\/Wholesale-Deep-Baking-Tray-7-768x768.webp 768w, https:\/\/www.yongyukitchenware.com\/wp-content\/uploads\/2026\/02\/Wholesale-Deep-Baking-Tray-7-12x12.webp 12w, https:\/\/www.yongyukitchenware.com\/wp-content\/uploads\/2026\/02\/Wholesale-Deep-Baking-Tray-7-600x600.webp 600w, https:\/\/www.yongyukitchenware.com\/wp-content\/uploads\/2026\/02\/Wholesale-Deep-Baking-Tray-7-100x100.webp 100w\" sizes=\"(max-width: 800px) 100vw, 800px\" \/><\/figure>\n\n\n\n<figure class=\"wp-block-image size-full\"><img decoding=\"async\" width=\"800\" height=\"800\" src=\"https:\/\/www.yongyukitchenware.com\/wp-content\/uploads\/2026\/02\/Wholesale-Deep-Baking-Tray-5.webp\" alt=\"Gro\u00dfhandel-Tief-Backblech-5\" class=\"wp-image-5114\" srcset=\"https:\/\/www.yongyukitchenware.com\/wp-content\/uploads\/2026\/02\/Wholesale-Deep-Baking-Tray-5.webp 800w, https:\/\/www.yongyukitchenware.com\/wp-content\/uploads\/2026\/02\/Wholesale-Deep-Baking-Tray-5-300x300.webp 300w, https:\/\/www.yongyukitchenware.com\/wp-content\/uploads\/2026\/02\/Wholesale-Deep-Baking-Tray-5-150x150.webp 150w, https:\/\/www.yongyukitchenware.com\/wp-content\/uploads\/2026\/02\/Wholesale-Deep-Baking-Tray-5-768x768.webp 768w, https:\/\/www.yongyukitchenware.com\/wp-content\/uploads\/2026\/02\/Wholesale-Deep-Baking-Tray-5-12x12.webp 12w, https:\/\/www.yongyukitchenware.com\/wp-content\/uploads\/2026\/02\/Wholesale-Deep-Baking-Tray-5-600x600.webp 600w, https:\/\/www.yongyukitchenware.com\/wp-content\/uploads\/2026\/02\/Wholesale-Deep-Baking-Tray-5-100x100.webp 100w\" sizes=\"(max-width: 800px) 100vw, 800px\" \/><\/figure>\n<\/div>\n<\/div>\n\n\n\n<p><\/p>","protected":false},"excerpt":{"rendered":"<div class=\"n4sEPd\">\n<div class=\"UdTY9 qhIQqf leDWne\" aria-hidden=\"true\" data-location=\"1\">\n<div class=\"n4sEPd\">\n<div class=\"UdTY9 qhIQqf leDWne\" aria-hidden=\"true\" data-location=\"1\">Diese tiefe Backform aus Edelstahl ist aus hochwertigem Edelstahl gefertigt und garantiert Langlebigkeit, hohe Hitzebest\u00e4ndigkeit und einfache Reinigung. Erh\u00e4ltlich in Gold und Silber, mit drei Gr\u00f6\u00dfen (Small: 36x18x5,5cm, Medium: 43x23x6cm, Large: 52x27x7,5cm) f\u00fcr verschiedene Bed\u00fcrfnisse. Das tiefe Design verhindert das Versch\u00fctten von Lebensmitteln und eignet sich perfekt f\u00fcr Familienfeiern, Backen und Grillen im Freien. Ob beim t\u00e4glichen Kochen oder bei besonderen Anl\u00e4ssen, es bietet ein gro\u00dfartiges Kocherlebnis.<\/div>\n<\/div>\n<h2 style=\"text-align: left\">Gro\u00dfhandel Tiefes Backblech:<\/h2>\n<p style=\"text-align: left\"><strong>Material:<\/strong> Rostfreier Stahl<br \/><strong>L\u00e4nge:<\/strong>36\/43\/52cm<br \/><strong>Die Form:<\/strong> Rechteck<br \/><strong>Verpacken:<\/strong> OPP-Beutel und -Karton<br \/><strong>OEM\/ODM:<\/strong> Verf\u00fcgbar<\/p>\n<h2 class=\"wp-block-heading\">Von Yongyu Tableware Wholesaler:<\/h2>\n<p>Yongyu Tableware Wholesaler kann die Bed\u00fcrfnisse von Gro\u00dfabnehmern erf\u00fcllen und eine hochwertige Gro\u00dfhandelsserie f\u00fcr Gastronomiebedarf anbieten, die Eleganz und Langlebigkeit vereint. Einschlie\u00dflich Geschirr, Getr\u00e4nke, Catering-Ausr\u00fcstung, K\u00fcchenutensilien, Camp-K\u00fcchenbedarf, etc.<\/p>\n<\/div>\n<\/div>","protected":false},"featured_media":5110,"comment_status":"closed","ping_status":"closed","template":"","meta":{"_acf_changed":false},"application":[29],"product_brand":[],"product_cat":[21,46],"product_tag":[],"class_list":{"0":"post-5109","1":"product","2":"type-product","3":"status-publish","4":"has-post-thumbnail","6":"application-home-kitchen","7":"product_cat-tableware-wholesale","8":"product_cat-stainless-steel-dinner-plates-wholesale","10":"first","11":"instock","12":"shipping-taxable","13":"product-type-simple"},"acf":[],"_links":{"self":[{"href":"https:\/\/www.yongyukitchenware.com\/de\/wp-json\/wp\/v2\/product\/5109","targetHints":{"allow":["GET"]}}],"collection":[{"href":"https:\/\/www.yongyukitchenware.com\/de\/wp-json\/wp\/v2\/product"}],"about":[{"href":"https:\/\/www.yongyukitchenware.com\/de\/wp-json\/wp\/v2\/types\/product"}],"replies":[{"embeddable":true,"href":"https:\/\/www.yongyukitchenware.com\/de\/wp-json\/wp\/v2\/comments?post=5109"}],"wp:featuredmedia":[{"embeddable":true,"href":"https:\/\/www.yongyukitchenware.com\/de\/wp-json\/wp\/v2\/media\/5110"}],"wp:attachment":[{"href":"https:\/\/www.yongyukitchenware.com\/de\/wp-json\/wp\/v2\/media?parent=5109"}],"wp:term":[{"taxonomy":"application","embeddable":true,"href":"https:\/\/www.yongyukitchenware.com\/de\/wp-json\/wp\/v2\/application?post=5109"},{"taxonomy":"product_brand","embeddable":true,"href":"https:\/\/www.yongyukitchenware.com\/de\/wp-json\/wp\/v2\/product_brand?post=5109"},{"taxonomy":"product_cat","embeddable":true,"href":"https:\/\/www.yongyukitchenware.com\/de\/wp-json\/wp\/v2\/product_cat?post=5109"},{"taxonomy":"product_tag","embeddable":true,"href":"https:\/\/www.yongyukitchenware.com\/de\/wp-json\/wp\/v2\/product_tag?post=5109"}],"curies":[{"name":"wp","href":"https:\/\/api.w.org\/{rel}","templated":true}]}}