{"id":5120,"date":"2026-02-28T06:41:54","date_gmt":"2026-02-28T06:41:54","guid":{"rendered":"https:\/\/www.yongyukitchenware.com\/?post_type=product&#038;p=5120"},"modified":"2026-03-03T07:24:12","modified_gmt":"2026-03-03T07:24:12","slug":"wholesale-stainless-steel-serving-tray-with-double-handle","status":"publish","type":"product","link":"https:\/\/www.yongyukitchenware.com\/de\/produkt\/wholesale-stainless-steel-serving-tray-with-double-handle\/","title":{"rendered":"Gro\u00dfhandel Edelstahl Serviertablett mit Doppelgriff"},"content":{"rendered":"<div class=\"wp-block-columns is-layout-flex wp-container-core-columns-is-layout-9d6595d7 wp-block-columns-is-layout-flex\">\n<div class=\"wp-block-column is-layout-flow wp-block-column-is-layout-flow\">\n<h2 class=\"wp-block-heading\">Gro\u00dfhandel Serviertablett mit Doppelgriff Gr\u00f6\u00dfe:<\/h2>\n\n\n\n<figure class=\"wp-block-table\"><table class=\"has-fixed-layout\"><tbody><tr><td>Modell<\/td><td>Gr\u00f6\u00dfe<\/td><td>Gewicht<\/td><td>MOQ<\/td><\/tr><tr><td rowspan=\"3\">DY078-P<\/td><td>1.5X19.3CM<\/td><td>605g<\/td><td rowspan=\"3\">120 STCK.<\/td><\/tr><tr><td>1.5X23.3CM<\/td><td>925g<\/td><\/tr><tr><td>1.5X27.3CM<\/td><td>1355g<\/td><\/tr><\/tbody><\/table><\/figure>\n\n\n\n<h2 class=\"wp-block-heading\">Gro\u00dfhandel Serviertablett mit Doppelgriff Eigenschaften:<\/h2>\n\n\n\n<p><strong>Langlebiger rostfreier Stahl: <\/strong>Die aus hochwertigem Edelstahl gefertigten Platten sind rost-, korrosions- und verschlei\u00dfbest\u00e4ndig und gew\u00e4hrleisten eine lange Nutzungsdauer.<\/p>\n\n\n\n<p><strong>Bequeme Doppelgriffe:<\/strong> Die ergonomischen Doppelgriffe bieten einen sicheren und bequemen Halt und erleichtern das Tragen und Servieren von Speisen ohne Kleckern.<\/p>\n\n\n\n<p><strong>Elegante Farboptionen:<\/strong> W\u00e4hlen Sie zwischen einem schicken Gold- oder einem eleganten Silber-Finish, das jedem Essplatz einen Hauch von Raffinesse verleiht.<\/p>\n\n\n\n<p><strong>Vielseitige Gr\u00f6\u00dfen:<\/strong> Erh\u00e4ltlich in drei Gr\u00f6\u00dfen (Small: 19,3 cm, Medium: 23,3 cm, Large: 27,3 cm), perfekt zum Servieren von Vorspeisen bis hin zu Hauptgerichten.<\/p>\n\n\n\n<p><strong>Leicht zu reinigen:<\/strong> Die glatte, porenfreie Oberfl\u00e4che erm\u00f6glicht eine m\u00fchelose Reinigung und spart Zeit und M\u00fche nach jedem Gebrauch.<\/p>\n<\/div>\n\n\n\n<div class=\"wp-block-column is-layout-flow wp-block-column-is-layout-flow\">\n<figure class=\"wp-block-image size-full\"><img decoding=\"async\" width=\"800\" height=\"800\" src=\"https:\/\/www.yongyukitchenware.com\/wp-content\/uploads\/2026\/02\/Wholesale-Serving-Tray-with-Double-Handle-5.webp\" alt=\"Gro\u00dfhandel-Servier-Tablett-mit-Doppelgriff-5\" class=\"wp-image-5125\" srcset=\"https:\/\/www.yongyukitchenware.com\/wp-content\/uploads\/2026\/02\/Wholesale-Serving-Tray-with-Double-Handle-5.webp 800w, https:\/\/www.yongyukitchenware.com\/wp-content\/uploads\/2026\/02\/Wholesale-Serving-Tray-with-Double-Handle-5-300x300.webp 300w, https:\/\/www.yongyukitchenware.com\/wp-content\/uploads\/2026\/02\/Wholesale-Serving-Tray-with-Double-Handle-5-150x150.webp 150w, https:\/\/www.yongyukitchenware.com\/wp-content\/uploads\/2026\/02\/Wholesale-Serving-Tray-with-Double-Handle-5-768x768.webp 768w, https:\/\/www.yongyukitchenware.com\/wp-content\/uploads\/2026\/02\/Wholesale-Serving-Tray-with-Double-Handle-5-12x12.webp 12w, https:\/\/www.yongyukitchenware.com\/wp-content\/uploads\/2026\/02\/Wholesale-Serving-Tray-with-Double-Handle-5-600x600.webp 600w, https:\/\/www.yongyukitchenware.com\/wp-content\/uploads\/2026\/02\/Wholesale-Serving-Tray-with-Double-Handle-5-100x100.webp 100w\" sizes=\"(max-width: 800px) 100vw, 800px\" \/><\/figure>\n\n\n\n<figure class=\"wp-block-image size-full\"><img decoding=\"async\" width=\"800\" height=\"800\" src=\"https:\/\/www.yongyukitchenware.com\/wp-content\/uploads\/2026\/02\/Wholesale-Serving-Tray-with-Double-Handle-6.webp\" alt=\"Gro\u00dfhandel-Serviertablett-mit-Doppelgriff-6\" class=\"wp-image-5126\" srcset=\"https:\/\/www.yongyukitchenware.com\/wp-content\/uploads\/2026\/02\/Wholesale-Serving-Tray-with-Double-Handle-6.webp 800w, https:\/\/www.yongyukitchenware.com\/wp-content\/uploads\/2026\/02\/Wholesale-Serving-Tray-with-Double-Handle-6-300x300.webp 300w, https:\/\/www.yongyukitchenware.com\/wp-content\/uploads\/2026\/02\/Wholesale-Serving-Tray-with-Double-Handle-6-150x150.webp 150w, https:\/\/www.yongyukitchenware.com\/wp-content\/uploads\/2026\/02\/Wholesale-Serving-Tray-with-Double-Handle-6-768x768.webp 768w, https:\/\/www.yongyukitchenware.com\/wp-content\/uploads\/2026\/02\/Wholesale-Serving-Tray-with-Double-Handle-6-12x12.webp 12w, https:\/\/www.yongyukitchenware.com\/wp-content\/uploads\/2026\/02\/Wholesale-Serving-Tray-with-Double-Handle-6-600x600.webp 600w, https:\/\/www.yongyukitchenware.com\/wp-content\/uploads\/2026\/02\/Wholesale-Serving-Tray-with-Double-Handle-6-100x100.webp 100w\" sizes=\"(max-width: 800px) 100vw, 800px\" \/><\/figure>\n<\/div>\n<\/div>","protected":false},"excerpt":{"rendered":"<div class=\"n4sEPd\">\n<div class=\"UdTY9 qhIQqf leDWne\" aria-hidden=\"true\" data-location=\"1\">\n<div class=\"n4sEPd\">\n<div class=\"UdTY9 qhIQqf leDWne\" aria-hidden=\"true\" data-location=\"1\">Dieser runde Teller aus Edelstahl mit doppeltem Griff, der in Gold und Silber in drei Gr\u00f6\u00dfen erh\u00e4ltlich ist (klein: 19,3 cm, mittel: 23,3 cm, gro\u00df: 27,3 cm), ist langlebig, hitzebest\u00e4ndig, leicht zu reinigen und perfekt f\u00fcr verschiedene Essensbed\u00fcrfnisse geeignet. Er bietet sowohl Stil als auch Funktionalit\u00e4t f\u00fcr Versammlungen zu Hause oder in Restaurants.<\/div>\n<\/div>\n<h2 style=\"text-align: left\">Gro\u00dfhandel Serviertablett mit Doppelgriff:<\/h2>\n<p style=\"text-align: left\"><strong>Material:<\/strong> Rostfreier Stahl<br \/><strong>L\u00e4nge:<\/strong>19,3\/23,3\/27,3 cm<br \/><strong>Die Form:<\/strong> Rund<br \/><strong>Verpacken:<\/strong> OPP-Beutel und -Karton<br \/><strong>OEM\/ODM:<\/strong> Verf\u00fcgbar<\/p>\n<h2 class=\"wp-block-heading\">Von Yongyu Tableware Wholesaler:<\/h2>\n<p>Yongyu Tableware Wholesaler kann die Bed\u00fcrfnisse von Gro\u00dfabnehmern erf\u00fcllen und eine hochwertige Gro\u00dfhandelsserie f\u00fcr Gastronomiebedarf anbieten, die Eleganz und Langlebigkeit vereint. Einschlie\u00dflich Geschirr, Getr\u00e4nke, Catering-Ausr\u00fcstung, K\u00fcchenutensilien, Camp-K\u00fcchenbedarf, etc.<\/p>\n<\/div>\n<\/div>","protected":false},"featured_media":5121,"comment_status":"closed","ping_status":"closed","template":"","meta":{"_acf_changed":true},"application":[29],"product_brand":[],"product_cat":[21,46],"product_tag":[],"class_list":{"0":"post-5120","1":"product","2":"type-product","3":"status-publish","4":"has-post-thumbnail","6":"application-home-kitchen","7":"product_cat-tableware-wholesale","8":"product_cat-stainless-steel-dinner-plates-wholesale","10":"first","11":"instock","12":"shipping-taxable","13":"product-type-simple"},"acf":[],"_links":{"self":[{"href":"https:\/\/www.yongyukitchenware.com\/de\/wp-json\/wp\/v2\/product\/5120","targetHints":{"allow":["GET"]}}],"collection":[{"href":"https:\/\/www.yongyukitchenware.com\/de\/wp-json\/wp\/v2\/product"}],"about":[{"href":"https:\/\/www.yongyukitchenware.com\/de\/wp-json\/wp\/v2\/types\/product"}],"replies":[{"embeddable":true,"href":"https:\/\/www.yongyukitchenware.com\/de\/wp-json\/wp\/v2\/comments?post=5120"}],"wp:featuredmedia":[{"embeddable":true,"href":"https:\/\/www.yongyukitchenware.com\/de\/wp-json\/wp\/v2\/media\/5121"}],"wp:attachment":[{"href":"https:\/\/www.yongyukitchenware.com\/de\/wp-json\/wp\/v2\/media?parent=5120"}],"wp:term":[{"taxonomy":"application","embeddable":true,"href":"https:\/\/www.yongyukitchenware.com\/de\/wp-json\/wp\/v2\/application?post=5120"},{"taxonomy":"product_brand","embeddable":true,"href":"https:\/\/www.yongyukitchenware.com\/de\/wp-json\/wp\/v2\/product_brand?post=5120"},{"taxonomy":"product_cat","embeddable":true,"href":"https:\/\/www.yongyukitchenware.com\/de\/wp-json\/wp\/v2\/product_cat?post=5120"},{"taxonomy":"product_tag","embeddable":true,"href":"https:\/\/www.yongyukitchenware.com\/de\/wp-json\/wp\/v2\/product_tag?post=5120"}],"curies":[{"name":"wp","href":"https:\/\/api.w.org\/{rel}","templated":true}]}}