{"id":5132,"date":"2026-03-02T07:35:27","date_gmt":"2026-03-02T07:35:27","guid":{"rendered":"https:\/\/www.yongyukitchenware.com\/?post_type=product&#038;p=5132"},"modified":"2026-03-02T07:36:05","modified_gmt":"2026-03-02T07:36:05","slug":"bulk-stainless-steel-oval-bowl-salad-noodle-fried-chicken-serving-pan-silver","status":"publish","type":"product","link":"https:\/\/www.yongyukitchenware.com\/de\/produkt\/bulk-stainless-steel-oval-bowl-salad-noodle-fried-chicken-serving-pan-silver\/","title":{"rendered":"Bulk Edelstahl Oval Sch\u00fcssel Salat Nudel gebratenes Huhn servieren Pan-Silver"},"content":{"rendered":"<div class=\"wp-block-columns is-layout-flex wp-container-core-columns-is-layout-9d6595d7 wp-block-columns-is-layout-flex\">\n<div class=\"wp-block-column is-layout-flow wp-block-column-is-layout-flow\">\n<h2 class=\"wp-block-heading\">Bulk Edelstahl Oval Sch\u00fcssel Gr\u00f6\u00dfe:<\/h2>\n\n\n\n<figure class=\"wp-block-table\"><table class=\"has-fixed-layout\"><tbody><tr><td>Modell<\/td><td>Gr\u00f6\u00dfe<\/td><td>Gewicht<\/td><td>MOQ<\/td><\/tr><tr><td rowspan=\"3\">DY079-P<\/td><td>21x15x5CM<\/td><td>255g<\/td><td rowspan=\"3\">120 STCK.<\/td><\/tr><tr><td>24.5x18x5.5CM<\/td><td>370g<\/td><\/tr><tr><td>29\u00d720,5x7CM<\/td><td>535g<\/td><\/tr><\/tbody><\/table><\/figure>\n\n\n\n<h2 class=\"wp-block-heading\">Ovale Sch\u00fcssel aus Edelstahl Merkmale:<\/h2>\n\n\n\n<p><strong>Premium-Edelstahl:<\/strong> Diese ovale Schale aus hochwertigem Edelstahl ist langlebig, rostfrei und f\u00fcr den dauerhaften Gebrauch konzipiert.<\/p>\n\n\n\n<p><strong>Ergonomische Doppelhandgriffe:<\/strong> Der doppelte Griff bietet einen sicheren und bequemen Halt und erleichtert das Tragen und Servieren von Speisen ohne Kleckern.<\/p>\n\n\n\n<p><strong>Elegante Oberfl\u00e4chenoptionen: <\/strong>Diese stilvollen Farben sind sowohl in Gold als auch in Silber erh\u00e4ltlich und bringen einen Hauch von Raffinesse in jedes Ess- oder K\u00fcchenambiente.<\/p>\n\n\n\n<p><strong>Vielseitige Gr\u00f6\u00dfenoptionen:<\/strong> Mit drei verschiedenen Gr\u00f6\u00dfen (Small: 21x15x5cm, Medium: 24,5x18x5,5cm, Large: 29\u00d720,5x7cm) ist diese Schale perfekt f\u00fcr eine Vielzahl von Koch- und Servierbed\u00fcrfnissen.<\/p>\n\n\n\n<p><strong>Leicht zu reinigen: <\/strong>Die glatte, porenfreie Oberfl\u00e4che erm\u00f6glicht eine m\u00fchelose Reinigung und eignet sich somit f\u00fcr den t\u00e4glichen Gebrauch und die schnelle Reinigung nach dem Essen.<\/p>\n<\/div>\n\n\n\n<div class=\"wp-block-column is-layout-flow wp-block-column-is-layout-flow\">\n<figure class=\"wp-block-image size-full\"><img decoding=\"async\" width=\"800\" height=\"800\" src=\"https:\/\/www.yongyukitchenware.com\/wp-content\/uploads\/2026\/03\/Bulk-Stainless-Steel-Oval-Bowl-4.webp\" alt=\"Bulk-Edelstahl-Oval-Schale-4\" class=\"wp-image-5136\" srcset=\"https:\/\/www.yongyukitchenware.com\/wp-content\/uploads\/2026\/03\/Bulk-Stainless-Steel-Oval-Bowl-4.webp 800w, https:\/\/www.yongyukitchenware.com\/wp-content\/uploads\/2026\/03\/Bulk-Stainless-Steel-Oval-Bowl-4-300x300.webp 300w, https:\/\/www.yongyukitchenware.com\/wp-content\/uploads\/2026\/03\/Bulk-Stainless-Steel-Oval-Bowl-4-150x150.webp 150w, https:\/\/www.yongyukitchenware.com\/wp-content\/uploads\/2026\/03\/Bulk-Stainless-Steel-Oval-Bowl-4-768x768.webp 768w, https:\/\/www.yongyukitchenware.com\/wp-content\/uploads\/2026\/03\/Bulk-Stainless-Steel-Oval-Bowl-4-12x12.webp 12w, https:\/\/www.yongyukitchenware.com\/wp-content\/uploads\/2026\/03\/Bulk-Stainless-Steel-Oval-Bowl-4-600x600.webp 600w, https:\/\/www.yongyukitchenware.com\/wp-content\/uploads\/2026\/03\/Bulk-Stainless-Steel-Oval-Bowl-4-100x100.webp 100w\" sizes=\"(max-width: 800px) 100vw, 800px\" \/><\/figure>\n\n\n\n<figure class=\"wp-block-image size-full\"><img decoding=\"async\" width=\"800\" height=\"800\" src=\"https:\/\/www.yongyukitchenware.com\/wp-content\/uploads\/2026\/03\/Bulk-Stainless-Steel-Oval-Bowl-9.webp\" alt=\"Bulk-Edelstahl-Oval-Schale-9\" class=\"wp-image-5141\" srcset=\"https:\/\/www.yongyukitchenware.com\/wp-content\/uploads\/2026\/03\/Bulk-Stainless-Steel-Oval-Bowl-9.webp 800w, https:\/\/www.yongyukitchenware.com\/wp-content\/uploads\/2026\/03\/Bulk-Stainless-Steel-Oval-Bowl-9-300x300.webp 300w, https:\/\/www.yongyukitchenware.com\/wp-content\/uploads\/2026\/03\/Bulk-Stainless-Steel-Oval-Bowl-9-150x150.webp 150w, https:\/\/www.yongyukitchenware.com\/wp-content\/uploads\/2026\/03\/Bulk-Stainless-Steel-Oval-Bowl-9-768x768.webp 768w, https:\/\/www.yongyukitchenware.com\/wp-content\/uploads\/2026\/03\/Bulk-Stainless-Steel-Oval-Bowl-9-12x12.webp 12w, https:\/\/www.yongyukitchenware.com\/wp-content\/uploads\/2026\/03\/Bulk-Stainless-Steel-Oval-Bowl-9-600x600.webp 600w, https:\/\/www.yongyukitchenware.com\/wp-content\/uploads\/2026\/03\/Bulk-Stainless-Steel-Oval-Bowl-9-100x100.webp 100w\" sizes=\"(max-width: 800px) 100vw, 800px\" \/><\/figure>\n<\/div>\n<\/div>","protected":false},"excerpt":{"rendered":"<div class=\"n4sEPd\">\n<div class=\"UdTY9 qhIQqf leDWne\" aria-hidden=\"true\" data-location=\"1\">\n<div class=\"n4sEPd\">\n<div class=\"UdTY9 qhIQqf leDWne\" aria-hidden=\"true\" data-location=\"1\">\n<div class=\"n4sEPd\">\n<div class=\"UdTY9 qhIQqf leDWne\" aria-hidden=\"true\" data-location=\"1\">Diese ovale Schale aus Edelstahl mit doppeltem Griff ist in Gold und Silber in drei Gr\u00f6\u00dfen erh\u00e4ltlich (Small: 21x15x5cm, Medium: 24,5x18x5,5cm, Large: 29\u00d720,5x7cm). Sie zeichnet sich durch Langlebigkeit, Hitzebest\u00e4ndigkeit, einfache Reinigung und anpassbare Optionen aus und wird von einem reaktionsschnellen Kundenservice und wettbewerbsf\u00e4higen Preisen unterst\u00fctzt.<\/div>\n<\/div>\n<h2 style=\"text-align: left\">Ovale Sch\u00fcssel aus Edelstahl in loser Sch\u00fcttung:<\/h2>\n<p style=\"text-align: left\"><strong>Material:<\/strong> Rostfreier Stahl<br \/><strong>L\u00e4nge:<\/strong>21\/24.5\/29cm<br \/><strong>Die Form:<\/strong> Ovel<br \/><strong>Verpacken:<\/strong> OPP-Beutel und -Karton<br \/><strong>OEM\/ODM:<\/strong> Verf\u00fcgbar<\/p>\n<h2 class=\"wp-block-heading\">Von Yongyu Tableware Wholesaler:<\/h2>\n<p>Yongyu Tableware Wholesaler kann die Bed\u00fcrfnisse von Gro\u00dfabnehmern erf\u00fcllen und eine hochwertige Gro\u00dfhandelsserie f\u00fcr Gastronomiebedarf anbieten, die Eleganz und Langlebigkeit vereint. Einschlie\u00dflich Geschirr, Getr\u00e4nke, Catering-Ausr\u00fcstung, K\u00fcchenutensilien, Camp-K\u00fcchenbedarf, etc.<\/p>\n<\/div>\n<\/div>\n<\/div>\n<\/div>","protected":false},"featured_media":5133,"comment_status":"closed","ping_status":"closed","template":"","meta":{"_acf_changed":true},"application":[29],"product_brand":[],"product_cat":[21,46],"product_tag":[],"class_list":{"0":"post-5132","1":"product","2":"type-product","3":"status-publish","4":"has-post-thumbnail","6":"application-home-kitchen","7":"product_cat-tableware-wholesale","8":"product_cat-stainless-steel-dinner-plates-wholesale","10":"first","11":"instock","12":"shipping-taxable","13":"product-type-simple"},"acf":[],"_links":{"self":[{"href":"https:\/\/www.yongyukitchenware.com\/de\/wp-json\/wp\/v2\/product\/5132","targetHints":{"allow":["GET"]}}],"collection":[{"href":"https:\/\/www.yongyukitchenware.com\/de\/wp-json\/wp\/v2\/product"}],"about":[{"href":"https:\/\/www.yongyukitchenware.com\/de\/wp-json\/wp\/v2\/types\/product"}],"replies":[{"embeddable":true,"href":"https:\/\/www.yongyukitchenware.com\/de\/wp-json\/wp\/v2\/comments?post=5132"}],"wp:featuredmedia":[{"embeddable":true,"href":"https:\/\/www.yongyukitchenware.com\/de\/wp-json\/wp\/v2\/media\/5133"}],"wp:attachment":[{"href":"https:\/\/www.yongyukitchenware.com\/de\/wp-json\/wp\/v2\/media?parent=5132"}],"wp:term":[{"taxonomy":"application","embeddable":true,"href":"https:\/\/www.yongyukitchenware.com\/de\/wp-json\/wp\/v2\/application?post=5132"},{"taxonomy":"product_brand","embeddable":true,"href":"https:\/\/www.yongyukitchenware.com\/de\/wp-json\/wp\/v2\/product_brand?post=5132"},{"taxonomy":"product_cat","embeddable":true,"href":"https:\/\/www.yongyukitchenware.com\/de\/wp-json\/wp\/v2\/product_cat?post=5132"},{"taxonomy":"product_tag","embeddable":true,"href":"https:\/\/www.yongyukitchenware.com\/de\/wp-json\/wp\/v2\/product_tag?post=5132"}],"curies":[{"name":"wp","href":"https:\/\/api.w.org\/{rel}","templated":true}]}}