{"id":5143,"date":"2026-03-03T06:48:19","date_gmt":"2026-03-03T06:48:19","guid":{"rendered":"https:\/\/www.yongyukitchenware.com\/?post_type=product&#038;p=5143"},"modified":"2026-03-03T07:23:14","modified_gmt":"2026-03-03T07:23:14","slug":"wholesale-welding-base-tray-stainless-steel-dinner-plate","status":"publish","type":"product","link":"https:\/\/www.yongyukitchenware.com\/de\/produkt\/wholesale-welding-base-tray-stainless-steel-dinner-plate\/","title":{"rendered":"Gro\u00dfhandel Schwei\u00dfen Basis Tablett Edelstahl Abendessen Platte"},"content":{"rendered":"<div class=\"wp-block-columns is-layout-flex wp-container-core-columns-is-layout-9d6595d7 wp-block-columns-is-layout-flex\">\n<div class=\"wp-block-column is-layout-flow wp-block-column-is-layout-flow\">\n<h2 class=\"wp-block-heading\">Gro\u00dfhandel Welding Base Tray Gr\u00f6\u00dfe:<\/h2>\n\n\n\n<figure class=\"wp-block-table\"><table class=\"has-fixed-layout\"><tbody><tr><td>Modell<\/td><td>Gr\u00f6\u00dfe<\/td><td>Gewicht<\/td><td>MOQ<\/td><\/tr><tr><td rowspan=\"5\">DY080-P<\/td><td>19CM<\/td><td>250g<\/td><td rowspan=\"5\">120 STCK.<\/td><\/tr><tr><td>23CM<\/td><td>350g<\/td><\/tr><tr><td>26CM<\/td><td>480g<\/td><\/tr><tr><td>30CM<\/td><td>650g<\/td><\/tr><tr><td>32,5CM<\/td><td>700g<\/td><\/tr><\/tbody><\/table><\/figure>\n\n\n\n<h2 class=\"wp-block-heading\">Gro\u00dfhandel Welding Base Tray Merkmale:<\/h2>\n\n\n\n<p><strong>Langlebiger rostfreier Stahl: <\/strong>Hergestellt aus hochwertigem Edelstahl, der eine lange Lebensdauer, Rostbest\u00e4ndigkeit und einfache Wartung gew\u00e4hrleistet.<\/p>\n\n\n\n<p><strong>Erh\u00f6htes Bodendesign:<\/strong> Die erh\u00f6hte Basis sorgt f\u00fcr zus\u00e4tzliche Stabilit\u00e4t, verhindert das Umkippen des Tellers und sorgt f\u00fcr ein sichereres Servieren.<\/p>\n\n\n\n<p><strong>Vielseitige Gr\u00f6\u00dfenoptionen: <\/strong>Erh\u00e4ltlich in f\u00fcnf Gr\u00f6\u00dfen (19CM, 23CM, 26CM, 30CM, 32,5CM) und damit ideal f\u00fcr eine Vielzahl von Speisen und Kochaufgaben.<\/p>\n\n\n\n<p><strong>Schlanke und moderne \u00c4sthetik:<\/strong> Die polierte Oberfl\u00e4che und die klaren Linien bieten ein modernes Aussehen, das die Pr\u00e4sentation Ihrer Speisen in jeder Umgebung aufwertet.<\/p>\n\n\n\n<p><strong>Leicht zu reinigen:<\/strong> Die glatte, porenfreie Oberfl\u00e4che erm\u00f6glicht eine m\u00fchelose Reinigung und ist somit perfekt f\u00fcr den t\u00e4glichen Gebrauch und die schnelle Reinigung nach dem Essen.<\/p>\n<\/div>\n\n\n\n<div class=\"wp-block-column is-layout-flow wp-block-column-is-layout-flow\">\n<figure class=\"wp-block-image size-full\"><img decoding=\"async\" width=\"800\" height=\"800\" src=\"https:\/\/www.yongyukitchenware.com\/wp-content\/uploads\/2026\/03\/wholesale-Welding-base-tray-2.webp\" alt=\"Gro\u00dfhandel-Schwei\u00df-Basis-Tablett-2\" class=\"wp-image-5149\" style=\"object-fit:cover\" srcset=\"https:\/\/www.yongyukitchenware.com\/wp-content\/uploads\/2026\/03\/wholesale-Welding-base-tray-2.webp 800w, https:\/\/www.yongyukitchenware.com\/wp-content\/uploads\/2026\/03\/wholesale-Welding-base-tray-2-300x300.webp 300w, https:\/\/www.yongyukitchenware.com\/wp-content\/uploads\/2026\/03\/wholesale-Welding-base-tray-2-150x150.webp 150w, https:\/\/www.yongyukitchenware.com\/wp-content\/uploads\/2026\/03\/wholesale-Welding-base-tray-2-768x768.webp 768w, https:\/\/www.yongyukitchenware.com\/wp-content\/uploads\/2026\/03\/wholesale-Welding-base-tray-2-12x12.webp 12w, https:\/\/www.yongyukitchenware.com\/wp-content\/uploads\/2026\/03\/wholesale-Welding-base-tray-2-600x600.webp 600w, https:\/\/www.yongyukitchenware.com\/wp-content\/uploads\/2026\/03\/wholesale-Welding-base-tray-2-100x100.webp 100w\" sizes=\"(max-width: 800px) 100vw, 800px\" \/><\/figure>\n\n\n\n<figure class=\"wp-block-image size-full\"><img decoding=\"async\" width=\"800\" height=\"800\" src=\"https:\/\/www.yongyukitchenware.com\/wp-content\/uploads\/2026\/03\/wholesale-Welding-base-tray-4.webp\" alt=\"Gro\u00dfhandel-Schwei\u00dfen-Basis-Tablett-4\" class=\"wp-image-5151\" srcset=\"https:\/\/www.yongyukitchenware.com\/wp-content\/uploads\/2026\/03\/wholesale-Welding-base-tray-4.webp 800w, https:\/\/www.yongyukitchenware.com\/wp-content\/uploads\/2026\/03\/wholesale-Welding-base-tray-4-300x300.webp 300w, https:\/\/www.yongyukitchenware.com\/wp-content\/uploads\/2026\/03\/wholesale-Welding-base-tray-4-150x150.webp 150w, https:\/\/www.yongyukitchenware.com\/wp-content\/uploads\/2026\/03\/wholesale-Welding-base-tray-4-768x768.webp 768w, https:\/\/www.yongyukitchenware.com\/wp-content\/uploads\/2026\/03\/wholesale-Welding-base-tray-4-12x12.webp 12w, https:\/\/www.yongyukitchenware.com\/wp-content\/uploads\/2026\/03\/wholesale-Welding-base-tray-4-600x600.webp 600w, https:\/\/www.yongyukitchenware.com\/wp-content\/uploads\/2026\/03\/wholesale-Welding-base-tray-4-100x100.webp 100w\" sizes=\"(max-width: 800px) 100vw, 800px\" \/><\/figure>\n<\/div>\n<\/div>\n\n\n\n<p><\/p>","protected":false},"excerpt":{"rendered":"<div class=\"n4sEPd\">\n<div class=\"UdTY9 qhIQqf leDWne\" aria-hidden=\"true\" data-location=\"1\">\n<div class=\"n4sEPd\">\n<div class=\"UdTY9 qhIQqf leDWne\" aria-hidden=\"true\" data-location=\"1\">\n<div class=\"n4sEPd\">\n<div class=\"UdTY9 qhIQqf leDWne\" aria-hidden=\"true\" data-location=\"1\">Diese geschwei\u00dfte Fu\u00dfplatte aus Edelstahl, die in f\u00fcnf Gr\u00f6\u00dfen erh\u00e4ltlich ist (19CM, 23CM, 26CM, 30CM, 32,5CM), bietet Langlebigkeit, einen erh\u00f6hten Boden f\u00fcr mehr Stabilit\u00e4t, einfache Reinigung und anpassbare Optionen, unterst\u00fctzt durch eine hochwertige Garantie und einen au\u00dfergew\u00f6hnlichen Kundendienst.<\/div>\n<\/div>\n<h2 style=\"text-align: left\">Gro\u00dfhandel Welding Base Tray:<\/h2>\n<p style=\"text-align: left\"><strong>Material:<\/strong> Rostfreier Stahl<br \/><strong>L\u00e4nge:<\/strong>19\/23\/26\/30\/32,5cm<br \/><strong>Die Form:<\/strong> Rund<br \/><strong>Verpacken:<\/strong> OPP-Beutel und -Karton<br \/><strong>OEM\/ODM:<\/strong> Verf\u00fcgbar<\/p>\n<h2 class=\"wp-block-heading\">Von Yongyu Tableware Wholesaler:<\/h2>\n<p>Yongyu Tableware Wholesaler kann die Bed\u00fcrfnisse von Gro\u00dfabnehmern erf\u00fcllen und eine hochwertige Gro\u00dfhandelsserie f\u00fcr Gastronomiebedarf anbieten, die Eleganz und Langlebigkeit vereint. Einschlie\u00dflich Geschirr, Getr\u00e4nke, Catering-Ausr\u00fcstung, K\u00fcchenutensilien, Camp-K\u00fcchenbedarf, etc.<\/p>\n<\/div>\n<\/div>\n<\/div>\n<\/div>","protected":false},"featured_media":5148,"comment_status":"closed","ping_status":"closed","template":"","meta":{"_acf_changed":true},"application":[29],"product_brand":[],"product_cat":[21,46],"product_tag":[],"class_list":{"0":"post-5143","1":"product","2":"type-product","3":"status-publish","4":"has-post-thumbnail","6":"application-home-kitchen","7":"product_cat-tableware-wholesale","8":"product_cat-stainless-steel-dinner-plates-wholesale","10":"first","11":"instock","12":"shipping-taxable","13":"product-type-simple"},"acf":[],"_links":{"self":[{"href":"https:\/\/www.yongyukitchenware.com\/de\/wp-json\/wp\/v2\/product\/5143","targetHints":{"allow":["GET"]}}],"collection":[{"href":"https:\/\/www.yongyukitchenware.com\/de\/wp-json\/wp\/v2\/product"}],"about":[{"href":"https:\/\/www.yongyukitchenware.com\/de\/wp-json\/wp\/v2\/types\/product"}],"replies":[{"embeddable":true,"href":"https:\/\/www.yongyukitchenware.com\/de\/wp-json\/wp\/v2\/comments?post=5143"}],"wp:featuredmedia":[{"embeddable":true,"href":"https:\/\/www.yongyukitchenware.com\/de\/wp-json\/wp\/v2\/media\/5148"}],"wp:attachment":[{"href":"https:\/\/www.yongyukitchenware.com\/de\/wp-json\/wp\/v2\/media?parent=5143"}],"wp:term":[{"taxonomy":"application","embeddable":true,"href":"https:\/\/www.yongyukitchenware.com\/de\/wp-json\/wp\/v2\/application?post=5143"},{"taxonomy":"product_brand","embeddable":true,"href":"https:\/\/www.yongyukitchenware.com\/de\/wp-json\/wp\/v2\/product_brand?post=5143"},{"taxonomy":"product_cat","embeddable":true,"href":"https:\/\/www.yongyukitchenware.com\/de\/wp-json\/wp\/v2\/product_cat?post=5143"},{"taxonomy":"product_tag","embeddable":true,"href":"https:\/\/www.yongyukitchenware.com\/de\/wp-json\/wp\/v2\/product_tag?post=5143"}],"curies":[{"name":"wp","href":"https:\/\/api.w.org\/{rel}","templated":true}]}}