{"id":5158,"date":"2026-03-03T07:21:05","date_gmt":"2026-03-03T07:21:05","guid":{"rendered":"https:\/\/www.yongyukitchenware.com\/?post_type=product&#038;p=5158"},"modified":"2026-03-03T07:22:38","modified_gmt":"2026-03-03T07:22:38","slug":"custom-double-flavor-tray-korean-stainless-steel-oval-divided-tray","status":"publish","type":"product","link":"https:\/\/www.yongyukitchenware.com\/de\/produkt\/custom-double-flavor-tray-korean-stainless-steel-oval-divided-tray\/","title":{"rendered":"Kundenspezifisches Tablett mit doppelter Geschmacksrichtung Koreanisch Ovales Tablett aus Edelstahl, geteilt"},"content":{"rendered":"<div class=\"wp-block-columns is-layout-flex wp-container-core-columns-is-layout-9d6595d7 wp-block-columns-is-layout-flex\">\n<div class=\"wp-block-column is-layout-flow wp-block-column-is-layout-flow\">\n<h2 class=\"wp-block-heading\">Individuelles Double-Flavor-Tablett Gr\u00f6\u00dfe:<\/h2>\n\n\n\n<figure class=\"wp-block-table\"><table class=\"has-fixed-layout\"><tbody><tr><td>Modell<\/td><td>Gr\u00f6\u00dfe<\/td><td>Gewicht<\/td><td>MOQ<\/td><\/tr><tr><td rowspan=\"2\">DY081-P<\/td><td>28X17CM<\/td><td>205g<\/td><td rowspan=\"2\">120 STCK.<\/td><\/tr><tr><td>32x20CM<\/td><td>295g<\/td><\/tr><\/tbody><\/table><\/figure>\n\n\n\n<h2 class=\"wp-block-heading\">Individuelles Double-Flavor-Tablett Merkmale:<\/h2>\n\n\n\n<p><strong>Zwei F\u00e4cher:<\/strong> Halten Sie verschiedene Speisen getrennt, ideal zum Servieren mehrerer Gerichte ohne Geschmacks\u00fcberschneidungen.<\/p>\n\n\n\n<p><strong>Breitere R\u00e4nder: <\/strong>Die breiten R\u00e4nder bieten einen sicheren und bequemen Halt f\u00fcr m\u00fcheloses Servieren.<\/p>\n\n\n\n<p><strong>Langlebiger rostfreier Stahl: <\/strong>Hergestellt aus hochwertigem Edelstahl f\u00fcr eine langlebige und widerstandsf\u00e4hige Konstruktion.<\/p>\n\n\n\n<p><strong>Leicht zu reinigen: <\/strong>Die glatte Oberfl\u00e4che erm\u00f6glicht eine schnelle und m\u00fchelose Reinigung.<\/p>\n\n\n\n<p><strong>Elegantes Design:<\/strong>Erh\u00e4ltlich in Gold- und Silberausf\u00fchrung, die jeden gedeckten Tisch aufwertet.<\/p>\n<\/div>\n\n\n\n<div class=\"wp-block-column is-layout-flow wp-block-column-is-layout-flow\">\n<figure class=\"wp-block-image size-full\"><img decoding=\"async\" width=\"800\" height=\"800\" src=\"https:\/\/www.yongyukitchenware.com\/wp-content\/uploads\/2026\/03\/Custom-Double-Flavor-Tray-7.webp\" alt=\"Kundenspezifisches-Doppel-Aroma-Tray-7\" class=\"wp-image-5165\" style=\"object-fit:cover\" srcset=\"https:\/\/www.yongyukitchenware.com\/wp-content\/uploads\/2026\/03\/Custom-Double-Flavor-Tray-7.webp 800w, https:\/\/www.yongyukitchenware.com\/wp-content\/uploads\/2026\/03\/Custom-Double-Flavor-Tray-7-300x300.webp 300w, https:\/\/www.yongyukitchenware.com\/wp-content\/uploads\/2026\/03\/Custom-Double-Flavor-Tray-7-150x150.webp 150w, https:\/\/www.yongyukitchenware.com\/wp-content\/uploads\/2026\/03\/Custom-Double-Flavor-Tray-7-768x768.webp 768w, https:\/\/www.yongyukitchenware.com\/wp-content\/uploads\/2026\/03\/Custom-Double-Flavor-Tray-7-12x12.webp 12w, https:\/\/www.yongyukitchenware.com\/wp-content\/uploads\/2026\/03\/Custom-Double-Flavor-Tray-7-600x600.webp 600w, https:\/\/www.yongyukitchenware.com\/wp-content\/uploads\/2026\/03\/Custom-Double-Flavor-Tray-7-100x100.webp 100w\" sizes=\"(max-width: 800px) 100vw, 800px\" \/><\/figure>\n\n\n\n<figure class=\"wp-block-image size-full\"><img decoding=\"async\" width=\"800\" height=\"800\" src=\"https:\/\/www.yongyukitchenware.com\/wp-content\/uploads\/2026\/03\/Custom-Double-Flavor-Tray-8.webp\" alt=\"Individuelles-Doppel-Aroma-Tray-8\" class=\"wp-image-5166\" srcset=\"https:\/\/www.yongyukitchenware.com\/wp-content\/uploads\/2026\/03\/Custom-Double-Flavor-Tray-8.webp 800w, https:\/\/www.yongyukitchenware.com\/wp-content\/uploads\/2026\/03\/Custom-Double-Flavor-Tray-8-300x300.webp 300w, https:\/\/www.yongyukitchenware.com\/wp-content\/uploads\/2026\/03\/Custom-Double-Flavor-Tray-8-150x150.webp 150w, https:\/\/www.yongyukitchenware.com\/wp-content\/uploads\/2026\/03\/Custom-Double-Flavor-Tray-8-768x768.webp 768w, https:\/\/www.yongyukitchenware.com\/wp-content\/uploads\/2026\/03\/Custom-Double-Flavor-Tray-8-12x12.webp 12w, https:\/\/www.yongyukitchenware.com\/wp-content\/uploads\/2026\/03\/Custom-Double-Flavor-Tray-8-600x600.webp 600w, https:\/\/www.yongyukitchenware.com\/wp-content\/uploads\/2026\/03\/Custom-Double-Flavor-Tray-8-100x100.webp 100w\" sizes=\"(max-width: 800px) 100vw, 800px\" \/><\/figure>\n<\/div>\n<\/div>\n\n\n\n<p><\/p>","protected":false},"excerpt":{"rendered":"<div class=\"n4sEPd\">\n<div class=\"UdTY9 qhIQqf leDWne\" aria-hidden=\"true\" data-location=\"1\">\n<div class=\"n4sEPd\">\n<div class=\"UdTY9 qhIQqf leDWne\" aria-hidden=\"true\" data-location=\"1\">\n<div class=\"n4sEPd\">\n<div class=\"UdTY9 qhIQqf leDWne\" aria-hidden=\"true\" data-location=\"1\">Diese Edelstahlplatte mit zwei Geschmacksrichtungen, die in Gold und Silber (2 Gr\u00f6\u00dfen) erh\u00e4ltlich ist, eignet sich perfekt zum Servieren verschiedener Gerichte. Fabrikdirektverkauf, Gro\u00dfhandelsanpassung, ODM- und OEM-Optionen f\u00fcr Ihre Bed\u00fcrfnisse verf\u00fcgbar.<\/div>\n<\/div>\n<h2 style=\"text-align: left\">Individuelles Tablett mit zwei Geschmacksrichtungen:<\/h2>\n<p style=\"text-align: left\"><strong>Material:<\/strong> Rostfreier Stahl<br \/><strong>L\u00e4nge:<\/strong>28\/32 cm<br \/><strong>Die Form:<\/strong> Oval<br \/><strong>Verpacken:<\/strong> OPP-Beutel und -Karton<br \/><strong>OEM\/ODM:<\/strong> Verf\u00fcgbar<\/p>\n<h2 class=\"wp-block-heading\">Von Yongyu Tableware Wholesaler:<\/h2>\n<p>Yongyu Tableware Wholesaler kann die Bed\u00fcrfnisse von Gro\u00dfabnehmern erf\u00fcllen und eine hochwertige Gro\u00dfhandelsserie f\u00fcr Gastronomiebedarf anbieten, die Eleganz und Langlebigkeit vereint. Einschlie\u00dflich Geschirr, Getr\u00e4nke, Catering-Ausr\u00fcstung, K\u00fcchenutensilien, Camp-K\u00fcchenbedarf, etc.<\/p>\n<\/div>\n<\/div>\n<\/div>\n<\/div>","protected":false},"featured_media":5159,"comment_status":"closed","ping_status":"closed","template":"","meta":{"_acf_changed":true},"application":[29],"product_brand":[],"product_cat":[21,46],"product_tag":[],"class_list":{"0":"post-5158","1":"product","2":"type-product","3":"status-publish","4":"has-post-thumbnail","6":"application-home-kitchen","7":"product_cat-tableware-wholesale","8":"product_cat-stainless-steel-dinner-plates-wholesale","10":"first","11":"instock","12":"shipping-taxable","13":"product-type-simple"},"acf":[],"_links":{"self":[{"href":"https:\/\/www.yongyukitchenware.com\/de\/wp-json\/wp\/v2\/product\/5158","targetHints":{"allow":["GET"]}}],"collection":[{"href":"https:\/\/www.yongyukitchenware.com\/de\/wp-json\/wp\/v2\/product"}],"about":[{"href":"https:\/\/www.yongyukitchenware.com\/de\/wp-json\/wp\/v2\/types\/product"}],"replies":[{"embeddable":true,"href":"https:\/\/www.yongyukitchenware.com\/de\/wp-json\/wp\/v2\/comments?post=5158"}],"wp:featuredmedia":[{"embeddable":true,"href":"https:\/\/www.yongyukitchenware.com\/de\/wp-json\/wp\/v2\/media\/5159"}],"wp:attachment":[{"href":"https:\/\/www.yongyukitchenware.com\/de\/wp-json\/wp\/v2\/media?parent=5158"}],"wp:term":[{"taxonomy":"application","embeddable":true,"href":"https:\/\/www.yongyukitchenware.com\/de\/wp-json\/wp\/v2\/application?post=5158"},{"taxonomy":"product_brand","embeddable":true,"href":"https:\/\/www.yongyukitchenware.com\/de\/wp-json\/wp\/v2\/product_brand?post=5158"},{"taxonomy":"product_cat","embeddable":true,"href":"https:\/\/www.yongyukitchenware.com\/de\/wp-json\/wp\/v2\/product_cat?post=5158"},{"taxonomy":"product_tag","embeddable":true,"href":"https:\/\/www.yongyukitchenware.com\/de\/wp-json\/wp\/v2\/product_tag?post=5158"}],"curies":[{"name":"wp","href":"https:\/\/api.w.org\/{rel}","templated":true}]}}