{"id":5168,"date":"2026-03-04T06:40:48","date_gmt":"2026-03-04T06:40:48","guid":{"rendered":"https:\/\/www.yongyukitchenware.com\/?post_type=product&#038;p=5168"},"modified":"2026-03-04T06:40:49","modified_gmt":"2026-03-04T06:40:49","slug":"custom-nordic-trays-stainless-steel-rectangular-serving-tray","status":"publish","type":"product","link":"https:\/\/www.yongyukitchenware.com\/de\/produkt\/custom-nordic-trays-stainless-steel-rectangular-serving-tray\/","title":{"rendered":"Individuelles Nordic Trays Rechteckiges Serviertablett aus Edelstahl"},"content":{"rendered":"<div class=\"wp-block-columns is-layout-flex wp-container-core-columns-is-layout-9d6595d7 wp-block-columns-is-layout-flex\">\n<div class=\"wp-block-column is-layout-flow wp-block-column-is-layout-flow\">\n<h2 class=\"wp-block-heading\">Individuelle nordische Tabletts Gr\u00f6\u00dfe:<\/h2>\n\n\n\n<figure class=\"wp-block-table\"><table class=\"has-fixed-layout\"><tbody><tr><td>Modell<\/td><td>Gr\u00f6\u00dfe<\/td><td>Gewicht<\/td><td>MOQ<\/td><\/tr><tr><td rowspan=\"5\">DY082-P<\/td><td>28X17CM<\/td><td>395g<\/td><td rowspan=\"5\">120 STCK.<\/td><\/tr><tr><td>32X20CM<\/td><td>530g<\/td><\/tr><tr><td>36X24CM<\/td><td>710g<\/td><\/tr><tr><td>43X28CM<\/td><td>1020g<\/td><\/tr><tr><td>46X31CM<\/td><td>1290g<\/td><\/tr><\/tbody><\/table><\/figure>\n\n\n\n<h2 class=\"wp-block-heading\">Custom Nordic Trays Merkmale:<\/h2>\n\n\n\n<p><strong>Mehrere Gr\u00f6\u00dfen:<\/strong> Erh\u00e4ltlich in f\u00fcnf Gr\u00f6\u00dfen, von klein bis supergro\u00df, perfekt f\u00fcr eine breite Palette von Servierbed\u00fcrfnissen, ob es sich um Mahlzeiten, Snacks oder Getr\u00e4nke handelt.<\/p>\n\n\n\n<p><strong>Elegantes Finish: <\/strong>W\u00e4hlen Sie zwischen den Ausf\u00fchrungen Gold oder Silber und verleihen Sie jedem Essen oder Servieren einen Hauch von Eleganz.<\/p>\n\n\n\n<p><strong>Langlebiger rostfreier Stahl: <\/strong>Das Tablett ist aus hochwertigem Edelstahl gefertigt und bietet eine lange Lebensdauer, da es im t\u00e4glichen Gebrauch nicht abgenutzt wird.<\/p>\n\n\n\n<p><strong>Leicht zu transportieren: <\/strong>Die ergonomischen Griffe an beiden Seiten machen das Tragen und Servieren m\u00fchelos und sind sowohl f\u00fcr den privaten als auch f\u00fcr den gewerblichen Gebrauch geeignet.<\/p>\n\n\n\n<p><strong>Geringer Wartungsaufwand: <\/strong>Die glatte Edelstahloberfl\u00e4che l\u00e4sst sich leicht abwischen, so dass das Tablett schnell gewartet werden kann und immer makellos aussieht.<\/p>\n<\/div>\n\n\n\n<div class=\"wp-block-column is-layout-flow wp-block-column-is-layout-flow\">\n<figure class=\"wp-block-image size-full\"><img decoding=\"async\" width=\"800\" height=\"800\" src=\"https:\/\/www.yongyukitchenware.com\/wp-content\/uploads\/2026\/03\/Custom-Nordic-Trays-3.webp\" alt=\"Custom-Nordic-Tabletts-3\" class=\"wp-image-5171\" style=\"object-fit:cover\" srcset=\"https:\/\/www.yongyukitchenware.com\/wp-content\/uploads\/2026\/03\/Custom-Nordic-Trays-3.webp 800w, https:\/\/www.yongyukitchenware.com\/wp-content\/uploads\/2026\/03\/Custom-Nordic-Trays-3-300x300.webp 300w, https:\/\/www.yongyukitchenware.com\/wp-content\/uploads\/2026\/03\/Custom-Nordic-Trays-3-150x150.webp 150w, https:\/\/www.yongyukitchenware.com\/wp-content\/uploads\/2026\/03\/Custom-Nordic-Trays-3-768x768.webp 768w, https:\/\/www.yongyukitchenware.com\/wp-content\/uploads\/2026\/03\/Custom-Nordic-Trays-3-12x12.webp 12w, https:\/\/www.yongyukitchenware.com\/wp-content\/uploads\/2026\/03\/Custom-Nordic-Trays-3-600x600.webp 600w, https:\/\/www.yongyukitchenware.com\/wp-content\/uploads\/2026\/03\/Custom-Nordic-Trays-3-100x100.webp 100w\" sizes=\"(max-width: 800px) 100vw, 800px\" \/><\/figure>\n<\/div>\n<\/div>\n\n\n\n<p><\/p>","protected":false},"excerpt":{"rendered":"<div class=\"n4sEPd\">\n<div class=\"UdTY9 qhIQqf leDWne\" aria-hidden=\"true\" data-location=\"1\">\n<div class=\"n4sEPd\">\n<div class=\"UdTY9 qhIQqf leDWne\" aria-hidden=\"true\" data-location=\"1\">\n<div class=\"n4sEPd\">\n<div class=\"UdTY9 qhIQqf leDWne\" aria-hidden=\"true\" data-location=\"1\">Dieses Tablett aus rostfreiem Stahl im nordischen Stil ist in Gold und Silber erh\u00e4ltlich, in f\u00fcnf Gr\u00f6\u00dfen (Small: 28x17cm, Medium: 32x20cm, Large: 36x24cm, Extra Large: 43x28cm, Super Large: 46x31cm). Perfekt zum Servieren von Speisen und Getr\u00e4nken. W\u00e4hlen Sie uns f\u00fcr Direktpreise, individuelle Designs und zuverl\u00e4ssigen Service.<\/div>\n<\/div>\n<h2 style=\"text-align: left\">Individuelle nordische Tabletts:<\/h2>\n<p style=\"text-align: left\"><strong>Material:<\/strong> Rostfreier Stahl<br \/><strong>L\u00e4nge:<\/strong>28\/32\/36\/43\/46cm<br \/><strong>Die Form:<\/strong> Rechteck<br \/><strong>Verpacken:<\/strong> OPP-Beutel und -Karton<br \/><strong>OEM\/ODM:<\/strong> Verf\u00fcgbar<\/p>\n<h2 class=\"wp-block-heading\">Von Yongyu Tableware Wholesaler:<\/h2>\n<p>Yongyu Tableware Wholesaler kann die Bed\u00fcrfnisse von Gro\u00dfabnehmern erf\u00fcllen und eine hochwertige Gro\u00dfhandelsserie f\u00fcr Gastronomiebedarf anbieten, die Eleganz und Langlebigkeit vereint. Einschlie\u00dflich Geschirr, Getr\u00e4nke, Catering-Ausr\u00fcstung, K\u00fcchenutensilien, Camp-K\u00fcchenbedarf, etc.<\/p>\n<\/div>\n<\/div>\n<\/div>\n<\/div>","protected":false},"featured_media":5169,"comment_status":"closed","ping_status":"closed","template":"","meta":{"_acf_changed":true},"application":[29],"product_brand":[],"product_cat":[21,46],"product_tag":[],"class_list":{"0":"post-5168","1":"product","2":"type-product","3":"status-publish","4":"has-post-thumbnail","6":"application-home-kitchen","7":"product_cat-tableware-wholesale","8":"product_cat-stainless-steel-dinner-plates-wholesale","10":"first","11":"instock","12":"shipping-taxable","13":"product-type-simple"},"acf":[],"_links":{"self":[{"href":"https:\/\/www.yongyukitchenware.com\/de\/wp-json\/wp\/v2\/product\/5168","targetHints":{"allow":["GET"]}}],"collection":[{"href":"https:\/\/www.yongyukitchenware.com\/de\/wp-json\/wp\/v2\/product"}],"about":[{"href":"https:\/\/www.yongyukitchenware.com\/de\/wp-json\/wp\/v2\/types\/product"}],"replies":[{"embeddable":true,"href":"https:\/\/www.yongyukitchenware.com\/de\/wp-json\/wp\/v2\/comments?post=5168"}],"wp:featuredmedia":[{"embeddable":true,"href":"https:\/\/www.yongyukitchenware.com\/de\/wp-json\/wp\/v2\/media\/5169"}],"wp:attachment":[{"href":"https:\/\/www.yongyukitchenware.com\/de\/wp-json\/wp\/v2\/media?parent=5168"}],"wp:term":[{"taxonomy":"application","embeddable":true,"href":"https:\/\/www.yongyukitchenware.com\/de\/wp-json\/wp\/v2\/application?post=5168"},{"taxonomy":"product_brand","embeddable":true,"href":"https:\/\/www.yongyukitchenware.com\/de\/wp-json\/wp\/v2\/product_brand?post=5168"},{"taxonomy":"product_cat","embeddable":true,"href":"https:\/\/www.yongyukitchenware.com\/de\/wp-json\/wp\/v2\/product_cat?post=5168"},{"taxonomy":"product_tag","embeddable":true,"href":"https:\/\/www.yongyukitchenware.com\/de\/wp-json\/wp\/v2\/product_tag?post=5168"}],"curies":[{"name":"wp","href":"https:\/\/api.w.org\/{rel}","templated":true}]}}