{"id":517,"date":"2024-09-24T06:09:45","date_gmt":"2024-09-24T06:09:45","guid":{"rendered":"https:\/\/www.yongyukitchenware.com\/?post_type=product&#038;p=517"},"modified":"2024-12-09T08:08:10","modified_gmt":"2024-12-09T08:08:10","slug":"pasta-pot-with-strainer-wholesale","status":"publish","type":"product","link":"https:\/\/www.yongyukitchenware.com\/de\/produkt\/pasta-pot-with-strainer-wholesale\/","title":{"rendered":"Gro\u00dfhandel Nudeltopf mit Sieb und Dampf Blatt f\u00fcr das Kochen Nudel"},"content":{"rendered":"<div class=\"wp-block-columns is-layout-flex wp-container-core-columns-is-layout-9d6595d7 wp-block-columns-is-layout-flex\">\n<div class=\"wp-block-column is-layout-flow wp-block-column-is-layout-flow\">\n<h2 class=\"wp-block-heading\">Eigenschaften von Nudeltopf mit Sieb:<\/h2>\n\n\n\n<p><strong>Hochwertiger rostfreier Stahl: <\/strong>Edelstahl in Lebensmittelqualit\u00e4t, korrosionsbest\u00e4ndig, geruchlos, langlebig<\/p>\n\n\n\n<p><strong>Zwei Topfboden-Optionen: <\/strong>Der dreischichtige Boden leitet die W\u00e4rme gleichm\u00e4\u00dfig und verhindert das Festkleben. Ein weiterer verdickter Einschichtboden, dick und haltbar, schnell kochend<\/p>\n\n\n\n<p><strong>Ein Topf f\u00fcr mehrere Anwendungen:<\/strong> ein Topf enth\u00e4lt ein Maschensieb, ein D\u00e4mpfungsblatt, einen erh\u00f6hten Suppentopf, einen Deckel aus geh\u00e4rtetem Glas, volle Funktion<\/p>\n\n\n\n<p><strong>Verkrustungsfreies Design:<\/strong> Deckel und Griff sind aus Formica-Material, um Verbr\u00fchungen zu vermeiden<\/p>\n\n\n\n<p><strong>Das Innere des Topfes gl\u00e4tten: <\/strong>der Topfk\u00f6rper ist verdickt und vertieft, glatt und antihaftbeschichtet, leicht zu reinigen und langlebiger<\/p>\n<\/div>\n\n\n\n<div class=\"wp-block-column is-layout-flow wp-block-column-is-layout-flow\">\n<div class=\"wp-block-columns is-layout-flex wp-container-core-columns-is-layout-9d6595d7 wp-block-columns-is-layout-flex\">\n<div class=\"wp-block-column is-layout-flow wp-block-column-is-layout-flow\">\n<figure class=\"wp-block-image size-full\"><img decoding=\"async\" width=\"800\" height=\"800\" src=\"https:\/\/www.yongyukitchenware.com\/wp-content\/uploads\/2024\/09\/Pasta-Pot-with-Strainer-wholesale-2.webp\" alt=\"Nudeltopf mit Sieb im Gro\u00dfhandel\" class=\"wp-image-532\" srcset=\"https:\/\/www.yongyukitchenware.com\/wp-content\/uploads\/2024\/09\/Pasta-Pot-with-Strainer-wholesale-2.webp 800w, https:\/\/www.yongyukitchenware.com\/wp-content\/uploads\/2024\/09\/Pasta-Pot-with-Strainer-wholesale-2-300x300.webp 300w, https:\/\/www.yongyukitchenware.com\/wp-content\/uploads\/2024\/09\/Pasta-Pot-with-Strainer-wholesale-2-150x150.webp 150w, https:\/\/www.yongyukitchenware.com\/wp-content\/uploads\/2024\/09\/Pasta-Pot-with-Strainer-wholesale-2-768x768.webp 768w, https:\/\/www.yongyukitchenware.com\/wp-content\/uploads\/2024\/09\/Pasta-Pot-with-Strainer-wholesale-2-600x600.webp 600w, https:\/\/www.yongyukitchenware.com\/wp-content\/uploads\/2024\/09\/Pasta-Pot-with-Strainer-wholesale-2-100x100.webp 100w\" sizes=\"(max-width: 800px) 100vw, 800px\" \/><\/figure>\n<\/div>\n\n\n\n<div class=\"wp-block-column is-layout-flow wp-block-column-is-layout-flow\">\n<figure class=\"wp-block-image size-full\"><img decoding=\"async\" width=\"800\" height=\"800\" src=\"https:\/\/www.yongyukitchenware.com\/wp-content\/uploads\/2024\/09\/Pasta-Pot-with-Strainer-wholesale-4.webp\" alt=\"Nudeltopf mit Sieb im Gro\u00dfhandel\" class=\"wp-image-535\" srcset=\"https:\/\/www.yongyukitchenware.com\/wp-content\/uploads\/2024\/09\/Pasta-Pot-with-Strainer-wholesale-4.webp 800w, https:\/\/www.yongyukitchenware.com\/wp-content\/uploads\/2024\/09\/Pasta-Pot-with-Strainer-wholesale-4-300x300.webp 300w, https:\/\/www.yongyukitchenware.com\/wp-content\/uploads\/2024\/09\/Pasta-Pot-with-Strainer-wholesale-4-150x150.webp 150w, https:\/\/www.yongyukitchenware.com\/wp-content\/uploads\/2024\/09\/Pasta-Pot-with-Strainer-wholesale-4-768x768.webp 768w, https:\/\/www.yongyukitchenware.com\/wp-content\/uploads\/2024\/09\/Pasta-Pot-with-Strainer-wholesale-4-600x600.webp 600w, https:\/\/www.yongyukitchenware.com\/wp-content\/uploads\/2024\/09\/Pasta-Pot-with-Strainer-wholesale-4-100x100.webp 100w\" sizes=\"(max-width: 800px) 100vw, 800px\" \/><\/figure>\n<\/div>\n<\/div>\n<\/div>\n<\/div>","protected":false},"excerpt":{"rendered":"<p>Fabrik direkt Gro\u00dfhandel Pasta Topf mit Sieb und Dampf Blatt, aus Edelstahl, 3 in 1 D\u00e4mpfen, Kochen und Braten Funktion, geeignet f\u00fcr alle Arten von K\u00fcche braucht, eine ideale Wahl f\u00fcr Gro\u00dfhandel Kochgeschirr.<\/p>\n<h2><!-- wp:heading --><\/h2>\n<h2 class=\"wp-block-heading\">Parameter des Nudeltopfs mit Sieb:<\/h2>\n<h2><!-- \/wp:heading --><\/p>\n<p><!-- wp:paragraph --><\/h2>\n<p><strong>Material:<\/strong> Rostfreier Stahl<br \/><strong>Topfboden:<\/strong> Drei Lagen\/Dicker einfacher Boden<br \/><strong>Gr\u00f6\u00dfe:<\/strong> 21,5*21,5cm<br \/><strong>Zubeh\u00f6r:<\/strong> Maschensieb, D\u00e4mpfeinsatz, erh\u00f6hter Kochtopf, Deckel aus geh\u00e4rtetem Glas<br \/><strong>Verpacken:<\/strong> S\u00e4cke\/Gebinde\/Kartons oder kundenspezifisch<br \/><strong>OEM\/ODM:<\/strong> Verf\u00fcgbar<\/p>\n<h2 class=\"wp-block-heading\">Von Yongyu Kochgeschirr Hersteller :<\/h2>\n<p>Yongyu ist ein professioneller Hersteller von Kochgeschirr. Unsere Produkte umfassen alle Arten von Kochgeschirr aus rostfreiem Stahl, wie z. B. Nudelkocher, Bratpfannen, Schmort\u00f6pfe usw., und wir bieten jedem Kunden qualitativ hochwertige Beschaffungsdienste und erschwingliche Preise.<\/p>\n<h2><!-- \/wp:paragraph --><\/h2>","protected":false},"featured_media":537,"comment_status":"closed","ping_status":"closed","template":"","meta":{"_acf_changed":true},"application":[29],"product_brand":[],"product_cat":[23,32],"product_tag":[],"class_list":{"0":"post-517","1":"product","2":"type-product","3":"status-publish","4":"has-post-thumbnail","6":"application-home-kitchen","7":"product_cat-kitchenware-wholesale","8":"product_cat-wholesale-cookware","10":"first","11":"instock","12":"shipping-taxable","13":"product-type-simple"},"acf":[],"_links":{"self":[{"href":"https:\/\/www.yongyukitchenware.com\/de\/wp-json\/wp\/v2\/product\/517","targetHints":{"allow":["GET"]}}],"collection":[{"href":"https:\/\/www.yongyukitchenware.com\/de\/wp-json\/wp\/v2\/product"}],"about":[{"href":"https:\/\/www.yongyukitchenware.com\/de\/wp-json\/wp\/v2\/types\/product"}],"replies":[{"embeddable":true,"href":"https:\/\/www.yongyukitchenware.com\/de\/wp-json\/wp\/v2\/comments?post=517"}],"wp:featuredmedia":[{"embeddable":true,"href":"https:\/\/www.yongyukitchenware.com\/de\/wp-json\/wp\/v2\/media\/537"}],"wp:attachment":[{"href":"https:\/\/www.yongyukitchenware.com\/de\/wp-json\/wp\/v2\/media?parent=517"}],"wp:term":[{"taxonomy":"application","embeddable":true,"href":"https:\/\/www.yongyukitchenware.com\/de\/wp-json\/wp\/v2\/application?post=517"},{"taxonomy":"product_brand","embeddable":true,"href":"https:\/\/www.yongyukitchenware.com\/de\/wp-json\/wp\/v2\/product_brand?post=517"},{"taxonomy":"product_cat","embeddable":true,"href":"https:\/\/www.yongyukitchenware.com\/de\/wp-json\/wp\/v2\/product_cat?post=517"},{"taxonomy":"product_tag","embeddable":true,"href":"https:\/\/www.yongyukitchenware.com\/de\/wp-json\/wp\/v2\/product_tag?post=517"}],"curies":[{"name":"wp","href":"https:\/\/api.w.org\/{rel}","templated":true}]}}