{"id":520,"date":"2024-09-28T03:30:57","date_gmt":"2024-09-28T03:30:57","guid":{"rendered":"https:\/\/www.yongyukitchenware.com\/?post_type=product&#038;p=520"},"modified":"2025-06-26T02:42:16","modified_gmt":"2025-06-26T02:42:16","slug":"chafing-dish-buffet-set-wholesale","status":"publish","type":"product","link":"https:\/\/www.yongyukitchenware.com\/de\/produkt\/chafing-dish-buffet-set-wholesale\/","title":{"rendered":"Gro\u00dfhandel Chafing Dish Buffet Set Edelstahl Quadrat 6L"},"content":{"rendered":"<div class=\"wp-block-columns is-layout-flex wp-container-core-columns-is-layout-9d6595d7 wp-block-columns-is-layout-flex\">\n<div class=\"wp-block-column is-layout-flow wp-block-column-is-layout-flow\">\n<h2 class=\"wp-block-heading\">Chafing Dish Buffet Set Parameter:<\/h2>\n\n\n\n<figure class=\"wp-block-table\"><table class=\"has-fixed-layout\"><tbody><tr><td>Modell<\/td><td>Form<\/td><td>Fassungsverm\u00f6gen (l)<\/td><td>Gewicht(kg)<\/td><td>MOQ<\/td><\/tr><tr><td rowspan=\"2\">DY002-CL<\/td><td>40*40*21<\/td><td rowspan=\"2\">6<\/td><td>7<\/td><td rowspan=\"2\">2PCS<\/td><\/tr><tr><td>40*40*29<\/td><td>7.5<\/td><\/tr><\/tbody><\/table><\/figure>\n<\/div>\n\n\n\n<div class=\"wp-block-column is-layout-flow wp-block-column-is-layout-flow\">\n<div class=\"wp-block-columns is-layout-flex wp-container-core-columns-is-layout-9d6595d7 wp-block-columns-is-layout-flex\">\n<div class=\"wp-block-column is-layout-flow wp-block-column-is-layout-flow\">\n<figure class=\"wp-block-image size-full\"><img decoding=\"async\" width=\"800\" height=\"800\" src=\"https:\/\/www.yongyukitchenware.com\/wp-content\/uploads\/2024\/09\/Stainless-Steel-Chafing-Dish-Buffet-Set-Wholesale-With-Visible-Glass-Lid-1.webp\" alt=\"Edelstahl Chafing Dish Buffet Set Gro\u00dfhandel mit sichtbarem Glasdeckel (1)\" class=\"wp-image-2867\" srcset=\"https:\/\/www.yongyukitchenware.com\/wp-content\/uploads\/2024\/09\/Stainless-Steel-Chafing-Dish-Buffet-Set-Wholesale-With-Visible-Glass-Lid-1.webp 800w, https:\/\/www.yongyukitchenware.com\/wp-content\/uploads\/2024\/09\/Stainless-Steel-Chafing-Dish-Buffet-Set-Wholesale-With-Visible-Glass-Lid-1-300x300.webp 300w, https:\/\/www.yongyukitchenware.com\/wp-content\/uploads\/2024\/09\/Stainless-Steel-Chafing-Dish-Buffet-Set-Wholesale-With-Visible-Glass-Lid-1-150x150.webp 150w, https:\/\/www.yongyukitchenware.com\/wp-content\/uploads\/2024\/09\/Stainless-Steel-Chafing-Dish-Buffet-Set-Wholesale-With-Visible-Glass-Lid-1-768x768.webp 768w, https:\/\/www.yongyukitchenware.com\/wp-content\/uploads\/2024\/09\/Stainless-Steel-Chafing-Dish-Buffet-Set-Wholesale-With-Visible-Glass-Lid-1-12x12.webp 12w, https:\/\/www.yongyukitchenware.com\/wp-content\/uploads\/2024\/09\/Stainless-Steel-Chafing-Dish-Buffet-Set-Wholesale-With-Visible-Glass-Lid-1-600x600.webp 600w, https:\/\/www.yongyukitchenware.com\/wp-content\/uploads\/2024\/09\/Stainless-Steel-Chafing-Dish-Buffet-Set-Wholesale-With-Visible-Glass-Lid-1-100x100.webp 100w\" sizes=\"(max-width: 800px) 100vw, 800px\" \/><\/figure>\n<\/div>\n\n\n\n<div class=\"wp-block-column is-layout-flow wp-block-column-is-layout-flow\">\n<figure class=\"wp-block-image size-full\"><img decoding=\"async\" width=\"800\" height=\"800\" src=\"https:\/\/www.yongyukitchenware.com\/wp-content\/uploads\/2024\/09\/Stainless-Steel-Chafing-Dish-Buffet-Set-Wholesale-With-Visible-Glass-Lid-2.webp\" alt=\"Edelstahl Chafing Dish Buffet Set Gro\u00dfhandel mit sichtbarem Glasdeckel (2)\" class=\"wp-image-2868\" srcset=\"https:\/\/www.yongyukitchenware.com\/wp-content\/uploads\/2024\/09\/Stainless-Steel-Chafing-Dish-Buffet-Set-Wholesale-With-Visible-Glass-Lid-2.webp 800w, https:\/\/www.yongyukitchenware.com\/wp-content\/uploads\/2024\/09\/Stainless-Steel-Chafing-Dish-Buffet-Set-Wholesale-With-Visible-Glass-Lid-2-300x300.webp 300w, https:\/\/www.yongyukitchenware.com\/wp-content\/uploads\/2024\/09\/Stainless-Steel-Chafing-Dish-Buffet-Set-Wholesale-With-Visible-Glass-Lid-2-150x150.webp 150w, https:\/\/www.yongyukitchenware.com\/wp-content\/uploads\/2024\/09\/Stainless-Steel-Chafing-Dish-Buffet-Set-Wholesale-With-Visible-Glass-Lid-2-768x768.webp 768w, https:\/\/www.yongyukitchenware.com\/wp-content\/uploads\/2024\/09\/Stainless-Steel-Chafing-Dish-Buffet-Set-Wholesale-With-Visible-Glass-Lid-2-12x12.webp 12w, https:\/\/www.yongyukitchenware.com\/wp-content\/uploads\/2024\/09\/Stainless-Steel-Chafing-Dish-Buffet-Set-Wholesale-With-Visible-Glass-Lid-2-600x600.webp 600w, https:\/\/www.yongyukitchenware.com\/wp-content\/uploads\/2024\/09\/Stainless-Steel-Chafing-Dish-Buffet-Set-Wholesale-With-Visible-Glass-Lid-2-100x100.webp 100w\" sizes=\"(max-width: 800px) 100vw, 800px\" \/><\/figure>\n<\/div>\n<\/div>\n<\/div>\n<\/div>\n\n\n\n<div class=\"wp-block-columns is-layout-flex wp-container-core-columns-is-layout-9d6595d7 wp-block-columns-is-layout-flex\">\n<div class=\"wp-block-column is-layout-flow wp-block-column-is-layout-flow\">\n<figure class=\"wp-block-image size-full\"><img decoding=\"async\" width=\"800\" height=\"800\" src=\"https:\/\/www.yongyukitchenware.com\/wp-content\/uploads\/2025\/01\/Wholesale-Stainless-Steel-Chafing-Dish-with-Clear-Lid-Custom-Warmer-6.webp\" alt=\"Gro\u00dfhandel Edelstahl Chafing Dish mit klaren Deckel benutzerdefinierte w\u00e4rmer (6)\" class=\"wp-image-2855\" srcset=\"https:\/\/www.yongyukitchenware.com\/wp-content\/uploads\/2025\/01\/Wholesale-Stainless-Steel-Chafing-Dish-with-Clear-Lid-Custom-Warmer-6.webp 800w, https:\/\/www.yongyukitchenware.com\/wp-content\/uploads\/2025\/01\/Wholesale-Stainless-Steel-Chafing-Dish-with-Clear-Lid-Custom-Warmer-6-300x300.webp 300w, https:\/\/www.yongyukitchenware.com\/wp-content\/uploads\/2025\/01\/Wholesale-Stainless-Steel-Chafing-Dish-with-Clear-Lid-Custom-Warmer-6-150x150.webp 150w, https:\/\/www.yongyukitchenware.com\/wp-content\/uploads\/2025\/01\/Wholesale-Stainless-Steel-Chafing-Dish-with-Clear-Lid-Custom-Warmer-6-768x768.webp 768w, https:\/\/www.yongyukitchenware.com\/wp-content\/uploads\/2025\/01\/Wholesale-Stainless-Steel-Chafing-Dish-with-Clear-Lid-Custom-Warmer-6-12x12.webp 12w, https:\/\/www.yongyukitchenware.com\/wp-content\/uploads\/2025\/01\/Wholesale-Stainless-Steel-Chafing-Dish-with-Clear-Lid-Custom-Warmer-6-600x600.webp 600w, https:\/\/www.yongyukitchenware.com\/wp-content\/uploads\/2025\/01\/Wholesale-Stainless-Steel-Chafing-Dish-with-Clear-Lid-Custom-Warmer-6-100x100.webp 100w\" sizes=\"(max-width: 800px) 100vw, 800px\" \/><\/figure>\n<\/div>\n\n\n\n<div class=\"wp-block-column is-layout-flow wp-block-column-is-layout-flow\">\n<h2 class=\"wp-block-heading\">Chafing Dish Buffet Set Merkmale:<\/h2>\n\n\n\n<p><strong>Hochwertiges Material aus rostfreiem Stahl:<\/strong> langlebig und rostfrei, was eine langfristige Nutzung und Lebensmittelsicherheit gew\u00e4hrleistet.<\/p>\n\n\n\n<p><strong>Sichtbare Glasdeckelkonstruktion:<\/strong> Durch den transparenten Glasdeckel l\u00e4sst sich der Zustand der Speisen jederzeit leicht \u00fcberpr\u00fcfen, was das Esserlebnis noch angenehmer macht.<\/p>\n\n\n\n<p><strong>Optionen f\u00fcr mehrere Rasterschalen: <\/strong>Es sind ein- und zweireihige Varianten erh\u00e4ltlich, um den Bed\u00fcrfnissen nach Abtrennung und Aufbewahrung gerecht zu werden, die f\u00fcr verschiedene Anl\u00e4sse geeignet sind.<\/p>\n\n\n\n<p><strong>Tretlager mit zwei H\u00f6henoptionen:<\/strong> Es gibt lange und kurze F\u00fc\u00dfe f\u00fcr unterschiedliche Anl\u00e4sse und Verwendungszwecke.<\/p>\n\n\n\n<p><strong>Ma\u00dfgeschneiderte L\u00f6sungen:<\/strong> Einschlie\u00dflich kundenspezifischer Gr\u00f6\u00dfe, Farbe, Oberfl\u00e4chenbehandlung und anderer Aspekte.<\/p>\n\n\n\n<p><strong>Direkte Lieferung ab Werk:<\/strong> Direktes Angebot, erschwingliche Kosten, damit jeder Kunde in den Genuss eines hochwertigen Square Chafing Dish Buffet Sets kommt.<\/p>\n<\/div>\n<\/div>","protected":false},"excerpt":{"rendered":"<p>Unser Gro\u00dfhandel Chafing Dish Buffet-Set ist ideal f\u00fcr Catering und Buffets. Mit einem Glasdeckel und mehrere Gr\u00f6\u00dfenoptionen. Fabrik Direktvertrieb, sicherzustellen, High-Cost-Leistung. Willkommen bei uns f\u00fcr ein kostenloses Angebot zu kontaktieren<\/p>\n<h2><!-- wp:heading --><\/h2>\n<h2 class=\"wp-block-heading\">Chafing Dish Buffet Set Attribute :<\/h2>\n<h2><!-- \/wp:heading --><\/p>\n<p><!-- wp:paragraph --><\/h2>\n<p><strong>Material: <\/strong>Rostfreier Stahl<br \/><strong>Farbe: <\/strong>Silber, Kundenspezifische Farbe<br \/><strong>Die Form: <\/strong>Quadratisch<br \/><strong>W\u00e4rme: <\/strong>Alkohol und elektrische Heizung<br \/><strong>Chafer Pan: <\/strong>Einzel\/Doppel\/Drei Raster<br \/><strong>Verpacken: <\/strong>Opp-Beutel und -Karton<br \/><strong>OEM\/ODM: <\/strong>Verf\u00fcgbar<\/p>\n<h2 class=\"wp-block-heading\">Von Yongyu Chafing Dish Hersteller :<\/h2>\n<p>Ob es sich um ein Catering-Service-Anbieter, Hotel und Restaurant, oder Event-Planung Unternehmen, bieten wir komplette Catering liefert Gro\u00dfhandel benutzerdefinierte L\u00f6sungen, um Ihr Unternehmen mit hochwertigen Fabrikpreise zu helfen!<\/p>\n<h2><!-- \/wp:paragraph --><\/h2>","protected":false},"featured_media":2867,"comment_status":"closed","ping_status":"closed","template":"","meta":{"_acf_changed":false},"application":[30],"product_brand":[],"product_cat":[33],"product_tag":[],"class_list":{"0":"post-520","1":"product","2":"type-product","3":"status-publish","4":"has-post-thumbnail","6":"application-hotel-catering","7":"product_cat-chafing-dishes-wholesale","9":"first","10":"instock","11":"shipping-taxable","12":"product-type-simple"},"acf":[],"_links":{"self":[{"href":"https:\/\/www.yongyukitchenware.com\/de\/wp-json\/wp\/v2\/product\/520","targetHints":{"allow":["GET"]}}],"collection":[{"href":"https:\/\/www.yongyukitchenware.com\/de\/wp-json\/wp\/v2\/product"}],"about":[{"href":"https:\/\/www.yongyukitchenware.com\/de\/wp-json\/wp\/v2\/types\/product"}],"replies":[{"embeddable":true,"href":"https:\/\/www.yongyukitchenware.com\/de\/wp-json\/wp\/v2\/comments?post=520"}],"wp:featuredmedia":[{"embeddable":true,"href":"https:\/\/www.yongyukitchenware.com\/de\/wp-json\/wp\/v2\/media\/2867"}],"wp:attachment":[{"href":"https:\/\/www.yongyukitchenware.com\/de\/wp-json\/wp\/v2\/media?parent=520"}],"wp:term":[{"taxonomy":"application","embeddable":true,"href":"https:\/\/www.yongyukitchenware.com\/de\/wp-json\/wp\/v2\/application?post=520"},{"taxonomy":"product_brand","embeddable":true,"href":"https:\/\/www.yongyukitchenware.com\/de\/wp-json\/wp\/v2\/product_brand?post=520"},{"taxonomy":"product_cat","embeddable":true,"href":"https:\/\/www.yongyukitchenware.com\/de\/wp-json\/wp\/v2\/product_cat?post=520"},{"taxonomy":"product_tag","embeddable":true,"href":"https:\/\/www.yongyukitchenware.com\/de\/wp-json\/wp\/v2\/product_tag?post=520"}],"curies":[{"name":"wp","href":"https:\/\/api.w.org\/{rel}","templated":true}]}}