{"id":5218,"date":"2026-03-11T08:50:46","date_gmt":"2026-03-11T08:50:46","guid":{"rendered":"https:\/\/www.yongyukitchenware.com\/?post_type=product&#038;p=5218"},"modified":"2026-03-11T08:55:44","modified_gmt":"2026-03-11T08:55:44","slug":"wholesale-mini-frying-pan-3-layer-compound-steel-cooking-pan-with-steel-handle","status":"publish","type":"product","link":"https:\/\/www.yongyukitchenware.com\/de\/produkt\/wholesale-mini-frying-pan-3-layer-compound-steel-cooking-pan-with-steel-handle\/","title":{"rendered":"Gro\u00dfhandel Mini Bratpfanne 3 Layer Compound Stahl Kochpfanne mit Stahlgriff"},"content":{"rendered":"<div class=\"wp-block-columns is-layout-flex wp-container-core-columns-is-layout-9d6595d7 wp-block-columns-is-layout-flex\">\n<div class=\"wp-block-column is-layout-flow wp-block-column-is-layout-flow\">\n<h2 class=\"wp-block-heading\">Gro\u00dfhandel Mini Bratpfanne Merkmale:<\/h2>\n\n\n\n<p><strong>Kompakte Gr\u00f6\u00dfe: <\/strong>Mit einem Fassungsverm\u00f6gen von 400 ml ist diese Mini-Bratpfanne ideal f\u00fcr die Zubereitung kleiner Mahlzeiten, wie z. B. Eier oder ein schnelles Pfannengericht.<\/p>\n\n\n\n<p><strong>Zwei Griffoptionen: <\/strong>W\u00e4hlen Sie zwischen einem komfortablen Holzgriff oder einem eleganten Edelstahlgriff f\u00fcr den perfekten Griff und Stil.<\/p>\n\n\n\n<p><strong>Langlebiger rostfreier Stahl: <\/strong>Diese Pfanne aus hochwertigem Edelstahl ist rost- und verschlei\u00dffest und garantiert eine lange Lebensdauer.<\/p>\n\n\n\n<p><strong>Vielseitig einsetzbar: <\/strong>Perfekt zum Braten, Sautieren oder auch Aufw\u00e4rmen kleiner Portionen ist diese Pfanne ein Muss f\u00fcr kleine K\u00fcchen oder Solo-Mahlzeiten.<\/p>\n\n\n\n<p><strong>Leicht zu reinigen: <\/strong>Die glatte Edelstahloberfl\u00e4che erm\u00f6glicht eine schnelle und einfache Reinigung und spart Ihnen Zeit in der K\u00fcche.<\/p>\n<\/div>\n\n\n\n<div class=\"wp-block-column is-layout-flow wp-block-column-is-layout-flow\">\n<div class=\"wp-block-columns is-layout-flex wp-container-core-columns-is-layout-9d6595d7 wp-block-columns-is-layout-flex\">\n<div class=\"wp-block-column is-layout-flow wp-block-column-is-layout-flow\">\n<figure class=\"wp-block-image size-full\"><img decoding=\"async\" width=\"800\" height=\"800\" src=\"https:\/\/www.yongyukitchenware.com\/wp-content\/uploads\/2026\/03\/Wholesale-Mini-Frying-Pan-11.webp\" alt=\"Gro\u00dfhandel-Mini-Bratpfanne-11\" class=\"wp-image-5216\" srcset=\"https:\/\/www.yongyukitchenware.com\/wp-content\/uploads\/2026\/03\/Wholesale-Mini-Frying-Pan-11.webp 800w, https:\/\/www.yongyukitchenware.com\/wp-content\/uploads\/2026\/03\/Wholesale-Mini-Frying-Pan-11-300x300.webp 300w, https:\/\/www.yongyukitchenware.com\/wp-content\/uploads\/2026\/03\/Wholesale-Mini-Frying-Pan-11-150x150.webp 150w, https:\/\/www.yongyukitchenware.com\/wp-content\/uploads\/2026\/03\/Wholesale-Mini-Frying-Pan-11-768x768.webp 768w, https:\/\/www.yongyukitchenware.com\/wp-content\/uploads\/2026\/03\/Wholesale-Mini-Frying-Pan-11-12x12.webp 12w, https:\/\/www.yongyukitchenware.com\/wp-content\/uploads\/2026\/03\/Wholesale-Mini-Frying-Pan-11-600x600.webp 600w, https:\/\/www.yongyukitchenware.com\/wp-content\/uploads\/2026\/03\/Wholesale-Mini-Frying-Pan-11-100x100.webp 100w\" sizes=\"(max-width: 800px) 100vw, 800px\" \/><\/figure>\n<\/div>\n<\/div>\n\n\n\n<figure class=\"wp-block-image size-full\"><img decoding=\"async\" width=\"800\" height=\"800\" src=\"https:\/\/www.yongyukitchenware.com\/wp-content\/uploads\/2026\/03\/Wholesale-Mini-Frying-Pan-5.webp\" alt=\"Gro\u00dfhandel-Mini-Bratpfanne-5\" class=\"wp-image-5210\" srcset=\"https:\/\/www.yongyukitchenware.com\/wp-content\/uploads\/2026\/03\/Wholesale-Mini-Frying-Pan-5.webp 800w, https:\/\/www.yongyukitchenware.com\/wp-content\/uploads\/2026\/03\/Wholesale-Mini-Frying-Pan-5-300x300.webp 300w, https:\/\/www.yongyukitchenware.com\/wp-content\/uploads\/2026\/03\/Wholesale-Mini-Frying-Pan-5-150x150.webp 150w, https:\/\/www.yongyukitchenware.com\/wp-content\/uploads\/2026\/03\/Wholesale-Mini-Frying-Pan-5-768x768.webp 768w, https:\/\/www.yongyukitchenware.com\/wp-content\/uploads\/2026\/03\/Wholesale-Mini-Frying-Pan-5-12x12.webp 12w, https:\/\/www.yongyukitchenware.com\/wp-content\/uploads\/2026\/03\/Wholesale-Mini-Frying-Pan-5-600x600.webp 600w, https:\/\/www.yongyukitchenware.com\/wp-content\/uploads\/2026\/03\/Wholesale-Mini-Frying-Pan-5-100x100.webp 100w\" sizes=\"(max-width: 800px) 100vw, 800px\" \/><\/figure>\n<\/div>\n<\/div>\n\n\n\n<p><\/p>","protected":false},"excerpt":{"rendered":"<p><span data-mce-type=\"bookmark\" style=\"width: 0px;overflow: hidden;line-height: 0\" class=\"mce_SELRES_start\"><\/span>Diese Mini-Bratpfanne aus rostfreiem Stahl bietet zwei Griffe zur Auswahl: einen Holzgriff und einen Stahlgriff. Sie hat ein Fassungsverm\u00f6gen von 400 Millilitern. Sie eignet sich perfekt zum Braten von Eiern oder zum Garen kleiner Portionen von Speisen. Entscheiden Sie sich f\u00fcr uns und genie\u00dfen Sie unsere hochwertigen Produkte, wettbewerbsf\u00e4hige Preise und einen ausgezeichneten Kundenservice.<\/p>\n<h2>Gro\u00dfhandel Mini Bratpfanne Parameter:<\/h2>\n<p><strong>Material:<\/strong> Dreischichtiger Stahl (SS 304)<br \/><strong>Kapazit\u00e4t:<\/strong> 400ml<br \/><strong>Gr\u00f6\u00dfen:<\/strong> Durchmesser: 13 cm, H\u00f6he: 4,5 cm, Griffl\u00e4nge: 13,5 cm<br \/><strong>OEM\/ODM:<\/strong> Verf\u00fcgbar<\/p>\n<h2 class=\"wp-block-heading\">Von Yongyu Kochgeschirr Hersteller :<\/h2>\n<p>Yongyu ist ein bekannter Kochgeschirrhersteller in China, der f\u00fcr sein breites Angebot an hochwertigem Edelstahlkochgeschirr bekannt ist, darunter Bratpfannen, Woks, Suppent\u00f6pfe und Pastat\u00f6pfe usw.<\/p>","protected":false},"featured_media":5207,"comment_status":"closed","ping_status":"closed","template":"","meta":{"_acf_changed":true},"application":[29],"product_brand":[],"product_cat":[23,32],"product_tag":[],"class_list":{"0":"post-5218","1":"product","2":"type-product","3":"status-publish","4":"has-post-thumbnail","6":"application-home-kitchen","7":"product_cat-kitchenware-wholesale","8":"product_cat-wholesale-cookware","10":"first","11":"instock","12":"shipping-taxable","13":"product-type-simple"},"acf":[],"_links":{"self":[{"href":"https:\/\/www.yongyukitchenware.com\/de\/wp-json\/wp\/v2\/product\/5218","targetHints":{"allow":["GET"]}}],"collection":[{"href":"https:\/\/www.yongyukitchenware.com\/de\/wp-json\/wp\/v2\/product"}],"about":[{"href":"https:\/\/www.yongyukitchenware.com\/de\/wp-json\/wp\/v2\/types\/product"}],"replies":[{"embeddable":true,"href":"https:\/\/www.yongyukitchenware.com\/de\/wp-json\/wp\/v2\/comments?post=5218"}],"wp:featuredmedia":[{"embeddable":true,"href":"https:\/\/www.yongyukitchenware.com\/de\/wp-json\/wp\/v2\/media\/5207"}],"wp:attachment":[{"href":"https:\/\/www.yongyukitchenware.com\/de\/wp-json\/wp\/v2\/media?parent=5218"}],"wp:term":[{"taxonomy":"application","embeddable":true,"href":"https:\/\/www.yongyukitchenware.com\/de\/wp-json\/wp\/v2\/application?post=5218"},{"taxonomy":"product_brand","embeddable":true,"href":"https:\/\/www.yongyukitchenware.com\/de\/wp-json\/wp\/v2\/product_brand?post=5218"},{"taxonomy":"product_cat","embeddable":true,"href":"https:\/\/www.yongyukitchenware.com\/de\/wp-json\/wp\/v2\/product_cat?post=5218"},{"taxonomy":"product_tag","embeddable":true,"href":"https:\/\/www.yongyukitchenware.com\/de\/wp-json\/wp\/v2\/product_tag?post=5218"}],"curies":[{"name":"wp","href":"https:\/\/api.w.org\/{rel}","templated":true}]}}