{"id":5220,"date":"2026-03-11T09:01:37","date_gmt":"2026-03-11T09:01:37","guid":{"rendered":"https:\/\/www.yongyukitchenware.com\/?post_type=product&#038;p=5220"},"modified":"2026-03-16T08:06:03","modified_gmt":"2026-03-16T08:06:03","slug":"wholesale-double-wall-bowl-stainless-steels-gold-silver-for-catering-copy","status":"publish","type":"product","link":"https:\/\/www.yongyukitchenware.com\/de\/produkt\/wholesale-double-wall-bowl-stainless-steels-gold-silver-for-catering-copy\/","title":{"rendered":"Benutzerdefinierte Edelstahl Baby Sch\u00fcssel Metall Kinder Teller Cartoon"},"content":{"rendered":"<div class=\"wp-block-columns is-layout-flex wp-container-core-columns-is-layout-9d6595d7 wp-block-columns-is-layout-flex\">\n<div class=\"wp-block-column is-layout-flow wp-block-column-is-layout-flow\">\n<h2 class=\"wp-block-heading\">Benutzerdefinierte Edelstahl-Baby-Schale Merkmale:<\/h2>\n\n\n\n<p><strong>Lustige Cartoon-Designs:<\/strong> Mit 3 verspielten Cartoon-Motiven macht dieser Teller das Essen spannend und regt Kinder zum Essen an.<\/p>\n\n\n\n<p><strong>Langlebiger rostfreier Stahl: <\/strong>Die aus hochwertigem Edelstahl gefertigte Platte ist f\u00fcr den t\u00e4glichen Gebrauch ausgelegt und verschlei\u00dffest.<\/p>\n\n\n\n<p><strong>Kindersicher: <\/strong>Aus sicheren, ungiftigen Materialien hergestellt, ist es perfekt f\u00fcr die Mahlzeiten Ihres Kindes.<\/p>\n\n\n\n<p><strong>Leicht zu reinigen: <\/strong>Die glatte Edelstahloberfl\u00e4che erm\u00f6glicht eine m\u00fchelose Reinigung - perfekt f\u00fcr viel besch\u00e4ftigte Eltern.<\/p>\n\n\n\n<p><strong>Perfekte Gr\u00f6\u00dfe: <\/strong>Mit einer Gr\u00f6\u00dfe von 16,5\u00d718,5x4 cm ist dieser Teller ideal, um Kindern die richtigen Portionen zu servieren.<\/p>\n<\/div>\n\n\n\n<div class=\"wp-block-column is-layout-flow wp-block-column-is-layout-flow\">\n<div class=\"wp-block-columns is-layout-flex wp-container-core-columns-is-layout-9d6595d7 wp-block-columns-is-layout-flex\">\n<div class=\"wp-block-column is-layout-flow wp-block-column-is-layout-flow\">\n<figure class=\"wp-block-image size-full\"><img decoding=\"async\" width=\"800\" height=\"800\" src=\"https:\/\/www.yongyukitchenware.com\/wp-content\/uploads\/2026\/03\/Custom-Stainless-Steel-Baby-Bowl-6.webp\" alt=\"Custom-Edelstahl-Babyschale-6\" class=\"wp-image-5226\" srcset=\"https:\/\/www.yongyukitchenware.com\/wp-content\/uploads\/2026\/03\/Custom-Stainless-Steel-Baby-Bowl-6.webp 800w, https:\/\/www.yongyukitchenware.com\/wp-content\/uploads\/2026\/03\/Custom-Stainless-Steel-Baby-Bowl-6-300x300.webp 300w, https:\/\/www.yongyukitchenware.com\/wp-content\/uploads\/2026\/03\/Custom-Stainless-Steel-Baby-Bowl-6-150x150.webp 150w, https:\/\/www.yongyukitchenware.com\/wp-content\/uploads\/2026\/03\/Custom-Stainless-Steel-Baby-Bowl-6-768x768.webp 768w, https:\/\/www.yongyukitchenware.com\/wp-content\/uploads\/2026\/03\/Custom-Stainless-Steel-Baby-Bowl-6-12x12.webp 12w, https:\/\/www.yongyukitchenware.com\/wp-content\/uploads\/2026\/03\/Custom-Stainless-Steel-Baby-Bowl-6-600x600.webp 600w, https:\/\/www.yongyukitchenware.com\/wp-content\/uploads\/2026\/03\/Custom-Stainless-Steel-Baby-Bowl-6-100x100.webp 100w\" sizes=\"(max-width: 800px) 100vw, 800px\" \/><\/figure>\n<\/div>\n<\/div>\n\n\n\n<div class=\"wp-block-columns is-layout-flex wp-container-core-columns-is-layout-9d6595d7 wp-block-columns-is-layout-flex\">\n<div class=\"wp-block-column is-layout-flow wp-block-column-is-layout-flow\">\n<figure class=\"wp-block-image size-full\"><img decoding=\"async\" width=\"800\" height=\"800\" src=\"https:\/\/www.yongyukitchenware.com\/wp-content\/uploads\/2026\/03\/Custom-Stainless-Steel-Baby-Bowl-2.webp\" alt=\"Kundenspezifische Edelstahl-Baby-Schale-2\" class=\"wp-image-5222\" srcset=\"https:\/\/www.yongyukitchenware.com\/wp-content\/uploads\/2026\/03\/Custom-Stainless-Steel-Baby-Bowl-2.webp 800w, https:\/\/www.yongyukitchenware.com\/wp-content\/uploads\/2026\/03\/Custom-Stainless-Steel-Baby-Bowl-2-300x300.webp 300w, https:\/\/www.yongyukitchenware.com\/wp-content\/uploads\/2026\/03\/Custom-Stainless-Steel-Baby-Bowl-2-150x150.webp 150w, https:\/\/www.yongyukitchenware.com\/wp-content\/uploads\/2026\/03\/Custom-Stainless-Steel-Baby-Bowl-2-768x768.webp 768w, https:\/\/www.yongyukitchenware.com\/wp-content\/uploads\/2026\/03\/Custom-Stainless-Steel-Baby-Bowl-2-12x12.webp 12w, https:\/\/www.yongyukitchenware.com\/wp-content\/uploads\/2026\/03\/Custom-Stainless-Steel-Baby-Bowl-2-600x600.webp 600w, https:\/\/www.yongyukitchenware.com\/wp-content\/uploads\/2026\/03\/Custom-Stainless-Steel-Baby-Bowl-2-100x100.webp 100w\" sizes=\"(max-width: 800px) 100vw, 800px\" \/><\/figure>\n<\/div>\n<\/div>\n<\/div>\n<\/div>\n\n\n\n<p><\/p>","protected":false},"excerpt":{"rendered":"<p>Dieser Kinderteller aus rostfreiem Stahl ist mit 3 niedlichen Cartoon-Motiven versehen, die Kindern Spa\u00df beim Essen bereiten. Mit seiner langlebigen, leicht zu reinigenden Oberfl\u00e4che ist er perfekt f\u00fcr den t\u00e4glichen Gebrauch geeignet. Profitieren Sie von unserer Premium-Qualit\u00e4t, den anpassbaren Optionen und unserem effizienten Service.<\/p>\n<h2 style=\"text-align: left\">Benutzerdefinierte Edelstahl-Baby-Schale Parameter:<\/h2>\n<p style=\"text-align: left\"><strong>Material:<\/strong> Rostfreier Stahl<br \/><strong>Gr\u00f6\u00dfe:<\/strong> 16,5*18,5*4cm<br \/><strong>Gewicht:<\/strong> 105g<br \/><strong>Verpacken: <\/strong>Opp-Beutel und -Karton<br \/><strong>OEM\/ODM:<\/strong> Verf\u00fcgbar<\/p>\n<h2 class=\"wp-block-heading\">Von Yongyu Tableware Wholesaler:<\/h2>\n<p>Yongyu Tableware Wholesaler erf\u00fcllt die Bed\u00fcrfnisse von Gro\u00dfkunden und bietet eine hochwertige Gro\u00dfhandelsserie f\u00fcr Gastronomiebedarf, die Eleganz und Langlebigkeit vereint. Einschlie\u00dflich Geschirr, Getr\u00e4nke, Catering-Ausr\u00fcstung, K\u00fcchenutensilien, Camp-K\u00fcche Essentials, etc.<\/p>","protected":false},"featured_media":5221,"comment_status":"closed","ping_status":"closed","template":"","meta":{"_acf_changed":false},"application":[30],"product_brand":[],"product_cat":[21,47],"product_tag":[43],"class_list":{"0":"post-5220","1":"product","2":"type-product","3":"status-publish","4":"has-post-thumbnail","6":"application-hotel-catering","7":"product_cat-tableware-wholesale","8":"product_cat-stainless-steel-bowls-wholesale","9":"product_tag-recommend","11":"first","12":"instock","13":"shipping-taxable","14":"product-type-simple"},"acf":[],"_links":{"self":[{"href":"https:\/\/www.yongyukitchenware.com\/de\/wp-json\/wp\/v2\/product\/5220","targetHints":{"allow":["GET"]}}],"collection":[{"href":"https:\/\/www.yongyukitchenware.com\/de\/wp-json\/wp\/v2\/product"}],"about":[{"href":"https:\/\/www.yongyukitchenware.com\/de\/wp-json\/wp\/v2\/types\/product"}],"replies":[{"embeddable":true,"href":"https:\/\/www.yongyukitchenware.com\/de\/wp-json\/wp\/v2\/comments?post=5220"}],"wp:featuredmedia":[{"embeddable":true,"href":"https:\/\/www.yongyukitchenware.com\/de\/wp-json\/wp\/v2\/media\/5221"}],"wp:attachment":[{"href":"https:\/\/www.yongyukitchenware.com\/de\/wp-json\/wp\/v2\/media?parent=5220"}],"wp:term":[{"taxonomy":"application","embeddable":true,"href":"https:\/\/www.yongyukitchenware.com\/de\/wp-json\/wp\/v2\/application?post=5220"},{"taxonomy":"product_brand","embeddable":true,"href":"https:\/\/www.yongyukitchenware.com\/de\/wp-json\/wp\/v2\/product_brand?post=5220"},{"taxonomy":"product_cat","embeddable":true,"href":"https:\/\/www.yongyukitchenware.com\/de\/wp-json\/wp\/v2\/product_cat?post=5220"},{"taxonomy":"product_tag","embeddable":true,"href":"https:\/\/www.yongyukitchenware.com\/de\/wp-json\/wp\/v2\/product_tag?post=5220"}],"curies":[{"name":"wp","href":"https:\/\/api.w.org\/{rel}","templated":true}]}}