{"id":624,"date":"2024-09-27T18:34:05","date_gmt":"2024-09-27T18:34:05","guid":{"rendered":"https:\/\/www.yongyukitchenware.com\/?post_type=product&#038;p=624"},"modified":"2025-06-26T02:36:44","modified_gmt":"2025-06-26T02:36:44","slug":"korean-ramen-pot-wholesale","status":"publish","type":"product","link":"https:\/\/www.yongyukitchenware.com\/de\/produkt\/korean-ramen-pot-wholesale\/","title":{"rendered":"Gro\u00dfhandel Koreanisch Ramen Topf Edelstahl f\u00fcr das Kochen von Nudeln"},"content":{"rendered":"<div class=\"wp-block-columns is-layout-flex wp-container-core-columns-is-layout-9d6595d7 wp-block-columns-is-layout-flex\">\n<div class=\"wp-block-column is-layout-flow wp-block-column-is-layout-flow\">\n<h2 class=\"wp-block-heading\">Koreanischer Ramen-Topf Merkmale:<\/h2>\n\n\n\n<p><strong>Hochwertiger rostfreier Stahl:<\/strong> Edelstahl in Lebensmittelqualit\u00e4t ist korrosionsbest\u00e4ndig, geruchsneutral und langlebig.<br><strong>Versenkter Deckel: <\/strong>der Deckel und die \u00d6ffnung des Topfes schlie\u00dfen gut ab, damit die Suppe nicht ausl\u00e4uft und der k\u00f6stliche Geschmack erhalten bleibt<br><strong>Doppeltes Griffdesign:<\/strong> verdickte W\u00e4rmed\u00e4mmung und Anti-Verbr\u00fchungs-Griff, sicherer und bequemer, Nieten verst\u00e4rkt Zuggriff ist solide und langlebig.<br><strong>Multifunktional einsetzbar: <\/strong>geeignet f\u00fcr eine Vielzahl von Kochmethoden, der Boden der Pfanne ist gleichm\u00e4\u00dfig erhitzt und schnell und kompatibel mit einer Vielzahl von \u00d6fen, Energie-und zeitsparend<br><strong>Platzsparend:<\/strong> breiteres Gro\u00dfkaliber-Design und verschiedene Gr\u00f6\u00dfen, kann gestapelt und platzsparend gelagert werden<\/p>\n\n\n\n<div class=\"wp-block-group is-vertical is-layout-flex wp-container-core-group-is-layout-8cf370e7 wp-block-group-is-layout-flex\">\n<h2 class=\"wp-block-heading\">Koreanischer Ramen-Topf Gr\u00f6\u00dfe:<\/h2>\n<\/div>\n\n\n\n<figure class=\"wp-block-table\"><table class=\"has-fixed-layout\"><tbody><tr><td>Modell<\/td><td>Gr\u00f6\u00dfe<\/td><td>L\u00e4nge * Breite * H\u00f6he (cm)<\/td><td>MOQ<\/td><\/tr><tr><td rowspan=\"5\">DY044-G<\/td><td>16cm<\/td><td>25.5*18*7.3cm<\/td><td rowspan=\"5\">60 STCK.<\/td><\/tr><tr><td>18cm<\/td><td>27.3*20*7.8cm<\/td><\/tr><tr><td>20cm<\/td><td>29,5*22*8,5cm<\/td><\/tr><tr><td>22cm<\/td><td>31.6*24*9cm<\/td><\/tr><tr><td>24cm<\/td><td>35.5*26*9.3cm<\/td><\/tr><\/tbody><\/table><\/figure>\n<\/div>\n\n\n\n<div class=\"wp-block-column is-layout-flow wp-block-column-is-layout-flow\">\n<div class=\"wp-block-columns is-layout-flex wp-container-core-columns-is-layout-9d6595d7 wp-block-columns-is-layout-flex\">\n<div class=\"wp-block-column is-layout-flow wp-block-column-is-layout-flow\">\n<figure class=\"wp-block-image size-full\"><img decoding=\"async\" width=\"800\" height=\"800\" src=\"https:\/\/www.yongyukitchenware.com\/wp-content\/uploads\/2024\/09\/korean-ramen-pot-manufacturer-1.webp\" alt=\"koreanischer-ramen-topf-hersteller-1\" class=\"wp-image-639\" srcset=\"https:\/\/www.yongyukitchenware.com\/wp-content\/uploads\/2024\/09\/korean-ramen-pot-manufacturer-1.webp 800w, https:\/\/www.yongyukitchenware.com\/wp-content\/uploads\/2024\/09\/korean-ramen-pot-manufacturer-1-300x300.webp 300w, https:\/\/www.yongyukitchenware.com\/wp-content\/uploads\/2024\/09\/korean-ramen-pot-manufacturer-1-150x150.webp 150w, https:\/\/www.yongyukitchenware.com\/wp-content\/uploads\/2024\/09\/korean-ramen-pot-manufacturer-1-768x768.webp 768w, https:\/\/www.yongyukitchenware.com\/wp-content\/uploads\/2024\/09\/korean-ramen-pot-manufacturer-1-600x600.webp 600w, https:\/\/www.yongyukitchenware.com\/wp-content\/uploads\/2024\/09\/korean-ramen-pot-manufacturer-1-100x100.webp 100w\" sizes=\"(max-width: 800px) 100vw, 800px\" \/><\/figure>\n<\/div>\n\n\n\n<div class=\"wp-block-column is-layout-flow wp-block-column-is-layout-flow\">\n<figure class=\"wp-block-image size-full\"><img decoding=\"async\" width=\"800\" height=\"800\" src=\"https:\/\/www.yongyukitchenware.com\/wp-content\/uploads\/2024\/09\/korean-ramen-pot-manufacturer-2.webp\" alt=\"koreanischer-ramen-topf-hersteller-2\" class=\"wp-image-640\" srcset=\"https:\/\/www.yongyukitchenware.com\/wp-content\/uploads\/2024\/09\/korean-ramen-pot-manufacturer-2.webp 800w, https:\/\/www.yongyukitchenware.com\/wp-content\/uploads\/2024\/09\/korean-ramen-pot-manufacturer-2-300x300.webp 300w, https:\/\/www.yongyukitchenware.com\/wp-content\/uploads\/2024\/09\/korean-ramen-pot-manufacturer-2-150x150.webp 150w, https:\/\/www.yongyukitchenware.com\/wp-content\/uploads\/2024\/09\/korean-ramen-pot-manufacturer-2-768x768.webp 768w, https:\/\/www.yongyukitchenware.com\/wp-content\/uploads\/2024\/09\/korean-ramen-pot-manufacturer-2-600x600.webp 600w, https:\/\/www.yongyukitchenware.com\/wp-content\/uploads\/2024\/09\/korean-ramen-pot-manufacturer-2-100x100.webp 100w\" sizes=\"(max-width: 800px) 100vw, 800px\" \/><\/figure>\n<\/div>\n<\/div>\n\n\n\n<div class=\"wp-block-columns is-layout-flex wp-container-core-columns-is-layout-9d6595d7 wp-block-columns-is-layout-flex\">\n<div class=\"wp-block-column is-layout-flow wp-block-column-is-layout-flow\">\n<figure class=\"wp-block-image size-full\"><img decoding=\"async\" width=\"800\" height=\"800\" src=\"https:\/\/www.yongyukitchenware.com\/wp-content\/uploads\/2024\/09\/korean-ramen-pot-manufacturer-7.webp\" alt=\"koreanischer-ramen-topf-hersteller-7\" class=\"wp-image-646\" srcset=\"https:\/\/www.yongyukitchenware.com\/wp-content\/uploads\/2024\/09\/korean-ramen-pot-manufacturer-7.webp 800w, https:\/\/www.yongyukitchenware.com\/wp-content\/uploads\/2024\/09\/korean-ramen-pot-manufacturer-7-300x300.webp 300w, https:\/\/www.yongyukitchenware.com\/wp-content\/uploads\/2024\/09\/korean-ramen-pot-manufacturer-7-150x150.webp 150w, https:\/\/www.yongyukitchenware.com\/wp-content\/uploads\/2024\/09\/korean-ramen-pot-manufacturer-7-768x768.webp 768w, https:\/\/www.yongyukitchenware.com\/wp-content\/uploads\/2024\/09\/korean-ramen-pot-manufacturer-7-600x600.webp 600w, https:\/\/www.yongyukitchenware.com\/wp-content\/uploads\/2024\/09\/korean-ramen-pot-manufacturer-7-100x100.webp 100w\" sizes=\"(max-width: 800px) 100vw, 800px\" \/><\/figure>\n<\/div>\n\n\n\n<div class=\"wp-block-column is-layout-flow wp-block-column-is-layout-flow\">\n<figure class=\"wp-block-image size-full\"><img decoding=\"async\" width=\"800\" height=\"800\" src=\"https:\/\/www.yongyukitchenware.com\/wp-content\/uploads\/2024\/09\/korean-ramen-pot-manufacturer-8.webp\" alt=\"koreanischer-ramen-topf-hersteller-8\" class=\"wp-image-647\" srcset=\"https:\/\/www.yongyukitchenware.com\/wp-content\/uploads\/2024\/09\/korean-ramen-pot-manufacturer-8.webp 800w, https:\/\/www.yongyukitchenware.com\/wp-content\/uploads\/2024\/09\/korean-ramen-pot-manufacturer-8-300x300.webp 300w, https:\/\/www.yongyukitchenware.com\/wp-content\/uploads\/2024\/09\/korean-ramen-pot-manufacturer-8-150x150.webp 150w, https:\/\/www.yongyukitchenware.com\/wp-content\/uploads\/2024\/09\/korean-ramen-pot-manufacturer-8-768x768.webp 768w, https:\/\/www.yongyukitchenware.com\/wp-content\/uploads\/2024\/09\/korean-ramen-pot-manufacturer-8-600x600.webp 600w, https:\/\/www.yongyukitchenware.com\/wp-content\/uploads\/2024\/09\/korean-ramen-pot-manufacturer-8-100x100.webp 100w\" sizes=\"(max-width: 800px) 100vw, 800px\" \/><\/figure>\n<\/div>\n<\/div>\n<\/div>\n<\/div>\n\n\n\n<p><\/p>","protected":false},"excerpt":{"rendered":"<p>Gro\u00dfhandel und Bulk-Edelstahl koreanischen Ramen Topf, Gold und Silber Optionen, k\u00f6nnen Nudeln gleichm\u00e4\u00dfig kochen, eine ausgezeichnete Wahl f\u00fcr Amazon meistverkauften T\u00f6pfe.<\/p>\n<h2 style=\"text-align: left\">Parameter des koreanischen Ramen-Topfes :<\/h2>\n<p style=\"text-align: left\"><strong>Material:<\/strong> Rostfreier Stahl<br \/><strong>Farbe:<\/strong> Silber, Gold, kundenspezifische Farbe<br \/><strong>Design des Kochgeschirrs:<\/strong> Nietverst\u00e4rkter Zuggriff und versenkte Edelstahlabdeckung<br \/><strong>Verschiedene Gr\u00f6\u00dfen verf\u00fcgbar:<\/strong> 16cm,18cm,20cm,22cm, und 24cm Gr\u00f6\u00dfen verschiedene Spezifikationen<br \/><strong>Verpacken:<\/strong> S\u00e4cke\/Gebinde\/Kartons oder kundenspezifisch<br \/><strong>OEM\/ODM:<\/strong> Verf\u00fcgbar<\/p>\n<h2 class=\"wp-block-heading\">Von Yongyu Kochgeschirr Hersteller :<\/h2>\n<p>Yongyu ist ein professioneller Hersteller von Kochgeschirr. Unsere Produkte umfassen alle Arten von Kochgeschirr aus rostfreiem Stahl, wie z. B. Nudelkocher, Bratpfannen, Schmort\u00f6pfe usw., und wir bieten jedem Kunden qualitativ hochwertige Beschaffungsdienste und erschwingliche Preise.<\/p>","protected":false},"featured_media":719,"comment_status":"closed","ping_status":"closed","template":"","meta":{"_acf_changed":true},"application":[29],"product_brand":[],"product_cat":[23,32],"product_tag":[],"class_list":{"0":"post-624","1":"product","2":"type-product","3":"status-publish","4":"has-post-thumbnail","6":"application-home-kitchen","7":"product_cat-kitchenware-wholesale","8":"product_cat-wholesale-cookware","10":"first","11":"instock","12":"shipping-taxable","13":"product-type-simple"},"acf":[],"_links":{"self":[{"href":"https:\/\/www.yongyukitchenware.com\/de\/wp-json\/wp\/v2\/product\/624","targetHints":{"allow":["GET"]}}],"collection":[{"href":"https:\/\/www.yongyukitchenware.com\/de\/wp-json\/wp\/v2\/product"}],"about":[{"href":"https:\/\/www.yongyukitchenware.com\/de\/wp-json\/wp\/v2\/types\/product"}],"replies":[{"embeddable":true,"href":"https:\/\/www.yongyukitchenware.com\/de\/wp-json\/wp\/v2\/comments?post=624"}],"wp:featuredmedia":[{"embeddable":true,"href":"https:\/\/www.yongyukitchenware.com\/de\/wp-json\/wp\/v2\/media\/719"}],"wp:attachment":[{"href":"https:\/\/www.yongyukitchenware.com\/de\/wp-json\/wp\/v2\/media?parent=624"}],"wp:term":[{"taxonomy":"application","embeddable":true,"href":"https:\/\/www.yongyukitchenware.com\/de\/wp-json\/wp\/v2\/application?post=624"},{"taxonomy":"product_brand","embeddable":true,"href":"https:\/\/www.yongyukitchenware.com\/de\/wp-json\/wp\/v2\/product_brand?post=624"},{"taxonomy":"product_cat","embeddable":true,"href":"https:\/\/www.yongyukitchenware.com\/de\/wp-json\/wp\/v2\/product_cat?post=624"},{"taxonomy":"product_tag","embeddable":true,"href":"https:\/\/www.yongyukitchenware.com\/de\/wp-json\/wp\/v2\/product_tag?post=624"}],"curies":[{"name":"wp","href":"https:\/\/api.w.org\/{rel}","templated":true}]}}