{"id":632,"date":"2024-09-28T07:58:00","date_gmt":"2024-09-28T07:58:00","guid":{"rendered":"https:\/\/www.yongyukitchenware.com\/?post_type=product&#038;p=632"},"modified":"2025-06-26T02:43:22","modified_gmt":"2025-06-26T02:43:22","slug":"boat-shaped-bowl-wholesale","status":"publish","type":"product","link":"https:\/\/www.yongyukitchenware.com\/de\/produkt\/boat-shaped-bowl-wholesale\/","title":{"rendered":"Gro\u00dfhandel Boot geformt Sch\u00fcssel Edelstahl Gloden Splitter zum Servieren Salat"},"content":{"rendered":"<div class=\"wp-block-columns is-layout-flex wp-container-core-columns-is-layout-9d6595d7 wp-block-columns-is-layout-flex\">\n<div class=\"wp-block-column is-layout-flow wp-block-column-is-layout-flow\">\n<h2 class=\"wp-block-heading\">Bootf\u00f6rmige Schale Parameter<\/h2>\n\n\n\n<figure class=\"wp-block-table\"><table class=\"has-fixed-layout\"><tbody><tr><td>Modell<\/td><td>Form<\/td><td>L\u00e4nge * Breite *<br>&nbsp;H\u00f6he (cm)<\/td><td>MOQ<\/td><\/tr><tr><td rowspan=\"3\">DY024-W<\/td><td>Klein<\/td><td>16*11*5<\/td><td rowspan=\"3\">200 STCK.<\/td><\/tr><tr><td>Mitte<\/td><td>20*13.5*6<\/td><\/tr><tr><td>Gro\u00df<\/td><td>25*16*7<\/td><\/tr><\/tbody><\/table><\/figure>\n<\/div>\n\n\n\n<div class=\"wp-block-column is-layout-flow wp-block-column-is-layout-flow\">\n<h2 class=\"wp-block-heading\">Schale in Bootsform Merkmale:<\/h2>\n\n\n\n<p><strong>Kreative Gestaltung: <\/strong>Die Unterseite ist flach und glatt, damit der Tisch stabil steht und nicht kippt oder rutscht. Die einzigartige Boots- und Barrenform ist wundersch\u00f6n und erh\u00f6ht die optische Gesamtwirkung des Esstisches.<\/p>\n\n\n\n<p><strong>Hochwertiger rostfreier Stahl: <\/strong>Aus lebensmittelechtem Edelstahl gefertigt, ist es korrosionsbest\u00e4ndig und geruchsneutral, was die Lebensmittelsicherheit gew\u00e4hrleistet. Gleichzeitig ist dieses Material langlebig, f\u00fcr den langfristigen Gebrauch geeignet und nicht leicht zu verformen oder zu besch\u00e4digen.<\/p>\n\n\n\n<p><strong>Verschiedene Spezifikationen stehen zur Auswahl: <\/strong>Die Schale ist in drei verschiedenen Gr\u00f6\u00dfen erh\u00e4ltlich, um den Anforderungen unterschiedlicher Anl\u00e4sse gerecht zu werden. Die optionale Vergoldung oder Versilberung macht jede Schale noch pr\u00e4chtiger und eignet sich f\u00fcr gehobene Bankette und besondere Anl\u00e4sse.<\/p>\n\n\n\n<p><strong>Abgerundete Kanten: <\/strong>Die Kanten sind fein poliert, glatt und gratfrei und gew\u00e4hrleisten eine sichere Verwendung, ohne die H\u00e4nde zu zerkratzen oder Lebensmittel zu besch\u00e4digen. Dieses Design verbessert die Benutzerfreundlichkeit und erh\u00f6ht die Sicherheit.<\/p>\n\n\n\n<p><strong>Geb\u00fcrstetes Polierverfahren: <\/strong>Die Oberfl\u00e4che ist geb\u00fcrstet und poliert, hat eine glatte und feine Textur, f\u00fchlt sich gut an und ist leicht zu reinigen.<\/p>\n<\/div>\n<\/div>\n\n\n\n<div class=\"wp-block-columns is-layout-flex wp-container-core-columns-is-layout-9d6595d7 wp-block-columns-is-layout-flex\">\n<div class=\"wp-block-column is-layout-flow wp-block-column-is-layout-flow\">\n<figure class=\"wp-block-image size-full\"><img decoding=\"async\" width=\"800\" height=\"800\" src=\"https:\/\/www.yongyukitchenware.com\/wp-content\/uploads\/2024\/09\/Wholesale-Boat-Shaped-Bowl-2.webp\" alt=\"Gro\u00dfhandel Boot geformt Sch\u00fcssel 2\" class=\"wp-image-634\" srcset=\"https:\/\/www.yongyukitchenware.com\/wp-content\/uploads\/2024\/09\/Wholesale-Boat-Shaped-Bowl-2.webp 800w, https:\/\/www.yongyukitchenware.com\/wp-content\/uploads\/2024\/09\/Wholesale-Boat-Shaped-Bowl-2-300x300.webp 300w, https:\/\/www.yongyukitchenware.com\/wp-content\/uploads\/2024\/09\/Wholesale-Boat-Shaped-Bowl-2-150x150.webp 150w, https:\/\/www.yongyukitchenware.com\/wp-content\/uploads\/2024\/09\/Wholesale-Boat-Shaped-Bowl-2-768x768.webp 768w, https:\/\/www.yongyukitchenware.com\/wp-content\/uploads\/2024\/09\/Wholesale-Boat-Shaped-Bowl-2-600x600.webp 600w, https:\/\/www.yongyukitchenware.com\/wp-content\/uploads\/2024\/09\/Wholesale-Boat-Shaped-Bowl-2-100x100.webp 100w\" sizes=\"(max-width: 800px) 100vw, 800px\" \/><\/figure>\n<\/div>\n\n\n\n<div class=\"wp-block-column is-layout-flow wp-block-column-is-layout-flow\">\n<figure class=\"wp-block-image size-full\"><img decoding=\"async\" width=\"800\" height=\"800\" src=\"https:\/\/www.yongyukitchenware.com\/wp-content\/uploads\/2024\/09\/Wholesale-Boat-Shaped-Bowl-5.webp\" alt=\"Gro\u00dfhandel Boot geformt Sch\u00fcssel 5\" class=\"wp-image-637\" srcset=\"https:\/\/www.yongyukitchenware.com\/wp-content\/uploads\/2024\/09\/Wholesale-Boat-Shaped-Bowl-5.webp 800w, https:\/\/www.yongyukitchenware.com\/wp-content\/uploads\/2024\/09\/Wholesale-Boat-Shaped-Bowl-5-300x300.webp 300w, https:\/\/www.yongyukitchenware.com\/wp-content\/uploads\/2024\/09\/Wholesale-Boat-Shaped-Bowl-5-150x150.webp 150w, https:\/\/www.yongyukitchenware.com\/wp-content\/uploads\/2024\/09\/Wholesale-Boat-Shaped-Bowl-5-768x768.webp 768w, https:\/\/www.yongyukitchenware.com\/wp-content\/uploads\/2024\/09\/Wholesale-Boat-Shaped-Bowl-5-600x600.webp 600w, https:\/\/www.yongyukitchenware.com\/wp-content\/uploads\/2024\/09\/Wholesale-Boat-Shaped-Bowl-5-100x100.webp 100w\" sizes=\"(max-width: 800px) 100vw, 800px\" \/><\/figure>\n<\/div>\n<\/div>\n\n\n\n<p><\/p>","protected":false},"excerpt":{"rendered":"<p>Unsere Bootssch\u00fcsseln f\u00fcr den Gro\u00dfhandel sind einzigartig gestaltet und aus hochwertigem Edelstahl gefertigt, der langlebig und leicht zu reinigen ist. Es hat eine Vielzahl von Spezifikationen, um Salate, Desserts und Snacks zu servieren, und ist eine ideale Wahl f\u00fcr stilvolle und moderne Catering-Services.\u00a0 \u00a0 \u00a0 \u00a0 \u00a0 \u00a0 \u00a0 \u00a0 \u00a0\u00a0<\/p>\n<h2>Bootf\u00f6rmige Schale Attribute :<\/h2>\n<p><strong>Material: <\/strong>Rostfreier Stahl<br \/><strong>Farbe: <\/strong>Gold\/Silber<br \/><strong>Die Form: <\/strong>Bootsform<br \/><strong>Verpacken: <\/strong>Opp-Beutel und -Karton<br \/><strong>OEM\/ODM: <\/strong>Verf\u00fcgbar<\/p>\n<h2><!-- \/wp:heading --><\/p>\n<p><!-- wp:paragraph --><\/h2>\n<h2 class=\"wp-block-heading\">Yongyu Tischkultur Gro\u00dfh\u00e4ndler:<\/h2>\n<p class=\"wp-block-heading\">Yongyu Tableware Wholesaler erf\u00fcllt die Bed\u00fcrfnisse von Gro\u00dfkunden und bietet eine hochwertige Gro\u00dfhandelsserie f\u00fcr Gastronomiebedarf, die Eleganz und Langlebigkeit vereint. Einschlie\u00dflich Geschirr, Getr\u00e4nke, Catering-Ausr\u00fcstung, K\u00fcchenutensilien, Camp-K\u00fcche Essentials, etc.<\/p>\n<h2><!-- \/wp:paragraph --><\/h2>","protected":false},"featured_media":633,"comment_status":"closed","ping_status":"closed","template":"","meta":{"_acf_changed":true},"application":[30],"product_brand":[],"product_cat":[21,47],"product_tag":[],"class_list":{"0":"post-632","1":"product","2":"type-product","3":"status-publish","4":"has-post-thumbnail","6":"application-hotel-catering","7":"product_cat-tableware-wholesale","8":"product_cat-stainless-steel-bowls-wholesale","10":"first","11":"instock","12":"shipping-taxable","13":"product-type-simple"},"acf":[],"_links":{"self":[{"href":"https:\/\/www.yongyukitchenware.com\/de\/wp-json\/wp\/v2\/product\/632","targetHints":{"allow":["GET"]}}],"collection":[{"href":"https:\/\/www.yongyukitchenware.com\/de\/wp-json\/wp\/v2\/product"}],"about":[{"href":"https:\/\/www.yongyukitchenware.com\/de\/wp-json\/wp\/v2\/types\/product"}],"replies":[{"embeddable":true,"href":"https:\/\/www.yongyukitchenware.com\/de\/wp-json\/wp\/v2\/comments?post=632"}],"wp:featuredmedia":[{"embeddable":true,"href":"https:\/\/www.yongyukitchenware.com\/de\/wp-json\/wp\/v2\/media\/633"}],"wp:attachment":[{"href":"https:\/\/www.yongyukitchenware.com\/de\/wp-json\/wp\/v2\/media?parent=632"}],"wp:term":[{"taxonomy":"application","embeddable":true,"href":"https:\/\/www.yongyukitchenware.com\/de\/wp-json\/wp\/v2\/application?post=632"},{"taxonomy":"product_brand","embeddable":true,"href":"https:\/\/www.yongyukitchenware.com\/de\/wp-json\/wp\/v2\/product_brand?post=632"},{"taxonomy":"product_cat","embeddable":true,"href":"https:\/\/www.yongyukitchenware.com\/de\/wp-json\/wp\/v2\/product_cat?post=632"},{"taxonomy":"product_tag","embeddable":true,"href":"https:\/\/www.yongyukitchenware.com\/de\/wp-json\/wp\/v2\/product_tag?post=632"}],"curies":[{"name":"wp","href":"https:\/\/api.w.org\/{rel}","templated":true}]}}