{"id":664,"date":"2024-09-28T02:17:52","date_gmt":"2024-09-28T02:17:52","guid":{"rendered":"https:\/\/www.yongyukitchenware.com\/?post_type=product&#038;p=664"},"modified":"2025-06-26T02:37:54","modified_gmt":"2025-06-26T02:37:54","slug":"korean-troop-pot-wholesale","status":"publish","type":"product","link":"https:\/\/www.yongyukitchenware.com\/de\/produkt\/korean-troop-pot-wholesale\/","title":{"rendered":"Koreanischer Truppentopf aus Edelstahl mit Meeresfr\u00fcchten in verschiedenen Gr\u00f6\u00dfen"},"content":{"rendered":"<div class=\"wp-block-columns is-layout-flex wp-container-core-columns-is-layout-9d6595d7 wp-block-columns-is-layout-flex\">\n<div class=\"wp-block-column is-layout-flow wp-block-column-is-layout-flow\">\n<h2 class=\"wp-block-heading\">Koreanischer Truppentopf Merkmale:<\/h2>\n\n\n\n<p><strong>Lebensmittelgeeigneter Edelstahl:<\/strong> Zur Gew\u00e4hrleistung der Lebensmittelsicherheit wurde rostfreier Standard-Edelstahl verwendet, der ungiftig, unsch\u00e4dlich und korrosionsbest\u00e4ndig ist.<br><strong>Weitmundiges Design:<\/strong> Die breite \u00d6ffnung des Topfes erleichtert das Kochen und Umr\u00fchren von Zutaten und eignet sich besser f\u00fcr gr\u00f6\u00dfere Zutaten und die Zubereitung von Meeresfr\u00fcchten.<br><strong>Mehrere Gr\u00f6\u00dfen:<\/strong> Von kleinen T\u00f6pfen f\u00fcr den Hausgebrauch bis hin zu gro\u00dfen T\u00f6pfen f\u00fcr die Gro\u00dfk\u00fcche - die Stapelfunktion erm\u00f6glicht eine platzsparende Lagerung von T\u00f6pfen unterschiedlicher Gr\u00f6\u00dfe.<br><strong>Design des Griffs: <\/strong>Der verdickte, isolierte und verbr\u00fchungssichere Griff ist bequemer zu handhaben, und die Nieten sind verst\u00e4rkt.<br><strong>Leicht zu reinigen: <\/strong>Glatte Edelstahloberfl\u00e4che mit Antihaftbeschichtung f\u00fcr einfache Reinigung.<br><strong>Erschwinglich: <\/strong>Wirtschaftlicher Kauf, Gro\u00dfhandel Meeresfr\u00fcchte Pfanne ist preisg\u00fcnstig und geeignet f\u00fcr Gro\u00dfabnahme.<\/p>\n\n\n\n<h2 class=\"wp-block-heading\">Koreanischer Truppentopf Gr\u00f6\u00dfe:<\/h2>\n\n\n\n<figure class=\"wp-block-table\"><table class=\"has-fixed-layout\"><tbody><tr><td>Modell<\/td><td>Gr\u00f6\u00dfe<\/td><td>L\u00e4nge * Breite * H\u00f6he (cm)<\/td><td>MOQ<\/td><\/tr><tr><td rowspan=\"6\">DY047-G<\/td><td>18cm<\/td><td>29*18,5*6cm<\/td><td rowspan=\"6\">80 STCK.<\/td><\/tr><tr><td>20cm<\/td><td>30*20*6cm<\/td><\/tr><tr><td>22cm<\/td><td>33*23*6cm<\/td><\/tr><tr><td>24cm<\/td><td>35*25*6cm<\/td><\/tr><tr><td>26cm<\/td><td>38*27*6cm<\/td><\/tr><tr><td>28cm<\/td><td>39*29*6cm<\/td><\/tr><\/tbody><\/table><\/figure>\n<\/div>\n\n\n\n<div class=\"wp-block-column is-layout-flow wp-block-column-is-layout-flow\">\n<div class=\"wp-block-columns is-layout-flex wp-container-core-columns-is-layout-9d6595d7 wp-block-columns-is-layout-flex\">\n<div class=\"wp-block-column is-layout-flow wp-block-column-is-layout-flow\">\n<figure class=\"wp-block-image size-full\"><img decoding=\"async\" width=\"800\" height=\"800\" src=\"https:\/\/www.yongyukitchenware.com\/wp-content\/uploads\/2024\/09\/wholesale-seafood-pan-7.webp\" alt=\"Gro\u00dfhandel - Meeresfr\u00fcchte - Pfanne (7)\" class=\"wp-image-698\" srcset=\"https:\/\/www.yongyukitchenware.com\/wp-content\/uploads\/2024\/09\/wholesale-seafood-pan-7.webp 800w, https:\/\/www.yongyukitchenware.com\/wp-content\/uploads\/2024\/09\/wholesale-seafood-pan-7-300x300.webp 300w, https:\/\/www.yongyukitchenware.com\/wp-content\/uploads\/2024\/09\/wholesale-seafood-pan-7-150x150.webp 150w, https:\/\/www.yongyukitchenware.com\/wp-content\/uploads\/2024\/09\/wholesale-seafood-pan-7-768x768.webp 768w, https:\/\/www.yongyukitchenware.com\/wp-content\/uploads\/2024\/09\/wholesale-seafood-pan-7-600x600.webp 600w, https:\/\/www.yongyukitchenware.com\/wp-content\/uploads\/2024\/09\/wholesale-seafood-pan-7-100x100.webp 100w\" sizes=\"(max-width: 800px) 100vw, 800px\" \/><\/figure>\n<\/div>\n\n\n\n<div class=\"wp-block-column is-layout-flow wp-block-column-is-layout-flow\">\n<figure class=\"wp-block-image size-full\"><img decoding=\"async\" width=\"800\" height=\"800\" src=\"https:\/\/www.yongyukitchenware.com\/wp-content\/uploads\/2024\/09\/wholesale-seafood-pan-6.webp\" alt=\"Gro\u00dfhandel - Meeresfr\u00fcchte - Pfanne (6)\" class=\"wp-image-699\" srcset=\"https:\/\/www.yongyukitchenware.com\/wp-content\/uploads\/2024\/09\/wholesale-seafood-pan-6.webp 800w, https:\/\/www.yongyukitchenware.com\/wp-content\/uploads\/2024\/09\/wholesale-seafood-pan-6-300x300.webp 300w, https:\/\/www.yongyukitchenware.com\/wp-content\/uploads\/2024\/09\/wholesale-seafood-pan-6-150x150.webp 150w, https:\/\/www.yongyukitchenware.com\/wp-content\/uploads\/2024\/09\/wholesale-seafood-pan-6-768x768.webp 768w, https:\/\/www.yongyukitchenware.com\/wp-content\/uploads\/2024\/09\/wholesale-seafood-pan-6-600x600.webp 600w, https:\/\/www.yongyukitchenware.com\/wp-content\/uploads\/2024\/09\/wholesale-seafood-pan-6-100x100.webp 100w\" sizes=\"(max-width: 800px) 100vw, 800px\" \/><\/figure>\n<\/div>\n<\/div>\n\n\n\n<div class=\"wp-block-columns is-layout-flex wp-container-core-columns-is-layout-9d6595d7 wp-block-columns-is-layout-flex\">\n<div class=\"wp-block-column is-layout-flow wp-block-column-is-layout-flow\">\n<figure class=\"wp-block-image size-full\"><img decoding=\"async\" width=\"800\" height=\"800\" src=\"https:\/\/www.yongyukitchenware.com\/wp-content\/uploads\/2024\/09\/wholesale-seafood-pan-5.webp\" alt=\"Gro\u00dfhandel - Meeresfr\u00fcchte - Pfanne (5)\" class=\"wp-image-707\" srcset=\"https:\/\/www.yongyukitchenware.com\/wp-content\/uploads\/2024\/09\/wholesale-seafood-pan-5.webp 800w, https:\/\/www.yongyukitchenware.com\/wp-content\/uploads\/2024\/09\/wholesale-seafood-pan-5-300x300.webp 300w, https:\/\/www.yongyukitchenware.com\/wp-content\/uploads\/2024\/09\/wholesale-seafood-pan-5-150x150.webp 150w, https:\/\/www.yongyukitchenware.com\/wp-content\/uploads\/2024\/09\/wholesale-seafood-pan-5-768x768.webp 768w, https:\/\/www.yongyukitchenware.com\/wp-content\/uploads\/2024\/09\/wholesale-seafood-pan-5-600x600.webp 600w, https:\/\/www.yongyukitchenware.com\/wp-content\/uploads\/2024\/09\/wholesale-seafood-pan-5-100x100.webp 100w\" sizes=\"(max-width: 800px) 100vw, 800px\" \/><\/figure>\n<\/div>\n\n\n\n<div class=\"wp-block-column is-layout-flow wp-block-column-is-layout-flow\">\n<figure class=\"wp-block-image size-full\"><img decoding=\"async\" width=\"800\" height=\"800\" src=\"https:\/\/www.yongyukitchenware.com\/wp-content\/uploads\/2024\/09\/wholesale-seafood-pan-4.webp\" alt=\"Gro\u00dfhandel - Meeresfr\u00fcchte - Pfanne (4)\" class=\"wp-image-706\" srcset=\"https:\/\/www.yongyukitchenware.com\/wp-content\/uploads\/2024\/09\/wholesale-seafood-pan-4.webp 800w, https:\/\/www.yongyukitchenware.com\/wp-content\/uploads\/2024\/09\/wholesale-seafood-pan-4-300x300.webp 300w, https:\/\/www.yongyukitchenware.com\/wp-content\/uploads\/2024\/09\/wholesale-seafood-pan-4-150x150.webp 150w, https:\/\/www.yongyukitchenware.com\/wp-content\/uploads\/2024\/09\/wholesale-seafood-pan-4-768x768.webp 768w, https:\/\/www.yongyukitchenware.com\/wp-content\/uploads\/2024\/09\/wholesale-seafood-pan-4-600x600.webp 600w, https:\/\/www.yongyukitchenware.com\/wp-content\/uploads\/2024\/09\/wholesale-seafood-pan-4-100x100.webp 100w\" sizes=\"(max-width: 800px) 100vw, 800px\" \/><\/figure>\n<\/div>\n<\/div>\n<\/div>\n<\/div>\n\n\n\n<p><\/p>","protected":false},"excerpt":{"rendered":"<p>Gro\u00dfhandel Edelstahl koreanischen Truppe Topf, ideal f\u00fcr das Kochen von Meeresfr\u00fcchten, Suppe, Pasta. Einteilige Edelstahl-Struktur, robust und langlebig, und verschiedene Gr\u00f6\u00dfen und breite Mund-Designs, um verschiedene Kochen Bed\u00fcrfnisse zu erf\u00fcllen.<\/p>\n<h2 style=\"text-align: left\">Parameter des koreanischen Truppentopfes :<\/h2>\n<p style=\"text-align: left\"><strong>Material:<\/strong> Rostfreier Stahl<br \/><strong>Farbe:<\/strong> Silber, Gold, kundenspezifische Farbe<br \/><strong>Topfboden-Design:<\/strong> Flach und gleichm\u00e4\u00dfig und schnell erhitzt<br \/><strong>Verschiedene Gr\u00f6\u00dfen:<\/strong> Gr\u00f6\u00dfen 18 cm, 20 cm, 22cm, 24cm, 26cm und 28cm<br \/><strong>Verpacken:<\/strong> S\u00e4cke\/Gebinde\/Kartons oder kundenspezifisch<br \/><strong>OEM\/ODM:<\/strong> Verf\u00fcgbar<\/p>\n<h2 class=\"wp-block-heading\">Von Yongyu Kochgeschirr Hersteller :<\/h2>\n<p>Yongyu ist ein professioneller Hersteller von Kochgeschirr. Unsere Produkte umfassen alle Arten von Kochgeschirr aus rostfreiem Stahl, wie z. B. Nudelkocher, Bratpfannen, Schmort\u00f6pfe usw., und wir bieten jedem Kunden qualitativ hochwertige Beschaffungsdienste und erschwingliche Preise.<\/p>","protected":false},"featured_media":710,"comment_status":"closed","ping_status":"closed","template":"","meta":{"_acf_changed":true},"application":[29],"product_brand":[],"product_cat":[23,32],"product_tag":[],"class_list":{"0":"post-664","1":"product","2":"type-product","3":"status-publish","4":"has-post-thumbnail","6":"application-home-kitchen","7":"product_cat-kitchenware-wholesale","8":"product_cat-wholesale-cookware","10":"first","11":"instock","12":"shipping-taxable","13":"product-type-simple"},"acf":[],"_links":{"self":[{"href":"https:\/\/www.yongyukitchenware.com\/de\/wp-json\/wp\/v2\/product\/664","targetHints":{"allow":["GET"]}}],"collection":[{"href":"https:\/\/www.yongyukitchenware.com\/de\/wp-json\/wp\/v2\/product"}],"about":[{"href":"https:\/\/www.yongyukitchenware.com\/de\/wp-json\/wp\/v2\/types\/product"}],"replies":[{"embeddable":true,"href":"https:\/\/www.yongyukitchenware.com\/de\/wp-json\/wp\/v2\/comments?post=664"}],"wp:featuredmedia":[{"embeddable":true,"href":"https:\/\/www.yongyukitchenware.com\/de\/wp-json\/wp\/v2\/media\/710"}],"wp:attachment":[{"href":"https:\/\/www.yongyukitchenware.com\/de\/wp-json\/wp\/v2\/media?parent=664"}],"wp:term":[{"taxonomy":"application","embeddable":true,"href":"https:\/\/www.yongyukitchenware.com\/de\/wp-json\/wp\/v2\/application?post=664"},{"taxonomy":"product_brand","embeddable":true,"href":"https:\/\/www.yongyukitchenware.com\/de\/wp-json\/wp\/v2\/product_brand?post=664"},{"taxonomy":"product_cat","embeddable":true,"href":"https:\/\/www.yongyukitchenware.com\/de\/wp-json\/wp\/v2\/product_cat?post=664"},{"taxonomy":"product_tag","embeddable":true,"href":"https:\/\/www.yongyukitchenware.com\/de\/wp-json\/wp\/v2\/product_tag?post=664"}],"curies":[{"name":"wp","href":"https:\/\/api.w.org\/{rel}","templated":true}]}}