{"id":692,"date":"2024-09-28T11:36:03","date_gmt":"2024-09-28T11:36:03","guid":{"rendered":"https:\/\/www.yongyukitchenware.com\/?post_type=product&#038;p=692"},"modified":"2025-06-26T02:45:53","modified_gmt":"2025-06-26T02:45:53","slug":"double-wall-bowl-wholesale","status":"publish","type":"product","link":"https:\/\/www.yongyukitchenware.com\/de\/produkt\/double-wall-bowl-wholesale\/","title":{"rendered":"Gro\u00dfhandel Doppelwandige Sch\u00fcssel Edelstahl Gold &amp; Silber f\u00fcr Catering"},"content":{"rendered":"<div class=\"wp-block-columns is-layout-flex wp-container-core-columns-is-layout-9d6595d7 wp-block-columns-is-layout-flex\">\n<div class=\"wp-block-column is-layout-flow wp-block-column-is-layout-flow\">\n<h2 class=\"wp-block-heading\">Doppelwandige Sch\u00fcssel Merkmale:<\/h2>\n\n\n\n<p><strong>Hochwertige doppellagige Konstruktion:<\/strong> Doppelschichtige Edelstahlstruktur, W\u00e4rmed\u00e4mmung und Verbr\u00fchungsschutz, halten die Temperatur der Lebensmittel und sorgen daf\u00fcr, dass die Au\u00dfenwand nicht hei\u00df ist.<br><strong>Gold- und Silberfarbe optional:<\/strong> Unsere doppelwandige Schale bietet modische Gold- und Silberoptionen, die f\u00fcr verschiedene Anl\u00e4sse und Themen geeignet sind und das Esserlebnis verbessern.<br><strong>Korrosionsbest\u00e4ndiges Material: <\/strong>Unsere doppelwandige Sch\u00fcssel ist aus lebensmittelechtem Edelstahl gefertigt und verf\u00fcgt \u00fcber einen ausgezeichneten Korrosionsschutz, der eine langfristige Nutzung und Lebensmittelsicherheit gew\u00e4hrleistet.<br><strong>Leicht zu reinigen:<\/strong> Das geb\u00fcrstete Polierverfahren macht die Oberfl\u00e4che glatt, leicht zu reinigen, reduziert Flecken und Fettr\u00fcckst\u00e4nde, geeignet f\u00fcr h\u00e4ufigen Gebrauch.<br><strong>Anti-Rutsch-Boden:<\/strong> Der Boden unserer doppelwandigen Sch\u00fcssel ist mit einer Anti-Rutsch-Funktion ausgestattet, um die Stabilit\u00e4t der Sch\u00fcssel w\u00e4hrend des Gebrauchs zu gew\u00e4hrleisten und ein Ausrutschen oder versehentliches Umkippen zu vermeiden.<\/p>\n\n\n\n<div class=\"wp-block-group is-vertical is-layout-flex wp-container-core-group-is-layout-8cf370e7 wp-block-group-is-layout-flex\">\n<h2 class=\"wp-block-heading\">Doppelwandige Schale Gr\u00f6\u00dfe:<\/h2>\n\n\n\n<figure class=\"wp-block-table\"><table class=\"has-fixed-layout\"><tbody><tr><td>Modell<\/td><td>Gr\u00f6\u00dfe<\/td><td>Durchmesser* H\u00f6he (cm)<\/td><td>MOQ<\/td><\/tr><tr><td rowspan=\"6\">DY026-W<\/td><td>9cm<\/td><td>9*5,6cm<\/td><td rowspan=\"6\">120 STCK.<\/td><\/tr><tr><td>10,5 cm<\/td><td>10,5*5,5cm<\/td><\/tr><tr><td>14cm<\/td><td>14*6cm<\/td><\/tr><tr><td>15,8 cm<\/td><td>15,7*7cm<\/td><\/tr><tr><td>17cm<\/td><td>17*7,5cm<\/td><\/tr><tr><td>18cm<\/td><td>18*8,5cm<\/td><\/tr><\/tbody><\/table><\/figure>\n<\/div>\n<\/div>\n\n\n\n<div class=\"wp-block-column is-layout-flow wp-block-column-is-layout-flow\">\n<div class=\"wp-block-columns is-layout-flex wp-container-core-columns-is-layout-9d6595d7 wp-block-columns-is-layout-flex\">\n<div class=\"wp-block-column is-layout-flow wp-block-column-is-layout-flow\">\n<figure class=\"wp-block-image size-full\"><img decoding=\"async\" width=\"800\" height=\"800\" src=\"https:\/\/www.yongyukitchenware.com\/wp-content\/uploads\/2024\/09\/Double-wall-bowl-4.webp\" alt=\"Doppelwandige Schale Gro\u00dfhandel(4\uff09\" class=\"wp-image-726\" srcset=\"https:\/\/www.yongyukitchenware.com\/wp-content\/uploads\/2024\/09\/Double-wall-bowl-4.webp 800w, https:\/\/www.yongyukitchenware.com\/wp-content\/uploads\/2024\/09\/Double-wall-bowl-4-300x300.webp 300w, https:\/\/www.yongyukitchenware.com\/wp-content\/uploads\/2024\/09\/Double-wall-bowl-4-150x150.webp 150w, https:\/\/www.yongyukitchenware.com\/wp-content\/uploads\/2024\/09\/Double-wall-bowl-4-768x768.webp 768w, https:\/\/www.yongyukitchenware.com\/wp-content\/uploads\/2024\/09\/Double-wall-bowl-4-600x600.webp 600w, https:\/\/www.yongyukitchenware.com\/wp-content\/uploads\/2024\/09\/Double-wall-bowl-4-100x100.webp 100w\" sizes=\"(max-width: 800px) 100vw, 800px\" \/><\/figure>\n<\/div>\n\n\n\n<div class=\"wp-block-column is-layout-flow wp-block-column-is-layout-flow\">\n<figure class=\"wp-block-image size-full\"><img decoding=\"async\" width=\"800\" height=\"800\" src=\"https:\/\/www.yongyukitchenware.com\/wp-content\/uploads\/2024\/09\/Double-wall-bowl-5.webp\" alt=\"Doppelwandige Schale Gro\u00dfhandel(5\uff09\" class=\"wp-image-727\" srcset=\"https:\/\/www.yongyukitchenware.com\/wp-content\/uploads\/2024\/09\/Double-wall-bowl-5.webp 800w, https:\/\/www.yongyukitchenware.com\/wp-content\/uploads\/2024\/09\/Double-wall-bowl-5-300x300.webp 300w, https:\/\/www.yongyukitchenware.com\/wp-content\/uploads\/2024\/09\/Double-wall-bowl-5-150x150.webp 150w, https:\/\/www.yongyukitchenware.com\/wp-content\/uploads\/2024\/09\/Double-wall-bowl-5-768x768.webp 768w, https:\/\/www.yongyukitchenware.com\/wp-content\/uploads\/2024\/09\/Double-wall-bowl-5-600x600.webp 600w, https:\/\/www.yongyukitchenware.com\/wp-content\/uploads\/2024\/09\/Double-wall-bowl-5-100x100.webp 100w\" sizes=\"(max-width: 800px) 100vw, 800px\" \/><\/figure>\n<\/div>\n<\/div>\n\n\n\n<div class=\"wp-block-columns is-layout-flex wp-container-core-columns-is-layout-9d6595d7 wp-block-columns-is-layout-flex\">\n<div class=\"wp-block-column is-layout-flow wp-block-column-is-layout-flow\">\n<figure class=\"wp-block-image size-full\"><img decoding=\"async\" width=\"800\" height=\"800\" src=\"https:\/\/www.yongyukitchenware.com\/wp-content\/uploads\/2024\/09\/Double-wall-bowl-7.webp\" alt=\"Doppelwandige Schale Gro\u00dfhandel(7\uff09\" class=\"wp-image-729\" srcset=\"https:\/\/www.yongyukitchenware.com\/wp-content\/uploads\/2024\/09\/Double-wall-bowl-7.webp 800w, https:\/\/www.yongyukitchenware.com\/wp-content\/uploads\/2024\/09\/Double-wall-bowl-7-300x300.webp 300w, https:\/\/www.yongyukitchenware.com\/wp-content\/uploads\/2024\/09\/Double-wall-bowl-7-150x150.webp 150w, https:\/\/www.yongyukitchenware.com\/wp-content\/uploads\/2024\/09\/Double-wall-bowl-7-768x768.webp 768w, https:\/\/www.yongyukitchenware.com\/wp-content\/uploads\/2024\/09\/Double-wall-bowl-7-600x600.webp 600w, https:\/\/www.yongyukitchenware.com\/wp-content\/uploads\/2024\/09\/Double-wall-bowl-7-100x100.webp 100w\" sizes=\"(max-width: 800px) 100vw, 800px\" \/><\/figure>\n<\/div>\n\n\n\n<div class=\"wp-block-column is-layout-flow wp-block-column-is-layout-flow\">\n<figure class=\"wp-block-image size-full\"><img decoding=\"async\" width=\"800\" height=\"800\" src=\"https:\/\/www.yongyukitchenware.com\/wp-content\/uploads\/2024\/09\/Double-wall-bowl-10.webp\" alt=\"Doppelwandige Schale Gro\u00dfhandel(10\uff09\" class=\"wp-image-732\" srcset=\"https:\/\/www.yongyukitchenware.com\/wp-content\/uploads\/2024\/09\/Double-wall-bowl-10.webp 800w, https:\/\/www.yongyukitchenware.com\/wp-content\/uploads\/2024\/09\/Double-wall-bowl-10-300x300.webp 300w, https:\/\/www.yongyukitchenware.com\/wp-content\/uploads\/2024\/09\/Double-wall-bowl-10-150x150.webp 150w, https:\/\/www.yongyukitchenware.com\/wp-content\/uploads\/2024\/09\/Double-wall-bowl-10-768x768.webp 768w, https:\/\/www.yongyukitchenware.com\/wp-content\/uploads\/2024\/09\/Double-wall-bowl-10-600x600.webp 600w, https:\/\/www.yongyukitchenware.com\/wp-content\/uploads\/2024\/09\/Double-wall-bowl-10-100x100.webp 100w\" sizes=\"(max-width: 800px) 100vw, 800px\" \/><\/figure>\n<\/div>\n<\/div>\n<\/div>\n<\/div>\n\n\n\n<p><\/p>","protected":false},"excerpt":{"rendered":"<p>Catering-Geschirr Lieferanten Gro\u00dfhandel Double Wall Bowl Edelstahl hat W\u00e4rmed\u00e4mmung und Anti-Verbr\u00fchungen Funktionen. Es ist leicht zu reinigen und hat einen rutschfesten Boden, geeignet zum Servieren von Grundnahrungsmitteln wie Reis, Suppe und Nudeln. Kontaktieren Sie uns, um mehr \u00fcber Geschirr und Gastronomiebedarf Anpassungsl\u00f6sungen zu erfahren.<\/p>\n<h2 style=\"text-align: left\">Doppelwandige Schale Parameter:<\/h2>\n<p style=\"text-align: left\"><strong>Material:<\/strong> Rostfreier Stahl<br \/><strong>Farbe:<\/strong> Silber und Gold<br \/><strong>Verschiedene Gr\u00f6\u00dfen:<\/strong> 9cm,10.5cm,14cm,15.8cm, 17cm, und 18cm<br \/><strong>Verpacken: <\/strong>Opp-Beutel und -Karton<br \/><strong>OEM\/ODM:<\/strong> Verf\u00fcgbar<\/p>\n<h2 class=\"wp-block-heading\">Von Yongyu Tableware Wholesaler:<\/h2>\n<p>Yongyu Tableware Wholesaler erf\u00fcllt die Bed\u00fcrfnisse von Gro\u00dfkunden und bietet eine hochwertige Gro\u00dfhandelsserie f\u00fcr Gastronomiebedarf, die Eleganz und Langlebigkeit vereint. Einschlie\u00dflich Geschirr, Getr\u00e4nke, Catering-Ausr\u00fcstung, K\u00fcchenutensilien, Camp-K\u00fcche Essentials, etc.<\/p>","protected":false},"featured_media":723,"comment_status":"closed","ping_status":"closed","template":"","meta":{"_acf_changed":true},"application":[30],"product_brand":[],"product_cat":[21,47],"product_tag":[43],"class_list":{"0":"post-692","1":"product","2":"type-product","3":"status-publish","4":"has-post-thumbnail","6":"application-hotel-catering","7":"product_cat-tableware-wholesale","8":"product_cat-stainless-steel-bowls-wholesale","9":"product_tag-recommend","11":"first","12":"instock","13":"shipping-taxable","14":"product-type-simple"},"acf":[],"_links":{"self":[{"href":"https:\/\/www.yongyukitchenware.com\/de\/wp-json\/wp\/v2\/product\/692","targetHints":{"allow":["GET"]}}],"collection":[{"href":"https:\/\/www.yongyukitchenware.com\/de\/wp-json\/wp\/v2\/product"}],"about":[{"href":"https:\/\/www.yongyukitchenware.com\/de\/wp-json\/wp\/v2\/types\/product"}],"replies":[{"embeddable":true,"href":"https:\/\/www.yongyukitchenware.com\/de\/wp-json\/wp\/v2\/comments?post=692"}],"wp:featuredmedia":[{"embeddable":true,"href":"https:\/\/www.yongyukitchenware.com\/de\/wp-json\/wp\/v2\/media\/723"}],"wp:attachment":[{"href":"https:\/\/www.yongyukitchenware.com\/de\/wp-json\/wp\/v2\/media?parent=692"}],"wp:term":[{"taxonomy":"application","embeddable":true,"href":"https:\/\/www.yongyukitchenware.com\/de\/wp-json\/wp\/v2\/application?post=692"},{"taxonomy":"product_brand","embeddable":true,"href":"https:\/\/www.yongyukitchenware.com\/de\/wp-json\/wp\/v2\/product_brand?post=692"},{"taxonomy":"product_cat","embeddable":true,"href":"https:\/\/www.yongyukitchenware.com\/de\/wp-json\/wp\/v2\/product_cat?post=692"},{"taxonomy":"product_tag","embeddable":true,"href":"https:\/\/www.yongyukitchenware.com\/de\/wp-json\/wp\/v2\/product_tag?post=692"}],"curies":[{"name":"wp","href":"https:\/\/api.w.org\/{rel}","templated":true}]}}