{"id":767,"date":"2024-09-28T10:37:32","date_gmt":"2024-09-28T10:37:32","guid":{"rendered":"https:\/\/www.yongyukitchenware.com\/?post_type=product&#038;p=767"},"modified":"2025-06-26T02:44:48","modified_gmt":"2025-06-26T02:44:48","slug":"sauce-bowl-wholesale","status":"publish","type":"product","link":"https:\/\/www.yongyukitchenware.com\/de\/produkt\/sauce-bowl-wholesale\/","title":{"rendered":"Gro\u00dfhandel Schr\u00e4gstrich So\u00dfe Sch\u00fcssel Doppelwandige farbige W\u00fcrze Salatsch\u00fcssel"},"content":{"rendered":"<div class=\"wp-block-columns is-layout-flex wp-container-core-columns-is-layout-9d6595d7 wp-block-columns-is-layout-flex\">\n<div class=\"wp-block-column is-layout-flow wp-block-column-is-layout-flow\">\n<h2 class=\"wp-block-heading\">So\u00dfensch\u00fcssel Merkmale:<\/h2>\n\n\n\n<p><strong>Zweischichtige Isolierung:<\/strong> Die zweischichtige Struktur bietet eine hervorragende Isolierleistung, die die Temperatur der Lebensmittel aufrechterh\u00e4lt und gleichzeitig eine \u00dcberhitzung der Au\u00dfenwand verhindert.<br><strong>Schr\u00e4ges \u00d6ffnungsdesign: <\/strong>Die einzigartige schr\u00e4ge \u00d6ffnung erleichtert die Entnahme von Lebensmitteln und verbessert den Komfort und die \u00c4sthetik des Gebrauchs.<br>Mehrfarbige Auswahl: F\u00fcr unterschiedliche Anl\u00e4sse und pers\u00f6nliche Vorlieben stehen verschiedene Farben zur Verf\u00fcgung, die den optischen Reiz erh\u00f6hen.<br><strong>Multifunktionale Lagerung<\/strong>: Er eignet sich nicht nur zur Aufbewahrung von Lebensmitteln, sondern auch von Trockenwaren, Snacks usw. und ist ein multifunktionales und praktisches Geschirr.<br>Langlebiges Material aus rostfreiem Stahl: Hergestellt aus hochwertigem Edelstahl, ist es robust, langlebig, rostfrei und korrosionsbest\u00e4ndig, um eine langfristige Nutzung zu gew\u00e4hrleisten.<\/p>\n\n\n\n<div class=\"wp-block-group is-vertical is-layout-flex wp-container-core-group-is-layout-8cf370e7 wp-block-group-is-layout-flex\">\n<h2 class=\"wp-block-heading\">So\u00dfensch\u00fcssel Gr\u00f6\u00dfe:<\/h2>\n\n\n\n<figure class=\"wp-block-table\"><table class=\"has-fixed-layout\"><tbody><tr><td>Modell<\/td><td>Gr\u00f6\u00dfe<\/td><td>Durchmesser* H\u00f6he (cm)<\/td><td>MOQ<\/td><\/tr><tr><td rowspan=\"3\">DY027-W<\/td><td>14cm<\/td><td>22*18,5cm<\/td><td rowspan=\"3\">50 STCK.<\/td><\/tr><tr><td>18cm<\/td><td>18*16cm<\/td><\/tr><tr><td>22cm<\/td><td>14*11,5cm<\/td><\/tr><\/tbody><\/table><\/figure>\n<\/div>\n<\/div>\n\n\n\n<div class=\"wp-block-column is-layout-flow wp-block-column-is-layout-flow\">\n<div class=\"wp-block-columns is-layout-flex wp-container-core-columns-is-layout-9d6595d7 wp-block-columns-is-layout-flex\">\n<div class=\"wp-block-column is-layout-flow wp-block-column-is-layout-flow\"><\/div>\n<\/div>\n\n\n\n<div class=\"wp-block-columns is-layout-flex wp-container-core-columns-is-layout-9d6595d7 wp-block-columns-is-layout-flex\">\n<div class=\"wp-block-column is-layout-flow wp-block-column-is-layout-flow\">\n<figure class=\"wp-block-image size-full is-resized\"><img decoding=\"async\" width=\"800\" height=\"800\" src=\"https:\/\/www.yongyukitchenware.com\/wp-content\/uploads\/2024\/09\/Wholesale-Double-Walled-Bowl-With-Oblique-Mouth-6.webp\" alt=\"Gro\u00dfhandel Doppelwandige Schale mit schr\u00e4gem Mund 6\" class=\"wp-image-790\" style=\"width:461px;height:auto\" srcset=\"https:\/\/www.yongyukitchenware.com\/wp-content\/uploads\/2024\/09\/Wholesale-Double-Walled-Bowl-With-Oblique-Mouth-6.webp 800w, https:\/\/www.yongyukitchenware.com\/wp-content\/uploads\/2024\/09\/Wholesale-Double-Walled-Bowl-With-Oblique-Mouth-6-300x300.webp 300w, https:\/\/www.yongyukitchenware.com\/wp-content\/uploads\/2024\/09\/Wholesale-Double-Walled-Bowl-With-Oblique-Mouth-6-150x150.webp 150w, https:\/\/www.yongyukitchenware.com\/wp-content\/uploads\/2024\/09\/Wholesale-Double-Walled-Bowl-With-Oblique-Mouth-6-768x768.webp 768w, https:\/\/www.yongyukitchenware.com\/wp-content\/uploads\/2024\/09\/Wholesale-Double-Walled-Bowl-With-Oblique-Mouth-6-600x600.webp 600w, https:\/\/www.yongyukitchenware.com\/wp-content\/uploads\/2024\/09\/Wholesale-Double-Walled-Bowl-With-Oblique-Mouth-6-100x100.webp 100w\" sizes=\"(max-width: 800px) 100vw, 800px\" \/><\/figure>\n<\/div>\n<\/div>\n<\/div>\n<\/div>\n\n\n\n<p><\/p>","protected":false},"excerpt":{"rendered":"<div class=\"n4sEPd\">\n<div class=\"UdTY9 qhIQqf leDWne\" aria-hidden=\"true\" data-location=\"1\">\u00a0<\/div>\n<\/div>\n<div class=\"QcsUad BDJ8fb BLojaf sMVRZe hCXDsb wneUed\">\n<div class=\"usGWQd\">\n<div class=\"KkbLmb\">\n<div class=\"lRu31\" dir=\"ltr\">Benutzerdefinierte So\u00dfe Sch\u00fcssel, doppelwandige Sch\u00fcssel f\u00fcr Gew\u00fcrze und Salat. Mehrere Gr\u00f6\u00dfen, hochwertige Edelstahl-Geschirr Gro\u00dfhandel L\u00f6sung geeignet f\u00fcr verschiedene Themen-Catering-Services. Willkommen bei Yongyu Catering liefert Hersteller f\u00fcr ein kostenloses Angebot zu kontaktieren!<\/div>\n<\/div>\n<\/div>\n<\/div>\n<h2 style=\"text-align: left\">So\u00dfensch\u00fcssel Parameter:<\/h2>\n<p style=\"text-align: left\"><strong>Material:<\/strong> Rostfreier Stahl<br \/><strong>Farbe:<\/strong> Silber, Gold, Schwarzgold und Morandi-Farbe<br \/><strong>Verschiedene Gr\u00f6\u00dfen:<\/strong> 14cm,18cm,22cm Gr\u00f6\u00dfen<br \/><strong>Verpacken: <\/strong>Opp-Beutel und -Karton<br \/><strong>OEM\/ODM:<\/strong> Verf\u00fcgbar<\/p>\n<h2 class=\"wp-block-heading\">Von Yongyu Tableware Wholesaler:<\/h2>\n<p>Yongyu Tableware Wholesaler erf\u00fcllt die Bed\u00fcrfnisse von Gro\u00dfkunden und bietet eine hochwertige Gro\u00dfhandelsserie f\u00fcr Gastronomiebedarf, die Eleganz und Langlebigkeit vereint. Einschlie\u00dflich Geschirr, Getr\u00e4nke, Catering-Ausr\u00fcstung, K\u00fcchenutensilien, Camp-K\u00fcche Essentials, etc.<\/p>","protected":false},"featured_media":786,"comment_status":"closed","ping_status":"closed","template":"","meta":{"_acf_changed":true},"application":[30],"product_brand":[],"product_cat":[22,45],"product_tag":[],"class_list":{"0":"post-767","1":"product","2":"type-product","3":"status-publish","4":"has-post-thumbnail","6":"application-hotel-catering","7":"product_cat-catering-supplies-wholesale","8":"product_cat-condiment-bowls-wholesale","10":"first","11":"instock","12":"shipping-taxable","13":"product-type-simple"},"acf":[],"_links":{"self":[{"href":"https:\/\/www.yongyukitchenware.com\/de\/wp-json\/wp\/v2\/product\/767","targetHints":{"allow":["GET"]}}],"collection":[{"href":"https:\/\/www.yongyukitchenware.com\/de\/wp-json\/wp\/v2\/product"}],"about":[{"href":"https:\/\/www.yongyukitchenware.com\/de\/wp-json\/wp\/v2\/types\/product"}],"replies":[{"embeddable":true,"href":"https:\/\/www.yongyukitchenware.com\/de\/wp-json\/wp\/v2\/comments?post=767"}],"wp:featuredmedia":[{"embeddable":true,"href":"https:\/\/www.yongyukitchenware.com\/de\/wp-json\/wp\/v2\/media\/786"}],"wp:attachment":[{"href":"https:\/\/www.yongyukitchenware.com\/de\/wp-json\/wp\/v2\/media?parent=767"}],"wp:term":[{"taxonomy":"application","embeddable":true,"href":"https:\/\/www.yongyukitchenware.com\/de\/wp-json\/wp\/v2\/application?post=767"},{"taxonomy":"product_brand","embeddable":true,"href":"https:\/\/www.yongyukitchenware.com\/de\/wp-json\/wp\/v2\/product_brand?post=767"},{"taxonomy":"product_cat","embeddable":true,"href":"https:\/\/www.yongyukitchenware.com\/de\/wp-json\/wp\/v2\/product_cat?post=767"},{"taxonomy":"product_tag","embeddable":true,"href":"https:\/\/www.yongyukitchenware.com\/de\/wp-json\/wp\/v2\/product_tag?post=767"}],"curies":[{"name":"wp","href":"https:\/\/api.w.org\/{rel}","templated":true}]}}