{"id":938,"date":"2024-09-28T18:59:10","date_gmt":"2024-09-28T18:59:10","guid":{"rendered":"https:\/\/www.yongyukitchenware.com\/?post_type=product&#038;p=938"},"modified":"2024-09-29T17:01:54","modified_gmt":"2024-09-29T17:01:54","slug":"stainless-steel-ashtrays-custom","status":"publish","type":"product","link":"https:\/\/www.yongyukitchenware.com\/de\/produkt\/stainless-steel-ashtrays-custom\/","title":{"rendered":"Kundenspezifische Edelstahl-Aschenbecher Winddicht f\u00fcr drau\u00dfen und drinnen"},"content":{"rendered":"<div class=\"wp-block-columns is-layout-flex wp-container-core-columns-is-layout-9d6595d7 wp-block-columns-is-layout-flex\">\n<div class=\"wp-block-column is-layout-flow wp-block-column-is-layout-flow\">\n<h2 class=\"wp-block-heading\">Aschenbecher aus Edelstahl Merkmale:<\/h2>\n\n\n\n<p><strong>Hochwertiger rostfreier Stahl:<\/strong> Edelstahl in Lebensmittelqualit\u00e4t, korrosionsbest\u00e4ndig, geruchlos und langlebig<br><strong>Multi-Spezifikation, Multi-Farbe optional:<\/strong> Farbe kann angepasst werden, Gr\u00f6\u00dfe 8-14cm optional, um verschiedene Bed\u00fcrfnisse zu erf\u00fcllen<br><strong>Aschenbecher-Design:<\/strong> Erh\u00f6ht winddicht, Ru\u00df fliegt nicht, Aschenbecher Rand hat drei U-f\u00f6rmige Rillen, leicht zu platzieren Zigaretten ohne herunterzufallen<br><strong>Leicht zu reinigen:<\/strong> Die Oberfl\u00e4che und die Kanten der Aschenbecher sind poliert und glatt, um eine sichere und schnelle Reinigung zu erm\u00f6glichen und die Hygiene zu wahren.<br><strong>Anpassungsoptionen: <\/strong>Unterst\u00fctzung des Drucks verschiedener Textmuster, z. B. Firmenname, Logo, Landschaftsgem\u00e4lde usw., um die \u00c4sthetik zu verbessern.<\/p>\n<\/div>\n\n\n\n<div class=\"wp-block-column is-layout-flow wp-block-column-is-layout-flow\">\n<div class=\"wp-block-columns is-layout-flex wp-container-core-columns-is-layout-9d6595d7 wp-block-columns-is-layout-flex\">\n<div class=\"wp-block-column is-layout-flow wp-block-column-is-layout-flow\">\n<figure class=\"wp-block-image size-full\"><img decoding=\"async\" width=\"750\" height=\"750\" src=\"https:\/\/www.yongyukitchenware.com\/wp-content\/uploads\/2024\/09\/custom-ashtrays-2.webp\" alt=\"kundenspezifische Aschenbecher (2)\" class=\"wp-image-1167\" srcset=\"https:\/\/www.yongyukitchenware.com\/wp-content\/uploads\/2024\/09\/custom-ashtrays-2.webp 750w, https:\/\/www.yongyukitchenware.com\/wp-content\/uploads\/2024\/09\/custom-ashtrays-2-300x300.webp 300w, https:\/\/www.yongyukitchenware.com\/wp-content\/uploads\/2024\/09\/custom-ashtrays-2-150x150.webp 150w, https:\/\/www.yongyukitchenware.com\/wp-content\/uploads\/2024\/09\/custom-ashtrays-2-600x600.webp 600w, https:\/\/www.yongyukitchenware.com\/wp-content\/uploads\/2024\/09\/custom-ashtrays-2-100x100.webp 100w\" sizes=\"(max-width: 750px) 100vw, 750px\" \/><\/figure>\n<\/div>\n\n\n\n<div class=\"wp-block-column is-layout-flow wp-block-column-is-layout-flow\">\n<figure class=\"wp-block-image size-full\"><img decoding=\"async\" width=\"800\" height=\"800\" src=\"https:\/\/www.yongyukitchenware.com\/wp-content\/uploads\/2024\/09\/custom-ashtrays-6.webp\" alt=\"kundenspezifische Aschenbecher (6)\" class=\"wp-image-1171\" srcset=\"https:\/\/www.yongyukitchenware.com\/wp-content\/uploads\/2024\/09\/custom-ashtrays-6.webp 800w, https:\/\/www.yongyukitchenware.com\/wp-content\/uploads\/2024\/09\/custom-ashtrays-6-300x300.webp 300w, https:\/\/www.yongyukitchenware.com\/wp-content\/uploads\/2024\/09\/custom-ashtrays-6-150x150.webp 150w, https:\/\/www.yongyukitchenware.com\/wp-content\/uploads\/2024\/09\/custom-ashtrays-6-768x768.webp 768w, https:\/\/www.yongyukitchenware.com\/wp-content\/uploads\/2024\/09\/custom-ashtrays-6-600x600.webp 600w, https:\/\/www.yongyukitchenware.com\/wp-content\/uploads\/2024\/09\/custom-ashtrays-6-100x100.webp 100w\" sizes=\"(max-width: 800px) 100vw, 800px\" \/><\/figure>\n<\/div>\n<\/div>\n<\/div>\n<\/div>\n\n\n\n<p><\/p>","protected":false},"excerpt":{"rendered":"<p>Bulk benutzerdefinierte Edelstahl-Aschenbecher, erh\u00f6ht und winddicht, d\u00fcnn und leicht zu reinigen, geeignet f\u00fcr den Innen- und Au\u00dfenbereich. Kontaktieren Sie Yongyu Haushaltswaren Lieferant f\u00fcr eine kostenlose Anfrage!<\/p>\n<h2>Aschenbecher aus Edelstahl Parameter:<\/h2>\n<p><strong>Material:<\/strong> rostfreier Stahl<br \/><strong>Farbe:<\/strong>\u00a0 Silber, Gold, Rot, Blau, Gelb und mehr<br \/><strong>Verschiedene Gr\u00f6\u00dfen:<\/strong> 8-14cm<br \/><strong>Aschenbecher Design:<\/strong> H\u00f6heres, schlankeres und u-f\u00f6rmiges Rillendesign<br \/><strong>Verpackung:<\/strong> Beutel\/Sammelgut\/Karton oder kundenspezifisch<br \/><strong>OEM\/ODM:<\/strong> Verf\u00fcgbar<\/p>\n<h2 class=\"wp-block-heading\">Vom Gro\u00dfh\u00e4ndler f\u00fcr Haushaltswaren Yongyu:<\/h2>\n<p>Yongyu verf\u00fcgt \u00fcber eine zuverl\u00e4ssige und effiziente Lieferkette, die hochwertige Haushaltswaren aus rostfreiem Stahl anpasst und vertreibt. Unsere Produkte sind langlebig und erschwinglich und erf\u00fcllen die gesch\u00e4ftlichen Anforderungen unserer Kunden.<\/p>","protected":false},"featured_media":1173,"comment_status":"closed","ping_status":"closed","template":"","meta":{"_acf_changed":true},"application":[],"product_brand":[],"product_cat":[17],"product_tag":[],"class_list":{"0":"post-938","1":"product","2":"type-product","3":"status-publish","4":"has-post-thumbnail","6":"product_cat-homeware-wholesaler","8":"first","9":"instock","10":"shipping-taxable","11":"product-type-simple"},"acf":[],"_links":{"self":[{"href":"https:\/\/www.yongyukitchenware.com\/de\/wp-json\/wp\/v2\/product\/938","targetHints":{"allow":["GET"]}}],"collection":[{"href":"https:\/\/www.yongyukitchenware.com\/de\/wp-json\/wp\/v2\/product"}],"about":[{"href":"https:\/\/www.yongyukitchenware.com\/de\/wp-json\/wp\/v2\/types\/product"}],"replies":[{"embeddable":true,"href":"https:\/\/www.yongyukitchenware.com\/de\/wp-json\/wp\/v2\/comments?post=938"}],"wp:featuredmedia":[{"embeddable":true,"href":"https:\/\/www.yongyukitchenware.com\/de\/wp-json\/wp\/v2\/media\/1173"}],"wp:attachment":[{"href":"https:\/\/www.yongyukitchenware.com\/de\/wp-json\/wp\/v2\/media?parent=938"}],"wp:term":[{"taxonomy":"application","embeddable":true,"href":"https:\/\/www.yongyukitchenware.com\/de\/wp-json\/wp\/v2\/application?post=938"},{"taxonomy":"product_brand","embeddable":true,"href":"https:\/\/www.yongyukitchenware.com\/de\/wp-json\/wp\/v2\/product_brand?post=938"},{"taxonomy":"product_cat","embeddable":true,"href":"https:\/\/www.yongyukitchenware.com\/de\/wp-json\/wp\/v2\/product_cat?post=938"},{"taxonomy":"product_tag","embeddable":true,"href":"https:\/\/www.yongyukitchenware.com\/de\/wp-json\/wp\/v2\/product_tag?post=938"}],"curies":[{"name":"wp","href":"https:\/\/api.w.org\/{rel}","templated":true}]}}