{"id":940,"date":"2024-09-28T13:30:18","date_gmt":"2024-09-28T13:30:18","guid":{"rendered":"https:\/\/www.yongyukitchenware.com\/?post_type=product&#038;p=940"},"modified":"2025-06-26T02:48:44","modified_gmt":"2025-06-26T02:48:44","slug":"thermos-jug","status":"publish","type":"product","link":"https:\/\/www.yongyukitchenware.com\/de\/produkt\/thermos-jug\/","title":{"rendered":"Bulk Thermoskanne Edelstahl isoliert Kaffee Wasser 1,5 L &amp; 2,0 L"},"content":{"rendered":"<div class=\"wp-block-columns is-layout-flex wp-container-core-columns-is-layout-9d6595d7 wp-block-columns-is-layout-flex\">\n<div class=\"wp-block-column is-layout-flow wp-block-column-is-layout-flow\">\n<h2 class=\"wp-block-heading\">Thermoskanne Merkmale:<\/h2>\n\n\n\n<p><strong>Hochwertiger rostfreier Stahl: <\/strong>Edelstahl in Lebensmittelqualit\u00e4t, korrosionsbest\u00e4ndig, geruchlos und langlebig.<br><strong>24 Stunden lang warm halten:<\/strong> Die Vakuumisolierung verl\u00e4ngert die Isolierzeit effektiv auf bis zu 24 Stunden.<br><strong>Auswahl mehrerer Kapazit\u00e4ten: <\/strong>1,5L und 2L sind erh\u00e4ltlich, um den Bed\u00fcrfnissen verschiedener Anl\u00e4sse und den Bed\u00fcrfnissen von Einzelpersonen oder mehreren Personen gerecht zu werden. <br><strong>Staubgesch\u00fctzter Deckel: <\/strong>Der Deckel dieses Wasserkochers ist versiegelt und staubdicht, so dass er nicht leicht versch\u00fcttet werden kann. Zum \u00d6ffnen dr\u00fccken, einfach zu bedienen. <br><strong>Bequemer Griff:<\/strong> gebogener Griff, bequemer Griff, arbeitssparend, nicht sperrig.<\/p>\n\n\n\n<div class=\"wp-block-group is-vertical is-layout-flex wp-container-core-group-is-layout-8cf370e7 wp-block-group-is-layout-flex\">\n<h2 class=\"wp-block-heading\">Thermoskanne Gr\u00f6\u00dfe:<\/h2>\n\n\n\n<figure class=\"wp-block-table\"><table class=\"has-fixed-layout\"><tbody><tr><td>Modell<\/td><td>Gr\u00f6\u00dfe<\/td><td>Durchmesser* H\u00f6he (cm)<\/td><td>MOQ<\/td><\/tr><tr><td rowspan=\"2\">DY004-SH<\/td><td>1.5L<\/td><td>14*25cm<\/td><td rowspan=\"2\">24 STCK.<\/td><\/tr><tr><td>2.0L<\/td><td>14*29.8cm<\/td><\/tr><\/tbody><\/table><\/figure>\n<\/div>\n<\/div>\n\n\n\n<div class=\"wp-block-column is-layout-flow wp-block-column-is-layout-flow\">\n<div class=\"wp-block-columns is-layout-flex wp-container-core-columns-is-layout-9d6595d7 wp-block-columns-is-layout-flex\">\n<div class=\"wp-block-column is-layout-flow wp-block-column-is-layout-flow\">\n<figure class=\"wp-block-image size-full\"><img decoding=\"async\" width=\"800\" height=\"800\" src=\"https:\/\/www.yongyukitchenware.com\/wp-content\/uploads\/2024\/09\/Custom-Coffee-Kettle-6.webp\" alt=\"Individueller Kaffeekessel 6\" class=\"wp-image-948\" srcset=\"https:\/\/www.yongyukitchenware.com\/wp-content\/uploads\/2024\/09\/Custom-Coffee-Kettle-6.webp 800w, https:\/\/www.yongyukitchenware.com\/wp-content\/uploads\/2024\/09\/Custom-Coffee-Kettle-6-300x300.webp 300w, https:\/\/www.yongyukitchenware.com\/wp-content\/uploads\/2024\/09\/Custom-Coffee-Kettle-6-150x150.webp 150w, https:\/\/www.yongyukitchenware.com\/wp-content\/uploads\/2024\/09\/Custom-Coffee-Kettle-6-768x768.webp 768w, https:\/\/www.yongyukitchenware.com\/wp-content\/uploads\/2024\/09\/Custom-Coffee-Kettle-6-600x600.webp 600w, https:\/\/www.yongyukitchenware.com\/wp-content\/uploads\/2024\/09\/Custom-Coffee-Kettle-6-100x100.webp 100w\" sizes=\"(max-width: 800px) 100vw, 800px\" \/><\/figure>\n<\/div>\n<\/div>\n\n\n\n<div class=\"wp-block-columns is-layout-flex wp-container-core-columns-is-layout-9d6595d7 wp-block-columns-is-layout-flex\">\n<div class=\"wp-block-column is-layout-flow wp-block-column-is-layout-flow\"><\/div>\n\n\n\n<div class=\"wp-block-column is-layout-flow wp-block-column-is-layout-flow\"><\/div>\n<\/div>\n<\/div>\n<\/div>","protected":false},"excerpt":{"rendered":"<p>Fabrik Gro\u00dfhandel Thermoskanne aus Edelstahl, 1,5-2L, geeignet f\u00fcr Kaffee und Wasser warm zu halten. Vakuum-Design, einfach zu bedienen. F\u00fcr weitere Mengenrabatte, kontaktieren Sie bitte Yongyu, um ein kostenloses Angebot zu erhalten.<\/p>\n<h2 style=\"text-align: left\">Parameter von Kaffeekessel :<\/h2>\n<p style=\"text-align: left\"><strong>Material:<\/strong> Rostfreier Stahl<br \/><strong>Farbe:<\/strong>\u00a0 silber, gold, rot, gelb, oder nach Kundenwunsch<br \/><strong>Verschiedene verf\u00fcgbar:<\/strong> 1.5 L&amp; 2.0L<br \/><strong>Verpacken: <\/strong>Farbkasten, Hauptkasten oder kundenspezifisch<br \/><strong>OEM\/ODM:<\/strong> Verf\u00fcgbar<\/p>\n<h2 class=\"wp-block-heading\">Von Yongyu Drinkware Hersteller :<\/h2>\n<p>Yongyu, der Hersteller von Gastronomiebedarf, bietet eine breite Palette an Gro\u00dfhandels- und Sonderserien f\u00fcr Getr\u00e4nke an und konzentriert sich dabei auf die Langlebigkeit der Produkte, die W\u00e4rmed\u00e4mmung und die Bereitstellung hochwertiger und wirtschaftlicher Beschaffungsl\u00f6sungen f\u00fcr globale Kunden.<\/p>","protected":false},"featured_media":943,"comment_status":"closed","ping_status":"closed","template":"","meta":{"_acf_changed":true},"application":[30],"product_brand":[],"product_cat":[20,54,49],"product_tag":[],"class_list":{"0":"post-940","1":"product","2":"type-product","3":"status-publish","4":"has-post-thumbnail","6":"application-hotel-catering","7":"product_cat-wholesale-drinkware","8":"product_cat-stainless-steel-coffee-pot-wholesale","9":"product_cat-stainless-steel-kettle-wholesale","11":"first","12":"instock","13":"shipping-taxable","14":"product-type-simple"},"acf":[],"_links":{"self":[{"href":"https:\/\/www.yongyukitchenware.com\/de\/wp-json\/wp\/v2\/product\/940","targetHints":{"allow":["GET"]}}],"collection":[{"href":"https:\/\/www.yongyukitchenware.com\/de\/wp-json\/wp\/v2\/product"}],"about":[{"href":"https:\/\/www.yongyukitchenware.com\/de\/wp-json\/wp\/v2\/types\/product"}],"replies":[{"embeddable":true,"href":"https:\/\/www.yongyukitchenware.com\/de\/wp-json\/wp\/v2\/comments?post=940"}],"wp:featuredmedia":[{"embeddable":true,"href":"https:\/\/www.yongyukitchenware.com\/de\/wp-json\/wp\/v2\/media\/943"}],"wp:attachment":[{"href":"https:\/\/www.yongyukitchenware.com\/de\/wp-json\/wp\/v2\/media?parent=940"}],"wp:term":[{"taxonomy":"application","embeddable":true,"href":"https:\/\/www.yongyukitchenware.com\/de\/wp-json\/wp\/v2\/application?post=940"},{"taxonomy":"product_brand","embeddable":true,"href":"https:\/\/www.yongyukitchenware.com\/de\/wp-json\/wp\/v2\/product_brand?post=940"},{"taxonomy":"product_cat","embeddable":true,"href":"https:\/\/www.yongyukitchenware.com\/de\/wp-json\/wp\/v2\/product_cat?post=940"},{"taxonomy":"product_tag","embeddable":true,"href":"https:\/\/www.yongyukitchenware.com\/de\/wp-json\/wp\/v2\/product_tag?post=940"}],"curies":[{"name":"wp","href":"https:\/\/api.w.org\/{rel}","templated":true}]}}