{"id":941,"date":"2024-10-05T17:57:35","date_gmt":"2024-10-05T17:57:35","guid":{"rendered":"https:\/\/www.yongyukitchenware.com\/?post_type=product&#038;p=941"},"modified":"2025-06-26T03:22:13","modified_gmt":"2025-06-26T03:22:13","slug":"stainless-steel-colander-supply","status":"publish","type":"product","link":"https:\/\/www.yongyukitchenware.com\/de\/produkt\/stainless-steel-colander-supply\/","title":{"rendered":"Bulk Edelstahl-Sieb-Set mit 2 Griffen f\u00fcr die K\u00fcche"},"content":{"rendered":"<div class=\"wp-block-columns is-layout-flex wp-container-core-columns-is-layout-9d6595d7 wp-block-columns-is-layout-flex\">\n<div class=\"wp-block-column is-layout-flow wp-block-column-is-layout-flow\">\n<h2 class=\"wp-block-heading\">Edelstahlsieb Merkmale:<\/h2>\n\n\n\n<p><strong>Hochwertiger rostfreier Stahl: <\/strong>Edelstahl in Lebensmittelqualit\u00e4t, korrosionsbest\u00e4ndig, geruchlos und langlebig.<br><strong>Zwei Komfort-Griffe: <\/strong>Kr\u00e4ftige, ergonomische Griffe bieten einen sicheren Halt, und die doppelohrigen Griffe mit einem Ring lassen sich zum Sp\u00fclen und Abtropfen leicht handhaben und ausgie\u00dfen.<br><strong>Feinmaschiges Design:<\/strong> Durch die gleichm\u00e4\u00dfige Verteilung der feinen Maschen wird ein schnelleres Abtropfen erm\u00f6glicht, ohne dass kleine Teile durchrutschen k\u00f6nnen.<br><strong>Vielseitig einsetzbar: <\/strong>geeignet zum Waschen von Obst, Gem\u00fcse und vielem mehr; ein unverzichtbares Werkzeug f\u00fcr jeden Heimkoch und jede professionelle K\u00fcche.<br><strong>Leicht zu reinigen: <\/strong>aufgrund seines gerollten Randes mit abgerundeten und glatten Kanten ist er nicht nur leicht und sicher zu reinigen, sondern auch sp\u00fclmaschinengeeignet<\/p>\n<\/div>\n\n\n\n<div class=\"wp-block-column is-layout-flow wp-block-column-is-layout-flow\">\n<div class=\"wp-block-columns is-layout-flex wp-container-core-columns-is-layout-9d6595d7 wp-block-columns-is-layout-flex\">\n<div class=\"wp-block-column is-layout-flow wp-block-column-is-layout-flow\">\n<div class=\"wp-block-columns is-layout-flex wp-container-core-columns-is-layout-9d6595d7 wp-block-columns-is-layout-flex\">\n<div class=\"wp-block-column is-layout-flow wp-block-column-is-layout-flow\">\n<figure class=\"wp-block-image size-full\"><img decoding=\"async\" width=\"800\" height=\"800\" src=\"https:\/\/www.yongyukitchenware.com\/wp-content\/uploads\/2024\/09\/stainless-steel-colander-supply-2.webp\" alt=\"Edelstahl-Kolander-Lieferungen (2)\" class=\"wp-image-957\" srcset=\"https:\/\/www.yongyukitchenware.com\/wp-content\/uploads\/2024\/09\/stainless-steel-colander-supply-2.webp 800w, https:\/\/www.yongyukitchenware.com\/wp-content\/uploads\/2024\/09\/stainless-steel-colander-supply-2-300x300.webp 300w, https:\/\/www.yongyukitchenware.com\/wp-content\/uploads\/2024\/09\/stainless-steel-colander-supply-2-150x150.webp 150w, https:\/\/www.yongyukitchenware.com\/wp-content\/uploads\/2024\/09\/stainless-steel-colander-supply-2-768x768.webp 768w, https:\/\/www.yongyukitchenware.com\/wp-content\/uploads\/2024\/09\/stainless-steel-colander-supply-2-600x600.webp 600w, https:\/\/www.yongyukitchenware.com\/wp-content\/uploads\/2024\/09\/stainless-steel-colander-supply-2-100x100.webp 100w\" sizes=\"(max-width: 800px) 100vw, 800px\" \/><\/figure>\n<\/div>\n\n\n\n<div class=\"wp-block-column is-layout-flow wp-block-column-is-layout-flow\">\n<figure class=\"wp-block-image size-full\"><img decoding=\"async\" width=\"800\" height=\"800\" src=\"https:\/\/www.yongyukitchenware.com\/wp-content\/uploads\/2024\/09\/stainless-steel-colander-supply-3.webp\" alt=\"Edelstahl-Kolander-Lieferungen (3)\" class=\"wp-image-958\" srcset=\"https:\/\/www.yongyukitchenware.com\/wp-content\/uploads\/2024\/09\/stainless-steel-colander-supply-3.webp 800w, https:\/\/www.yongyukitchenware.com\/wp-content\/uploads\/2024\/09\/stainless-steel-colander-supply-3-300x300.webp 300w, https:\/\/www.yongyukitchenware.com\/wp-content\/uploads\/2024\/09\/stainless-steel-colander-supply-3-150x150.webp 150w, https:\/\/www.yongyukitchenware.com\/wp-content\/uploads\/2024\/09\/stainless-steel-colander-supply-3-768x768.webp 768w, https:\/\/www.yongyukitchenware.com\/wp-content\/uploads\/2024\/09\/stainless-steel-colander-supply-3-600x600.webp 600w, https:\/\/www.yongyukitchenware.com\/wp-content\/uploads\/2024\/09\/stainless-steel-colander-supply-3-100x100.webp 100w\" sizes=\"(max-width: 800px) 100vw, 800px\" \/><\/figure>\n<\/div>\n<\/div>\n<\/div>\n<\/div>\n<\/div>\n<\/div>\n\n\n\n<h2 class=\"wp-block-heading\">Edelstahl-Sieb Gr\u00f6\u00dfe:<\/h2>\n\n\n\n<figure class=\"wp-block-table\"><table class=\"has-fixed-layout\"><tbody><tr><td>Modell<\/td><td>Gr\u00f6\u00dfe<\/td><td>Durchmesser * H\u00f6he (cm)<\/td><td>MOQ<\/td><\/tr><tr><td rowspan=\"9\">DY010-TLP<\/td><td>16,5 cm<\/td><td>16,5*7cm<\/td><td rowspan=\"9\">140 STCK.<\/td><\/tr><tr><td>19,5 cm<\/td><td>19,5*8cm<\/td><\/tr><tr><td>22,5 cm<\/td><td>22,5*8,3cm<\/td><\/tr><tr><td>25,5 cm<\/td><td>25,5*9cm<\/td><\/tr><tr><td>28,5 cm<\/td><td>28,5*9,5cm<\/td><\/tr><tr><td>31,5 cm<\/td><td>31,5*10,5cm<\/td><\/tr><tr><td>34,5 cm<\/td><td>34,5*10,9cm<\/td><\/tr><tr><td>37,5 cm<\/td><td>37,5*11,7cm<\/td><\/tr><tr><td>40,5 cm<\/td><td>40,5*12cm<\/td><\/tr><\/tbody><\/table><\/figure>","protected":false},"excerpt":{"rendered":"<p>Fabrikpreis Gro\u00dfhandel Edelstahlsieb Set, mehrere Gr\u00f6\u00dfen, mit Doppelgriff Design. Einfach zu bedienen, f\u00fcr den Einsatz in der K\u00fcche entwickelt, kann waschen und abtropfen lassen Lebensmittel gut. Bestellen Sie in der Masse, um den besten Rabatt zu genie\u00dfen<\/p>\n<h2>Edelstahlsieb Parameter:<\/h2>\n<p><strong>Material:<\/strong> Rostfreier Stahl<br \/><strong>Griffe Design:<\/strong> Einschlaufige Griffe mit doppelten Laschen<br \/><strong>Optionale Gr\u00f6\u00dfen:<\/strong> 16-40 cm<br \/><strong>Verpackung:<\/strong> Beutel\/Gebinde\/Karton oder kundenspezifisch<br \/><strong>OEM\/ODM:<\/strong> Verf\u00fcgbar<\/p>\n<h2 class=\"wp-block-heading\">Von Yongyu K\u00fcche Hersteller :<\/h2>\n<p>Yongyu ist ein professioneller Hersteller von K\u00fcchenutensilien. Unsere Produkte umfassen alle Arten von Kochgeschirr und K\u00fcchenzubeh\u00f6r aus Edelstahl und bieten ma\u00dfgeschneiderte L\u00f6sungen mit hochwertigen Produkten zu Fabrikpreisen.<\/p>","protected":false},"featured_media":954,"comment_status":"closed","ping_status":"closed","template":"","meta":{"_acf_changed":true},"application":[29],"product_brand":[],"product_cat":[23,36],"product_tag":[],"class_list":{"0":"post-941","1":"product","2":"type-product","3":"status-publish","4":"has-post-thumbnail","6":"application-home-kitchen","7":"product_cat-kitchenware-wholesale","8":"product_cat-custom-kitchen-tools-utensils","10":"first","11":"instock","12":"shipping-taxable","13":"product-type-simple"},"acf":[],"_links":{"self":[{"href":"https:\/\/www.yongyukitchenware.com\/de\/wp-json\/wp\/v2\/product\/941","targetHints":{"allow":["GET"]}}],"collection":[{"href":"https:\/\/www.yongyukitchenware.com\/de\/wp-json\/wp\/v2\/product"}],"about":[{"href":"https:\/\/www.yongyukitchenware.com\/de\/wp-json\/wp\/v2\/types\/product"}],"replies":[{"embeddable":true,"href":"https:\/\/www.yongyukitchenware.com\/de\/wp-json\/wp\/v2\/comments?post=941"}],"wp:featuredmedia":[{"embeddable":true,"href":"https:\/\/www.yongyukitchenware.com\/de\/wp-json\/wp\/v2\/media\/954"}],"wp:attachment":[{"href":"https:\/\/www.yongyukitchenware.com\/de\/wp-json\/wp\/v2\/media?parent=941"}],"wp:term":[{"taxonomy":"application","embeddable":true,"href":"https:\/\/www.yongyukitchenware.com\/de\/wp-json\/wp\/v2\/application?post=941"},{"taxonomy":"product_brand","embeddable":true,"href":"https:\/\/www.yongyukitchenware.com\/de\/wp-json\/wp\/v2\/product_brand?post=941"},{"taxonomy":"product_cat","embeddable":true,"href":"https:\/\/www.yongyukitchenware.com\/de\/wp-json\/wp\/v2\/product_cat?post=941"},{"taxonomy":"product_tag","embeddable":true,"href":"https:\/\/www.yongyukitchenware.com\/de\/wp-json\/wp\/v2\/product_tag?post=941"}],"curies":[{"name":"wp","href":"https:\/\/api.w.org\/{rel}","templated":true}]}}